{"id":82,"date":"2014-09-18T14:10:51","date_gmt":"2014-09-18T13:10:51","guid":{"rendered":"http:\/\/agora.xtec.cat\/escolaandersen\/?page_id=82"},"modified":"2026-01-04T12:20:07","modified_gmt":"2026-01-04T11:20:07","slug":"casal-destiu","status":"publish","type":"page","link":"https:\/\/agora.xtec.cat\/escolaandersen\/serveis\/casal-destiu\/","title":{"rendered":"L&#8217;Informatiu 2025-2026"},"content":{"rendered":"<p>L\u2019Informatiu \u00e9s un butllet\u00ed de periodicitat mensual on trobareu tot all\u00f2 que afecta el dia a dia de la vida de l\u2019escola: excursions, activitats, not\u00edcies, canvis en el calendari i serveis i altres esdeveniments.<\/p>\n<p>Les fam\u00edlies el rebreu per correu electr\u00f2nic i tamb\u00e9 el podeu consultar a la nostra p\u00e0gina web. Recordeu que tamb\u00e9 el podeu consultar a la cartellera de l&#8217;entrada de l&#8217;escola.<\/p>\n<p>&nbsp;<\/p>\n<p><a href=\"https:\/\/drive.google.com\/file\/d\/1lEMpJs4hAMPcNI3LWIMCQpr5e166nDXH\/view?usp=sharing\" target=\"_blank\" rel=\"noopener\">INFORMATIU OCTUBRE<\/a><\/p>\n<p><a href=\"https:\/\/drive.google.com\/file\/d\/1zlUiCgbL6ewIzwb89m9hQLfEVwi6veRY\/view?usp=sharing\" target=\"_blank\" rel=\"noopener\">INFORMATIU NOVEMBRE<\/a><\/p>\n<p><a href=\"https:\/\/drive.google.com\/file\/d\/1-zbijpRYHqIxSkuoF_gJAqlbb9EtR-ma\/view?usp=sharing\" target=\"_blank\" rel=\"noopener\">INFORMATIU DESEMBRE<\/a><\/p>\n<p><a href=\"https:\/\/drive.google.com\/file\/d\/1nr0HA9s8733Uk5WtgdYvpPeecr688san\/view?usp=sharing\" target=\"_blank\" rel=\"noopener\">INFORMATIU GENER<\/a><\/p>\n<p>&nbsp;<\/p>\n","protected":false},"excerpt":{"rendered":"<p>L\u2019Informatiu \u00e9s un butllet\u00ed de periodicitat mensual on trobareu tot all\u00f2 que afecta el dia a dia de la vida de l\u2019escola: excursions, activitats, not\u00edcies, canvis en el calendari i serveis i altres esdeveniments.<br \/>\nLes fam\u00edlies el rebreu per correu electr\u00f2nic i tamb\u00e9 el podeu consultar&hellip;  <a href=\"https:\/\/agora.xtec.cat\/escolaandersen\/serveis\/casal-destiu\/\" title=\"Read L&#8217;Informatiu 2025-2026\">Llegeix m\u00e9s\u00bb<\/a><\/p>\n","protected":false},"author":1,"featured_media":0,"parent":66,"menu_order":50,"comment_status":"closed","ping_status":"closed","template":"page-templates\/side-menu.php","meta":{"_bbp_topic_count":0,"_bbp_reply_count":0,"_bbp_total_topic_count":0,"_bbp_total_reply_count":0,"_bbp_voice_count":0,"_bbp_anonymous_reply_count":0,"_bbp_topic_count_hidden":0,"_bbp_reply_count_hidden":0,"_bbp_forum_subforum_count":0,"footnotes":""},"class_list":["post-82","page","type-page","status-publish","hentry"],"post_mailing_queue_ids":[],"_links":{"self":[{"href":"https:\/\/agora.xtec.cat\/escolaandersen\/wp-json\/wp\/v2\/pages\/82","targetHints":{"allow":["GET"]}}],"collection":[{"href":"https:\/\/agora.xtec.cat\/escolaandersen\/wp-json\/wp\/v2\/pages"}],"about":[{"href":"https:\/\/agora.xtec.cat\/escolaandersen\/wp-json\/wp\/v2\/types\/page"}],"author":[{"embeddable":true,"href":"https:\/\/agora.xtec.cat\/escolaandersen\/wp-json\/wp\/v2\/users\/1"}],"replies":[{"embeddable":true,"href":"https:\/\/agora.xtec.cat\/escolaandersen\/wp-json\/wp\/v2\/comments?post=82"}],"version-history":[{"count":6,"href":"https:\/\/agora.xtec.cat\/escolaandersen\/wp-json\/wp\/v2\/pages\/82\/revisions"}],"predecessor-version":[{"id":2549,"href":"https:\/\/agora.xtec.cat\/escolaandersen\/wp-json\/wp\/v2\/pages\/82\/revisions\/2549"}],"up":[{"embeddable":true,"href":"https:\/\/agora.xtec.cat\/escolaandersen\/wp-json\/wp\/v2\/pages\/66"}],"wp:attachment":[{"href":"https:\/\/agora.xtec.cat\/escolaandersen\/wp-json\/wp\/v2\/media?parent=82"}],"curies":[{"name":"wp","href":"https:\/\/api.w.org\/{rel}","templated":true}]}}