{"id":77,"date":"2014-09-18T14:05:08","date_gmt":"2014-09-18T13:05:08","guid":{"rendered":"http:\/\/agora.xtec.cat\/escolaandersen\/?page_id=77"},"modified":"2024-10-29T16:17:16","modified_gmt":"2024-10-29T15:17:16","slug":"acollida","status":"publish","type":"page","link":"https:\/\/agora.xtec.cat\/escolaandersen\/serveis\/acollida\/","title":{"rendered":"Acollida Matinal"},"content":{"rendered":"<p style=\"color: #666666;\">A l&#8217;escola s&#8217;ofereix di\u00e0riament el servei d&#8217;acollida matinal de <strong>7:45h a 8:30h.<\/strong> Durant aquesta estona els infants poden esmorzar, jugar i compartir l&#8217;estona amb infants de diferents edats de l&#8217;escola. Per gaudir d&#8217;aquest servei s&#8217;ha de fer la inscripci\u00f3 pr\u00e8via sigui per fer-ne \u00fas di\u00e0riament o de manera espor\u00e0dica a trav\u00e9s de l&#8217;App de 7itria. Enguany l&#8217;espai destinat a aquest servei \u00e9s l&#8217;aula d&#8217;angl\u00e8s (entrada per la porta lateral).<\/p>\n<p>Tamb\u00e9 podeu fer la inscripci\u00f3 enviant un correu a andersenserveis@andersen.cat<\/p>\n<p>El preu del servei d&#8217;acollida <strong>fix s\u00f3n 37,26\u20ac<\/strong> mensuals i el preu de <strong>dia eventual s\u00f3n 3,90\u20ac. <\/strong><\/p>\n<p>Per poder venir de manera espor\u00e0dica heu de fer la inscripci\u00f3 a trav\u00e9s de l&#8217;App i nom\u00e9s se us cobraran els dies puntuals que feu \u00fas del servei.<\/p>\n<p>&nbsp;<\/p>\n<p>&nbsp;<\/p>\n","protected":false},"excerpt":{"rendered":"<p>A l&#8217;escola s&#8217;ofereix di\u00e0riament el servei d&#8217;acollida matinal de 7:45h a 8:30h. Durant aquesta estona els infants poden esmorzar, jugar i compartir l&#8217;estona amb infants de diferents edats de l&#8217;escola. Per gaudir d&#8217;aquest servei s&#8217;ha de fer la inscripci\u00f3 pr\u00e8via sigui per fer-ne \u00fas di\u00e0riament&hellip;  <a href=\"https:\/\/agora.xtec.cat\/escolaandersen\/serveis\/acollida\/\" title=\"Read Acollida Matinal\">Llegeix m\u00e9s\u00bb<\/a><\/p>\n","protected":false},"author":1,"featured_media":0,"parent":66,"menu_order":20,"comment_status":"closed","ping_status":"closed","template":"page-templates\/side-menu.php","meta":{"_bbp_topic_count":0,"_bbp_reply_count":0,"_bbp_total_topic_count":0,"_bbp_total_reply_count":0,"_bbp_voice_count":0,"_bbp_anonymous_reply_count":0,"_bbp_topic_count_hidden":0,"_bbp_reply_count_hidden":0,"_bbp_forum_subforum_count":0,"footnotes":""},"class_list":["post-77","page","type-page","status-publish","hentry"],"post_mailing_queue_ids":[],"_links":{"self":[{"href":"https:\/\/agora.xtec.cat\/escolaandersen\/wp-json\/wp\/v2\/pages\/77","targetHints":{"allow":["GET"]}}],"collection":[{"href":"https:\/\/agora.xtec.cat\/escolaandersen\/wp-json\/wp\/v2\/pages"}],"about":[{"href":"https:\/\/agora.xtec.cat\/escolaandersen\/wp-json\/wp\/v2\/types\/page"}],"author":[{"embeddable":true,"href":"https:\/\/agora.xtec.cat\/escolaandersen\/wp-json\/wp\/v2\/users\/1"}],"replies":[{"embeddable":true,"href":"https:\/\/agora.xtec.cat\/escolaandersen\/wp-json\/wp\/v2\/comments?post=77"}],"version-history":[{"count":6,"href":"https:\/\/agora.xtec.cat\/escolaandersen\/wp-json\/wp\/v2\/pages\/77\/revisions"}],"predecessor-version":[{"id":1941,"href":"https:\/\/agora.xtec.cat\/escolaandersen\/wp-json\/wp\/v2\/pages\/77\/revisions\/1941"}],"up":[{"embeddable":true,"href":"https:\/\/agora.xtec.cat\/escolaandersen\/wp-json\/wp\/v2\/pages\/66"}],"wp:attachment":[{"href":"https:\/\/agora.xtec.cat\/escolaandersen\/wp-json\/wp\/v2\/media?parent=77"}],"curies":[{"name":"wp","href":"https:\/\/api.w.org\/{rel}","templated":true}]}}