{"id":591,"date":"2023-08-01T13:27:43","date_gmt":"2023-08-01T11:27:43","guid":{"rendered":"https:\/\/agora.xtec.cat\/escolaandersen\/?page_id=591"},"modified":"2025-10-01T10:26:52","modified_gmt":"2025-10-01T08:26:52","slug":"contacte-amics-de-landersen","status":"publish","type":"page","link":"https:\/\/agora.xtec.cat\/escolaandersen\/amics-de-landersen\/contacte-amics-de-landersen\/","title":{"rendered":"&#8211; Contacte Amics de l&#8217;Andersen"},"content":{"rendered":"<p>Podeu contactar amb l\u2019associaci\u00f3 mitjan\u00e7ant el seg\u00fcent formulari telem\u00e0tic o b\u00e9 adre\u00e7ant-se a l\u2019escola:<\/p>\n<p>Avinguda Ol\u00edmpia s\/n \u2013 08500 Vic<\/p>\n<p>amicsdelandersen<span class=\"atwho-query\">@andersen.cat<\/span><\/p>\n<p>Tel. 938 851 795<\/p>\n","protected":false},"excerpt":{"rendered":"<p>Podeu contactar amb l\u2019associaci\u00f3 mitjan\u00e7ant el seg\u00fcent formulari telem\u00e0tic o b\u00e9 adre\u00e7ant-se a l\u2019escola:<br \/>\nAvinguda Ol\u00edmpia s\/n \u2013 08500 Vic<br \/>\namicsdelandersen@andersen.cat<br \/>\nTel. 938 851 795<\/p>\n","protected":false},"author":1,"featured_media":0,"parent":579,"menu_order":0,"comment_status":"closed","ping_status":"closed","template":"page-templates\/side-menu.php","meta":{"_bbp_topic_count":0,"_bbp_reply_count":0,"_bbp_total_topic_count":0,"_bbp_total_reply_count":0,"_bbp_voice_count":0,"_bbp_anonymous_reply_count":0,"_bbp_topic_count_hidden":0,"_bbp_reply_count_hidden":0,"_bbp_forum_subforum_count":0,"footnotes":""},"class_list":["post-591","page","type-page","status-publish","hentry"],"post_mailing_queue_ids":[],"_links":{"self":[{"href":"https:\/\/agora.xtec.cat\/escolaandersen\/wp-json\/wp\/v2\/pages\/591","targetHints":{"allow":["GET"]}}],"collection":[{"href":"https:\/\/agora.xtec.cat\/escolaandersen\/wp-json\/wp\/v2\/pages"}],"about":[{"href":"https:\/\/agora.xtec.cat\/escolaandersen\/wp-json\/wp\/v2\/types\/page"}],"author":[{"embeddable":true,"href":"https:\/\/agora.xtec.cat\/escolaandersen\/wp-json\/wp\/v2\/users\/1"}],"replies":[{"embeddable":true,"href":"https:\/\/agora.xtec.cat\/escolaandersen\/wp-json\/wp\/v2\/comments?post=591"}],"version-history":[{"count":3,"href":"https:\/\/agora.xtec.cat\/escolaandersen\/wp-json\/wp\/v2\/pages\/591\/revisions"}],"predecessor-version":[{"id":2414,"href":"https:\/\/agora.xtec.cat\/escolaandersen\/wp-json\/wp\/v2\/pages\/591\/revisions\/2414"}],"up":[{"embeddable":true,"href":"https:\/\/agora.xtec.cat\/escolaandersen\/wp-json\/wp\/v2\/pages\/579"}],"wp:attachment":[{"href":"https:\/\/agora.xtec.cat\/escolaandersen\/wp-json\/wp\/v2\/media?parent=591"}],"curies":[{"name":"wp","href":"https:\/\/api.w.org\/{rel}","templated":true}]}}