{"id":1494,"date":"2024-04-24T09:39:16","date_gmt":"2024-04-24T07:39:16","guid":{"rendered":"https:\/\/agora.xtec.cat\/escolaandersen\/?page_id=1494"},"modified":"2024-05-07T11:46:25","modified_gmt":"2024-05-07T09:46:25","slug":"recursos-per-laprenentatge-lector","status":"publish","type":"page","link":"https:\/\/agora.xtec.cat\/escolaandersen\/projectes-i-plans-dinnovacio\/biblioteca\/recursos-per-laprenentatge-lector\/","title":{"rendered":"Recursos per l&#8217;aprenentatge lector"},"content":{"rendered":"<p><img loading=\"lazy\" decoding=\"async\" class=\"\" src=\"https:\/\/cdn-icons-png.flaticon.com\/128\/12914\/12914690.png\" alt=\"activo digital \" width=\"67\" height=\"67\" \/>Recursos per l&#8217;aprenentatge lector que s\u00f3n part del projecte de la biblioteca escolar de l&#8217;Escola Andersen:<\/p>\n<ol>\n<li><strong>Llibres Electr\u00f2nics Interactius:<\/strong> Col\u00b7lecci\u00f3 de llibres electr\u00f2nics en diversos idiomes i nivells de lectura, amb funcionalitats interactives com animacions, \u00e0udio incorporat, i preguntes de comprensi\u00f3 incorporades per millorar la comprensi\u00f3 lectora dels estudiants.<\/li>\n<li><strong>Plataformes de Lectura en L\u00ednia:<\/strong> Plataformes de lectura en l\u00ednia que ofereixen acc\u00e9s a una gran varietat de llibres digitals, recursos educatius, activitats de comprensi\u00f3 lectora i seguiment del progr\u00e9s de lectura de l&#8217;alumnat.<\/li>\n<li><strong>Jocs de Comprensi\u00f3 Lectora:<\/strong> Jocs interactius de comprensi\u00f3 lectora que permetin a l&#8217;alumnat practicar habilitats com identificar la idea principal, fer infer\u00e8ncies, predir el que passar\u00e0 a la hist\u00f2ria, i m\u00e9s, de manera divertida i enginyosa.<\/li>\n<li><strong>Tallers de Lectura Activa:<\/strong> Tallers de lectura actius on els estudiants puguin llegir conjuntament, discutir temes, dur a terme activitats de comprensi\u00f3 lectora, compartir opinions i fomentar la reflexi\u00f3 cr\u00edtica sobre els textos llegits.<\/li>\n<li><strong>Bases de Dades d&#8217;Informaci\u00f3:<\/strong> Bases de dades d&#8217;informaci\u00f3 en l\u00ednia que ofereixin recursos fiables i actualitzats per a la recerca i la consulta d&#8217;informaci\u00f3, ajudant a desenvolupar habilitats de lectura cr\u00edtica i an\u00e0lisi de fonts.<\/li>\n<li><strong>Biblioteca de Recursos Multim\u00e8dia:<\/strong> Biblioteca digital amb recursos multim\u00e8dia com v\u00eddeos educatius, podcasts, documentals, i presentacions interactives que complementin les lectures i enriqueixin l&#8217;experi\u00e8ncia d&#8217;aprenentatge de l&#8217;alumnat.<\/li>\n<li><strong>Guies de Lectura:<\/strong> Desenvolupar guies de lectura per a diferents llibres i tem\u00e0tiques, que incloguin preguntes de comprensi\u00f3, activitats d&#8217;extensi\u00f3, punts de discussi\u00f3 i suggeriments per a projectes creatius basats en els llibres llegits.<\/li>\n<li><strong>Clubs de Lectura Tem\u00e0tics:<\/strong> Clubs de lectura tem\u00e0tics on els estudiants puguin explorar diferents g\u00e8neres literaris, autors, temes d&#8217;actualitat o cultures a trav\u00e9s de la lectura compartida, discussi\u00f3 de llibres i activitats relacionades.<\/li>\n<li><strong>Sessions de Contacontes: <\/strong>Sessions\u00a0regulars de contacontes amb narradors professionals o membres de la comunitat, que captivin l&#8217;atenci\u00f3 dels estudiants i els inculquin l&#8217;amor per les hist\u00f2ries i la narrativa.<\/li>\n<li><strong>Recursos d&#8217;Animaci\u00f3 a la Lectura:<\/strong> Recursos d&#8217;animaci\u00f3 com v\u00eddeos, presentacions interactives, i activitats de dramatitzaci\u00f3 per fer la lectura m\u00e9s atractiva i emocionant per als estudiants, fomentant la seva implicaci\u00f3 i participaci\u00f3 activa.<\/li>\n<\/ol>\n","protected":false},"excerpt":{"rendered":"<p>Recursos per l&#8217;aprenentatge lector que s\u00f3n part del projecte de la biblioteca escolar de l&#8217;Escola Andersen:<\/p>\n<ol>\n<li>Llibres Electr\u00f2nics Interactius: Col\u00b7lecci\u00f3 de llibres electr\u00f2nics en diversos idiomes i nivells de lectura, amb funcionalitats interactives com animacions, \u00e0udio incorporat, i preguntes de comprensi\u00f3 incorporades per millorar la comprensi\u00f3&hellip;  <a href=\"https:\/\/agora.xtec.cat\/escolaandersen\/projectes-i-plans-dinnovacio\/biblioteca\/recursos-per-laprenentatge-lector\/\" title=\"Read Recursos per l&#8217;aprenentatge lector\">Llegeix m\u00e9s\u00bb<\/a><br \/>\n","protected":false},"author":5,"featured_media":0,"parent":1490,"menu_order":2,"comment_status":"closed","ping_status":"closed","template":"","meta":{"_bbp_topic_count":0,"_bbp_reply_count":0,"_bbp_total_topic_count":0,"_bbp_total_reply_count":0,"_bbp_voice_count":0,"_bbp_anonymous_reply_count":0,"_bbp_topic_count_hidden":0,"_bbp_reply_count_hidden":0,"_bbp_forum_subforum_count":0,"footnotes":""},"class_list":["post-1494","page","type-page","status-publish","hentry"],"post_mailing_queue_ids":[],"_links":{"self":[{"href":"https:\/\/agora.xtec.cat\/escolaandersen\/wp-json\/wp\/v2\/pages\/1494","targetHints":{"allow":["GET"]}}],"collection":[{"href":"https:\/\/agora.xtec.cat\/escolaandersen\/wp-json\/wp\/v2\/pages"}],"about":[{"href":"https:\/\/agora.xtec.cat\/escolaandersen\/wp-json\/wp\/v2\/types\/page"}],"author":[{"embeddable":true,"href":"https:\/\/agora.xtec.cat\/escolaandersen\/wp-json\/wp\/v2\/users\/5"}],"replies":[{"embeddable":true,"href":"https:\/\/agora.xtec.cat\/escolaandersen\/wp-json\/wp\/v2\/comments?post=1494"}],"version-history":[{"count":2,"href":"https:\/\/agora.xtec.cat\/escolaandersen\/wp-json\/wp\/v2\/pages\/1494\/revisions"}],"predecessor-version":[{"id":1530,"href":"https:\/\/agora.xtec.cat\/escolaandersen\/wp-json\/wp\/v2\/pages\/1494\/revisions\/1530"}],"up":[{"embeddable":true,"href":"https:\/\/agora.xtec.cat\/escolaandersen\/wp-json\/wp\/v2\/pages\/1490"}],"wp:attachment":[{"href":"https:\/\/agora.xtec.cat\/escolaandersen\/wp-json\/wp\/v2\/media?parent=1494"}],"curies":[{"name":"wp","href":"https:\/\/api.w.org\/{rel}","templated":true}]}}