{"id":1164,"date":"2024-01-18T10:38:20","date_gmt":"2024-01-18T09:38:20","guid":{"rendered":"https:\/\/agora.xtec.cat\/escolaandersen\/?page_id=1164"},"modified":"2024-10-02T16:03:23","modified_gmt":"2024-10-02T14:03:23","slug":"oferta-educativa","status":"publish","type":"page","link":"https:\/\/agora.xtec.cat\/escolaandersen\/oferta-educativa\/","title":{"rendered":"Oferta Educativa"},"content":{"rendered":"<p>L\u2019Andersen \u00e9s una escola de doble l\u00ednia (a excepci\u00f3 de 5\u00e8) de titularitat p\u00fablica que ofereix el Segon cicle d\u2019Educaci\u00f3 Infantil i d\u2019Educaci\u00f3 Prim\u00e0ria.<\/p>\n<p><a href=\"https:\/\/agora.xtec.cat\/escolaandersen\/wp-content\/uploads\/usu2380\/2024\/10\/welcome-little-one-1-2.png\"><img loading=\"lazy\" decoding=\"async\" class=\"alignnone size-large wp-image-1820\" src=\"https:\/\/agora.xtec.cat\/escolaandersen\/wp-content\/uploads\/usu2380\/2024\/10\/welcome-little-one-1-2-1024x576.png\" alt=\"\" width=\"1024\" height=\"576\" srcset=\"https:\/\/agora.xtec.cat\/escolaandersen\/wp-content\/uploads\/usu2380\/2024\/10\/welcome-little-one-1-2-1024x576.png 1024w, https:\/\/agora.xtec.cat\/escolaandersen\/wp-content\/uploads\/usu2380\/2024\/10\/welcome-little-one-1-2-300x169.png 300w, https:\/\/agora.xtec.cat\/escolaandersen\/wp-content\/uploads\/usu2380\/2024\/10\/welcome-little-one-1-2-768x432.png 768w, https:\/\/agora.xtec.cat\/escolaandersen\/wp-content\/uploads\/usu2380\/2024\/10\/welcome-little-one-1-2-1536x864.png 1536w, https:\/\/agora.xtec.cat\/escolaandersen\/wp-content\/uploads\/usu2380\/2024\/10\/welcome-little-one-1-2.png 1920w\" sizes=\"auto, (max-width: 1024px) 100vw, 1024px\" \/><\/a><\/p>\n","protected":false},"excerpt":{"rendered":"<p>L\u2019Andersen \u00e9s una escola de doble l\u00ednia (a excepci\u00f3 de 5\u00e8) de titularitat p\u00fablica que ofereix el Segon cicle d\u2019Educaci\u00f3 Infantil i d\u2019Educaci\u00f3 Prim\u00e0ria.<br \/>\n<a href=\"https:\/\/agora.xtec.cat\/escolaandersen\/wp-content\/uploads\/usu2380\/2024\/10\/welcome-little-one-1-2.png\"><\/a><\/p>\n","protected":false},"author":4,"featured_media":0,"parent":0,"menu_order":0,"comment_status":"closed","ping_status":"closed","template":"","meta":{"_bbp_topic_count":0,"_bbp_reply_count":0,"_bbp_total_topic_count":0,"_bbp_total_reply_count":0,"_bbp_voice_count":0,"_bbp_anonymous_reply_count":0,"_bbp_topic_count_hidden":0,"_bbp_reply_count_hidden":0,"_bbp_forum_subforum_count":0,"footnotes":""},"class_list":["post-1164","page","type-page","status-publish","hentry"],"post_mailing_queue_ids":[],"_links":{"self":[{"href":"https:\/\/agora.xtec.cat\/escolaandersen\/wp-json\/wp\/v2\/pages\/1164","targetHints":{"allow":["GET"]}}],"collection":[{"href":"https:\/\/agora.xtec.cat\/escolaandersen\/wp-json\/wp\/v2\/pages"}],"about":[{"href":"https:\/\/agora.xtec.cat\/escolaandersen\/wp-json\/wp\/v2\/types\/page"}],"author":[{"embeddable":true,"href":"https:\/\/agora.xtec.cat\/escolaandersen\/wp-json\/wp\/v2\/users\/4"}],"replies":[{"embeddable":true,"href":"https:\/\/agora.xtec.cat\/escolaandersen\/wp-json\/wp\/v2\/comments?post=1164"}],"version-history":[{"count":5,"href":"https:\/\/agora.xtec.cat\/escolaandersen\/wp-json\/wp\/v2\/pages\/1164\/revisions"}],"predecessor-version":[{"id":1821,"href":"https:\/\/agora.xtec.cat\/escolaandersen\/wp-json\/wp\/v2\/pages\/1164\/revisions\/1821"}],"wp:attachment":[{"href":"https:\/\/agora.xtec.cat\/escolaandersen\/wp-json\/wp\/v2\/media?parent=1164"}],"curies":[{"name":"wp","href":"https:\/\/api.w.org\/{rel}","templated":true}]}}