{"id":744,"date":"2021-07-02T06:53:10","date_gmt":"2021-07-02T04:53:10","guid":{"rendered":"https:\/\/agora.xtec.cat\/escolaalzinareclamadora\/?page_id=744"},"modified":"2025-09-15T22:23:33","modified_gmt":"2025-09-15T20:23:33","slug":"correus-escola","status":"publish","type":"page","link":"https:\/\/agora.xtec.cat\/escolaalzinareclamadora\/lescola\/correus-escola\/","title":{"rendered":"Correus escola"},"content":{"rendered":"<table style=\"width: 100%; height: 625px;\">\n<tbody>\n<tr style=\"height: 33px;\">\n<td style=\"height: 33px;\" width=\"85\"><strong>Curs<\/strong><\/td>\n<td style=\"height: 33px;\" width=\"203\"><strong>Nom curs<\/strong><\/td>\n<td style=\"height: 33px;\" width=\"573\"><strong>Correus grups-classe<\/strong><\/td>\n<\/tr>\n<tr style=\"height: 33px;\">\n<td style=\"height: 33px;\"><strong>i3<\/strong><\/td>\n<td style=\"height: 33px;\">PAU CASALS<\/td>\n<td style=\"height: 33px;\"><a href=\"mailto:paucasals@alzinareclamadora.cat\">paucasals@alzinareclamadora.cat<\/a><\/td>\n<\/tr>\n<tr style=\"height: 33px;\">\n<td style=\"height: 33px;\" width=\"85\"><strong>i4<\/strong><\/td>\n<td style=\"height: 33px;\" width=\"203\">WAGNER<\/td>\n<td style=\"height: 33px;\" width=\"573\"><a href=\"wagner@alzinareclamadora.cat\">wagner@alzinareclamadora.cat<\/a><\/td>\n<\/tr>\n<tr style=\"height: 33px;\">\n<td style=\"height: 33px;\" width=\"85\"><strong>i5<\/strong><\/td>\n<td style=\"height: 33px;\" width=\"203\"><span style=\"background-color: #f9f9f9;\">MONTSERRAT CABALL\u00c9<\/span><\/td>\n<td style=\"height: 33px;\" width=\"573\"><a href=\"montserratcaballe@alzinareclamadora.cat\">montserratcaballe@alzinareclamadora.cat<\/a><\/td>\n<\/tr>\n<tr style=\"height: 33px;\">\n<td style=\"height: 33px;\" width=\"85\"><strong>1r<\/strong><\/td>\n<td style=\"height: 33px;\" width=\"203\"><span style=\"background-color: #ffffff;\">BACH<\/span><\/td>\n<td style=\"height: 33px;\" width=\"573\"><a href=\"bach@alzinareclamadora.cat\">bach@alzinareclamadora.cat<\/a><\/td>\n<\/tr>\n<tr style=\"height: 33px;\">\n<td style=\"height: 33px;\" width=\"85\"><strong>2n<\/strong><\/td>\n<td style=\"height: 33px;\" width=\"203\"><span style=\"background-color: #f9f9f9;\">TXAIKOVSKI<\/span><\/td>\n<td style=\"height: 33px;\" width=\"573\"><a href=\"txaikovski@alzinareclamadora.cat\">txaikovski@alzinareclamadora.cat<\/a><\/td>\n<\/tr>\n<tr style=\"height: 33px;\">\n<td style=\"height: 33px;\" width=\"85\"><strong>3r<\/strong><\/td>\n<td style=\"height: 33px;\" width=\"203\"><span style=\"background-color: #ffffff;\">MOZART<\/span><\/td>\n<td style=\"height: 33px;\" width=\"573\"><a href=\"mozart@alzinareclamadora.cat\">mozart@alzinareclamadora.cat<\/a><\/td>\n<\/tr>\n<tr style=\"height: 33px;\">\n<td style=\"height: 33px;\" width=\"85\"><strong>4t<\/strong><\/td>\n<td style=\"height: 33px;\" width=\"203\"><span style=\"background-color: #f9f9f9;\">BEETHOVEN<\/span><\/td>\n<td style=\"height: 33px;\" width=\"573\"><a href=\"beethoven@alzinareclamadora.cat\">beethoven@alzinareclamadora.cat<\/a><\/td>\n<\/tr>\n<tr style=\"height: 33px;\">\n<td style=\"height: 33px;\" width=\"85\"><strong>5\u00e8<\/strong><\/td>\n<td style=\"height: 33px;\" width=\"203\"><span style=\"background-color: #ffffff;\">CLARA SHUMANN<\/span><\/td>\n<td style=\"height: 33px;\" width=\"573\"><a href=\"clarashumann@alzinareclamadora.cat\">clarashumann@alzinareclamadora.cat<\/a><\/td>\n<\/tr>\n<tr style=\"height: 33px;\">\n<td style=\"height: 33px;\" width=\"85\"><strong>6\u00e8<\/strong><\/td>\n<td style=\"height: 33px;\" width=\"203\"><span style=\"background-color: #f9f9f9;\">PEP VENTURA<\/span><\/td>\n<td style=\"height: 33px;\" width=\"573\"><a href=\"pepventura@alzinareclamadora.cat\">pepventura@alzinareclamadora.cat<\/a><\/td>\n<\/tr>\n<tr style=\"height: 33px;\">\n<td style=\"height: 33px;\" width=\"85\"><\/td>\n<td style=\"height: 33px;\" width=\"203\">M\u00daSICA<\/td>\n<td style=\"height: 33px;\" width=\"573\"><a href=\"mailto:musica@alzinareclamadora.cat\">musica@alzinareclamadora.cat<\/a><\/td>\n<\/tr>\n<tr style=\"height: 33px;\">\n<td style=\"height: 33px;\" width=\"85\"><\/td>\n<td style=\"height: 33px;\" width=\"203\">ANGL\u00c8S<\/td>\n<td style=\"height: 33px;\" width=\"573\"><a href=\"mailto:angles@alzinareclamadora.cat\">angles@alzinareclamadora.cat<\/a><\/td>\n<\/tr>\n<tr style=\"height: 33px;\">\n<td style=\"height: 33px;\" width=\"85\"><\/td>\n<td style=\"height: 33px;\" width=\"203\">Ed. FISICA<\/td>\n<td style=\"height: 33px;\" width=\"573\"><a href=\"mailto:educaciofisica@alzinareclamadora.cat\">educaciofisica@alzinareclamadora.cat<\/a><\/td>\n<\/tr>\n<tr style=\"height: 33px;\">\n<td style=\"height: 33px;\" width=\"85\"><\/td>\n<td style=\"height: 33px;\" width=\"203\">Ed. ESPECIAL<\/td>\n<td style=\"height: 33px;\" width=\"573\"><a href=\"mailto:educacioespecial@alzinareclamadora.cat\">educacioespecial@alzinareclamadora.cat<\/a><\/td>\n<\/tr>\n<tr style=\"height: 33px;\">\n<td style=\"height: 33px;\" width=\"85\"><\/td>\n<td style=\"height: 33px;\" width=\"203\">RELIGI\u00d3<\/td>\n<td style=\"height: 33px;\" width=\"573\"><a href=\"mailto:religio@alzinareclamadora.cat\">religio@alzinareclamadora.cat<\/a><\/td>\n<\/tr>\n<tr style=\"height: 33px;\">\n<td style=\"height: 33px;\" width=\"85\"><\/td>\n<td style=\"height: 33px;\" width=\"203\">ESCOLA<\/td>\n<td style=\"height: 33px;\" width=\"573\"><a href=\"mailto:escola@alzinareclamadora.cat\">escola@alzinareclamadora.cat<\/a><\/td>\n<\/tr>\n<tr style=\"height: 33px;\">\n<td style=\"height: 33px;\" width=\"85\"><\/td>\n<td style=\"height: 33px;\" width=\"203\">SECRETARIA<\/td>\n<td style=\"height: 33px;\" width=\"573\"><a href=\"mailto:secretaria@alziareclamadora.cat\">secretaria@alziareclamadora.cat<\/a><\/td>\n<\/tr>\n<tr style=\"height: 32px;\">\n<td style=\"height: 32px;\"><\/td>\n<td style=\"height: 32px;\">ADMINISTRACI\u00d3<\/td>\n<td style=\"height: 32px;\"><a href=\"mailto:administracio@alzinareclamadora.cat\">administracio@alzinareclamadora.cat<\/a><\/td>\n<\/tr>\n<tr style=\"height: 32px;\">\n<td style=\"height: 32px;\"><\/td>\n<td style=\"height: 32px;\">COORD. DIGITAL<\/td>\n<td style=\"height: 32px;\"><a href=\"mailto:digital@alzinareclamadora.cat\">digital@alzinareclamadora.cat<\/a><\/td>\n<\/tr>\n<\/tbody>\n<\/table>\n","protected":false},"excerpt":{"rendered":"<p>Curs Nom curs Correus grups-classe i3 PAU CASALS paucasals@alzinareclamadora.cat i4 WAGNER wagner@alzinareclamadora.cat i5 MONTSERRAT CABALL\u00c9 montserratcaballe@alzinareclamadora.cat 1r BACH bach@alzinareclamadora.cat 2n TXAIKOVSKI txaikovski@alzinareclamadora.cat 3r MOZART mozart@alzinareclamadora.cat 4t BEETHOVEN beethoven@alzinareclamadora.cat 5\u00e8 CLARA SHUMANN clarashumann@alzinareclamadora.cat 6\u00e8 PEP VENTURA pepventura@alzinareclamadora.cat M\u00daSICA musica@alzinareclamadora.cat ANGL\u00c8S angles@alzinareclamadora.cat Ed. FISICA educaciofisica@alzinareclamadora.cat Ed. ESPECIAL educacioespecial@alzinareclamadora.cat RELIGI\u00d3 religio@alzinareclamadora.cat ESCOLA escola@alzinareclamadora.cat SECRETARIA secretaria@alziareclamadora.cat ADMINISTRACI\u00d3 administracio@alzinareclamadora.cat COORD. [&hellip;]<\/p>\n","protected":false},"author":1,"featured_media":0,"parent":22,"menu_order":0,"comment_status":"closed","ping_status":"closed","template":"page-templates\/side-menu.php","meta":{"_bbp_topic_count":0,"_bbp_reply_count":0,"_bbp_total_topic_count":0,"_bbp_total_reply_count":0,"_bbp_voice_count":0,"_bbp_anonymous_reply_count":0,"_bbp_topic_count_hidden":0,"_bbp_reply_count_hidden":0,"_bbp_forum_subforum_count":0,"site-sidebar-layout":"default","site-content-layout":"","ast-site-content-layout":"","site-content-style":"default","site-sidebar-style":"default","ast-global-header-display":"","ast-banner-title-visibility":"","ast-main-header-display":"","ast-hfb-above-header-display":"","ast-hfb-below-header-display":"","ast-hfb-mobile-header-display":"","site-post-title":"","ast-breadcrumbs-content":"","ast-featured-img":"","footer-sml-layout":"","theme-transparent-header-meta":"","adv-header-id-meta":"","stick-header-meta":"","header-above-stick-meta":"","header-main-stick-meta":"","header-below-stick-meta":"","astra-migrate-meta-layouts":"default","ast-page-background-enabled":"default","ast-page-background-meta":{"desktop":{"background-color":"var(--ast-global-color-4)","background-image":"","background-repeat":"repeat","background-position":"center center","background-size":"auto","background-attachment":"scroll","background-type":"","background-media":"","overlay-type":"","overlay-color":"","overlay-opacity":"","overlay-gradient":""},"tablet":{"background-color":"","background-image":"","background-repeat":"repeat","background-position":"center center","background-size":"auto","background-attachment":"scroll","background-type":"","background-media":"","overlay-type":"","overlay-color":"","overlay-opacity":"","overlay-gradient":""},"mobile":{"background-color":"","background-image":"","background-repeat":"repeat","background-position":"center center","background-size":"auto","background-attachment":"scroll","background-type":"","background-media":"","overlay-type":"","overlay-color":"","overlay-opacity":"","overlay-gradient":""}},"ast-content-background-meta":{"desktop":{"background-color":"var(--ast-global-color-5)","background-image":"","background-repeat":"repeat","background-position":"center center","background-size":"auto","background-attachment":"scroll","background-type":"","background-media":"","overlay-type":"","overlay-color":"","overlay-opacity":"","overlay-gradient":""},"tablet":{"background-color":"var(--ast-global-color-5)","background-image":"","background-repeat":"repeat","background-position":"center center","background-size":"auto","background-attachment":"scroll","background-type":"","background-media":"","overlay-type":"","overlay-color":"","overlay-opacity":"","overlay-gradient":""},"mobile":{"background-color":"var(--ast-global-color-5)","background-image":"","background-repeat":"repeat","background-position":"center center","background-size":"auto","background-attachment":"scroll","background-type":"","background-media":"","overlay-type":"","overlay-color":"","overlay-opacity":"","overlay-gradient":""}},"footnotes":""},"class_list":["post-744","page","type-page","status-publish","hentry"],"post_mailing_queue_ids":[],"_links":{"self":[{"href":"https:\/\/agora.xtec.cat\/escolaalzinareclamadora\/wp-json\/wp\/v2\/pages\/744","targetHints":{"allow":["GET"]}}],"collection":[{"href":"https:\/\/agora.xtec.cat\/escolaalzinareclamadora\/wp-json\/wp\/v2\/pages"}],"about":[{"href":"https:\/\/agora.xtec.cat\/escolaalzinareclamadora\/wp-json\/wp\/v2\/types\/page"}],"author":[{"embeddable":true,"href":"https:\/\/agora.xtec.cat\/escolaalzinareclamadora\/wp-json\/wp\/v2\/users\/1"}],"replies":[{"embeddable":true,"href":"https:\/\/agora.xtec.cat\/escolaalzinareclamadora\/wp-json\/wp\/v2\/comments?post=744"}],"version-history":[{"count":6,"href":"https:\/\/agora.xtec.cat\/escolaalzinareclamadora\/wp-json\/wp\/v2\/pages\/744\/revisions"}],"predecessor-version":[{"id":3186,"href":"https:\/\/agora.xtec.cat\/escolaalzinareclamadora\/wp-json\/wp\/v2\/pages\/744\/revisions\/3186"}],"up":[{"embeddable":true,"href":"https:\/\/agora.xtec.cat\/escolaalzinareclamadora\/wp-json\/wp\/v2\/pages\/22"}],"wp:attachment":[{"href":"https:\/\/agora.xtec.cat\/escolaalzinareclamadora\/wp-json\/wp\/v2\/media?parent=744"}],"curies":[{"name":"wp","href":"https:\/\/api.w.org\/{rel}","templated":true}]}}