{"id":582,"date":"2021-04-14T18:30:57","date_gmt":"2021-04-14T16:30:57","guid":{"rendered":"https:\/\/agora.xtec.cat\/escolaalzinareclamadora\/?page_id=582"},"modified":"2025-09-15T16:52:38","modified_gmt":"2025-09-15T14:52:38","slug":"autoritzacions","status":"publish","type":"page","link":"https:\/\/agora.xtec.cat\/escolaalzinareclamadora\/documents-descola\/autoritzacions\/","title":{"rendered":"Autoritzacions"},"content":{"rendered":"<p><a href=\"https:\/\/drive.google.com\/file\/d\/19HDd9fbScCAS9HoZB1AQ-hBmiw8p8ix7\/view?usp=sharing\">Autoritzaci\u00f3 drets d&#8217;imatges i treballs<\/a><\/p>\n<p><a href=\"https:\/\/drive.google.com\/file\/d\/1VVL5HB3XYHJhzcfIGAtHleRLb7jPi98S\/view?usp=sharing\">Autoritzaci\u00f3 recursos digitals CM i CS<\/a><\/p>\n<p><a href=\"https:\/\/drive.google.com\/file\/d\/19G_rDu8YRDBu3zYbXWnuUnkkLmlh50X1\/view?usp=sharing\">Autoritzacions principi de curs<\/a><\/p>\n<p><a href=\"https:\/\/drive.google.com\/file\/d\/1Gjd6ZRs9oCWQZJxhX_nU7q4q_Os8SWcx\/view?usp=sharing\">Autoritzaci\u00f3 per a l&#8217;administraci\u00f3 de medicaments<\/a><\/p>\n<p><a href=\"https:\/\/drive.google.com\/file\/d\/1GBIHOCljq6DJgmIJFFT2bZZb_zUTzLal\/view?usp=sharing\">Autoritzaci\u00f3 per a l&#8217;administraci\u00f3 de Paracetamol<\/a><\/p>\n<p><a href=\"https:\/\/drive.google.com\/file\/d\/1jnmOo-EWCURb641MLsTO8MqmV_yCELgn\/view?usp=sharing\">Recollida d&#8217;informaci\u00f3 al\u00b7l\u00e8rgia, intoler\u00e0ncia aliment\u00e0ria i\/o al l\u00e0tex<\/a><\/p>\n<p><a href=\"https:\/\/docs.google.com\/document\/d\/1aHvLAeTs8WUpYLKf2gfVds3b8knFX0wb\/edit?usp=sharing&amp;ouid=101755702264015958709&amp;rtpof=true&amp;sd=true\">Document Entrega Port\u00e0til Alumnes Pla Digital<\/a><\/p>\n<p>&nbsp;<\/p>\n","protected":false},"excerpt":{"rendered":"<p>Autoritzaci\u00f3 drets d&#8217;imatges i treballs Autoritzaci\u00f3 recursos digitals CM i CS Autoritzacions principi de curs Autoritzaci\u00f3 per a l&#8217;administraci\u00f3 de medicaments Autoritzaci\u00f3 per a l&#8217;administraci\u00f3 de Paracetamol Recollida d&#8217;informaci\u00f3 al\u00b7l\u00e8rgia, intoler\u00e0ncia aliment\u00e0ria i\/o al l\u00e0tex Document Entrega Port\u00e0til Alumnes Pla Digital &nbsp;<\/p>\n","protected":false},"author":1,"featured_media":0,"parent":501,"menu_order":0,"comment_status":"closed","ping_status":"closed","template":"page-templates\/side-menu.php","meta":{"_bbp_topic_count":0,"_bbp_reply_count":0,"_bbp_total_topic_count":0,"_bbp_total_reply_count":0,"_bbp_voice_count":0,"_bbp_anonymous_reply_count":0,"_bbp_topic_count_hidden":0,"_bbp_reply_count_hidden":0,"_bbp_forum_subforum_count":0,"site-sidebar-layout":"default","site-content-layout":"","ast-site-content-layout":"","site-content-style":"default","site-sidebar-style":"default","ast-global-header-display":"","ast-banner-title-visibility":"","ast-main-header-display":"","ast-hfb-above-header-display":"","ast-hfb-below-header-display":"","ast-hfb-mobile-header-display":"","site-post-title":"","ast-breadcrumbs-content":"","ast-featured-img":"","footer-sml-layout":"","theme-transparent-header-meta":"","adv-header-id-meta":"","stick-header-meta":"","header-above-stick-meta":"","header-main-stick-meta":"","header-below-stick-meta":"","astra-migrate-meta-layouts":"default","ast-page-background-enabled":"default","ast-page-background-meta":{"desktop":{"background-color":"var(--ast-global-color-4)","background-image":"","background-repeat":"repeat","background-position":"center center","background-size":"auto","background-attachment":"scroll","background-type":"","background-media":"","overlay-type":"","overlay-color":"","overlay-opacity":"","overlay-gradient":""},"tablet":{"background-color":"","background-image":"","background-repeat":"repeat","background-position":"center center","background-size":"auto","background-attachment":"scroll","background-type":"","background-media":"","overlay-type":"","overlay-color":"","overlay-opacity":"","overlay-gradient":""},"mobile":{"background-color":"","background-image":"","background-repeat":"repeat","background-position":"center center","background-size":"auto","background-attachment":"scroll","background-type":"","background-media":"","overlay-type":"","overlay-color":"","overlay-opacity":"","overlay-gradient":""}},"ast-content-background-meta":{"desktop":{"background-color":"var(--ast-global-color-5)","background-image":"","background-repeat":"repeat","background-position":"center center","background-size":"auto","background-attachment":"scroll","background-type":"","background-media":"","overlay-type":"","overlay-color":"","overlay-opacity":"","overlay-gradient":""},"tablet":{"background-color":"var(--ast-global-color-5)","background-image":"","background-repeat":"repeat","background-position":"center center","background-size":"auto","background-attachment":"scroll","background-type":"","background-media":"","overlay-type":"","overlay-color":"","overlay-opacity":"","overlay-gradient":""},"mobile":{"background-color":"var(--ast-global-color-5)","background-image":"","background-repeat":"repeat","background-position":"center center","background-size":"auto","background-attachment":"scroll","background-type":"","background-media":"","overlay-type":"","overlay-color":"","overlay-opacity":"","overlay-gradient":""}},"footnotes":""},"class_list":["post-582","page","type-page","status-publish","hentry"],"post_mailing_queue_ids":[],"_links":{"self":[{"href":"https:\/\/agora.xtec.cat\/escolaalzinareclamadora\/wp-json\/wp\/v2\/pages\/582","targetHints":{"allow":["GET"]}}],"collection":[{"href":"https:\/\/agora.xtec.cat\/escolaalzinareclamadora\/wp-json\/wp\/v2\/pages"}],"about":[{"href":"https:\/\/agora.xtec.cat\/escolaalzinareclamadora\/wp-json\/wp\/v2\/types\/page"}],"author":[{"embeddable":true,"href":"https:\/\/agora.xtec.cat\/escolaalzinareclamadora\/wp-json\/wp\/v2\/users\/1"}],"replies":[{"embeddable":true,"href":"https:\/\/agora.xtec.cat\/escolaalzinareclamadora\/wp-json\/wp\/v2\/comments?post=582"}],"version-history":[{"count":7,"href":"https:\/\/agora.xtec.cat\/escolaalzinareclamadora\/wp-json\/wp\/v2\/pages\/582\/revisions"}],"predecessor-version":[{"id":3175,"href":"https:\/\/agora.xtec.cat\/escolaalzinareclamadora\/wp-json\/wp\/v2\/pages\/582\/revisions\/3175"}],"up":[{"embeddable":true,"href":"https:\/\/agora.xtec.cat\/escolaalzinareclamadora\/wp-json\/wp\/v2\/pages\/501"}],"wp:attachment":[{"href":"https:\/\/agora.xtec.cat\/escolaalzinareclamadora\/wp-json\/wp\/v2\/media?parent=582"}],"curies":[{"name":"wp","href":"https:\/\/api.w.org\/{rel}","templated":true}]}}