{"id":525,"date":"2021-03-22T19:29:49","date_gmt":"2021-03-22T18:29:49","guid":{"rendered":"https:\/\/agora.xtec.cat\/escolaalzinareclamadora\/?page_id=525"},"modified":"2026-04-07T11:44:41","modified_gmt":"2026-04-07T09:44:41","slug":"documents-oficials","status":"publish","type":"page","link":"https:\/\/agora.xtec.cat\/escolaalzinareclamadora\/documents-descola\/documents-oficials\/","title":{"rendered":"Documents oficials"},"content":{"rendered":"<p>&nbsp;<\/p>\n<ul>\n<li><a href=\"https:\/\/drive.google.com\/file\/d\/1QMiAO1AP67yvzmfNPS6XqUHzG9HLEtDm\/view?usp=sharing\">Normativa i organitzaci\u00f3 de funcionament de centre (NOFC)<\/a><\/li>\n<li>\n<div class=\"CjVfdc\"><span class=\" aw5Odc\"><a class=\"XqQF9c\" href=\"https:\/\/drive.google.com\/file\/d\/1IcCLSDF37WR1hXwc2kRfxkvaMP5aKX_3\/preview\" target=\"_blank\" rel=\"noopener noreferrer\">POC (Pla Organitzaci\u00f3 de Centre)<\/a><\/span><\/div>\n<\/li>\n<li>\n<div class=\"CjVfdc\"><span class=\" aw5Odc\"><a class=\"XqQF9c\" href=\"https:\/\/drive.google.com\/file\/d\/1J5HqKISK64iQPjuUCwXGRDNN16N2M6Mb\/view?usp=sharing\" target=\"_blank\" rel=\"noopener noreferrer\">Pla de funcionament menjador<\/a><\/span><\/div>\n<\/li>\n<li>\n<div class=\"CjVfdc\"><span class=\" aw5Odc\"><a class=\"XqQF9c\" href=\"https:\/\/drive.google.com\/file\/d\/1D_mlZ9TxS3v5zP-L_H1Ohly17N1uamk7\/view?usp=sharing\" target=\"_blank\" rel=\"noopener noreferrer\">Les nostres normes<\/a><\/span><\/div>\n<\/li>\n<li>\n<div class=\"CjVfdc\"><span class=\" aw5Odc\"><a class=\"XqQF9c\" href=\"https:\/\/drive.google.com\/file\/d\/1acA1usQPr6Kr52XEBxNgadxVUCnkXIV1\/view?usp=share_link\" target=\"_blank\" rel=\"noopener noreferrer\">Biblioteca escolar i municipal<\/a><\/span><\/div>\n<\/li>\n<li>\n<div class=\"CjVfdc\"><span class=\" aw5Odc\"><a class=\"XqQF9c\" href=\"https:\/\/drive.google.com\/file\/d\/1k4tswgHW98qFYNJTpD4p0MOuC5yRneVh\/preview\" target=\"_blank\" rel=\"noopener noreferrer\">Publicaci\u00f3 d&#8217;Imatges<\/a><\/span><\/div>\n<\/li>\n<li><a href=\"https:\/\/drive.google.com\/file\/d\/1SuSVYDqR0fVCjv0WttcNkPwetYhz5u7n\/preview\">Reglament inicial de l&#8217;\u00fas de Google Workspace for Education<\/a><\/li>\n<li><a href=\"https:\/\/drive.google.com\/file\/d\/1slFLgHSleRSWlSSkyqpbc36pPXc8mgy3\/preview?usp=sharing\">Pla d&#8217;Actuaci\u00f3 Altes Temperatures POCAT<\/a><\/li>\n<\/ul>\n<p>&nbsp;<\/p>\n<p><strong>PROJECTE EDUCATIU:<\/strong><\/p>\n<ul>\n<li>\n<div class=\"CjVfdc\"><a href=\"https:\/\/drive.google.com\/file\/d\/1OKawxUZGr5TToN4XRS8RCAEMiepcB7aa\/preview\">Curr\u00edculum competencial<\/a><\/div>\n<\/li>\n<li>\n<div class=\"CjVfdc\"><a href=\"https:\/\/drive.google.com\/file\/d\/1yaoJvm3Id4c-b2_WV0tJHg3mlpR3fv8Q\/preview\">Projecte ling\u00fc\u00edstic<\/a><\/div>\n<\/li>\n<li>\n<div class=\"CjVfdc\"><a href=\"https:\/\/drive.google.com\/file\/d\/1cQJACAlNxMseD3IWia3hiR62Ry81mRQf\/view?usp=sharing\">Projecte Educatiu de Centre<\/a><\/div>\n<\/li>\n<li><a href=\"https:\/\/drive.google.com\/file\/d\/17isNVKnEWIYJoBEi_9ny1akv1ZWUa7mf\/view?usp=sharing\">Carta Comprom\u00eds Educatiu<\/a><\/li>\n<li><a href=\"https:\/\/sites.google.com\/alzinareclamadora.cat\/estratgia-digital\/portada\" target=\"_blank\" rel=\"noopener\">Estrat\u00e8gia Digital de Centre : EDC i CDC<\/a><\/li>\n<li><a href=\"https:\/\/drive.google.com\/file\/d\/1jfpdx4E7nXGn92kLXyiWdb_mdEqr9OjG\/view?usp=sharing\">Pla d&#8217;Acci\u00f3 Tutorial i Conviv\u00e8ncia del centre<\/a><\/li>\n<\/ul>\n","protected":false},"excerpt":{"rendered":"<p>&nbsp; Normativa i organitzaci\u00f3 de funcionament de centre (NOFC) POC (Pla Organitzaci\u00f3 de Centre) Pla de funcionament menjador Les nostres normes Biblioteca escolar i municipal Publicaci\u00f3 d&#8217;Imatges Reglament inicial de l&#8217;\u00fas de Google Workspace for Education Pla d&#8217;Actuaci\u00f3 Altes Temperatures POCAT &nbsp; PROJECTE EDUCATIU: Curr\u00edculum competencial Projecte ling\u00fc\u00edstic Projecte Educatiu de Centre Carta Comprom\u00eds Educatiu [&hellip;]<\/p>\n","protected":false},"author":1,"featured_media":0,"parent":501,"menu_order":0,"comment_status":"closed","ping_status":"closed","template":"page-templates\/side-menu.php","meta":{"_bbp_topic_count":0,"_bbp_reply_count":0,"_bbp_total_topic_count":0,"_bbp_total_reply_count":0,"_bbp_voice_count":0,"_bbp_anonymous_reply_count":0,"_bbp_topic_count_hidden":0,"_bbp_reply_count_hidden":0,"_bbp_forum_subforum_count":0,"site-sidebar-layout":"default","site-content-layout":"","ast-site-content-layout":"","site-content-style":"default","site-sidebar-style":"default","ast-global-header-display":"","ast-banner-title-visibility":"","ast-main-header-display":"","ast-hfb-above-header-display":"","ast-hfb-below-header-display":"","ast-hfb-mobile-header-display":"","site-post-title":"","ast-breadcrumbs-content":"","ast-featured-img":"","footer-sml-layout":"","theme-transparent-header-meta":"","adv-header-id-meta":"","stick-header-meta":"","header-above-stick-meta":"","header-main-stick-meta":"","header-below-stick-meta":"","astra-migrate-meta-layouts":"default","ast-page-background-enabled":"default","ast-page-background-meta":{"desktop":{"background-color":"var(--ast-global-color-4)","background-image":"","background-repeat":"repeat","background-position":"center center","background-size":"auto","background-attachment":"scroll","background-type":"","background-media":"","overlay-type":"","overlay-color":"","overlay-opacity":"","overlay-gradient":""},"tablet":{"background-color":"","background-image":"","background-repeat":"repeat","background-position":"center center","background-size":"auto","background-attachment":"scroll","background-type":"","background-media":"","overlay-type":"","overlay-color":"","overlay-opacity":"","overlay-gradient":""},"mobile":{"background-color":"","background-image":"","background-repeat":"repeat","background-position":"center center","background-size":"auto","background-attachment":"scroll","background-type":"","background-media":"","overlay-type":"","overlay-color":"","overlay-opacity":"","overlay-gradient":""}},"ast-content-background-meta":{"desktop":{"background-color":"var(--ast-global-color-5)","background-image":"","background-repeat":"repeat","background-position":"center center","background-size":"auto","background-attachment":"scroll","background-type":"","background-media":"","overlay-type":"","overlay-color":"","overlay-opacity":"","overlay-gradient":""},"tablet":{"background-color":"var(--ast-global-color-5)","background-image":"","background-repeat":"repeat","background-position":"center center","background-size":"auto","background-attachment":"scroll","background-type":"","background-media":"","overlay-type":"","overlay-color":"","overlay-opacity":"","overlay-gradient":""},"mobile":{"background-color":"var(--ast-global-color-5)","background-image":"","background-repeat":"repeat","background-position":"center center","background-size":"auto","background-attachment":"scroll","background-type":"","background-media":"","overlay-type":"","overlay-color":"","overlay-opacity":"","overlay-gradient":""}},"footnotes":""},"class_list":["post-525","page","type-page","status-publish","hentry"],"post_mailing_queue_ids":[],"_links":{"self":[{"href":"https:\/\/agora.xtec.cat\/escolaalzinareclamadora\/wp-json\/wp\/v2\/pages\/525","targetHints":{"allow":["GET"]}}],"collection":[{"href":"https:\/\/agora.xtec.cat\/escolaalzinareclamadora\/wp-json\/wp\/v2\/pages"}],"about":[{"href":"https:\/\/agora.xtec.cat\/escolaalzinareclamadora\/wp-json\/wp\/v2\/types\/page"}],"author":[{"embeddable":true,"href":"https:\/\/agora.xtec.cat\/escolaalzinareclamadora\/wp-json\/wp\/v2\/users\/1"}],"replies":[{"embeddable":true,"href":"https:\/\/agora.xtec.cat\/escolaalzinareclamadora\/wp-json\/wp\/v2\/comments?post=525"}],"version-history":[{"count":7,"href":"https:\/\/agora.xtec.cat\/escolaalzinareclamadora\/wp-json\/wp\/v2\/pages\/525\/revisions"}],"predecessor-version":[{"id":3479,"href":"https:\/\/agora.xtec.cat\/escolaalzinareclamadora\/wp-json\/wp\/v2\/pages\/525\/revisions\/3479"}],"up":[{"embeddable":true,"href":"https:\/\/agora.xtec.cat\/escolaalzinareclamadora\/wp-json\/wp\/v2\/pages\/501"}],"wp:attachment":[{"href":"https:\/\/agora.xtec.cat\/escolaalzinareclamadora\/wp-json\/wp\/v2\/media?parent=525"}],"curies":[{"name":"wp","href":"https:\/\/api.w.org\/{rel}","templated":true}]}}