{"id":22,"date":"2014-09-18T12:19:57","date_gmt":"2014-09-18T11:19:57","guid":{"rendered":"http:\/\/agora.xtec.cat\/escolaalzinareclamadora\/?page_id=22"},"modified":"2021-10-27T13:18:43","modified_gmt":"2021-10-27T11:18:43","slug":"lescola","status":"publish","type":"page","link":"https:\/\/agora.xtec.cat\/escolaalzinareclamadora\/lescola\/","title":{"rendered":"L&#8217;escola"},"content":{"rendered":"<section id=\"h.8bc7e44bbbc7df9_40\" class=\"yaqOZd\">\n<div class=\"mYVXT\">\n<div class=\"LS81yb VICjCf\" tabindex=\"-1\">\n<div class=\"hJDwNd-AhqUyc-uQSCkd purZT-AhqUyc-II5mzb pSzOP-AhqUyc-qWD73c JNdkSc\">\n<div class=\"JNdkSc-SmKAyb\">\n<div class=\"\">\n<div class=\"oKdM2c Kzv0Me\">\n<div id=\"h.8bc7e44bbbc7df9_37\" class=\"hJDwNd-AhqUyc-uQSCkd jXK9ad D2fZ2 OjCsFc wHaque GNzUNc\">\n<div class=\"jXK9ad-SmKAyb\">\n<div class=\"tyJCtd mGzaTb baZpAe\">\n<p class=\"CDt4Ke zfr3Q\" dir=\"ltr\">Som una escola d&#8217;una l\u00ednia amb nou unitats: tres d&#8217;Educaci\u00f3 Infantil i sis de Prim\u00e0ria<\/p>\n<p><strong>Personal docent: Tutors<\/strong><strong style=\"font-family: inherit; font-size: 1em;\">\u00a0<\/strong><\/p>\n<table style=\"width: 27.7824%;\">\n<tbody>\n<tr>\n<td style=\"width: 20.8262%;\" width=\"172\">CURS<\/td>\n<td style=\"width: 97.1127%;\" width=\"180\">TUTOR<\/td>\n<\/tr>\n<tr>\n<td style=\"width: 20.8262%;\" width=\"172\">P3<\/td>\n<td style=\"width: 97.1127%;\" width=\"180\">Marga Mallorqu\u00ed<\/td>\n<\/tr>\n<tr>\n<td style=\"width: 20.8262%;\" width=\"172\">P4<\/td>\n<td style=\"width: 97.1127%;\" width=\"180\">Eva Prat<\/td>\n<\/tr>\n<tr>\n<td style=\"width: 20.8262%;\" width=\"172\">P5<\/td>\n<td style=\"width: 97.1127%;\" width=\"180\">Fina Jord\u00e0<\/td>\n<\/tr>\n<tr>\n<td style=\"width: 20.8262%;\" width=\"172\">1r<\/td>\n<td style=\"width: 97.1127%;\" width=\"180\">Lorda G\u00fcell<\/td>\n<\/tr>\n<tr>\n<td style=\"width: 20.8262%;\" width=\"172\">2n<\/td>\n<td style=\"width: 97.1127%;\" width=\"180\">Mariona Avellana<\/td>\n<\/tr>\n<tr>\n<td style=\"width: 20.8262%;\" width=\"172\">3r<\/td>\n<td style=\"width: 97.1127%;\" width=\"180\">Fina Sala<\/td>\n<\/tr>\n<tr>\n<td style=\"width: 20.8262%;\" width=\"172\">4t<\/td>\n<td style=\"width: 97.1127%;\" width=\"180\">S\u00f2nia Llad\u00f3<\/td>\n<\/tr>\n<tr>\n<td style=\"width: 20.8262%;\" width=\"172\">5\u00e8<\/td>\n<td style=\"width: 97.1127%;\" width=\"180\">Estel\u00b7la Camps<\/td>\n<\/tr>\n<tr>\n<td style=\"width: 20.8262%;\" width=\"172\">6\u00e8<\/td>\n<td style=\"width: 97.1127%;\" width=\"180\">Sara Planagum\u00e0\/<\/p>\n<p>Anna Verg\u00e9s<\/td>\n<\/tr>\n<\/tbody>\n<\/table>\n<p>&nbsp;<\/p>\n<p>&nbsp;<\/p>\n<p><strong>Personal docent: Especialistes i suport<\/strong><strong>\u00a0<\/strong><\/p>\n<table>\n<tbody>\n<tr>\n<td width=\"279\">ESPECIALITAT\/SUPORT<\/td>\n<td width=\"190\">MESTRE<\/td>\n<td width=\"188\">CICLE<\/td>\n<\/tr>\n<tr>\n<td width=\"279\"><strong>M\u00fasica\/Angl\u00e8s\/ \/Suport<\/strong><\/td>\n<td width=\"190\">Neus Cufiny\u00e0<\/td>\n<td width=\"188\">Ed. Infantil<\/td>\n<\/tr>\n<tr>\n<td width=\"279\"><strong>M\u00fasica \/<\/strong><\/p>\n<p><strong>Expressi\u00f3 corporal<\/strong><\/td>\n<td width=\"190\">Lurdes Rimall\u00f3<\/td>\n<td width=\"188\">Ed. Prim\u00e0ria<\/td>\n<\/tr>\n<tr>\n<td width=\"279\"><strong>Psicomotricitat, Ed F\u00edsica.<\/strong><\/td>\n<td width=\"190\">Joan Roura<\/td>\n<td width=\"188\">Infantil, Prim\u00e0ria<\/td>\n<\/tr>\n<tr>\n<td width=\"279\"><strong>Llengua Estrangera: Angl\u00e8s<\/strong><\/td>\n<td width=\"190\">Neus Mart\u00ed<\/td>\n<td width=\"188\">Ed. Prim\u00e0ria<\/td>\n<\/tr>\n<tr>\n<td width=\"279\"><strong>Educaci\u00f3 Especial\/Suport 6\u00e8<\/strong><\/td>\n<td width=\"190\">Carme Pujolar<\/td>\n<td width=\"188\">Ed. Prim\u00e0ria<\/td>\n<\/tr>\n<tr>\n<td width=\"279\"><strong>Educaci\u00f3 Religiosa\/Suport<\/strong><\/td>\n<td width=\"190\">Margarida Vidal<\/td>\n<td width=\"188\">Mestra compartida amb l\u2019escola Baldiri Reixach.<\/td>\n<\/tr>\n<\/tbody>\n<\/table>\n<p>&nbsp;<\/p>\n<p>&nbsp;<\/p>\n<p><strong>Personal no docent<\/strong><\/p>\n<p><strong>Administrativa: <\/strong>Maria Jim\u00e9nez.<\/p>\n<p><strong>Conserge, bibliotec\u00e0ria i acollida: <\/strong>Lourdes Quintana.<\/p>\n<p><strong>Vetlladora<\/strong>: Imma Frigola.<\/p>\n<p><strong>Monitores menjador<\/strong>: Susanna P\u00e9rez, M. Rosa Tarradas, Agn\u00e8s Soler, Lourdes Quintana, Imma Frigola.<\/p>\n<p><strong>\u00a0<\/strong><\/p>\n<p>&nbsp;<\/p>\n<p><strong>Equip directiu i coordinacions<\/strong><strong>\u00a0<\/strong><\/p>\n<table>\n<tbody>\n<tr>\n<td width=\"404\">C\u00c0RREC<\/td>\n<td width=\"236\">DOCENT<\/td>\n<\/tr>\n<tr>\n<td width=\"404\">Directora<\/td>\n<td width=\"236\">Lurdes Rimall\u00f3<\/td>\n<\/tr>\n<tr>\n<td width=\"404\">Cap d\u2019Estudis<\/td>\n<td width=\"236\">Eva Prat<\/td>\n<\/tr>\n<tr>\n<td width=\"404\">Secret\u00e0ria<\/td>\n<td width=\"236\">Lorda G\u00fcell<\/td>\n<\/tr>\n<tr>\n<td width=\"404\">Coordinadora Prim\u00e0ria<\/td>\n<td width=\"236\">Fina Sala<\/td>\n<\/tr>\n<tr>\n<td width=\"404\">Coordinadora Biblioteca<\/td>\n<td width=\"236\">S\u00f2nia Llad\u00f3<\/td>\n<\/tr>\n<tr>\n<td width=\"404\">Coordinadora\u00a0 CAD<\/td>\n<td width=\"236\">Carme Pujolar<\/td>\n<\/tr>\n<tr>\n<td width=\"404\">Coordinadora d\u2019Infantil i\u00a0 Estrat\u00e8gia Digital<\/td>\n<td width=\"236\">Neus Cufiny\u00e0<\/td>\n<\/tr>\n<tr>\n<td width=\"404\">Coordinador Pla Catal\u00e0 de l\u2019Esport<\/td>\n<td width=\"236\">Joan Roura<\/td>\n<\/tr>\n<\/tbody>\n<\/table>\n<p>&nbsp;<\/p>\n<\/div>\n<\/div>\n<\/div>\n<\/div>\n<\/div>\n<\/div>\n<\/div>\n<\/div>\n<\/div>\n<\/section>\n<section id=\"h.8bc7e44bbbc7df9_27\" class=\"yaqOZd\">\n<div class=\"mYVXT\">\n<div class=\"LS81yb VICjCf\" tabindex=\"-1\">\n<div class=\"hJDwNd-AhqUyc-wNfPc purZT-AhqUyc-II5mzb pSzOP-AhqUyc-qWD73c JNdkSc\">\n<div class=\"JNdkSc-SmKAyb\">\n<div class=\"\">\n<div class=\"oKdM2c Kzv0Me\">\n<div id=\"h.8bc7e44bbbc7df9_24\" class=\"hJDwNd-AhqUyc-wNfPc pSzOP-AhqUyc-qWD73c jXK9ad D2fZ2 OjCsFc wHaque GNzUNc\">\n<div class=\"jXK9ad-SmKAyb\">\n<div class=\"tyJCtd mGzaTb baZpAe\">\n<ul class=\"n8H08c UVNKR\">\n<li class=\"TYR86d wXCUfe zfr3Q\" style=\"list-style-type: none;\"><\/li>\n<\/ul>\n<\/div>\n<\/div>\n<\/div>\n<\/div>\n<\/div>\n<\/div>\n<\/div>\n<\/div>\n<\/div>\n<\/section>\n","protected":false},"excerpt":{"rendered":"<p>Som una escola d&#8217;una l\u00ednia amb nou unitats: tres d&#8217;Educaci\u00f3 Infantil i sis de Prim\u00e0ria Personal docent: Tutors\u00a0 CURS TUTOR P3 Marga Mallorqu\u00ed P4 Eva Prat P5 Fina Jord\u00e0 1r Lorda G\u00fcell 2n Mariona Avellana 3r Fina Sala 4t S\u00f2nia Llad\u00f3 5\u00e8 Estel\u00b7la Camps 6\u00e8 Sara Planagum\u00e0\/ Anna Verg\u00e9s &nbsp; &nbsp; Personal docent: Especialistes i [&hellip;]<\/p>\n","protected":false},"author":1,"featured_media":0,"parent":0,"menu_order":0,"comment_status":"closed","ping_status":"closed","template":"page-templates\/side-menu.php","meta":{"_bbp_topic_count":0,"_bbp_reply_count":0,"_bbp_total_topic_count":0,"_bbp_total_reply_count":0,"_bbp_voice_count":0,"_bbp_anonymous_reply_count":0,"_bbp_topic_count_hidden":0,"_bbp_reply_count_hidden":0,"_bbp_forum_subforum_count":0,"site-sidebar-layout":"default","site-content-layout":"","ast-site-content-layout":"","site-content-style":"default","site-sidebar-style":"default","ast-global-header-display":"","ast-banner-title-visibility":"","ast-main-header-display":"","ast-hfb-above-header-display":"","ast-hfb-below-header-display":"","ast-hfb-mobile-header-display":"","site-post-title":"","ast-breadcrumbs-content":"","ast-featured-img":"","footer-sml-layout":"","theme-transparent-header-meta":"","adv-header-id-meta":"","stick-header-meta":"","header-above-stick-meta":"","header-main-stick-meta":"","header-below-stick-meta":"","astra-migrate-meta-layouts":"default","ast-page-background-enabled":"default","ast-page-background-meta":{"desktop":{"background-color":"var(--ast-global-color-4)","background-image":"","background-repeat":"repeat","background-position":"center center","background-size":"auto","background-attachment":"scroll","background-type":"","background-media":"","overlay-type":"","overlay-color":"","overlay-opacity":"","overlay-gradient":""},"tablet":{"background-color":"","background-image":"","background-repeat":"repeat","background-position":"center center","background-size":"auto","background-attachment":"scroll","background-type":"","background-media":"","overlay-type":"","overlay-color":"","overlay-opacity":"","overlay-gradient":""},"mobile":{"background-color":"","background-image":"","background-repeat":"repeat","background-position":"center center","background-size":"auto","background-attachment":"scroll","background-type":"","background-media":"","overlay-type":"","overlay-color":"","overlay-opacity":"","overlay-gradient":""}},"ast-content-background-meta":{"desktop":{"background-color":"var(--ast-global-color-5)","background-image":"","background-repeat":"repeat","background-position":"center center","background-size":"auto","background-attachment":"scroll","background-type":"","background-media":"","overlay-type":"","overlay-color":"","overlay-opacity":"","overlay-gradient":""},"tablet":{"background-color":"var(--ast-global-color-5)","background-image":"","background-repeat":"repeat","background-position":"center center","background-size":"auto","background-attachment":"scroll","background-type":"","background-media":"","overlay-type":"","overlay-color":"","overlay-opacity":"","overlay-gradient":""},"mobile":{"background-color":"var(--ast-global-color-5)","background-image":"","background-repeat":"repeat","background-position":"center center","background-size":"auto","background-attachment":"scroll","background-type":"","background-media":"","overlay-type":"","overlay-color":"","overlay-opacity":"","overlay-gradient":""}},"footnotes":""},"class_list":["post-22","page","type-page","status-publish","hentry"],"post_mailing_queue_ids":[],"_links":{"self":[{"href":"https:\/\/agora.xtec.cat\/escolaalzinareclamadora\/wp-json\/wp\/v2\/pages\/22","targetHints":{"allow":["GET"]}}],"collection":[{"href":"https:\/\/agora.xtec.cat\/escolaalzinareclamadora\/wp-json\/wp\/v2\/pages"}],"about":[{"href":"https:\/\/agora.xtec.cat\/escolaalzinareclamadora\/wp-json\/wp\/v2\/types\/page"}],"author":[{"embeddable":true,"href":"https:\/\/agora.xtec.cat\/escolaalzinareclamadora\/wp-json\/wp\/v2\/users\/1"}],"replies":[{"embeddable":true,"href":"https:\/\/agora.xtec.cat\/escolaalzinareclamadora\/wp-json\/wp\/v2\/comments?post=22"}],"version-history":[{"count":3,"href":"https:\/\/agora.xtec.cat\/escolaalzinareclamadora\/wp-json\/wp\/v2\/pages\/22\/revisions"}],"predecessor-version":[{"id":943,"href":"https:\/\/agora.xtec.cat\/escolaalzinareclamadora\/wp-json\/wp\/v2\/pages\/22\/revisions\/943"}],"wp:attachment":[{"href":"https:\/\/agora.xtec.cat\/escolaalzinareclamadora\/wp-json\/wp\/v2\/media?parent=22"}],"curies":[{"name":"wp","href":"https:\/\/api.w.org\/{rel}","templated":true}]}}