{"id":1998,"date":"2024-03-06T09:53:34","date_gmt":"2024-03-06T08:53:34","guid":{"rendered":"https:\/\/agora.xtec.cat\/escolaalzinareclamadora\/?page_id=1998"},"modified":"2025-09-02T13:56:16","modified_gmt":"2025-09-02T11:56:16","slug":"radio-alzina-la-que-mes-manima","status":"publish","type":"page","link":"https:\/\/agora.xtec.cat\/escolaalzinareclamadora\/radio-alzina-la-que-mes-manima\/","title":{"rendered":"R\u00e0dio Alzina: la que m\u00e9s m&#8217;anima!"},"content":{"rendered":"<p><a href=\"https:\/\/agora.xtec.cat\/escolaalzinareclamadora\/wp-content\/uploads\/usu2508\/2025\/09\/Logo-Radio-lAlzina.png\"><img loading=\"lazy\" decoding=\"async\" class=\" wp-image-3170 alignleft\" src=\"https:\/\/agora.xtec.cat\/escolaalzinareclamadora\/wp-content\/uploads\/usu2508\/2025\/09\/Logo-Radio-lAlzina.png\" alt=\"\" width=\"224\" height=\"228\" srcset=\"https:\/\/agora.xtec.cat\/escolaalzinareclamadora\/wp-content\/uploads\/usu2508\/2025\/09\/Logo-Radio-lAlzina.png 609w, https:\/\/agora.xtec.cat\/escolaalzinareclamadora\/wp-content\/uploads\/usu2508\/2025\/09\/Logo-Radio-lAlzina-294x300.png 294w\" sizes=\"auto, (max-width: 224px) 100vw, 224px\" \/><\/a><span style=\"font-family: inherit; font-size: 1em;\">El curs 2023\/24 va n\u00e9ixer un nou projecte a l\u2019escola: la nostra r\u00e0dio.<\/span><\/p>\n<div>\n<p><span style=\"font-weight: 400;\">La idea va sorgir en una assemblea de delegats i r\u00e0pidament va entusiasmar totes les classes. Fruit d\u2019aquesta il\u00b7lusi\u00f3, l\u20191 de mar\u00e7 vam estrenar el primer programa.<\/span><\/p>\n<p><span style=\"font-weight: 400;\">Poc despr\u00e9s ens vam animar a buscar un nom entre tota l\u2019escola i, despr\u00e9s de recollir propostes i fer votacions, en va sortir el guanyador: <\/span><b>R\u00e0dio Alzina, la que m\u00e9s m\u2019anima!<\/b><span style=\"font-weight: 400;\"> Tamb\u00e9 vam viure un proc\u00e9s similar per crear el logotip, amb propostes individuals i volunt\u00e0ries.<\/span><\/p>\n<p><span style=\"font-weight: 400;\">Des d\u2019aleshores, hem anat fent programes amb moltes ganes i il\u00b7lusi\u00f3\u2026 i aix\u00f2 nom\u00e9s acaba de comen\u00e7ar!<\/span><\/p>\n<\/div>\n<p>&nbsp;<\/p>\n<p><a href=\"https:\/\/drive.google.com\/drive\/folders\/1Xt_cB8htDLLH_raLotq3q0DmMzY4V8Q2?usp=drive_link\">AQU\u00cd<\/a> podeu recuperar i escoltar els programes emesos.<\/p>\n","protected":false},"excerpt":{"rendered":"<p>El curs 2023\/24 va n\u00e9ixer un nou projecte a l\u2019escola: la nostra r\u00e0dio. La idea va sorgir en una assemblea de delegats i r\u00e0pidament va entusiasmar totes les classes. Fruit d\u2019aquesta il\u00b7lusi\u00f3, l\u20191 de mar\u00e7 vam estrenar el primer programa. Poc despr\u00e9s ens vam animar a buscar un nom entre tota l\u2019escola i, despr\u00e9s de [&hellip;]<\/p>\n","protected":false},"author":17,"featured_media":0,"parent":0,"menu_order":0,"comment_status":"closed","ping_status":"closed","template":"","meta":{"_bbp_topic_count":0,"_bbp_reply_count":0,"_bbp_total_topic_count":0,"_bbp_total_reply_count":0,"_bbp_voice_count":0,"_bbp_anonymous_reply_count":0,"_bbp_topic_count_hidden":0,"_bbp_reply_count_hidden":0,"_bbp_forum_subforum_count":0,"site-sidebar-layout":"default","site-content-layout":"","ast-site-content-layout":"","site-content-style":"default","site-sidebar-style":"default","ast-global-header-display":"","ast-banner-title-visibility":"","ast-main-header-display":"","ast-hfb-above-header-display":"","ast-hfb-below-header-display":"","ast-hfb-mobile-header-display":"","site-post-title":"","ast-breadcrumbs-content":"","ast-featured-img":"","footer-sml-layout":"","theme-transparent-header-meta":"","adv-header-id-meta":"","stick-header-meta":"","header-above-stick-meta":"","header-main-stick-meta":"","header-below-stick-meta":"","astra-migrate-meta-layouts":"default","ast-page-background-enabled":"default","ast-page-background-meta":{"desktop":{"background-color":"var(--ast-global-color-4)","background-image":"","background-repeat":"repeat","background-position":"center center","background-size":"auto","background-attachment":"scroll","background-type":"","background-media":"","overlay-type":"","overlay-color":"","overlay-opacity":"","overlay-gradient":""},"tablet":{"background-color":"","background-image":"","background-repeat":"repeat","background-position":"center center","background-size":"auto","background-attachment":"scroll","background-type":"","background-media":"","overlay-type":"","overlay-color":"","overlay-opacity":"","overlay-gradient":""},"mobile":{"background-color":"","background-image":"","background-repeat":"repeat","background-position":"center center","background-size":"auto","background-attachment":"scroll","background-type":"","background-media":"","overlay-type":"","overlay-color":"","overlay-opacity":"","overlay-gradient":""}},"ast-content-background-meta":{"desktop":{"background-color":"var(--ast-global-color-5)","background-image":"","background-repeat":"repeat","background-position":"center center","background-size":"auto","background-attachment":"scroll","background-type":"","background-media":"","overlay-type":"","overlay-color":"","overlay-opacity":"","overlay-gradient":""},"tablet":{"background-color":"var(--ast-global-color-5)","background-image":"","background-repeat":"repeat","background-position":"center center","background-size":"auto","background-attachment":"scroll","background-type":"","background-media":"","overlay-type":"","overlay-color":"","overlay-opacity":"","overlay-gradient":""},"mobile":{"background-color":"var(--ast-global-color-5)","background-image":"","background-repeat":"repeat","background-position":"center center","background-size":"auto","background-attachment":"scroll","background-type":"","background-media":"","overlay-type":"","overlay-color":"","overlay-opacity":"","overlay-gradient":""}},"footnotes":""},"class_list":["post-1998","page","type-page","status-publish","hentry"],"post_mailing_queue_ids":[],"_links":{"self":[{"href":"https:\/\/agora.xtec.cat\/escolaalzinareclamadora\/wp-json\/wp\/v2\/pages\/1998","targetHints":{"allow":["GET"]}}],"collection":[{"href":"https:\/\/agora.xtec.cat\/escolaalzinareclamadora\/wp-json\/wp\/v2\/pages"}],"about":[{"href":"https:\/\/agora.xtec.cat\/escolaalzinareclamadora\/wp-json\/wp\/v2\/types\/page"}],"author":[{"embeddable":true,"href":"https:\/\/agora.xtec.cat\/escolaalzinareclamadora\/wp-json\/wp\/v2\/users\/17"}],"replies":[{"embeddable":true,"href":"https:\/\/agora.xtec.cat\/escolaalzinareclamadora\/wp-json\/wp\/v2\/comments?post=1998"}],"version-history":[{"count":6,"href":"https:\/\/agora.xtec.cat\/escolaalzinareclamadora\/wp-json\/wp\/v2\/pages\/1998\/revisions"}],"predecessor-version":[{"id":3171,"href":"https:\/\/agora.xtec.cat\/escolaalzinareclamadora\/wp-json\/wp\/v2\/pages\/1998\/revisions\/3171"}],"wp:attachment":[{"href":"https:\/\/agora.xtec.cat\/escolaalzinareclamadora\/wp-json\/wp\/v2\/media?parent=1998"}],"curies":[{"name":"wp","href":"https:\/\/api.w.org\/{rel}","templated":true}]}}