{"id":1323,"date":"2024-07-01T00:00:29","date_gmt":"2024-06-30T22:00:29","guid":{"rendered":"https:\/\/agora.xtec.cat\/escolaalzinareclamadora\/?page_id=1323"},"modified":"2025-12-18T12:12:25","modified_gmt":"2025-12-18T11:12:25","slug":"qui-som","status":"publish","type":"page","link":"https:\/\/agora.xtec.cat\/escolaalzinareclamadora\/lescola\/qui-som\/","title":{"rendered":"Qui som"},"content":{"rendered":"<p class=\"CDt4Ke zfr3Q\" dir=\"ltr\">Som una escola d\u2019una l\u00ednia amb nou unitats: tres d\u2019Educaci\u00f3 Infantil i sis de Prim\u00e0ria<\/p>\n<p><strong>Personal docent: Tutores<\/strong><strong>\u00a0<\/strong><\/p>\n<table style=\"width: 93.5267%; height: 342px;\">\n<tbody>\n<tr style=\"height: 33px;\">\n<td style=\"height: 33px; width: 23.5476%;\" width=\"172\">CURS<\/td>\n<td style=\"height: 33px; width: 97.923%;\" width=\"180\">TUTORIA<\/td>\n<\/tr>\n<tr style=\"height: 33px;\">\n<td style=\"height: 33px; width: 23.5476%;\" width=\"172\">i3<\/td>\n<td style=\"height: 33px; width: 97.923%;\" width=\"180\"><span style=\"background-color: #ffffff;\">Fina Jord\u00e0 Tubert<\/span><\/td>\n<\/tr>\n<tr style=\"height: 33px;\">\n<td style=\"height: 33px; width: 23.5476%;\" width=\"172\">i4<\/td>\n<td style=\"height: 33px; width: 97.923%;\" width=\"180\"><span style=\"background-color: #ffffff;\">Elisabet Planas Cano<\/span><\/td>\n<\/tr>\n<tr style=\"height: 33px;\">\n<td style=\"height: 33px; width: 23.5476%;\" width=\"172\">i5<\/td>\n<td style=\"height: 33px; width: 97.923%;\" width=\"180\">Eva Prat Aymerich<\/td>\n<\/tr>\n<tr style=\"height: 33px;\">\n<td style=\"height: 33px; width: 23.5476%;\" width=\"172\">1r<\/td>\n<td style=\"height: 33px; width: 97.923%;\" width=\"180\"><span style=\"background-color: #f9f9f9;\">Lorda G\u00fcell Gratac\u00f3s<\/span><\/td>\n<\/tr>\n<tr style=\"height: 33px;\">\n<td style=\"height: 33px; width: 23.5476%;\" width=\"172\">2n<\/td>\n<td style=\"height: 33px; width: 97.923%;\" width=\"180\"><span style=\"background-color: #f9f9f9;\">Mariona Avellana Busquets<\/span><\/td>\n<\/tr>\n<tr style=\"height: 33px;\">\n<td style=\"height: 33px; width: 23.5476%;\" width=\"172\">3r<\/td>\n<td style=\"height: 33px; width: 97.923%;\" width=\"180\">Maria \u00c0ngels Masdevall i Anna Font<\/td>\n<\/tr>\n<tr style=\"height: 33px;\">\n<td style=\"height: 33px; width: 23.5476%;\" width=\"172\">4t<\/td>\n<td style=\"height: 33px; width: 97.923%;\" width=\"180\"><span style=\"background-color: #f9f9f9;\">S\u00f2nia Llad\u00f3 Feliu<\/span><\/td>\n<\/tr>\n<tr style=\"height: 33px;\">\n<td style=\"height: 33px; width: 23.5476%;\" width=\"172\">5\u00e8<\/td>\n<td style=\"height: 33px; width: 97.923%;\" width=\"180\">Neus Mart\u00ed Parramon<\/td>\n<\/tr>\n<tr style=\"height: 45px;\">\n<td style=\"height: 45px; width: 23.5476%;\" width=\"172\">6\u00e8<\/td>\n<td style=\"height: 45px; width: 97.923%;\" width=\"180\"><span style=\"background-color: #f9f9f9;\">Sara Planagum\u00e0 Puigvert<\/span><\/td>\n<\/tr>\n<\/tbody>\n<\/table>\n<p>&nbsp;<\/p>\n<p>&nbsp;<\/p>\n<p><strong>Personal docent: Especialistes i suport<\/strong><strong>\u00a0<\/strong><\/p>\n<table style=\"width: 93.1667%; height: 278px;\">\n<tbody>\n<tr style=\"height: 33px;\">\n<td style=\"height: 33px; width: 28.2888%;\" width=\"279\">ESPECIALITAT\/SUPORT<\/td>\n<td style=\"height: 33px; width: 28.4878%;\" width=\"190\">DOCENT<\/td>\n<td style=\"height: 33px; width: 52.9011%;\" width=\"188\">CICLE<\/td>\n<\/tr>\n<tr style=\"height: 57px;\">\n<td style=\"height: 57px; width: 28.2888%;\" width=\"279\"><strong>M\u00fasica\u00a0<\/strong><\/td>\n<td style=\"height: 57px; width: 28.4878%;\" width=\"190\">Oriol Giron\u00e8s<\/p>\n<p>Lurdes Rimall\u00f3 Fabrellas<\/td>\n<td style=\"height: 57px; width: 52.9011%;\" width=\"188\">Ed. Infantil<\/p>\n<p>Ed. Prim\u00e0ria<\/td>\n<\/tr>\n<tr style=\"height: 33px;\">\n<td style=\"height: 33px; width: 28.2888%;\" width=\"279\"><strong>Psicomotricitat \/ Ed F\u00edsica.<\/strong><\/td>\n<td style=\"height: 33px; width: 28.4878%;\" width=\"190\">Joan Roura Teixidor<\/td>\n<td style=\"height: 33px; width: 52.9011%;\" width=\"188\">Ed.Infantil \/Prim\u00e0ria<\/td>\n<\/tr>\n<tr style=\"height: 33px;\">\n<td style=\"height: 25px; width: 28.2888%;\" width=\"279\"><strong>Llengua Estrangera: Angl\u00e8s EP<\/strong><\/td>\n<td style=\"height: 25px; width: 28.4878%;\" width=\"190\">Gl\u00f2ria Sancho<\/td>\n<td style=\"height: 25px; width: 52.9011%;\" width=\"188\">Ed. Prim\u00e0ria<\/td>\n<\/tr>\n<tr style=\"height: 48px;\">\n<td style=\"width: 28.2888%; height: 48px;\"><strong>Llengua Estrangera: Angl\u00e8s EI<\/strong><\/td>\n<td style=\"width: 28.4878%; height: 48px;\">Elisabet Planas Cano<\/td>\n<td style=\"width: 52.9011%; height: 48px;\">Ed. Infantil<\/td>\n<\/tr>\n<tr style=\"height: 33px;\">\n<td style=\"height: 33px; width: 28.2888%;\" width=\"279\"><strong>Educaci\u00f3 Especial \/ Suport\u00a0<\/strong><\/td>\n<td style=\"height: 33px; width: 28.4878%;\" width=\"190\">Carme Pujolar Senpau<\/td>\n<td style=\"height: 33px; width: 52.9011%;\" width=\"188\">Ed. Prim\u00e0ria \/ Infantil<\/td>\n<\/tr>\n<tr style=\"height: 49px;\">\n<td style=\"height: 49px; width: 28.2888%;\" width=\"279\"><strong>Educaci\u00f3 Religiosa \/ Suport<\/strong><\/td>\n<td style=\"height: 49px; width: 28.4878%;\" width=\"190\">Margarida Teixidor Vi\u00f1als<\/td>\n<td style=\"height: 49px; width: 52.9011%;\" width=\"188\">Mestra compartida amb l\u2019Escola Baldiri Reixac<\/td>\n<\/tr>\n<tr>\n<td style=\"width: 28.2888%;\"><strong>Suport EI<\/strong><\/td>\n<td style=\"width: 28.4878%;\">Meritxell Font<\/td>\n<td style=\"width: 52.9011%;\">Ed. Infantil<\/td>\n<\/tr>\n<tr>\n<td style=\"width: 28.2888%;\"><strong>Suport EP<\/strong><\/td>\n<td style=\"width: 28.4878%;\">Ruth de la Fuente<\/td>\n<td style=\"width: 52.9011%;\">Ed. Prim\u00e0ria<\/td>\n<\/tr>\n<\/tbody>\n<\/table>\n<p>&nbsp;<\/p>\n<p><strong>Personal no docent<\/strong><\/p>\n<p><strong>Administrativa:\u00a0<\/strong>N\u00faria Dalf\u00f3 Esteba<\/p>\n<p><strong>Conserge, bibliotec\u00e0ria i acollida:\u00a0<\/strong>Lourdes Quintana Fortet<\/p>\n<p><strong>Vetlladora<\/strong>: Imma Frigola Valeros<\/p>\n<p><strong>Monitores menjador<\/strong>: Susanna P\u00e9rez Chust, M. Rosa Tarradas Llavanera, Agn\u00e8s Sol\u00e9 Rocasalva, Lourdes Quintana Fortet, Imma Frigola Valeros, Nuri Galceran Pujol.<\/p>\n<p><strong>\u00a0<\/strong><\/p>\n<p>&nbsp;<\/p>\n<p><strong>Equip directiu i coordinacions<\/strong><strong>\u00a0<\/strong><\/p>\n<table style=\"width: 90.4857%; height: 396px;\">\n<tbody>\n<tr style=\"height: 33px;\">\n<td style=\"width: 37.9098%; height: 33px;\" width=\"404\">C\u00c0RREC<\/td>\n<td style=\"width: 93.9959%; height: 33px;\" width=\"236\">DOCENT<\/td>\n<\/tr>\n<tr style=\"height: 33px;\">\n<td style=\"width: 37.9098%; height: 33px;\" width=\"404\">Directora<\/td>\n<td style=\"width: 93.9959%; height: 33px;\" width=\"236\">Ruth de la Fuente<\/td>\n<\/tr>\n<tr style=\"height: 33px;\">\n<td style=\"width: 37.9098%; height: 33px;\" width=\"404\">Cap d\u2019Estudis<\/td>\n<td style=\"width: 93.9959%; height: 33px;\" width=\"236\">Mariona Avellana<\/td>\n<\/tr>\n<tr style=\"height: 33px;\">\n<td style=\"width: 37.9098%; height: 33px;\" width=\"404\">Secret\u00e0ria<\/td>\n<td style=\"width: 93.9959%; height: 33px;\" width=\"236\">Lorda G\u00fcell<\/td>\n<\/tr>\n<tr style=\"height: 33px;\">\n<td style=\"width: 37.9098%; height: 33px;\" width=\"404\">Coord. Prim\u00e0ria<\/td>\n<td style=\"width: 93.9959%; height: 33px;\" width=\"236\">S\u00f2nia Llad\u00f3<\/td>\n<\/tr>\n<tr style=\"height: 33px;\">\n<td style=\"width: 37.9098%; height: 33px;\" width=\"404\">Coord. Biblioteca<\/td>\n<td style=\"width: 93.9959%; height: 33px;\" width=\"236\">S\u00f2nia Llad\u00f3<\/td>\n<\/tr>\n<tr style=\"height: 33px;\">\n<td style=\"width: 37.9098%; height: 33px;\" width=\"404\">Coord. CAEI<\/td>\n<td style=\"width: 93.9959%; height: 33px;\" width=\"236\">Carme Pujolar<\/td>\n<\/tr>\n<tr>\n<td style=\"width: 37.9098%;\">Coord. COCOBE<\/td>\n<td style=\"width: 93.9959%;\">Sara Planagum\u00e0<\/td>\n<\/tr>\n<tr style=\"height: 33px;\">\n<td style=\"width: 37.9098%; height: 33px;\" width=\"404\">Coord. d\u2019Infantil<\/td>\n<td style=\"width: 93.9959%; height: 33px;\" width=\"236\">Eva Prat<\/td>\n<\/tr>\n<tr style=\"height: 33px;\">\n<td style=\"width: 37.9098%; height: 33px;\" width=\"404\">Coord. Pla Catal\u00e0 de l\u2019Esport<\/td>\n<td style=\"width: 93.9959%; height: 33px;\" width=\"236\">Joan Roura<\/td>\n<\/tr>\n<tr style=\"height: 33px;\">\n<td style=\"width: 37.9098%; height: 33px;\">Coord. Estrat\u00e8gia Digital<\/td>\n<td style=\"width: 93.9959%; height: 33px;\">Elisabet Planas<\/td>\n<\/tr>\n<tr style=\"height: 33px;\">\n<td style=\"width: 37.9098%; height: 33px;\">Coord. Riscos Laborals<\/td>\n<td style=\"width: 93.9959%; height: 33px;\">Lurdes Rimall\u00f3<\/td>\n<\/tr>\n<tr style=\"height: 33px;\">\n<td style=\"width: 37.9098%; height: 33px;\">Coord. Programa Salut Integral (SI)<\/td>\n<td style=\"width: 93.9959%; height: 33px;\">Fina Jord\u00e0<\/td>\n<\/tr>\n<\/tbody>\n<\/table>\n<p>&nbsp;<\/p>\n","protected":false},"excerpt":{"rendered":"<p>Som una escola d\u2019una l\u00ednia amb nou unitats: tres d\u2019Educaci\u00f3 Infantil i sis de Prim\u00e0ria Personal docent: Tutores\u00a0 CURS TUTORIA i3 Fina Jord\u00e0 Tubert i4 Elisabet Planas Cano i5 Eva Prat Aymerich 1r Lorda G\u00fcell Gratac\u00f3s 2n Mariona Avellana Busquets 3r Maria \u00c0ngels Masdevall i Anna Font 4t S\u00f2nia Llad\u00f3 Feliu 5\u00e8 Neus Mart\u00ed Parramon [&hellip;]<\/p>\n","protected":false},"author":1,"featured_media":0,"parent":22,"menu_order":0,"comment_status":"closed","ping_status":"closed","template":"page-templates\/side-menu.php","meta":{"_bbp_topic_count":0,"_bbp_reply_count":0,"_bbp_total_topic_count":0,"_bbp_total_reply_count":0,"_bbp_voice_count":0,"_bbp_anonymous_reply_count":0,"_bbp_topic_count_hidden":0,"_bbp_reply_count_hidden":0,"_bbp_forum_subforum_count":0,"site-sidebar-layout":"default","site-content-layout":"","ast-site-content-layout":"","site-content-style":"default","site-sidebar-style":"default","ast-global-header-display":"","ast-banner-title-visibility":"","ast-main-header-display":"","ast-hfb-above-header-display":"","ast-hfb-below-header-display":"","ast-hfb-mobile-header-display":"","site-post-title":"","ast-breadcrumbs-content":"","ast-featured-img":"","footer-sml-layout":"","theme-transparent-header-meta":"","adv-header-id-meta":"","stick-header-meta":"","header-above-stick-meta":"","header-main-stick-meta":"","header-below-stick-meta":"","astra-migrate-meta-layouts":"default","ast-page-background-enabled":"default","ast-page-background-meta":{"desktop":{"background-color":"var(--ast-global-color-4)","background-image":"","background-repeat":"repeat","background-position":"center center","background-size":"auto","background-attachment":"scroll","background-type":"","background-media":"","overlay-type":"","overlay-color":"","overlay-opacity":"","overlay-gradient":""},"tablet":{"background-color":"","background-image":"","background-repeat":"repeat","background-position":"center center","background-size":"auto","background-attachment":"scroll","background-type":"","background-media":"","overlay-type":"","overlay-color":"","overlay-opacity":"","overlay-gradient":""},"mobile":{"background-color":"","background-image":"","background-repeat":"repeat","background-position":"center center","background-size":"auto","background-attachment":"scroll","background-type":"","background-media":"","overlay-type":"","overlay-color":"","overlay-opacity":"","overlay-gradient":""}},"ast-content-background-meta":{"desktop":{"background-color":"var(--ast-global-color-5)","background-image":"","background-repeat":"repeat","background-position":"center center","background-size":"auto","background-attachment":"scroll","background-type":"","background-media":"","overlay-type":"","overlay-color":"","overlay-opacity":"","overlay-gradient":""},"tablet":{"background-color":"var(--ast-global-color-5)","background-image":"","background-repeat":"repeat","background-position":"center center","background-size":"auto","background-attachment":"scroll","background-type":"","background-media":"","overlay-type":"","overlay-color":"","overlay-opacity":"","overlay-gradient":""},"mobile":{"background-color":"var(--ast-global-color-5)","background-image":"","background-repeat":"repeat","background-position":"center center","background-size":"auto","background-attachment":"scroll","background-type":"","background-media":"","overlay-type":"","overlay-color":"","overlay-opacity":"","overlay-gradient":""}},"footnotes":""},"class_list":["post-1323","page","type-page","status-publish","hentry"],"post_mailing_queue_ids":[],"_links":{"self":[{"href":"https:\/\/agora.xtec.cat\/escolaalzinareclamadora\/wp-json\/wp\/v2\/pages\/1323","targetHints":{"allow":["GET"]}}],"collection":[{"href":"https:\/\/agora.xtec.cat\/escolaalzinareclamadora\/wp-json\/wp\/v2\/pages"}],"about":[{"href":"https:\/\/agora.xtec.cat\/escolaalzinareclamadora\/wp-json\/wp\/v2\/types\/page"}],"author":[{"embeddable":true,"href":"https:\/\/agora.xtec.cat\/escolaalzinareclamadora\/wp-json\/wp\/v2\/users\/1"}],"replies":[{"embeddable":true,"href":"https:\/\/agora.xtec.cat\/escolaalzinareclamadora\/wp-json\/wp\/v2\/comments?post=1323"}],"version-history":[{"count":7,"href":"https:\/\/agora.xtec.cat\/escolaalzinareclamadora\/wp-json\/wp\/v2\/pages\/1323\/revisions"}],"predecessor-version":[{"id":3379,"href":"https:\/\/agora.xtec.cat\/escolaalzinareclamadora\/wp-json\/wp\/v2\/pages\/1323\/revisions\/3379"}],"up":[{"embeddable":true,"href":"https:\/\/agora.xtec.cat\/escolaalzinareclamadora\/wp-json\/wp\/v2\/pages\/22"}],"wp:attachment":[{"href":"https:\/\/agora.xtec.cat\/escolaalzinareclamadora\/wp-json\/wp\/v2\/media?parent=1323"}],"curies":[{"name":"wp","href":"https:\/\/api.w.org\/{rel}","templated":true}]}}