{"id":780,"date":"2024-08-30T14:20:57","date_gmt":"2024-08-30T12:20:57","guid":{"rendered":"https:\/\/agora.xtec.cat\/escolaalexandregalibcn\/?page_id=780"},"modified":"2025-02-24T10:54:47","modified_gmt":"2025-02-24T09:54:47","slug":"projecte-natura","status":"publish","type":"page","link":"https:\/\/agora.xtec.cat\/escolaalexandregalibcn\/projecte-natura\/","title":{"rendered":"Projecte Natura"},"content":{"rendered":"<p>A l&#8217;escola tenim l&#8217;Espai Natura, on treballem amb els infants diversos aspectes com tenir cura d&#8217;un hort, la bassa i les gallines. Des de l\u2019any 2014 forma part de la Xarxa d\u2019Escoles + Sostenibles. Un dels nostres objectius educatius \u00e9s educar els nostres alumnes en la cultura de la sostenibilitat i implicar a la comunitat educativa, alumnes i fam\u00edlies, en la construcci\u00f3 d\u2019un un m\u00f3n millor i m\u00e9s sostenible des de l\u2019entorn m\u00e9s immediat i proper que tenim, l\u2019escola.<\/p>\n<p><a href=\"https:\/\/agora.xtec.cat\/escolaalexandregalibcn\/wp-content\/uploads\/usu2463\/2025\/02\/Presentacio-Projecte-Natura.-Xarxes-pel-Canvi.pptx\">Projecte Natura<\/a><\/p>\n<p>&nbsp;<\/p>\n","protected":false},"excerpt":{"rendered":"<p>A l&#8217;escola tenim l&#8217;Espai Natura, on treballem amb els infants diversos aspectes com tenir cura d&#8217;un hort, la bassa i les gallines. Des de l\u2019any 2014 forma part de la Xarxa d\u2019Escoles + Sostenibles. Un dels nostres objectius educatius \u00e9s educar els nostres alumnes en&hellip;  <a href=\"https:\/\/agora.xtec.cat\/escolaalexandregalibcn\/projecte-natura\/\" title=\"Read Projecte Natura\">Llegeix m\u00e9s\u00bb<\/a><\/p>\n","protected":false},"author":1,"featured_media":0,"parent":0,"menu_order":0,"comment_status":"closed","ping_status":"closed","template":"","meta":{"_bbp_topic_count":0,"_bbp_reply_count":0,"_bbp_total_topic_count":0,"_bbp_total_reply_count":0,"_bbp_voice_count":0,"_bbp_anonymous_reply_count":0,"_bbp_topic_count_hidden":0,"_bbp_reply_count_hidden":0,"_bbp_forum_subforum_count":0,"footnotes":""},"class_list":["post-780","page","type-page","status-publish","hentry"],"post_mailing_queue_ids":[],"_links":{"self":[{"href":"https:\/\/agora.xtec.cat\/escolaalexandregalibcn\/wp-json\/wp\/v2\/pages\/780","targetHints":{"allow":["GET"]}}],"collection":[{"href":"https:\/\/agora.xtec.cat\/escolaalexandregalibcn\/wp-json\/wp\/v2\/pages"}],"about":[{"href":"https:\/\/agora.xtec.cat\/escolaalexandregalibcn\/wp-json\/wp\/v2\/types\/page"}],"author":[{"embeddable":true,"href":"https:\/\/agora.xtec.cat\/escolaalexandregalibcn\/wp-json\/wp\/v2\/users\/1"}],"replies":[{"embeddable":true,"href":"https:\/\/agora.xtec.cat\/escolaalexandregalibcn\/wp-json\/wp\/v2\/comments?post=780"}],"version-history":[{"count":4,"href":"https:\/\/agora.xtec.cat\/escolaalexandregalibcn\/wp-json\/wp\/v2\/pages\/780\/revisions"}],"predecessor-version":[{"id":857,"href":"https:\/\/agora.xtec.cat\/escolaalexandregalibcn\/wp-json\/wp\/v2\/pages\/780\/revisions\/857"}],"wp:attachment":[{"href":"https:\/\/agora.xtec.cat\/escolaalexandregalibcn\/wp-json\/wp\/v2\/media?parent=780"}],"curies":[{"name":"wp","href":"https:\/\/api.w.org\/{rel}","templated":true}]}}