{"id":778,"date":"2024-08-30T14:20:24","date_gmt":"2024-08-30T12:20:24","guid":{"rendered":"https:\/\/agora.xtec.cat\/escolaalexandregalibcn\/?page_id=778"},"modified":"2025-02-03T15:26:14","modified_gmt":"2025-02-03T14:26:14","slug":"lescola-i-el-mar","status":"publish","type":"page","link":"https:\/\/agora.xtec.cat\/escolaalexandregalibcn\/lescola-i-el-mar\/","title":{"rendered":"L&#8217;escola i el mar"},"content":{"rendered":"<p>La nostra gaudeix d&#8217;un entorn privilegiat, \u00e9s una escola que mira al mar i com a tal, tots els infants de l&#8217;escola hi interactuen d&#8217;una manera o altra al llarg del curs.<\/p>\n<p>Durant el tercer trimestre, tot l&#8217;alumnat de l&#8217;escola treballa el tema del mar durant dues setmanes a trav\u00e9s dels projectes que es realitzen a totes les aules.<\/p>\n<p>A l&#8217;educaci\u00f3 Infantil, l&#8217;alumnat va a jugar a la platja un dia a la setmana. Els nens i nenes de prim\u00e0ria fan la sessi\u00f3 d&#8217;Educaci\u00f3 F\u00edsica a la platja mensualment.<\/p>\n<p>A m\u00e9s, de 4t a 6\u00e8 gaudeixen de 9 sessions d&#8217;esports de mar, amb l&#8217;objectiu de desenvolupar les habilitats f\u00edsiques, motores, socials i emocionals a trav\u00e9s del joc i l&#8217;activitat f\u00edsica establint una relaci\u00f3 amb el mar. Tamb\u00e9 aprenen les t\u00e8cniques necess\u00e0ries per practicar el surf i el p\u00e0del surf.<\/p>\n<p>&nbsp;<\/p>\n<p style=\"text-align: center;\">\r\n\t<div class=\"slideshow_container slideshow_container_style-light\" style=\"height: 300px; \" data-slideshow-id=\"807\" data-style-name=\"style-light\" data-style-version=\"2.3.1\" >\r\n\r\n\t\t\t\t\t<div class=\"slideshow_loading_icon\"><\/div>\r\n\t\t\r\n\t\t<div class=\"slideshow_content\" style=\"display: none;\">\r\n\r\n\t\t\t<div class=\"slideshow_view\">\r\n\t\t\t\t<div class=\"slideshow_slide slideshow_slide_image\">\r\n\t\t\t\t\t\t\t\t\t\t\t<img src=\"https:\/\/agora.xtec.cat\/escolaalexandregalibcn\/wp-content\/uploads\/usu2463\/2025\/02\/surf.jpeg\" alt=\"\" width=\"1200\" height=\"1600\" \/>\r\n\t\t\t\t\t\t\t\t\t\t<div class=\"slideshow_description_box slideshow_transparent\">\r\n\t\t\t\t\t\t\t\t\t\t\t\t\t\t\t\t\t<\/div>\r\n\t\t\t\t<\/div>\r\n\r\n\t\t\t\t\t\t<div style=\"clear: both;\"><\/div><\/div><div class=\"slideshow_view\">\r\n\t\t\t\t<div class=\"slideshow_slide slideshow_slide_image\">\r\n\t\t\t\t\t\t\t\t\t\t\t<img src=\"https:\/\/agora.xtec.cat\/escolaalexandregalibcn\/wp-content\/uploads\/usu2463\/2025\/02\/efplatja.jpeg\" alt=\"efplatja\" width=\"1200\" height=\"1600\" \/>\r\n\t\t\t\t\t\t\t\t\t\t<div class=\"slideshow_description_box slideshow_transparent\">\r\n\t\t\t\t\t\t\t\t\t\t\t\t\t\t\t\t\t<\/div>\r\n\t\t\t\t<\/div>\r\n\r\n\t\t\t\t\t\t<div style=\"clear: both;\"><\/div><\/div><div class=\"slideshow_view\">\r\n\t\t\t\t<div class=\"slideshow_slide slideshow_slide_image\">\r\n\t\t\t\t\t\t\t\t\t\t\t<img src=\"https:\/\/agora.xtec.cat\/escolaalexandregalibcn\/wp-content\/uploads\/usu2463\/2025\/02\/ef-platja-2.jpeg\" alt=\"ef platja 2\" width=\"1200\" height=\"1600\" \/>\r\n\t\t\t\t\t\t\t\t\t\t<div class=\"slideshow_description_box slideshow_transparent\">\r\n\t\t\t\t\t\t\t\t\t\t\t\t\t\t\t\t\t<\/div>\r\n\t\t\t\t<\/div>\r\n\r\n\t\t\t\t\t\t<div style=\"clear: both;\"><\/div><\/div><div class=\"slideshow_view\">\r\n\t\t\t\t<div class=\"slideshow_slide slideshow_slide_image\">\r\n\t\t\t\t\t\t\t\t\t\t\t<img src=\"https:\/\/agora.xtec.cat\/escolaalexandregalibcn\/wp-content\/uploads\/usu2463\/2025\/02\/efplatja5.jpeg\" alt=\"efplatja5\" width=\"1200\" height=\"1600\" \/>\r\n\t\t\t\t\t\t\t\t\t\t<div class=\"slideshow_description_box slideshow_transparent\">\r\n\t\t\t\t\t\t\t\t\t\t\t\t\t\t\t\t\t<\/div>\r\n\t\t\t\t<\/div>\r\n\r\n\t\t\t\t\t\t<div style=\"clear: both;\"><\/div><\/div><div class=\"slideshow_view\">\r\n\t\t\t\t<div class=\"slideshow_slide slideshow_slide_image\">\r\n\t\t\t\t\t\t\t\t\t\t\t<img src=\"https:\/\/agora.xtec.cat\/escolaalexandregalibcn\/wp-content\/uploads\/usu2463\/2025\/02\/efplatja.jpeg\" alt=\"efplatja\" width=\"1200\" height=\"1600\" \/>\r\n\t\t\t\t\t\t\t\t\t\t<div class=\"slideshow_description_box slideshow_transparent\">\r\n\t\t\t\t\t\t<div class=\"slideshow_title\">efplatja<\/div>\t\t\t\t\t\t\t\t\t\t\t<\/div>\r\n\t\t\t\t<\/div>\r\n\r\n\t\t\t\t\t\t<div style=\"clear: both;\"><\/div><\/div><div class=\"slideshow_view\">\r\n\t\t\t\t<div class=\"slideshow_slide slideshow_slide_image\">\r\n\t\t\t\t\t\t\t\t\t\t\t<img src=\"https:\/\/agora.xtec.cat\/escolaalexandregalibcn\/wp-content\/uploads\/usu2463\/2025\/02\/padel-surf-2.jpeg\" alt=\"padel surf 2\" width=\"1200\" height=\"1600\" \/>\r\n\t\t\t\t\t\t\t\t\t\t<div class=\"slideshow_description_box slideshow_transparent\">\r\n\t\t\t\t\t\t\t\t\t\t\t\t\t\t\t\t\t<\/div>\r\n\t\t\t\t<\/div>\r\n\r\n\t\t\t\t\t\t<div style=\"clear: both;\"><\/div><\/div><div class=\"slideshow_view\">\r\n\t\t\t\t<div class=\"slideshow_slide slideshow_slide_image\">\r\n\t\t\t\t\t\t\t\t\t\t\t<img src=\"https:\/\/agora.xtec.cat\/escolaalexandregalibcn\/wp-content\/uploads\/usu2463\/2025\/02\/padel-surf-4.jpeg\" alt=\"padel surf 4\" width=\"1200\" height=\"1600\" \/>\r\n\t\t\t\t\t\t\t\t\t\t<div class=\"slideshow_description_box slideshow_transparent\">\r\n\t\t\t\t\t\t\t\t\t\t\t\t\t\t\t\t\t<\/div>\r\n\t\t\t\t<\/div>\r\n\r\n\t\t\t\t\t\t<div style=\"clear: both;\"><\/div><\/div><div class=\"slideshow_view\">\r\n\t\t\t\t<div class=\"slideshow_slide slideshow_slide_image\">\r\n\t\t\t\t\t\t\t\t\t\t\t<img src=\"https:\/\/agora.xtec.cat\/escolaalexandregalibcn\/wp-content\/uploads\/usu2463\/2025\/02\/padel-surf.jpeg\" alt=\"padel surf\" width=\"1200\" height=\"1600\" \/>\r\n\t\t\t\t\t\t\t\t\t\t<div class=\"slideshow_description_box slideshow_transparent\">\r\n\t\t\t\t\t\t\t\t\t\t\t\t\t\t\t\t\t<\/div>\r\n\t\t\t\t<\/div>\r\n\r\n\t\t\t\t\t\t<div style=\"clear: both;\"><\/div><\/div><div class=\"slideshow_view\">\r\n\t\t\t\t<div class=\"slideshow_slide slideshow_slide_image\">\r\n\t\t\t\t\t\t\t\t\t\t\t<img src=\"https:\/\/agora.xtec.cat\/escolaalexandregalibcn\/wp-content\/uploads\/usu2463\/2025\/02\/padel-surf-3.jpeg\" alt=\"padel surf 3\" width=\"1200\" height=\"1600\" \/>\r\n\t\t\t\t\t\t\t\t\t\t<div class=\"slideshow_description_box slideshow_transparent\">\r\n\t\t\t\t\t\t\t\t\t\t\t\t\t\t\t\t\t<\/div>\r\n\t\t\t\t<\/div>\r\n\r\n\t\t\t\t\t\t<div style=\"clear: both;\"><\/div><\/div>\r\n\t\t<\/div>\r\n\r\n\t\t<div class=\"slideshow_controlPanel slideshow_transparent\" style=\"display: none;\"><ul><li class=\"slideshow_togglePlay\" data-play-text=\"Visualitza\" data-pause-text=\"Pausa\"><\/li><\/ul><\/div>\r\n\r\n\t\t<div class=\"slideshow_button slideshow_previous slideshow_transparent\" role=\"button\" data-previous-text=\"Anterior\" style=\"display: none;\"><\/div>\r\n\t\t<div class=\"slideshow_button slideshow_next slideshow_transparent\" role=\"button\" data-next-text=\"Seg\u00fcent\" style=\"display: none;\"><\/div>\r\n\r\n\t\t<div class=\"slideshow_pagination\" style=\"display: none;\" data-go-to-text=\"V\u00e9s a la diapositiva\"><div class=\"slideshow_pagination_center\"><\/div><\/div>\r\n\r\n\t\t<!-- WordPress Slideshow Version 2.3.1 -->\r\n\r\n\t\t\t<\/div>\r\n\r\n<\/p>\n","protected":false},"excerpt":{"rendered":"<p>La nostra gaudeix d&#8217;un entorn privilegiat, \u00e9s una escola que mira al mar i com a tal, tots els infants de l&#8217;escola hi interactuen d&#8217;una manera o altra al llarg del curs.<br \/>\nDurant el tercer trimestre, tot l&#8217;alumnat de l&#8217;escola treballa el tema del mar durant&hellip;  <a href=\"https:\/\/agora.xtec.cat\/escolaalexandregalibcn\/lescola-i-el-mar\/\" title=\"Read L&#8217;escola i el mar\">Llegeix m\u00e9s\u00bb<\/a><\/p>\n","protected":false},"author":1,"featured_media":0,"parent":0,"menu_order":0,"comment_status":"closed","ping_status":"closed","template":"","meta":{"_bbp_topic_count":0,"_bbp_reply_count":0,"_bbp_total_topic_count":0,"_bbp_total_reply_count":0,"_bbp_voice_count":0,"_bbp_anonymous_reply_count":0,"_bbp_topic_count_hidden":0,"_bbp_reply_count_hidden":0,"_bbp_forum_subforum_count":0,"footnotes":""},"class_list":["post-778","page","type-page","status-publish","hentry"],"post_mailing_queue_ids":[],"_links":{"self":[{"href":"https:\/\/agora.xtec.cat\/escolaalexandregalibcn\/wp-json\/wp\/v2\/pages\/778","targetHints":{"allow":["GET"]}}],"collection":[{"href":"https:\/\/agora.xtec.cat\/escolaalexandregalibcn\/wp-json\/wp\/v2\/pages"}],"about":[{"href":"https:\/\/agora.xtec.cat\/escolaalexandregalibcn\/wp-json\/wp\/v2\/types\/page"}],"author":[{"embeddable":true,"href":"https:\/\/agora.xtec.cat\/escolaalexandregalibcn\/wp-json\/wp\/v2\/users\/1"}],"replies":[{"embeddable":true,"href":"https:\/\/agora.xtec.cat\/escolaalexandregalibcn\/wp-json\/wp\/v2\/comments?post=778"}],"version-history":[{"count":4,"href":"https:\/\/agora.xtec.cat\/escolaalexandregalibcn\/wp-json\/wp\/v2\/pages\/778\/revisions"}],"predecessor-version":[{"id":804,"href":"https:\/\/agora.xtec.cat\/escolaalexandregalibcn\/wp-json\/wp\/v2\/pages\/778\/revisions\/804"}],"wp:attachment":[{"href":"https:\/\/agora.xtec.cat\/escolaalexandregalibcn\/wp-json\/wp\/v2\/media?parent=778"}],"curies":[{"name":"wp","href":"https:\/\/api.w.org\/{rel}","templated":true}]}}