{"id":776,"date":"2024-08-30T14:19:12","date_gmt":"2024-08-30T12:19:12","guid":{"rendered":"https:\/\/agora.xtec.cat\/escolaalexandregalibcn\/?page_id=776"},"modified":"2026-02-01T10:23:30","modified_gmt":"2026-02-01T09:23:30","slug":"celebracions-festives","status":"publish","type":"page","link":"https:\/\/agora.xtec.cat\/escolaalexandregalibcn\/celebracions-festives\/","title":{"rendered":"Festes i celebracions"},"content":{"rendered":"<p>A l&#8217;escola ens agrada celebrar les festes ja que s\u00f3n font de cultura i d&#8217;aprenentatge, i ens ajuden a arrelar-nos al barri:<\/p>\n<p><strong>SANT MIQUEL<\/strong><\/p>\n<p>El 29 de setembre celebrem Sant Miquel, patr\u00f3 de la Barceloneta. L&#8217;alumnat de prim\u00e0ria assisteix a una representaci\u00f3 de circ o dansa al parc La Catalana i el senyor Rector ens ve a veure amb el can\u00f3 que dispara caramels.<\/p>\n<p>La versi\u00f3 m\u00e9s popular i estesa explica que va ser el senyor Farell, ve\u00ed del barri i propietari del restaurant Can Tipa, qui va importar la idea des de Fran\u00e7a on havia vist un can\u00f3 semblant. El can\u00f3 de fusta franc\u00e8s, que anunciava la festa\u00a0\u00a0d\u2019una localitat que en Farell visitava, llan\u00e7ava caramels i joguines als m\u00e9s petits. A en Farell li va agradar tant aquest can\u00f3 que en va fer construir un de semblant per\u00a0 a la Barceloneta. I tot seguit, va conv\u00e8ncer un ve\u00ed que, vestit de general napole\u00f2nic, s\u2019encarregu\u00e9s de donar l\u2019ordre de disparar els trets ensordidors dels petards\u00a0\u00a0del can\u00f3 mentre aquest llan\u00e7ava caramels. Des d\u2019aleshores els nens del barri cada any esperaven ansiosos la sortida del can\u00f3. En una ocasi\u00f3, per\u00f2, fruit de diverses desavinences, el senyor Farell es va negar a organitzar les festes i va donar el can\u00f3 per a la seva cust\u00f2dia al rector de la parr\u00f2quia de Sant Miquel del Port. Els m\u00e9s petits en adonar-se del canvi van c\u00f3rrer cap a la rectoria tot cridant la frase que ha esdevingut imprescindible a la Festa Major: <strong>\u201csenyor rector, volem el can\u00f3\u201d<\/strong>. D\u2019aquesta\u00a0\u00a0manera, segons la tradici\u00f3 popular, va arrelar aquest costum que omple de quitxalla i de caramels els carrers del\u00a0\u00a0barri i a les escoles.<\/p>\n<p><strong>LA CASTANYADA<\/strong><\/p>\n<p>L&#8217;\u00faltima setmana del mes d&#8217;octubre els nens i nenes de l&#8217;escola fan diversos tallers de tardor i castanyada. El dia 31 d&#8217;octubre ens trobem grans i petits per compartir paperines de castanyes i panellets que hem elaborat a les classes.<\/p>\n<p><strong>SANTA CEC\u00cdLIA<\/strong><\/p>\n<p>Cada any per Santa Cec\u00edlia, patrona de la m\u00fasica, fem alguna activitat especial relacionada amb la m\u00fasica. Tallers participatius on la m\u00fasica sigui l\u2019eix, o b\u00e9 petits concerts fan que els infants gaudeixin de la m\u00fasica d\u2019una manera diferent i molt propera. A les sessions de m\u00fasica de les setmanes pr\u00e8vies i posteriors es treballa en relaci\u00f3 al concert o taller que hi haur\u00e0, de manera que tot quedi ben integrat dins del curr\u00edculum.<\/p>\n<p><strong>EL CONCERT DEL GAL\u00cd<\/strong><\/p>\n<p>Uns dies abans de finalitzar el primer trimestre celebrem el Concert del Gal\u00ed en el qu\u00e8 tots els infants de l&#8217;escola canten alguna can\u00e7\u00f3 o ballen una dansa. Els mestres i les fam\u00edlies tamb\u00e9 participen en aquest concert fent les seves pr\u00f2pies actuacions.<\/p>\n<p><strong>DIA ESCOLAR DE LA NO-VIOL\u00c8NCIA I LA PAU (DENIP)<\/strong><\/p>\n<p>El\u00a0 30 de gener celebrem una Jornada de conviv\u00e8ncia i pau a l&#8217;escola on grans i petits ens barregem per fer uns tallers.<\/p>\n<p><strong>CARNESTOLTES<\/strong><\/p>\n<p>La Reina Carnestoltes apareix a l\u2019escola el divendres anterior a la setmana de Carnaval i ens porta unes consignes molt divertides que hem d\u2019anar fent al llarg de la setmana m\u00e9s esbogerrada de l&#8217;any. El divendres de Carnaval, tot l&#8217;alumnat i l&#8217;equip docent ens disfressem i fem una rua pel barri acompanyats de l&#8217;Escola Mediterr\u00e0nia.<\/p>\n<p><strong>SANT JORDI<\/strong><\/p>\n<p>Cada 23 d&#8217;abril fem un acte literari on posem en valor els escrits dels infants, el seu esfor\u00e7 i creativitat. A m\u00e9s, durant la setmana de Sant Jordi organitzem activitats que ens apropen als llibres i a la lectura. Tanquem la setmana amb La Nit m\u00e0gica de la lectura, una nit plena de m\u00e0gia i de lectura, organitzem diferents activitats i els infants tamb\u00e9 poden gaudir d&#8217;un espectacle de m\u00e0gia, i un sopar al menjador de l&#8217;escola. Les aules es converteixen en habitacions amb m\u00e0rfegues i sacs de dormir i l&#8217;endem\u00e0 al mat\u00ed, despr\u00e9s d&#8217;esmorzar, els infants retornen amb les seves fam\u00edlies.<\/p>\n<p><strong>SANT PON\u00c7<\/strong><\/p>\n<p>Per Sant Pon\u00e7 organitzem tallers relacionats amb aquesta festivitat a totes les aules de l\u2019escola, sovint aprofitant els recursos que tenim al propi Espai Natura. Fem crema d\u2019aloe vera, melmelada, caramels, bossetes d\u2019olor\u2026<\/p>\n<p><strong>DIA DE LA RODA<\/strong><\/p>\n<p>Un dia del mes de juny, els infants de prim\u00e0ria surten al parc amb els patins, patinets o bicicletes que han portat i fan un circuit sobre rodes. Els nens i nenes d&#8217;infantil tamb\u00e9 participen en un circuit sobre rodes al pati de l&#8217;escola. Posteriorment, cada grup comparteix un esmorzar saludable que han preparat conjuntament.<\/p>\n<p><strong>FI DE CURS<\/strong><\/p>\n<p>L&#8217;\u00faltim dia de curs tota la comunitat educativa acomiadem l&#8217;alumnat de 6\u00e8 regalant-los una diada ben bonica en el qual en s\u00f3n els protagonistes.<\/p>\n<p style=\"text-align: center;\">\r\n\t<div class=\"slideshow_container slideshow_container_style-light\" style=\"height: 300px; \" data-slideshow-id=\"836\" data-style-name=\"style-light\" data-style-version=\"2.3.1\" >\r\n\r\n\t\t\t\t\t<div class=\"slideshow_loading_icon\"><\/div>\r\n\t\t\r\n\t\t<div class=\"slideshow_content\" style=\"display: none;\">\r\n\r\n\t\t\t<div class=\"slideshow_view\">\r\n\t\t\t\t<div class=\"slideshow_slide slideshow_slide_image\">\r\n\t\t\t\t\t\t\t\t\t\t\t<img src=\"https:\/\/agora.xtec.cat\/escolaalexandregalibcn\/wp-content\/uploads\/usu2463\/2025\/02\/nit.jpg\" alt=\"nit\" width=\"2040\" height=\"1536\" \/>\r\n\t\t\t\t\t\t\t\t\t\t<div class=\"slideshow_description_box slideshow_transparent\">\r\n\t\t\t\t\t\t<div class=\"slideshow_title\">nit<\/div>\t\t\t\t\t\t\t\t\t\t\t<\/div>\r\n\t\t\t\t<\/div>\r\n\r\n\t\t\t\t\t\t<div style=\"clear: both;\"><\/div><\/div><div class=\"slideshow_view\">\r\n\t\t\t\t<div class=\"slideshow_slide slideshow_slide_image\">\r\n\t\t\t\t\t\t\t\t\t\t\t<img src=\"https:\/\/agora.xtec.cat\/escolaalexandregalibcn\/wp-content\/uploads\/usu2463\/2025\/02\/mag-1-scaled.jpg\" alt=\"\" width=\"2560\" height=\"1244\" \/>\r\n\t\t\t\t\t\t\t\t\t\t<div class=\"slideshow_description_box slideshow_transparent\">\r\n\t\t\t\t\t\t\t\t\t\t\t\t\t\t\t\t\t<\/div>\r\n\t\t\t\t<\/div>\r\n\r\n\t\t\t\t\t\t<div style=\"clear: both;\"><\/div><\/div><div class=\"slideshow_view\">\r\n\t\t\t\t<div class=\"slideshow_slide slideshow_slide_image\">\r\n\t\t\t\t\t\t\t\t\t\t\t<img src=\"https:\/\/agora.xtec.cat\/escolaalexandregalibcn\/wp-content\/uploads\/usu2463\/2025\/02\/pau.jpg\" alt=\"\" width=\"1599\" height=\"777\" \/>\r\n\t\t\t\t\t\t\t\t\t\t<div class=\"slideshow_description_box slideshow_transparent\">\r\n\t\t\t\t\t\t\t\t\t\t\t\t\t\t\t\t\t<\/div>\r\n\t\t\t\t<\/div>\r\n\r\n\t\t\t\t\t\t<div style=\"clear: both;\"><\/div><\/div><div class=\"slideshow_view\">\r\n\t\t\t\t<div class=\"slideshow_slide slideshow_slide_image\">\r\n\t\t\t\t\t\t\t\t\t\t\t<img src=\"https:\/\/agora.xtec.cat\/escolaalexandregalibcn\/wp-content\/uploads\/usu2463\/2025\/02\/concert-1-scaled.jpg\" alt=\"\" width=\"2560\" height=\"1920\" \/>\r\n\t\t\t\t\t\t\t\t\t\t<div class=\"slideshow_description_box slideshow_transparent\">\r\n\t\t\t\t\t\t\t\t\t\t\t\t\t\t\t\t\t<\/div>\r\n\t\t\t\t<\/div>\r\n\r\n\t\t\t\t\t\t<div style=\"clear: both;\"><\/div><\/div><div class=\"slideshow_view\">\r\n\t\t\t\t<div class=\"slideshow_slide slideshow_slide_image\">\r\n\t\t\t\t\t\t\t\t\t\t\t<img src=\"https:\/\/agora.xtec.cat\/escolaalexandregalibcn\/wp-content\/uploads\/usu2463\/2025\/02\/pau-1-1-scaled.jpg\" alt=\"\" width=\"2560\" height=\"1920\" \/>\r\n\t\t\t\t\t\t\t\t\t\t<div class=\"slideshow_description_box slideshow_transparent\">\r\n\t\t\t\t\t\t\t\t\t\t\t\t\t\t\t\t\t<\/div>\r\n\t\t\t\t<\/div>\r\n\r\n\t\t\t\t\t\t<div style=\"clear: both;\"><\/div><\/div>\r\n\t\t<\/div>\r\n\r\n\t\t<div class=\"slideshow_controlPanel slideshow_transparent\" style=\"display: none;\"><ul><li class=\"slideshow_togglePlay\" data-play-text=\"Visualitza\" data-pause-text=\"Pausa\"><\/li><\/ul><\/div>\r\n\r\n\t\t<div class=\"slideshow_button slideshow_previous slideshow_transparent\" role=\"button\" data-previous-text=\"Anterior\" style=\"display: none;\"><\/div>\r\n\t\t<div class=\"slideshow_button slideshow_next slideshow_transparent\" role=\"button\" data-next-text=\"Seg\u00fcent\" style=\"display: none;\"><\/div>\r\n\r\n\t\t<div class=\"slideshow_pagination\" style=\"display: none;\" data-go-to-text=\"V\u00e9s a la diapositiva\"><div class=\"slideshow_pagination_center\"><\/div><\/div>\r\n\r\n\t\t<!-- WordPress Slideshow Version 2.3.1 -->\r\n\r\n\t\t\t<\/div>\r\n\r\n<\/p>\n","protected":false},"excerpt":{"rendered":"<p>A l&#8217;escola ens agrada celebrar les festes ja que s\u00f3n font de cultura i d&#8217;aprenentatge, i ens ajuden a arrelar-nos al barri:<br \/>\nSANT MIQUEL<br \/>\nEl 29 de setembre celebrem Sant Miquel, patr\u00f3 de la Barceloneta. L&#8217;alumnat de prim\u00e0ria assisteix a una representaci\u00f3 de circ o dansa al&hellip;  <a href=\"https:\/\/agora.xtec.cat\/escolaalexandregalibcn\/celebracions-festives\/\" title=\"Read Festes i celebracions\">Llegeix m\u00e9s\u00bb<\/a><\/p>\n","protected":false},"author":1,"featured_media":0,"parent":0,"menu_order":0,"comment_status":"closed","ping_status":"closed","template":"","meta":{"_bbp_topic_count":0,"_bbp_reply_count":0,"_bbp_total_topic_count":0,"_bbp_total_reply_count":0,"_bbp_voice_count":0,"_bbp_anonymous_reply_count":0,"_bbp_topic_count_hidden":0,"_bbp_reply_count_hidden":0,"_bbp_forum_subforum_count":0,"footnotes":""},"class_list":["post-776","page","type-page","status-publish","hentry"],"post_mailing_queue_ids":[],"_links":{"self":[{"href":"https:\/\/agora.xtec.cat\/escolaalexandregalibcn\/wp-json\/wp\/v2\/pages\/776","targetHints":{"allow":["GET"]}}],"collection":[{"href":"https:\/\/agora.xtec.cat\/escolaalexandregalibcn\/wp-json\/wp\/v2\/pages"}],"about":[{"href":"https:\/\/agora.xtec.cat\/escolaalexandregalibcn\/wp-json\/wp\/v2\/types\/page"}],"author":[{"embeddable":true,"href":"https:\/\/agora.xtec.cat\/escolaalexandregalibcn\/wp-json\/wp\/v2\/users\/1"}],"replies":[{"embeddable":true,"href":"https:\/\/agora.xtec.cat\/escolaalexandregalibcn\/wp-json\/wp\/v2\/comments?post=776"}],"version-history":[{"count":6,"href":"https:\/\/agora.xtec.cat\/escolaalexandregalibcn\/wp-json\/wp\/v2\/pages\/776\/revisions"}],"predecessor-version":[{"id":917,"href":"https:\/\/agora.xtec.cat\/escolaalexandregalibcn\/wp-json\/wp\/v2\/pages\/776\/revisions\/917"}],"wp:attachment":[{"href":"https:\/\/agora.xtec.cat\/escolaalexandregalibcn\/wp-json\/wp\/v2\/media?parent=776"}],"curies":[{"name":"wp","href":"https:\/\/api.w.org\/{rel}","templated":true}]}}