{"id":773,"date":"2024-08-30T14:17:00","date_gmt":"2024-08-30T12:17:00","guid":{"rendered":"https:\/\/agora.xtec.cat\/escolaalexandregalibcn\/?page_id=773"},"modified":"2025-02-03T16:54:41","modified_gmt":"2025-02-03T15:54:41","slug":"leducacio-musical","status":"publish","type":"page","link":"https:\/\/agora.xtec.cat\/escolaalexandregalibcn\/leducacio-musical\/","title":{"rendered":"L&#8217;educaci\u00f3 musical"},"content":{"rendered":"<p><strong>LA CANT\u00c0NIA<\/strong><\/p>\n<p>A l\u2019escola participem en aquest projecte de l\u2019Auditori amb els alumnes de 4t. Durant tot el curs es preparen les can\u00e7ons i coreografies que hauran d\u2019escenificar i cantar el dia del concert conjuntament amb els nens\/es d\u2019altres escoles de tot Catalunya.<\/p>\n<p><strong>EL DANSA ARA<\/strong><\/p>\n<p>\u201cL\u2019Esport i Dansa Ara. Joan Serra\u201d \u00e9s el programa educatiu esportiu amb m\u00e9s participaci\u00f3 de centres escolars de Barcelona. Els nens i les nenes de 2n de prim\u00e0ria treballen durant mesos diferents balls de dansa contempor\u00e0nia i \u2018break dance\u2019, nova disciplina ol\u00edmpica, per tal d\u2019adquirir els coneixements de moviment r\u00edtmic i expressiu corresponents a la seva etapa educativa d\u2019una forma divertida i din\u00e0mica. Aquestes danses s\u2019escenifiquen al Palau Sant Jordi conjuntament amb infants de 2n curs d\u2019altres escoles de la ciutat de Barcelona<\/p>\n<p><strong>ELS COMPOSITORS ENTREN L\u2019AULA<\/strong><\/p>\n<p>Els alumnes de 5\u00e8 treballen una obra d\u2019un compositor catal\u00e0 contemporani. S\u2019inspiren amb l\u2019obra musical d\u2019aquest compositor per crear una obra pr\u00f2pia amb els instruments dels quals disposem a l\u2019aula. Despr\u00e9s el compositor ve a l\u2019aula per tal de ajudar als alumes a millorar les seves pr\u00f2pies creacions. Finalment, els alumnes participen en un concert a l\u2019Auditori a on interpreten les seves pr\u00f2pies creacions conjuntament amb altres escoles.<\/p>\n<p><strong>LA CORAL DE L\u2019ESCOLA<\/strong><\/p>\n<p>\u201cEls Cors de Ciutat Vella\u201d \u00e9s una proposta que organitza el Districte de Ciutat Vella per fomentar l\u2019aprenentatge de la m\u00fasica i la llengua catalana a trav\u00e9s del cant coral. A l\u2019escola tenim dues corals, la dels petits, composta per alumnat de 1r a 3r i la dels grans, amb la participaci\u00f3 dels nens i nenes de 4t a 6\u00e8. Gr\u00e0cies a la col\u00b7laboraci\u00f3 de l\u2019Escola de M\u00fasics i JPC, cada any es realitzen un m\u00ednim de dos concerts, un al Museu Mar\u00edtim, i un altre al Palau de la M\u00fasica Catalana.<\/p>\n<p><strong>ELS TALLERS D&#8217;ORQUESTRA<\/strong><\/p>\n<p>L&#8217;alumnat de 4t, 5\u00e8 i 6\u00e8 realitzen una hora setmanal de tallers d&#8217;orquestra, amb la col\u00b7laboraci\u00f3 de l&#8217;associaci\u00f3 Xamfr\u00e0. En aquests tallers es treballen les can\u00e7ons i percussions corporals que posteriorment s&#8217;aprenen a tocar amb ukuleles, instruments Orff (xil\u00f2fons, metal\u00b7l\u00f2fons i carillons) o b\u00e9 violins.<\/p>\n<p><strong>EL TEATRE MUSICAL<\/strong><\/p>\n<p>Cada curs els infants de 6\u00e8 de prim\u00e0ria preparen la representaci\u00f3 esc\u00e8nica i cantada d&#8217;una obra de teatre musical que representen davant les fam\u00edlies uns dies abans de finalitzar el curs escolar.<\/p>\n<p style=\"text-align: center;\">\r\n\t<div class=\"slideshow_container slideshow_container_style-light\" style=\"height: 300px; \" data-slideshow-id=\"822\" data-style-name=\"style-light\" data-style-version=\"2.3.1\" >\r\n\r\n\t\t\t\t\t<div class=\"slideshow_loading_icon\"><\/div>\r\n\t\t\r\n\t\t<div class=\"slideshow_content\" style=\"display: none;\">\r\n\r\n\t\t\t<div class=\"slideshow_view\">\r\n\t\t\t\t<div class=\"slideshow_slide slideshow_slide_image\">\r\n\t\t\t\t\t\t\t\t\t\t\t<img src=\"https:\/\/agora.xtec.cat\/escolaalexandregalibcn\/wp-content\/uploads\/usu2463\/2025\/02\/IMG_20220616_115308-scaled.jpg\" alt=\"\" width=\"2560\" height=\"1920\" \/>\r\n\t\t\t\t\t\t\t\t\t\t<div class=\"slideshow_description_box slideshow_transparent\">\r\n\t\t\t\t\t\t\t\t\t\t\t\t\t\t\t\t\t<\/div>\r\n\t\t\t\t<\/div>\r\n\r\n\t\t\t\t\t\t<div style=\"clear: both;\"><\/div><\/div><div class=\"slideshow_view\">\r\n\t\t\t\t<div class=\"slideshow_slide slideshow_slide_image\">\r\n\t\t\t\t\t\t\t\t\t\t\t<img src=\"https:\/\/agora.xtec.cat\/escolaalexandregalibcn\/wp-content\/uploads\/usu2463\/2025\/02\/cantania-2-1-scaled.jpg\" alt=\"\" width=\"2560\" height=\"1920\" \/>\r\n\t\t\t\t\t\t\t\t\t\t<div class=\"slideshow_description_box slideshow_transparent\">\r\n\t\t\t\t\t\t\t\t\t\t\t\t\t\t\t\t\t<\/div>\r\n\t\t\t\t<\/div>\r\n\r\n\t\t\t\t\t\t<div style=\"clear: both;\"><\/div><\/div><div class=\"slideshow_view\">\r\n\t\t\t\t<div class=\"slideshow_slide slideshow_slide_image\">\r\n\t\t\t\t\t\t\t\t\t\t\t<img src=\"https:\/\/agora.xtec.cat\/escolaalexandregalibcn\/wp-content\/uploads\/usu2463\/2025\/02\/compositors.jpg\" alt=\"\" width=\"1600\" height=\"1200\" \/>\r\n\t\t\t\t\t\t\t\t\t\t<div class=\"slideshow_description_box slideshow_transparent\">\r\n\t\t\t\t\t\t\t\t\t\t\t\t\t\t\t\t\t<\/div>\r\n\t\t\t\t<\/div>\r\n\r\n\t\t\t\t\t\t<div style=\"clear: both;\"><\/div><\/div>\r\n\t\t<\/div>\r\n\r\n\t\t<div class=\"slideshow_controlPanel slideshow_transparent\" style=\"display: none;\"><ul><li class=\"slideshow_togglePlay\" data-play-text=\"Visualitza\" data-pause-text=\"Pausa\"><\/li><\/ul><\/div>\r\n\r\n\t\t<div class=\"slideshow_button slideshow_previous slideshow_transparent\" role=\"button\" data-previous-text=\"Anterior\" style=\"display: none;\"><\/div>\r\n\t\t<div class=\"slideshow_button slideshow_next slideshow_transparent\" role=\"button\" data-next-text=\"Seg\u00fcent\" style=\"display: none;\"><\/div>\r\n\r\n\t\t<div class=\"slideshow_pagination\" style=\"display: none;\" data-go-to-text=\"V\u00e9s a la diapositiva\"><div class=\"slideshow_pagination_center\"><\/div><\/div>\r\n\r\n\t\t<!-- WordPress Slideshow Version 2.3.1 -->\r\n\r\n\t\t\t<\/div>\r\n\r\n<\/p>\n","protected":false},"excerpt":{"rendered":"<p>LA CANT\u00c0NIA<br \/>\nA l\u2019escola participem en aquest projecte de l\u2019Auditori amb els alumnes de 4t. Durant tot el curs es preparen les can\u00e7ons i coreografies que hauran d\u2019escenificar i cantar el dia del concert conjuntament amb els nens\/es d\u2019altres escoles de tot Catalunya.<br \/>\nEL DANSA ARA<br \/>\n\u201cL\u2019Esport i&hellip;  <a href=\"https:\/\/agora.xtec.cat\/escolaalexandregalibcn\/leducacio-musical\/\" title=\"Read L&#8217;educaci\u00f3 musical\">Llegeix m\u00e9s\u00bb<\/a><\/p>\n","protected":false},"author":1,"featured_media":0,"parent":0,"menu_order":0,"comment_status":"closed","ping_status":"closed","template":"","meta":{"_bbp_topic_count":0,"_bbp_reply_count":0,"_bbp_total_topic_count":0,"_bbp_total_reply_count":0,"_bbp_voice_count":0,"_bbp_anonymous_reply_count":0,"_bbp_topic_count_hidden":0,"_bbp_reply_count_hidden":0,"_bbp_forum_subforum_count":0,"footnotes":""},"class_list":["post-773","page","type-page","status-publish","hentry"],"post_mailing_queue_ids":[],"_links":{"self":[{"href":"https:\/\/agora.xtec.cat\/escolaalexandregalibcn\/wp-json\/wp\/v2\/pages\/773","targetHints":{"allow":["GET"]}}],"collection":[{"href":"https:\/\/agora.xtec.cat\/escolaalexandregalibcn\/wp-json\/wp\/v2\/pages"}],"about":[{"href":"https:\/\/agora.xtec.cat\/escolaalexandregalibcn\/wp-json\/wp\/v2\/types\/page"}],"author":[{"embeddable":true,"href":"https:\/\/agora.xtec.cat\/escolaalexandregalibcn\/wp-json\/wp\/v2\/users\/1"}],"replies":[{"embeddable":true,"href":"https:\/\/agora.xtec.cat\/escolaalexandregalibcn\/wp-json\/wp\/v2\/comments?post=773"}],"version-history":[{"count":5,"href":"https:\/\/agora.xtec.cat\/escolaalexandregalibcn\/wp-json\/wp\/v2\/pages\/773\/revisions"}],"predecessor-version":[{"id":827,"href":"https:\/\/agora.xtec.cat\/escolaalexandregalibcn\/wp-json\/wp\/v2\/pages\/773\/revisions\/827"}],"wp:attachment":[{"href":"https:\/\/agora.xtec.cat\/escolaalexandregalibcn\/wp-json\/wp\/v2\/media?parent=773"}],"curies":[{"name":"wp","href":"https:\/\/api.w.org\/{rel}","templated":true}]}}