{"id":77,"date":"2014-09-18T14:05:08","date_gmt":"2014-09-18T13:05:08","guid":{"rendered":"http:\/\/agora.xtec.cat\/escolaalexandregalibcn\/?page_id=77"},"modified":"2024-02-14T10:51:42","modified_gmt":"2024-02-14T09:51:42","slug":"acollida","status":"publish","type":"page","link":"https:\/\/agora.xtec.cat\/escolaalexandregalibcn\/serveis\/acollida\/","title":{"rendered":"Acollida"},"content":{"rendered":"<p>Podeu deixar als vostres fills i filles a l&#8217;escola des de les 8 del mat\u00ed, no abans.<\/p>\n<p>Els alumnes d&#8217;infantil amb germans a prim\u00e0ria tenen l&#8217;acollida gratu\u00efta a partir de les 8:30, si no tenen germans a prim\u00e0ria \u00e9s un servei de pagament.<\/p>\n<p>Per poder fer \u00fas del servei us haureu de ser socis i donar d&#8217;alta als nens\/es a l&#8217;AFA (presencialment o per mail).<\/p>\n<p>El pagament del servei es far\u00e0 abans del dia 20 del mes anterior pels usuaris habituals. No es podr\u00e0 quedar a acollida cap infant que no estigui al corrent de pagament.<\/p>\n<p>Els usuaris espor\u00e0dics hauran de presentar tickets als educadors\/es de l&#8217;acollida per poder fer \u00fas del servei. 5 tickets usuari espor\u00e0dic (30 min): 15\u20ac<\/p>\n<p>El <strong>pagament <\/strong>el podeu realitzar <strong>per transfer\u00e8ncia <\/strong>al compte ES0701821001580200038571 o b\u00e9, de manera <strong>presencial a l&#8217;oficina <\/strong>de l&#8217;AFA. RECORDEU, S\u2019HA DE PAGAR ABANS DEL DIA 20 DEL MES ANTERIOR.<\/p>\n<p><strong>PREUS: <\/strong><\/p>\n<p>o 30 minuts diaris: 16 \u20ac al mes o 1 hora di\u00e0ria: 32 \u20ac al mes o 1,5 hores di\u00e0ries: 45 \u20ac al mes o 5 tickets usuari espor\u00e0dic (30 min): 15 \u20ac<\/p>\n<p><strong>ENTRADES ACOLLIDA: <\/strong><\/p>\n<ul>\n<li>A les 8h per porta del porxo<\/li>\n<li>A les 8\u201930h per porta Passeig Mar<\/li>\n<\/ul>\n<p>&nbsp;<\/p>\n","protected":false},"excerpt":{"rendered":"<p>Podeu deixar als vostres fills i filles a l&#8217;escola des de les 8 del mat\u00ed, no abans.<br \/>\nEls alumnes d&#8217;infantil amb germans a prim\u00e0ria tenen l&#8217;acollida gratu\u00efta a partir de les 8:30, si no tenen germans a prim\u00e0ria \u00e9s un servei de pagament.<br \/>\nPer poder fer \u00fas&hellip;  <a href=\"https:\/\/agora.xtec.cat\/escolaalexandregalibcn\/serveis\/acollida\/\" title=\"Read Acollida\">Llegeix m\u00e9s\u00bb<\/a><\/p>\n","protected":false},"author":1,"featured_media":0,"parent":66,"menu_order":20,"comment_status":"closed","ping_status":"closed","template":"page-templates\/side-menu.php","meta":{"_bbp_topic_count":0,"_bbp_reply_count":0,"_bbp_total_topic_count":0,"_bbp_total_reply_count":0,"_bbp_voice_count":0,"_bbp_anonymous_reply_count":0,"_bbp_topic_count_hidden":0,"_bbp_reply_count_hidden":0,"_bbp_forum_subforum_count":0,"footnotes":""},"class_list":["post-77","page","type-page","status-publish","hentry"],"post_mailing_queue_ids":[],"_links":{"self":[{"href":"https:\/\/agora.xtec.cat\/escolaalexandregalibcn\/wp-json\/wp\/v2\/pages\/77","targetHints":{"allow":["GET"]}}],"collection":[{"href":"https:\/\/agora.xtec.cat\/escolaalexandregalibcn\/wp-json\/wp\/v2\/pages"}],"about":[{"href":"https:\/\/agora.xtec.cat\/escolaalexandregalibcn\/wp-json\/wp\/v2\/types\/page"}],"author":[{"embeddable":true,"href":"https:\/\/agora.xtec.cat\/escolaalexandregalibcn\/wp-json\/wp\/v2\/users\/1"}],"replies":[{"embeddable":true,"href":"https:\/\/agora.xtec.cat\/escolaalexandregalibcn\/wp-json\/wp\/v2\/comments?post=77"}],"version-history":[{"count":3,"href":"https:\/\/agora.xtec.cat\/escolaalexandregalibcn\/wp-json\/wp\/v2\/pages\/77\/revisions"}],"predecessor-version":[{"id":598,"href":"https:\/\/agora.xtec.cat\/escolaalexandregalibcn\/wp-json\/wp\/v2\/pages\/77\/revisions\/598"}],"up":[{"embeddable":true,"href":"https:\/\/agora.xtec.cat\/escolaalexandregalibcn\/wp-json\/wp\/v2\/pages\/66"}],"wp:attachment":[{"href":"https:\/\/agora.xtec.cat\/escolaalexandregalibcn\/wp-json\/wp\/v2\/media?parent=77"}],"curies":[{"name":"wp","href":"https:\/\/api.w.org\/{rel}","templated":true}]}}