{"id":692,"date":"2024-02-14T13:57:10","date_gmt":"2024-02-14T12:57:10","guid":{"rendered":"https:\/\/agora.xtec.cat\/escolaalexandregalibcn\/?page_id=692"},"modified":"2026-02-19T19:10:52","modified_gmt":"2026-02-19T18:10:52","slug":"equip-2024-2025","status":"publish","type":"page","link":"https:\/\/agora.xtec.cat\/escolaalexandregalibcn\/equip-2024-2025\/","title":{"rendered":"Equip 2025-2026"},"content":{"rendered":"<p>&nbsp;<\/p>\n<table style=\"border-collapse: collapse; width: 94.3244%; height: 74px;\">\n<tbody>\n<tr style=\"height: 32px;\">\n<td style=\"width: 33.8058%; height: 32px; border-style: solid; border-color: #2b20c7;\"><strong>Direcci\u00f3<\/strong><\/td>\n<td style=\"width: 24.2766%; height: 32px; border-style: solid; border-color: #2b20c7;\">Laura L\u00f3pez<\/td>\n<td style=\"width: 37.2219%; height: 32px; border-style: solid; border-color: #2b20c7;\">laura.lopez@alexandregali.catucau<\/td>\n<\/tr>\n<tr style=\"height: 32px;\">\n<td style=\"width: 33.8058%; height: 10px; border-style: solid; border-color: #2b20c7;\"><strong>Cap d&#8217;Estudis<\/strong><\/td>\n<td style=\"width: 24.2766%; height: 10px; border-style: solid; border-color: #2b20c7;\">Carla Pretel<\/td>\n<td style=\"width: 37.2219%; height: 10px; border-style: solid; border-color: #2b20c7;\">carla.pretel@alexandregali.cat<\/td>\n<\/tr>\n<tr style=\"height: 32px;\">\n<td style=\"width: 33.8058%; height: 32px; border-style: solid; border-color: #2b20c7;\"><strong>Secretaria<\/strong><\/td>\n<td style=\"width: 24.2766%; height: 32px; border-style: solid; border-color: #2b20c7;\">Elisenda Puig<\/td>\n<td style=\"width: 37.2219%; height: 32px; border-style: solid; border-color: #2b20c7;\">elisenda.puig@alexandregali.cat<\/td>\n<\/tr>\n<\/tbody>\n<\/table>\n<table style=\"border-collapse: collapse; width: 94.4595%;\">\n<tbody>\n<tr>\n<td style=\"width: 33.3333%; border-style: solid; border-color: #2b20c7;\"><strong>Coordinadora d&#8217;Educaci\u00f3 Infantil<\/strong><\/td>\n<td style=\"width: 23.8738%; border-style: solid; border-color: #2b20c7;\">Mireia N\u00fa\u00f1ez<\/td>\n<td style=\"width: 37.2523%; border-style: solid; border-color: #2b20c7;\">mireia.nunez@alexandregali.cat<\/td>\n<\/tr>\n<tr>\n<td style=\"width: 33.3333%; border-style: solid; border-color: #2b20c7;\"><strong>Coordinador de Cicle Inicial<\/strong><\/td>\n<td style=\"width: 23.8738%; border-style: solid; border-color: #2b20c7;\">Arnau Carretero<\/td>\n<td style=\"width: 37.2523%; border-style: solid; border-color: #2b20c7;\">arnau.carretero@alexandregali.cat<\/td>\n<\/tr>\n<tr>\n<td style=\"width: 33.3333%; border-style: solid; border-color: #2b20c7;\"><strong>Coordinadora de Cicle Mitj\u00e0<\/strong><\/td>\n<td style=\"width: 23.8738%; border-style: solid; border-color: #2b20c7;\">Laura Gil<\/td>\n<td style=\"width: 37.2523%; border-style: solid; border-color: #2b20c7;\">laura.gil@alexandregali.cat<\/td>\n<\/tr>\n<tr>\n<td style=\"width: 33.3333%; border-style: solid; border-color: #2b20c7;\"><strong>Coordinadora de Cicle Superior<\/strong><\/td>\n<td style=\"width: 23.8738%; border-style: solid; border-color: #2b20c7;\">Joana Moreno<\/td>\n<td style=\"width: 37.2523%; border-style: solid; border-color: #2b20c7;\">joana.moreno@alexandregali.cat<\/td>\n<\/tr>\n<\/tbody>\n<\/table>\n<table style=\"border-collapse: collapse; width: 94.3228%; height: 61px;\">\n<tbody>\n<tr>\n<td style=\"width: 33.8835%; border-style: solid; border-color: #2b20c7;\"><strong>Administrativa<\/strong><\/td>\n<td style=\"width: 24.2385%; border-style: solid; border-color: #2b20c7;\">Claudia Hurtado<\/td>\n<td style=\"width: 37.703%; border-style: solid; border-color: #2b20c7;\">administrativa@alexandregali.cat<\/td>\n<\/tr>\n<tr>\n<td style=\"width: 33.8835%; border-style: solid; border-color: #2b20c7;\"><strong>Consergeria<\/strong><\/td>\n<td style=\"width: 24.2385%; border-style: solid; border-color: #2b20c7;\">Juan Pablo Fern\u00e1ndez<\/td>\n<td style=\"width: 37.703%; border-style: solid; border-color: #2b20c7;\"><\/td>\n<\/tr>\n<\/tbody>\n<\/table>\n<p>&nbsp;<\/p>\n<p style=\"text-align: left;\"><strong>L&#8217;Equip de mestres del curs 2025-2026\u00a0 \u00a0 \u00a0 \u00a0 \u00a0 \u00a0 \u00a0 \u00a0 \u00a0 \u00a0 \u00a0 \u00a0 \u00a0 \u00a0 \u00a0 \u00a0 \u00a0 \u00a0 \u00a0 \u00a0 \u00a0 \u00a0 \u00a0 \u00a0 \u00a0 \u00a0 \u00a0 \u00a0 \u00a0 \u00a0 \u00a0 \u00a0 \u00a0 \u00a0<\/strong><\/p>\n<p><a href=\"https:\/\/agora.xtec.cat\/escolaalexandregalibcn\/wp-content\/uploads\/usu2463\/2025\/10\/Foto-claustre-2526.jpeg\"><img loading=\"lazy\" decoding=\"async\" class=\"alignnone size-large wp-image-885\" src=\"https:\/\/agora.xtec.cat\/escolaalexandregalibcn\/wp-content\/uploads\/usu2463\/2025\/10\/Foto-claustre-2526-1024x768.jpeg\" alt=\"\" width=\"1024\" height=\"768\" srcset=\"https:\/\/agora.xtec.cat\/escolaalexandregalibcn\/wp-content\/uploads\/usu2463\/2025\/10\/Foto-claustre-2526-1024x768.jpeg 1024w, https:\/\/agora.xtec.cat\/escolaalexandregalibcn\/wp-content\/uploads\/usu2463\/2025\/10\/Foto-claustre-2526-300x225.jpeg 300w, https:\/\/agora.xtec.cat\/escolaalexandregalibcn\/wp-content\/uploads\/usu2463\/2025\/10\/Foto-claustre-2526-768x576.jpeg 768w, https:\/\/agora.xtec.cat\/escolaalexandregalibcn\/wp-content\/uploads\/usu2463\/2025\/10\/Foto-claustre-2526-1536x1152.jpeg 1536w, https:\/\/agora.xtec.cat\/escolaalexandregalibcn\/wp-content\/uploads\/usu2463\/2025\/10\/Foto-claustre-2526-200x150.jpeg 200w, https:\/\/agora.xtec.cat\/escolaalexandregalibcn\/wp-content\/uploads\/usu2463\/2025\/10\/Foto-claustre-2526.jpeg 1600w\" sizes=\"auto, (max-width: 1024px) 100vw, 1024px\" \/><\/a><\/p>\n<p><strong>Educaci\u00f3 Infantil<\/strong><\/p>\n<table style=\"border-collapse: collapse; width: 94.5925%; height: 430px;\">\n<tbody>\n<tr>\n<td style=\"width: 13.1549%; border-style: solid; border-color: #2b20c7;\">I3 A<\/td>\n<td style=\"width: 17.9048%; border-style: solid; border-color: #2b20c7;\">Lydia Aragon\u00e9s<\/td>\n<td style=\"width: 31.052%; border-style: solid; border-color: #2b20c7;\">lydia.aragones@alexandregali.cat<\/td>\n<\/tr>\n<tr>\n<td style=\"width: 13.1549%; border-style: solid; border-color: #2b20c7;\">I3 B<\/td>\n<td style=\"width: 17.9048%; border-style: solid; border-color: #2b20c7;\">Aransa Gonz\u00e1lez<\/td>\n<td style=\"width: 31.052%; border-style: solid; border-color: #2b20c7;\">aransa.gonzalez@alexandregali.cat<\/td>\n<\/tr>\n<tr>\n<td style=\"width: 13.1549%; border-style: solid; border-color: #2b20c7;\">TEEI &#8211; suport a I3<\/td>\n<td style=\"width: 17.9048%; border-style: solid; border-color: #2b20c7;\">Gemma Vendrell<\/td>\n<td style=\"width: 31.052%; border-style: solid; border-color: #2b20c7;\">gemma.vendrell@alexandregali.cat<\/td>\n<\/tr>\n<tr>\n<td style=\"width: 13.1549%; border-style: solid; border-color: #2b20c7;\">I4 A<\/td>\n<td style=\"width: 17.9048%; border-style: solid; border-color: #2b20c7;\">Mireia Nu\u00f1ez<\/td>\n<td style=\"width: 31.052%; border-style: solid; border-color: #2b20c7;\">mireia.nunez@alexandregali.cat<\/td>\n<\/tr>\n<tr>\n<td style=\"width: 13.1549%; border-style: solid; border-color: #2b20c7;\">I4 B<\/td>\n<td style=\"width: 17.9048%; border-style: solid; border-color: #2b20c7;\">Carlota Vidal \/ Carme Sanguino<\/td>\n<td style=\"width: 31.052%; border-style: solid; border-color: #2b20c7;\">carlota.vidal@alexandregali.cat \/ carme.sanguino@alexandregali.cat<\/td>\n<\/tr>\n<tr>\n<td style=\"width: 13.1549%; border-style: solid; border-color: #2b20c7;\">I5 A<\/td>\n<td style=\"width: 17.9048%; border-style: solid; border-color: #2b20c7;\">Marta Lara<\/td>\n<td style=\"width: 31.052%; border-style: solid; border-color: #2b20c7;\">marta.lara@alexandregali.cat<\/td>\n<\/tr>\n<tr>\n<td style=\"width: 13.1549%; border-style: solid; border-color: #2b20c7;\">I5 B<\/td>\n<td style=\"width: 17.9048%; border-style: solid; border-color: #2b20c7;\">Laura Mingote<\/td>\n<td style=\"width: 31.052%; border-style: solid; border-color: #2b20c7;\">laura.mingote@alexandregali.cat<\/td>\n<\/tr>\n<tr>\n<td style=\"width: 13.1549%; border-style: solid; border-color: #2b20c7;\">MESI<\/td>\n<td style=\"width: 17.9048%; border-style: solid; border-color: #2b20c7;\">Ariadna Esteban<\/td>\n<td style=\"width: 31.052%; border-style: solid; border-color: #2b20c7;\">ariadna.esteban<span class=\"\">@alexandregali.cat<\/span><\/td>\n<\/tr>\n<tr>\n<td style=\"width: 13.1549%; border-style: solid; border-color: #2b20c7;\">Suport<\/td>\n<td style=\"width: 17.9048%; border-style: solid; border-color: #2b20c7;\">Marta Garcia<\/td>\n<td style=\"width: 31.052%; border-style: solid; border-color: #2b20c7;\">marta.garciainfantil@alexandregali.cat<\/td>\n<\/tr>\n<tr>\n<td style=\"width: 13.1549%; border-style: solid; border-color: #2b20c7;\">Mestra SENSEI<\/td>\n<td style=\"width: 17.9048%; border-style: solid; border-color: #2b20c7;\">Txell del Carmen<\/td>\n<td style=\"width: 31.052%; border-style: solid; border-color: #2b20c7;\">txell.delcarmen@alexandregali.cat<\/td>\n<\/tr>\n<\/tbody>\n<\/table>\n<p><strong>Cicle Inicial<\/strong><\/p>\n<table style=\"border-collapse: collapse; width: 94.1892%; height: 103px;\">\n<tbody>\n<tr style=\"height: 32px;\">\n<td style=\"width: 19.5895%; border-style: solid; border-color: #2b20c7; height: 29px;\">1r A<\/td>\n<td style=\"width: 31.0818%; border-style: solid; border-color: #2b20c7; height: 29px;\">Arnau Carretero<\/td>\n<td style=\"width: 50.4759%; border-style: solid; border-color: #2b20c7; height: 29px;\">arnau.carretero@alexandregali.cat<\/td>\n<\/tr>\n<tr style=\"height: 32px;\">\n<td style=\"width: 19.5895%; border-style: solid; border-color: #2b20c7; height: 32px;\">1r B<\/td>\n<td style=\"width: 31.0818%; border-style: solid; border-color: #2b20c7; height: 32px;\">Roger Rovira<\/td>\n<td style=\"width: 50.4759%; border-style: solid; border-color: #2b20c7; height: 32px;\">roger.rovira@alexandregali.cat<\/td>\n<\/tr>\n<tr style=\"height: 32px;\">\n<td style=\"width: 19.5895%; border-style: solid; border-color: #2b20c7; height: 32px;\">2n A<\/td>\n<td style=\"width: 31.0818%; border-style: solid; border-color: #2b20c7; height: 32px;\">Marta Solaz<\/td>\n<td style=\"width: 50.4759%; border-style: solid; border-color: #2b20c7; height: 32px;\">marta.solaz@alexandregali.cat<\/td>\n<\/tr>\n<tr style=\"height: 32px;\">\n<td style=\"width: 19.5895%; border-style: solid; border-color: #2b20c7; height: 10px;\">2n B<\/td>\n<td style=\"width: 31.0818%; border-style: solid; border-color: #2b20c7; height: 10px;\">Cristina Soro \/ Pau Astier<\/td>\n<td style=\"width: 50.4759%; border-style: solid; border-color: #2b20c7; height: 10px;\">cristina.soro<span class=\"\">@alexandregali.cat \/ <\/span>pau.astier@alexandregali.cat<\/td>\n<\/tr>\n<\/tbody>\n<\/table>\n<p><strong>Cicle Mitj\u00e0<\/strong><\/p>\n<table style=\"border-collapse: collapse; width: 94.1892%; height: 160px;\">\n<tbody>\n<tr style=\"height: 32px;\">\n<td style=\"width: 19.733%; border-style: solid; border-color: #2b20c7; height: 32px;\">3r A<\/td>\n<td style=\"width: 31.7151%; border-style: solid; border-color: #2b20c7; height: 32px;\">Neus Argem\u00ed<\/td>\n<td style=\"width: 49.6991%; border-style: solid; border-color: #2b20c7; height: 32px;\">neus.argemi@alexandregali.cat<\/td>\n<\/tr>\n<tr style=\"height: 32px;\">\n<td style=\"width: 19.733%; border-style: solid; border-color: #2b20c7; height: 32px;\">3r B<\/td>\n<td style=\"width: 31.7151%; border-color: #2b20c7; border-style: solid; height: 32px;\">Cristian Tello<\/td>\n<td style=\"width: 49.6991%; border-color: #2b20c7; border-style: solid; height: 32px;\">cristian.tello@alexandregali.cat<\/td>\n<\/tr>\n<tr style=\"height: 32px;\">\n<td style=\"width: 19.733%; border-style: solid; border-color: #2b20c7; height: 32px;\">4t A<\/td>\n<td style=\"width: 31.7151%; border-style: solid; border-color: #2b20c7; height: 32px;\">Marta Garcia<\/td>\n<td style=\"width: 49.6991%; border-style: solid; border-color: #2b20c7; height: 32px;\">marta.garcia@alexandregali.cat<\/td>\n<\/tr>\n<tr style=\"height: 32px;\">\n<td style=\"width: 19.733%; border-style: solid; border-color: #2b20c7; height: 32px;\">4t B<\/td>\n<td style=\"width: 31.7151%; border-color: #2b20c7; border-style: solid; height: 32px;\">Montse L\u00f3pez<\/td>\n<td style=\"width: 49.6991%; border-color: #2b20c7; border-style: solid; height: 32px;\">montse.lopez@alexandregali.cat<\/td>\n<\/tr>\n<tr style=\"height: 32px;\">\n<td style=\"width: 19.733%; border-style: solid; border-color: #2b20c7; height: 32px;\">Mestra SENSEI<\/td>\n<td style=\"width: 31.7151%; border-style: solid; border-color: #2b20c7; height: 32px;\">Alexia Jaumot<\/td>\n<td style=\"width: 49.6991%; border-style: solid; border-color: #2b20c7; height: 32px;\">alexia.jaumot@alexandregali.cat<\/td>\n<\/tr>\n<\/tbody>\n<\/table>\n<p><strong>Cicle Superior<\/strong><\/p>\n<table style=\"border-collapse: collapse; width: 94.7297%; height: 117px;\">\n<tbody>\n<tr style=\"height: 32px;\">\n<td style=\"width: 19.1441%; border-color: #2b20c7; border-style: solid; height: 32px;\">5\u00e8 A<\/td>\n<td style=\"width: 29.566%; border-color: #2b20c7; border-style: solid; height: 32px;\">Jose Ramon<\/td>\n<td style=\"width: 46.0195%; border-color: #2b20c7; border-style: solid; height: 32px;\">jose.ramon@alexandregali.cat<\/td>\n<\/tr>\n<tr style=\"height: 32px;\">\n<td style=\"width: 19.1441%; border-color: #2b20c7; border-style: solid; height: 32px;\">5\u00e8 B<\/td>\n<td style=\"width: 29.566%; border-color: #2b20c7; border-style: solid; height: 32px;\">Teresa Romero<\/td>\n<td style=\"width: 46.0195%; border-color: #2b20c7; border-style: solid; height: 32px;\">teresa.romero@alexandregali.cat<\/td>\n<\/tr>\n<tr style=\"height: 76px;\">\n<td style=\"width: 19.1441%; border-color: #2b20c7; border-style: solid; height: 10px;\">6\u00e8 A<\/td>\n<td style=\"width: 29.566%; border-color: #2b20c7; border-style: solid; height: 10px;\">J\u00falia Aud\u00ed<\/td>\n<td style=\"width: 46.0195%; border-color: #2b20c7; border-style: solid; height: 10px;\">julia.audi@alexandregali.cat<\/td>\n<\/tr>\n<tr style=\"height: 32px;\">\n<td style=\"width: 19.1441%; border-color: #2b20c7; border-style: solid; height: 11px;\">6\u00e8 B<\/td>\n<td style=\"width: 29.566%; border-color: #2b20c7; border-style: solid; height: 11px;\">Anna P\u00e9rez \/ Andrea Mas<\/td>\n<td style=\"width: 46.0195%; border-color: #2b20c7; border-style: solid; height: 11px;\">anna.perez<span class=\"\">@alexandregali.cat \/ <\/span>andrea.mas@alexandregali.cat<\/td>\n<\/tr>\n<tr style=\"height: 32px;\">\n<td style=\"width: 19.1441%; border-color: #2b20c7; border-style: solid; height: 32px;\">Mestra SENSEI<\/td>\n<td style=\"width: 29.566%; border-color: #2b20c7; border-style: solid; height: 32px;\">Nat\u00e0lia Margarita<\/td>\n<td style=\"width: 46.0195%; border-color: #2b20c7; border-style: solid; height: 32px;\">natalia.margarita@alexandregali.cat<\/td>\n<\/tr>\n<\/tbody>\n<\/table>\n<p><strong>Especialistes i altres professionals<\/strong><\/p>\n<table style=\"border-collapse: collapse; width: 100%; height: 542px;\">\n<tbody>\n<tr style=\"height: 47px;\">\n<td style=\"width: 30.3273%; height: 41px; border-style: solid; border-color: #2b20c7;\">Mestra suport inclusi\u00f3 a Cicle Inicial i 3r<\/td>\n<td style=\"width: 21.0087%; height: 41px; border-style: solid; border-color: #2b20c7;\">Elsa Roig<\/td>\n<td style=\"width: 48.6639%; height: 41px; border-style: solid; border-color: #2b20c7;\">elsa.roig<span class=\"\">@alexandregali.cat<\/span><\/td>\n<\/tr>\n<tr style=\"height: 47px;\">\n<td style=\"width: 30.3273%; height: 43px; border-style: solid; border-color: #2b20c7;\">Mestra suport inclusi\u00f3 4t, 5\u00e8 i 6\u00e8<\/td>\n<td style=\"width: 21.0087%; height: 43px; border-style: solid; border-color: #2b20c7;\">Joana Moreno<\/td>\n<td style=\"width: 48.6639%; height: 43px; border-style: solid; border-color: #2b20c7;\">joana.moreno@alexandregali.cat<\/td>\n<\/tr>\n<tr style=\"height: 32px;\">\n<td style=\"width: 30.3273%; border-style: solid; border-color: #2b20c7; height: 32px;\">Mestre d&#8217;Audici\u00f3 i Llenguatge<\/td>\n<td style=\"width: 21.0087%; border-style: solid; border-color: #2b20c7; height: 32px;\">Ismael Seliva<\/td>\n<td style=\"width: 48.6639%; border-style: solid; border-color: #2b20c7; height: 32px;\">ismael.leiva@alexandregali.cat<\/td>\n<\/tr>\n<tr style=\"height: 32px;\">\n<td style=\"width: 30.3273%; border-style: solid; border-color: #2b20c7; height: 32px;\">Aula d&#8217;Acollida<\/td>\n<td style=\"width: 21.0087%; border-style: solid; border-color: #2b20c7; height: 32px;\">N\u00faria Mart\u00ed<\/td>\n<td style=\"width: 48.6639%; border-style: solid; border-color: #2b20c7; height: 32px;\">nuria.marti@alexandregali.cat<\/td>\n<\/tr>\n<tr style=\"height: 32px;\">\n<td style=\"width: 30.3273%; height: 32px; border-style: solid; border-color: #2b20c7;\">M\u00fasica a Infantil i Cicle Inicial<\/td>\n<td style=\"width: 21.0087%; height: 32px; border-style: solid; border-color: #2b20c7;\">Sandra Palau<\/td>\n<td style=\"width: 48.6639%; height: 32px; border-style: solid; border-color: #2b20c7;\">sandra.palau@alexandregali.cat<\/td>\n<\/tr>\n<tr style=\"height: 32px;\">\n<td style=\"width: 30.3273%; height: 32px; border-style: solid; border-color: #2b20c7;\">M\u00fasica a Cicle Mitj\u00e0 i Superior<\/td>\n<td style=\"width: 21.0087%; height: 32px; border-style: solid; border-color: #2b20c7;\">Elisenda Puig<\/td>\n<td style=\"width: 48.6639%; height: 32px; border-style: solid; border-color: #2b20c7;\">elisenda.puig@alexandregali.cat<\/td>\n<\/tr>\n<tr style=\"height: 32px;\">\n<td style=\"width: 30.3273%; height: 32px; border-style: solid; border-color: #2b20c7;\">Angl\u00e8s a Infantil<\/td>\n<td style=\"width: 21.0087%; height: 32px; border-style: solid; border-color: #2b20c7;\">Laura Garrido<\/td>\n<td style=\"width: 48.6639%; height: 32px; border-style: solid; border-color: #2b20c7;\">laura.garrido@alexandregali.cat<\/td>\n<\/tr>\n<tr style=\"height: 32px;\">\n<td style=\"width: 30.3273%; border-style: solid; border-color: #2b20c7; height: 32px;\">Angl\u00e8s 1r i 2n<\/td>\n<td style=\"width: 21.0087%; border-style: solid; border-color: #2b20c7; height: 32px;\">Andrea Esp\u00ed<\/td>\n<td style=\"width: 48.6639%; border-style: solid; border-color: #2b20c7; height: 32px;\">andrea.espi@alexandregali.ca<\/td>\n<\/tr>\n<tr style=\"height: 32px;\">\n<td style=\"width: 30.3273%; height: 32px; border-style: solid; border-color: #2b20c7;\">Angl\u00e8s 3r<\/td>\n<td style=\"width: 21.0087%; height: 32px; border-style: solid; border-color: #2b20c7;\">Cristian Tello<\/td>\n<td style=\"width: 48.6639%; height: 32px; border-style: solid; border-color: #2b20c7;\">cristian.tello@alexandregali.cat<\/td>\n<\/tr>\n<tr style=\"height: 32px;\">\n<td style=\"width: 30.3273%; height: 32px; border-style: solid; border-color: #2b20c7;\">Angl\u00e8s 4t, 5\u00e8 i 6\u00e8<\/td>\n<td style=\"width: 21.0087%; height: 32px; border-style: solid; border-color: #2b20c7;\">Lorena Campodarve<\/td>\n<td style=\"width: 48.6639%; height: 32px; border-style: solid; border-color: #2b20c7;\">lorena.campodarve@alexandregali.cat<\/td>\n<\/tr>\n<tr style=\"height: 32px;\">\n<td style=\"width: 30.3273%; height: 32px; border-style: solid; border-color: #2b20c7;\">Educaci\u00f3 F\u00edsica I5 i Cicle Inicial<\/td>\n<td style=\"width: 21.0087%; height: 32px; border-style: solid; border-color: #2b20c7;\">L\u00eddia P\u00e9rez<\/td>\n<td style=\"width: 48.6639%; height: 32px; border-style: solid; border-color: #2b20c7;\">lidia.perez@alexandregali.cat<\/td>\n<\/tr>\n<tr style=\"height: 32px;\">\n<td style=\"width: 30.3273%; height: 32px; border-style: solid; border-color: #2b20c7;\">Educaci\u00f3 F\u00edsica Cicle Mitj\u00e0 i Superior<\/td>\n<td style=\"width: 21.0087%; height: 32px; border-style: solid; border-color: #2b20c7;\">Laura Gil<\/td>\n<td style=\"width: 48.6639%; height: 32px; border-style: solid; border-color: #2b20c7;\">laura.gil@alexandregali.cat<\/td>\n<\/tr>\n<tr style=\"height: 32px;\">\n<td style=\"width: 30.3273%; height: 32px; border-style: solid; border-color: #2b20c7;\">Llengua Castellana Cicle Inicial i Mitj\u00e0<\/td>\n<td style=\"width: 21.0087%; height: 32px; border-style: solid; border-color: #2b20c7;\">Macarena P\u00e9rez<\/td>\n<td style=\"width: 48.6639%; height: 32px; border-style: solid; border-color: #2b20c7;\">macarena.perez@alexandregali.cat<\/td>\n<\/tr>\n<tr style=\"height: 96px;\">\n<td style=\"width: 30.3273%; border-style: solid; border-color: #2b20c7; height: 10px;\">Espai de benestar<\/td>\n<td style=\"width: 21.0087%; border-style: solid; border-color: #2b20c7; height: 10px;\">Laura L\u00f3pez \/ Cl\u00e0udia Arias<\/td>\n<td style=\"width: 48.6639%; border-style: solid; border-color: #2b20c7; height: 10px;\">laura.lopez@alexandregali.cat \/ tis@alexandregali.cat<\/td>\n<\/tr>\n<tr style=\"height: 32px;\">\n<td style=\"width: 30.3273%; border-style: solid; border-color: #2b20c7; height: 32px;\">Biblioteca i suport<\/td>\n<td style=\"width: 21.0087%; border-style: solid; border-color: #2b20c7; height: 32px;\">Carla Pretel<\/td>\n<td style=\"width: 48.6639%; border-style: solid; border-color: #2b20c7; height: 32px;\">carla.pretel@alexandregali.cat<\/td>\n<\/tr>\n<tr style=\"height: 32px;\">\n<td style=\"width: 30.3273%; border-style: solid; border-color: #2b20c7; height: 32px;\">TIS<\/td>\n<td style=\"width: 21.0087%; border-style: solid; border-color: #2b20c7; height: 32px;\">Cl\u00e0udia Arias<\/td>\n<td style=\"width: 48.6639%; border-style: solid; border-color: #2b20c7; height: 32px;\">tis@alexandregali.cat<\/td>\n<\/tr>\n<tr style=\"height: 32px;\">\n<td style=\"width: 30.3273%; border-style: solid; border-color: #2b20c7; height: 32px;\">Vetlladores<\/td>\n<td style=\"width: 21.0087%; border-style: solid; border-color: #2b20c7; height: 32px;\">Marilola, Nat\u00e0lia i Marga<\/td>\n<td style=\"width: 48.6639%; border-style: solid; border-color: #2b20c7; height: 32px;\"><\/td>\n<\/tr>\n<\/tbody>\n<\/table>\n","protected":false},"excerpt":{"rendered":"<p>&nbsp;<\/p>\n<p>Direcci\u00f3<br \/>\nLaura L\u00f3pez<br \/>\nlaura.lopez@alexandregali.catucau<\/p>\n<p>Cap d&#8217;Estudis<br \/>\nCarla Pretel<br \/>\ncarla.pretel@alexandregali.cat<\/p>\n<p>Secretaria<br \/>\nElisenda Puig<br \/>\nelisenda.puig@alexandregali.cat<\/p>\n<p>Coordinadora d&#8217;Educaci\u00f3 Infantil<br \/>\nMireia N\u00fa\u00f1ez<br \/>\nmireia.nunez@alexandregali.cat<\/p>\n<p>Coordinador de Cicle Inicial<br \/>\nArnau Carretero<br \/>\narnau.carretero@alexandregali.cat<\/p>\n<p>Coordinadora de Cicle Mitj\u00e0<br \/>\nLaura Gil<br \/>\nlaura.gil@alexandregali.cat<\/p>\n<p>Coordinadora de Cicle Superior<br \/>\nJoana Moreno<br \/>\njoana.moreno@alexandregali.cat<\/p>\n<p>Administrativa<br \/>\nClaudia Hurtado<br \/>\nadministrativa@alexandregali.cat<\/p>\n<p>Consergeria<br \/>\nJuan Pablo Fern\u00e1ndez<\/p>\n<p>&nbsp;<br \/>\nL&#8217;Equip de mestres del curs 2025-2026\u00a0 \u00a0 \u00a0 \u00a0 \u00a0 \u00a0 \u00a0 \u00a0 \u00a0 \u00a0 \u00a0 \u00a0 \u00a0 \u00a0 \u00a0 \u00a0 \u00a0 \u00a0&hellip;  <a href=\"https:\/\/agora.xtec.cat\/escolaalexandregalibcn\/equip-2024-2025\/\" title=\"Read Equip 2025-2026\">Llegeix m\u00e9s\u00bb<\/a><\/p>\n","protected":false},"author":1,"featured_media":0,"parent":0,"menu_order":0,"comment_status":"closed","ping_status":"closed","template":"","meta":{"_bbp_topic_count":0,"_bbp_reply_count":0,"_bbp_total_topic_count":0,"_bbp_total_reply_count":0,"_bbp_voice_count":0,"_bbp_anonymous_reply_count":0,"_bbp_topic_count_hidden":0,"_bbp_reply_count_hidden":0,"_bbp_forum_subforum_count":0,"footnotes":""},"class_list":["post-692","page","type-page","status-publish","hentry"],"post_mailing_queue_ids":[],"_links":{"self":[{"href":"https:\/\/agora.xtec.cat\/escolaalexandregalibcn\/wp-json\/wp\/v2\/pages\/692","targetHints":{"allow":["GET"]}}],"collection":[{"href":"https:\/\/agora.xtec.cat\/escolaalexandregalibcn\/wp-json\/wp\/v2\/pages"}],"about":[{"href":"https:\/\/agora.xtec.cat\/escolaalexandregalibcn\/wp-json\/wp\/v2\/types\/page"}],"author":[{"embeddable":true,"href":"https:\/\/agora.xtec.cat\/escolaalexandregalibcn\/wp-json\/wp\/v2\/users\/1"}],"replies":[{"embeddable":true,"href":"https:\/\/agora.xtec.cat\/escolaalexandregalibcn\/wp-json\/wp\/v2\/comments?post=692"}],"version-history":[{"count":6,"href":"https:\/\/agora.xtec.cat\/escolaalexandregalibcn\/wp-json\/wp\/v2\/pages\/692\/revisions"}],"predecessor-version":[{"id":1001,"href":"https:\/\/agora.xtec.cat\/escolaalexandregalibcn\/wp-json\/wp\/v2\/pages\/692\/revisions\/1001"}],"wp:attachment":[{"href":"https:\/\/agora.xtec.cat\/escolaalexandregalibcn\/wp-json\/wp\/v2\/media?parent=692"}],"curies":[{"name":"wp","href":"https:\/\/api.w.org\/{rel}","templated":true}]}}