{"id":626,"date":"2024-02-14T11:12:03","date_gmt":"2024-02-14T10:12:03","guid":{"rendered":"https:\/\/agora.xtec.cat\/escolaalexandregalibcn\/?page_id=626"},"modified":"2024-04-11T13:09:48","modified_gmt":"2024-04-11T11:09:48","slug":"documents-i-linies-estrategiques-descola","status":"publish","type":"page","link":"https:\/\/agora.xtec.cat\/escolaalexandregalibcn\/lescola\/documents-i-linies-estrategiques-descola\/","title":{"rendered":"Documents i l\u00ednies estrat\u00e8giques d&#8217;escola"},"content":{"rendered":"<h3 class=\"ng-scope\" translate=\"\">Projecte Educatiu<\/h3>\n<p><strong><em><span class=\"ng-scope\">TRETS D\u2019IDENTITAT:<\/span><\/em><\/strong><\/p>\n<p>Som una escola de dues l\u00ednies, familiar, arrelada i compromesa amb el barri de la Barceloneta. Tenim la sort de gaudir d&#8217;un entorn privilegiat del qual en generem aprenentatges i ens vinculem amb les entitats m\u00e9s properes.<\/p>\n<p>Vetllem pel benestar de totes les persones que formen la nostra comunitat educativa, fent equip i treballant per una bona comunicaci\u00f3 i conviv\u00e8ncia.<\/p>\n<p>Posem l&#8217;alumnat al centre de l&#8217;aprenentatge respectant els diferents ritmes des d&#8217;una mirada inclusiva. Estem repensant i transformant els nostres entorns d&#8217;aprenentatge cap a un ensenyament m\u00e9s competencial i globalitzat, aprofitant les motivacions i inquietuds dels nostres infants.<\/p>\n<p>Donem molta import\u00e0ncia al llenguatge art\u00edstic com a potenciador de la creativitat i com a vehicle per als aprenentatges i les emocions. Tamb\u00e9 treballem dia a dia per la sostenibilitat i el comprom\u00eds social.<\/p>\n<p>A l&#8217;escola hi tenim un lloc per a tothom!<\/p>\n<p><em><strong><span class=\"ng-scope\">PILARS PEDAG\u00d2GICS \/ BASES DEL MODEL EDUCATIU:<\/span><\/strong><\/em><\/p>\n<p>La nostra finalitat \u00e9s que l&#8217;alumnat vingui feli\u00e7, se senti acollit i adquireixi les compet\u00e8ncies necess\u00e0ries per a desenvolupar-se m\u00e9s enll\u00e0 de l&#8217;escola, a la vida. \u00c9s per aix\u00f2 que:<\/p>\n<ul>\n<li>Posem l&#8217;infant al centre de l&#8217;aprenentatge. Apr\u00e8n a mesura que experimenta, planifica, reflexiona, dialoga, sempre amb el nostre acompanyament.<\/li>\n<li>Fomentem l&#8217;aprenentatge cooperatiu en tant que l\u2019alumnat apr\u00e8n en societat, \u00e9s a dir, amb i dels altres.<\/li>\n<li>Acompanyem els infants en el seu desenvolupament social i emocional, treballant dia a dia per aconseguir un centre ben cohesionat, respectant la identitat de g\u00e8nere, cultural i la diversitat funcional.<\/li>\n<li>Atenem la diversitat des d\u2019una mirada inclusiva, cercant l&#8217;equitat i l&#8217;\u00e8xit educatiu de tots els infants.<\/li>\n<li>Com a centre, cerquem cont\u00ednuament la millora de la qualitat del proc\u00e9s d&#8217;ensenyament-aprenentatge.<\/li>\n<li>Ens plantegem l&#8217;educaci\u00f3 com una tasca col\u00b7laborativa de tota la comunitat educativa. Per aix\u00f2, ens agrada implicar a les fam\u00edlies en la vida escolar.<\/li>\n<\/ul>\n<p><em><strong><span class=\"ng-scope\">OBJECTIUS EDUCATIUS PRIORITARIS:<\/span><\/strong><\/em><\/p>\n<ul>\n<li>Acompanyar el desenvolupament de les capacitats cognitives, emocionals i f\u00edsiques de l\u2019alumnat, aix\u00ed com en l\u2019adquisici\u00f3 d\u2019uns valors socials i c\u00edvics.<\/li>\n<li>Oferir entorns d\u2019aprenentatge que despertin en els nostres infants la inquietud, curiositat i inter\u00e8s per aprendre, respectant els diferents ritmes.<\/li>\n<li>Potenciar les seves compet\u00e8ncies personals perqu\u00e8 esdevinguin persones aut\u00f2nomes i capaces de treballar cooperativament.<\/li>\n<li>Despertar la creativitat en tots els \u00e0mbits: art\u00edstic, matem\u00e0tic, ling\u00fc\u00edstic, personal, cient\u00edfic\u2026<\/li>\n<li>Promoure habilitats i capacitats personals per participar d\u2019una bona conviv\u00e8ncia.<\/li>\n<li>Establir vincles amb l&#8217;entorn: ens connectem amb centres educatius del barri i amb entitats i museus per ampliar les experi\u00e8ncies de l&#8217;alumnat\u00a0 i els seus aprenentatges: Biblioteca La Fraternitat, Centre C\u00edvic, Associaci\u00f3 Esportiva CV, Ateneu de fabricaci\u00f3 de la F\u00e0brica del Sol, Museu Mar\u00edtim, l&#8217;Auditori, Escola de M\u00fasics JPC, Xamfr\u00e0 i CNA Barceloneta.<\/li>\n<\/ul>\n<p><em><strong><span class=\"ng-scope\">CRITERIS D\u2019ORGANITZACI\u00d3 PEDAG\u00d2GICA:<\/span><\/strong><\/em><\/p>\n<p>Ens trobem en un moment de transformaci\u00f3 i millora dels entorns d&#8217;aprenentatge, repensant-los amb la intenci\u00f3 d\u2019oferir un enfocament m\u00e9s competencial i globalitzat. Apostem pels\u00a0<b>A<\/b><b>mbients d&#8217;aprenentatge<\/b>\u00a0a educaci\u00f3 infantil, l&#8217;<b>Innovamat<\/b>, l&#8217;<b>Aprenentatge Basat en Projectes<\/b>\u00a0i realitzem dues franges d&#8217;<b>Espais art\u00edstics<\/b>. A m\u00e9s<b>\u00a0<\/b>donem import\u00e0ncia a:<\/p>\n<p><b>Temps d&#8217;escriptura:<\/b>\u00a0a Prim\u00e0ria cada setmana els infants dediquen 30&#8242; a escriure per plaer, creen els seus textos lliurement a la llibreta d\u2019escriptura.<\/p>\n<p><b>Apadrinaments:<\/b>\u00a0d&#8217;I4 a 6\u00e8 totes les classes estan apadrinades i comparteixen un espai quinzenal per fer lectura i d&#8217;altres activitats art\u00edstiques, de conviv\u00e8ncia, etc.<\/p>\n<p><b>Espai de benestar:<\/b>\u00a0Tots els nens\/es tenen una sessi\u00f3 setmanal on treballem la conviv\u00e8ncia, les emocions, la gesti\u00f3 dels conflictes, el respecte, la comunicaci\u00f3, etc.<\/p>\n<p><b>Assemblea d&#8217;aula i d\u2019escola:<\/b>\u00a0a l\u2019aula conversem sobre el dia a dia a l&#8217;escola a trav\u00e9s de cercles de di\u00e0leg, on tothom escolta i \u00e9s escoltat.<\/p>\n<p>&nbsp;<\/p>\n<p><em><strong><span class=\"ng-scope\">PROJECTES I ACTIVITATS DESTACADES DEL CENTRE:<\/span><\/strong><\/em><\/p>\n<p>Som una escola inquieta, per aix\u00f2 desenvolupem i participem en diversos programes i projectes:<\/p>\n<p><b>Projecte Natura i Xarxa d&#8217;Escoles Sostenibles:<\/b>\u00a0l\u2019alumnat apr\u00e8n ci\u00e8ncies a partir de l&#8217;experimentaci\u00f3 directa al nostre Espai Natura. Com a escola verda, eduquem en la sostenibilitat i el comprom\u00eds socioambiental.<\/p>\n<p><b>Escoles T\u00e0ndem:<\/b>\u00a0Gr\u00e0cies al CEB i a la Fundaci\u00f3 Catalunya La Pedrera estem realitzant un T\u00e0ndem amb el British Council. Ens acompanyen per a la millora de la metodologia, la conviv\u00e8ncia i cohesi\u00f3 o la compet\u00e8ncia ling\u00fc\u00edstica en angl\u00e8s del nostre alumnat.<\/p>\n<p><b>Programa araART:<\/b>\u00a0ens permet formar-nos per tal de realitzar i posar en valor projectes art\u00edstics en col\u00b7laboraci\u00f3 amb una entitat cultural<\/p>\n<p><b>Xarxes per al Canvi:<\/b>\u00a0aquest programa ens ofereix formaci\u00f3 i suport per impulsar la millora educativa.<\/p>\n<p><b>Compet\u00e8ncia digital:<\/b>\u00a0apostem per una mirada integradora de la tecnologia, per tal que l\u2019alumnat desenvolupi la compet\u00e8ncia digital globalitzada amb la resta dels aprenentatges.<\/p>\n<p><em><strong><span class=\"ng-scope\">\u00c0MBITS DE PARTICIPACI\u00d3 I COL\u00b7LABORACI\u00d3:<\/span><\/strong><\/em><\/p>\n<p>Ens definim com una comunitat educativa que prioritza la participaci\u00f3 de totes les persones que en formem part. Aix\u00ed, generem espais per donar veu als mestres, a les fam\u00edlies i als nens i nenes a trav\u00e9s de l&#8217;Assemblea de classe i d&#8217;escola.<\/p>\n<p>Ens coordinem amb els altres centres educatius de la Barceloneta, amb qui fem activitats conjuntes. Per exemple, amb l&#8217;Escola Mediterr\u00e0nia i l&#8217;Institut Joan Salvat-Papasseit tenim el Projecte de l&#8217;Orquestra amb l&#8217;entitat Xamfr\u00e0. Els nens i nenes de cicle superior tenen una sessi\u00f3 setmanal d&#8217;orquestra on aprenen a tocar diferents instruments.<\/p>\n<p>L&#8217;AFA organitza moltes activitats extraescolars i el casal d&#8217;estiu. Tamb\u00e9 ofereix acollida de mat\u00ed per tal de facilitar la conciliaci\u00f3 laboral i familiar, i participa activament en diverses festes de l&#8217;escola.<\/p>\n<p>L&#8217;alumnat de cicle superior t\u00e9 l&#8217;oportunitat de participar en el Projecte \u00c8xit, realitzant dues sessions setmanals de suport a l&#8217;estudi.<\/p>\n<p>&nbsp;<\/p>\n<p><strong>DOCUMENTS<\/strong><\/p>\n<p><a href=\"https:\/\/agora.xtec.cat\/escolaalexandregalibcn\/wp-content\/uploads\/usu2463\/2024\/02\/PROJECTE-LINGUISTIC-2018.pdf\">Projecte Ling\u00fc\u00edstic<\/a><\/p>\n<p><a href=\"https:\/\/agora.xtec.cat\/escolaalexandregalibcn\/wp-content\/uploads\/usu2463\/2024\/02\/Projecte-de-Direccio-2021-2025.pdf\">Projecte de Direcci\u00f3 2021-2025<\/a><\/p>\n<p><a href=\"https:\/\/agora.xtec.cat\/escolaalexandregalibcn\/wp-content\/uploads\/usu2463\/2024\/02\/NOFC-2019-2020.pdf\">Normes d&#8217;Organitzaci\u00f3 i Funcionament de Centre (NOFC)<\/a><\/p>\n<p><a href=\"https:\/\/sites.google.com\/alexandregali.cat\/estrategia-digital\/estrategia-digital\">Estrat\u00e8gia Digital de Centre<\/a><\/p>\n<p>&nbsp;<\/p>\n<p>&nbsp;<\/p>\n","protected":false},"excerpt":{"rendered":"<p>Projecte Educatiu<br \/>\nTRETS D\u2019IDENTITAT:<br \/>\nSom una escola de dues l\u00ednies, familiar, arrelada i compromesa amb el barri de la Barceloneta. Tenim la sort de gaudir d&#8217;un entorn privilegiat del qual en generem aprenentatges i ens vinculem amb les entitats m\u00e9s properes.<br \/>\nVetllem pel benestar de totes les persones&hellip;  <a href=\"https:\/\/agora.xtec.cat\/escolaalexandregalibcn\/lescola\/documents-i-linies-estrategiques-descola\/\" title=\"Read Documents i l\u00ednies estrat\u00e8giques d&#8217;escola\">Llegeix m\u00e9s\u00bb<\/a><\/p>\n","protected":false},"author":1,"featured_media":0,"parent":22,"menu_order":20,"comment_status":"closed","ping_status":"closed","template":"","meta":{"_bbp_topic_count":0,"_bbp_reply_count":0,"_bbp_total_topic_count":0,"_bbp_total_reply_count":0,"_bbp_voice_count":0,"_bbp_anonymous_reply_count":0,"_bbp_topic_count_hidden":0,"_bbp_reply_count_hidden":0,"_bbp_forum_subforum_count":0,"footnotes":""},"class_list":["post-626","page","type-page","status-publish","hentry"],"post_mailing_queue_ids":[],"_links":{"self":[{"href":"https:\/\/agora.xtec.cat\/escolaalexandregalibcn\/wp-json\/wp\/v2\/pages\/626","targetHints":{"allow":["GET"]}}],"collection":[{"href":"https:\/\/agora.xtec.cat\/escolaalexandregalibcn\/wp-json\/wp\/v2\/pages"}],"about":[{"href":"https:\/\/agora.xtec.cat\/escolaalexandregalibcn\/wp-json\/wp\/v2\/types\/page"}],"author":[{"embeddable":true,"href":"https:\/\/agora.xtec.cat\/escolaalexandregalibcn\/wp-json\/wp\/v2\/users\/1"}],"replies":[{"embeddable":true,"href":"https:\/\/agora.xtec.cat\/escolaalexandregalibcn\/wp-json\/wp\/v2\/comments?post=626"}],"version-history":[{"count":6,"href":"https:\/\/agora.xtec.cat\/escolaalexandregalibcn\/wp-json\/wp\/v2\/pages\/626\/revisions"}],"predecessor-version":[{"id":749,"href":"https:\/\/agora.xtec.cat\/escolaalexandregalibcn\/wp-json\/wp\/v2\/pages\/626\/revisions\/749"}],"up":[{"embeddable":true,"href":"https:\/\/agora.xtec.cat\/escolaalexandregalibcn\/wp-json\/wp\/v2\/pages\/22"}],"wp:attachment":[{"href":"https:\/\/agora.xtec.cat\/escolaalexandregalibcn\/wp-json\/wp\/v2\/media?parent=626"}],"curies":[{"name":"wp","href":"https:\/\/api.w.org\/{rel}","templated":true}]}}