{"id":34,"date":"2014-09-18T12:32:18","date_gmt":"2014-09-18T11:32:18","guid":{"rendered":"http:\/\/agora.xtec.cat\/escolaalexandregalibcn\/?page_id=34"},"modified":"2024-04-11T13:06:53","modified_gmt":"2024-04-11T11:06:53","slug":"oferta-educativa","status":"publish","type":"page","link":"https:\/\/agora.xtec.cat\/escolaalexandregalibcn\/lescola\/oferta-educativa\/","title":{"rendered":"Oferta educativa"},"content":{"rendered":"<h3 class=\"ng-scope\" translate=\"\">Ensenyaments<\/h3>\n<ul class=\"list-unstyled m-top-sm\">\n<li class=\"ng-binding ng-scope\">Educaci\u00f3 infantil. Segon cicle (3-6 anys)\n<ul class=\"section-colored\" style=\"box-sizing: border-box; font-weight: 300; margin: 0px 0px 10px; padding: 0px; list-style: none;\" aria-hidden=\"false\">\n<li class=\"ng-scope\" aria-hidden=\"false\">Dues l\u00ednies de cada nivell.<\/li>\n<\/ul>\n<\/li>\n<li class=\"ng-binding ng-scope\">Educaci\u00f3 prim\u00e0ria (6-12 anys)\n<ul class=\"section-colored\" style=\"box-sizing: border-box; font-weight: 300; margin: 0px 0px 10px; padding: 0px; list-style: none;\" aria-hidden=\"false\">\n<li class=\"ng-scope\" aria-hidden=\"false\">Dues l\u00ednies de cada nivell.<\/li>\n<\/ul>\n<\/li>\n<\/ul>\n<h3 class=\"ng-scope\" translate=\"Adscripcions\">Adscripcions<\/h3>\n<ul class=\"list-unstyled m-top-sm\" aria-hidden=\"false\">\n<li class=\"ng-binding ng-scope\"><span class=\"ng-scope\" translate=\"\">Acc\u00e9s a<\/span>\u00a0Educaci\u00f3 secund\u00e0ria obligat\u00f2ria<span class=\"ng-scope\" translate=\"\">Centre adscrit a<\/span>:\n<ul class=\"section-colored\">\n<li class=\"ng-scope\">\u00a0<a class=\"event-centres-detall-centre_adscrit_a ng-binding\" href=\"https:\/\/www.edubcn.cat\/ca\/centres_serveis_educatius\/centres_educatius\/cercador#centre\/08034576\">Institut Joan Salvat i Papasseit<\/a>\u00a0<b class=\"ng-scope\" translate=\"\">(institut de refer\u00e8ncia)<\/b><\/li>\n<\/ul>\n<\/li>\n<\/ul>\n","protected":false},"excerpt":{"rendered":"<p>Ensenyaments<\/p>\n<ul class=\"list-unstyled m-top-sm\">\n<li class=\"ng-binding ng-scope\">Educaci\u00f3 infantil. Segon cicle (3-6 anys)\n<ul class=\"section-colored\" style=\"box-sizing: border-box; font-weight: 300; margin: 0px 0px 10px; padding: 0px; list-style: none;\" aria-hidden=\"false\">\n<li class=\"ng-scope\" aria-hidden=\"false\">Dues l\u00ednies de cada nivell.<\/li>\n<\/ul>\n<\/li>\n<li class=\"ng-binding ng-scope\">Educaci\u00f3 prim\u00e0ria (6-12 anys)\n<ul class=\"section-colored\" style=\"box-sizing: border-box; font-weight: 300; margin: 0px 0px 10px; padding:&hellip;  <a href=\"https:\/\/agora.xtec.cat\/escolaalexandregalibcn\/lescola\/oferta-educativa\/\" title=\"Read Oferta educativa\">Llegeix m\u00e9s\u00bb<\/a><\/p>\n","protected":false},"author":1,"featured_media":0,"parent":22,"menu_order":60,"comment_status":"closed","ping_status":"closed","template":"page-templates\/side-menu.php","meta":{"_bbp_topic_count":0,"_bbp_reply_count":0,"_bbp_total_topic_count":0,"_bbp_total_reply_count":0,"_bbp_voice_count":0,"_bbp_anonymous_reply_count":0,"_bbp_topic_count_hidden":0,"_bbp_reply_count_hidden":0,"_bbp_forum_subforum_count":0,"footnotes":""},"class_list":["post-34","page","type-page","status-publish","hentry"],"post_mailing_queue_ids":[],"_links":{"self":[{"href":"https:\/\/agora.xtec.cat\/escolaalexandregalibcn\/wp-json\/wp\/v2\/pages\/34","targetHints":{"allow":["GET"]}}],"collection":[{"href":"https:\/\/agora.xtec.cat\/escolaalexandregalibcn\/wp-json\/wp\/v2\/pages"}],"about":[{"href":"https:\/\/agora.xtec.cat\/escolaalexandregalibcn\/wp-json\/wp\/v2\/types\/page"}],"author":[{"embeddable":true,"href":"https:\/\/agora.xtec.cat\/escolaalexandregalibcn\/wp-json\/wp\/v2\/users\/1"}],"replies":[{"embeddable":true,"href":"https:\/\/agora.xtec.cat\/escolaalexandregalibcn\/wp-json\/wp\/v2\/comments?post=34"}],"version-history":[{"count":3,"href":"https:\/\/agora.xtec.cat\/escolaalexandregalibcn\/wp-json\/wp\/v2\/pages\/34\/revisions"}],"predecessor-version":[{"id":748,"href":"https:\/\/agora.xtec.cat\/escolaalexandregalibcn\/wp-json\/wp\/v2\/pages\/34\/revisions\/748"}],"up":[{"embeddable":true,"href":"https:\/\/agora.xtec.cat\/escolaalexandregalibcn\/wp-json\/wp\/v2\/pages\/22"}],"wp:attachment":[{"href":"https:\/\/agora.xtec.cat\/escolaalexandregalibcn\/wp-json\/wp\/v2\/media?parent=34"}],"curies":[{"name":"wp","href":"https:\/\/api.w.org\/{rel}","templated":true}]}}