{"id":28,"date":"2014-09-18T12:29:35","date_gmt":"2014-09-18T11:29:35","guid":{"rendered":"http:\/\/agora.xtec.cat\/escolaalexandregalibcn\/?page_id=28"},"modified":"2026-02-01T10:14:54","modified_gmt":"2026-02-01T09:14:54","slug":"consell-escolar","status":"publish","type":"page","link":"https:\/\/agora.xtec.cat\/escolaalexandregalibcn\/lescola\/consell-escolar\/","title":{"rendered":"Consell escolar"},"content":{"rendered":"<p>El Consell Escolar \u00e9s l&#8217;\u00f2rgan col\u00b7legiat que regula l\u2019organitzaci\u00f3 i la participaci\u00f3 de la comunitat educativa de la nostra escola. Es tracten els assumptes m\u00e9s importants de la vida escolar. Es reuneix quatre vegades durant el curs.<\/p>\n<p>Tenim en funcionament la Comissi\u00f3 Econ\u00f2mica, la Comissi\u00f3 Permanent, la Comissi\u00f3 de Conviv\u00e8ncia i la Comissi\u00f3 de Menjador. Aquestes dues \u00faltimes es reuneixen cada trimestre.<\/p>\n<p>Les persones del Consell Escolar s\u00f3n escollides cada dos cursos per un per\u00edode de 4 anys i es renoven per meitats cada dos anys, tenint en compte les eleccions del mes de novembre de 2025, les\/els representants s\u00f3n:<\/p>\n<p><strong>Equip Directiu: <\/strong>Laura L\u00f3pez, Carla Pretel i Elisenda Puig.<\/p>\n<p><strong>Sector mestres:<\/strong> Laura Gil, Anna P\u00e9rez, Marta Lara, Cristian Tello, Jose Ramon i Laura Mingote.<\/p>\n<p><strong>Sector fam\u00edlies:<\/strong> Jenifer Lomba, Catherine Lucero, Carol Andreu, Mari Cort\u00e9s i Zineb Djaffir.<\/p>\n<p><strong>Sector AFA:<\/strong> Montse Soler.<\/p>\n<p><strong>Sector PAS (Personal d\u2019Administraci\u00f3 i Serveis):<\/strong> Juan Pablo Fern\u00e1ndez.<\/p>\n<p><strong>Sector PAE (Personal d&#8217;Atenci\u00f3 Educativa):<\/strong> Gemma Vendrell.<\/p>\n<p><strong>Sector institucional (representant de l\u2019Ajuntament):<\/strong> Ram\u00f3n Granadal.<\/p>\n<p>Les persones dels sectors fam\u00edlies i AFA s\u00f3n els interlocutors que poden recollir i canalitzar els vostres suggeriments i aportacions a l\u2019Escola. Moltes gr\u00e0cies a totes per formar-hi part!<\/p>\n","protected":false},"excerpt":{"rendered":"<p>El Consell Escolar \u00e9s l&#8217;\u00f2rgan col\u00b7legiat que regula l\u2019organitzaci\u00f3 i la participaci\u00f3 de la comunitat educativa de la nostra escola. Es tracten els assumptes m\u00e9s importants de la vida escolar. Es reuneix quatre vegades durant el curs.<br \/>\nTenim en funcionament la Comissi\u00f3 Econ\u00f2mica, la Comissi\u00f3 Permanent,&hellip;  <a href=\"https:\/\/agora.xtec.cat\/escolaalexandregalibcn\/lescola\/consell-escolar\/\" title=\"Read Consell escolar\">Llegeix m\u00e9s\u00bb<\/a><\/p>\n","protected":false},"author":1,"featured_media":0,"parent":22,"menu_order":30,"comment_status":"closed","ping_status":"closed","template":"page-templates\/side-menu.php","meta":{"_bbp_topic_count":0,"_bbp_reply_count":0,"_bbp_total_topic_count":0,"_bbp_total_reply_count":0,"_bbp_voice_count":0,"_bbp_anonymous_reply_count":0,"_bbp_topic_count_hidden":0,"_bbp_reply_count_hidden":0,"_bbp_forum_subforum_count":0,"footnotes":""},"class_list":["post-28","page","type-page","status-publish","hentry"],"post_mailing_queue_ids":[],"_links":{"self":[{"href":"https:\/\/agora.xtec.cat\/escolaalexandregalibcn\/wp-json\/wp\/v2\/pages\/28","targetHints":{"allow":["GET"]}}],"collection":[{"href":"https:\/\/agora.xtec.cat\/escolaalexandregalibcn\/wp-json\/wp\/v2\/pages"}],"about":[{"href":"https:\/\/agora.xtec.cat\/escolaalexandregalibcn\/wp-json\/wp\/v2\/types\/page"}],"author":[{"embeddable":true,"href":"https:\/\/agora.xtec.cat\/escolaalexandregalibcn\/wp-json\/wp\/v2\/users\/1"}],"replies":[{"embeddable":true,"href":"https:\/\/agora.xtec.cat\/escolaalexandregalibcn\/wp-json\/wp\/v2\/comments?post=28"}],"version-history":[{"count":6,"href":"https:\/\/agora.xtec.cat\/escolaalexandregalibcn\/wp-json\/wp\/v2\/pages\/28\/revisions"}],"predecessor-version":[{"id":916,"href":"https:\/\/agora.xtec.cat\/escolaalexandregalibcn\/wp-json\/wp\/v2\/pages\/28\/revisions\/916"}],"up":[{"embeddable":true,"href":"https:\/\/agora.xtec.cat\/escolaalexandregalibcn\/wp-json\/wp\/v2\/pages\/22"}],"wp:attachment":[{"href":"https:\/\/agora.xtec.cat\/escolaalexandregalibcn\/wp-json\/wp\/v2\/media?parent=28"}],"curies":[{"name":"wp","href":"https:\/\/api.w.org\/{rel}","templated":true}]}}