{"id":26,"date":"2014-09-18T12:24:32","date_gmt":"2014-09-18T11:24:32","guid":{"rendered":"http:\/\/agora.xtec.cat\/escolaalexandregalibcn\/?page_id=26"},"modified":"2024-08-16T09:04:02","modified_gmt":"2024-08-16T07:04:02","slug":"historia","status":"publish","type":"page","link":"https:\/\/agora.xtec.cat\/escolaalexandregalibcn\/lescola\/historia\/","title":{"rendered":"Hist\u00f2ria"},"content":{"rendered":"<p>La nostra escola s\u2019ubica al barri de la Barceloneta i forma part del districte de Ciutat Vella.<br \/>\nLa seva localitzaci\u00f3 privilegiada fa que l\u2019escola sigui un espai obert al mar formant part d\u2019un barri amb tradici\u00f3 marinera i treballadora de les ind\u00fastries derivades del port.<\/p>\n<p>L\u2019escola \u00e9s va inaugurar al curs 1982 en terrenys que antigament havien estat ocupats per \u201cLa Maquinista\u201d. Al llarg de tots aquests anys s\u2019han anat fent remodelacions i redistribuint els diferents espais.<br \/>\nEstem dins del Complex educatiu-esportiu de la Barceloneta format per: l\u2019Escola Alexandre Gal\u00ed, l&#8217;Institut Joan Salvat-Papasseit, l&#8217;Institut Narc\u00eds Monturiol i les pistes de l&#8217;Associaci\u00f3 Esportviva Ciutat Vella.<\/p>\n<p><strong>Qui som?<\/strong><\/p>\n<ul>\n<li>Som una escola de dues l\u00ednies, familiar, arrelada i compromesa amb el barri de la Barceloneta. Tenim la sort de gaudir d&#8217;un entorn privilegiat del qual en generem aprenentatges i ens vinculem amb les entitats m\u00e9s properes.<\/li>\n<li>Vetllem pel benestar de totes les persones que formen la nostra comunitat educativa, fent equip i treballant per una bona comunicaci\u00f3 i conviv\u00e8ncia.<\/li>\n<li>El catal\u00e0 \u00e9s la llengua vehicular de la nostra escola, d&#8217;ensenyament i aprenentatge i de comunicaci\u00f3. Vetllem pel seu \u00fas dins la nostra comunitat educativa.<\/li>\n<li>Posem l&#8217;alumnat al centre de l&#8217;aprenentatge respectant els diferents ritmes des d&#8217;una mirada inclusiva. Estem repensant i transformant els nostres entorns d&#8217;aprenentatge cap a un ensenyament m\u00e9s competencial i globalitzat, aprofitant les motivacions i inquietuds dels nostres infants.<\/li>\n<li>Som Escola verda, formem part del programa d\u2019Escoles Sostenibles impulsat per l\u2019Ajuntament de Barcelona i el Consorci d\u2019Educaci\u00f3 i potenciem la sensibilitat i el respecte pel medi ambient.<\/li>\n<li>Donem molta import\u00e0ncia al llenguatge art\u00edstic com a potenciador de la creativitat i com a vehicle per als aprenentatges i les emocions. Tamb\u00e9 treballem dia a dia per la sostenibilitat i el comprom\u00eds social.<\/li>\n<li>Som una escola diversa, i com a tal, acollidora i compromesa amb la societat.<\/li>\n<\/ul>\n<p>A l&#8217;escola hi tenim un lloc per a tothom!<\/p>\n<p><img decoding=\"async\" src=\"https:\/\/www.alexandregali.cat\/wp-content\/uploads\/2018\/02\/escola-alexandre-gali.jpg\" alt=\"Escola Alexandre Gal\u00ed\" \/><\/p>\n","protected":false},"excerpt":{"rendered":"<p>La nostra escola s\u2019ubica al barri de la Barceloneta i forma part del districte de Ciutat Vella.<br \/>\nLa seva localitzaci\u00f3 privilegiada fa que l\u2019escola sigui un espai obert al mar formant part d\u2019un barri amb tradici\u00f3 marinera i treballadora de les ind\u00fastries derivades del port.<br \/>\nL\u2019escola \u00e9s&hellip;  <a href=\"https:\/\/agora.xtec.cat\/escolaalexandregalibcn\/lescola\/historia\/\" title=\"Read Hist\u00f2ria\">Llegeix m\u00e9s\u00bb<\/a><\/p>\n","protected":false},"author":1,"featured_media":0,"parent":22,"menu_order":20,"comment_status":"closed","ping_status":"closed","template":"page-templates\/side-menu.php","meta":{"_bbp_topic_count":0,"_bbp_reply_count":0,"_bbp_total_topic_count":0,"_bbp_total_reply_count":0,"_bbp_voice_count":0,"_bbp_anonymous_reply_count":0,"_bbp_topic_count_hidden":0,"_bbp_reply_count_hidden":0,"_bbp_forum_subforum_count":0,"footnotes":""},"class_list":["post-26","page","type-page","status-publish","hentry"],"post_mailing_queue_ids":[],"_links":{"self":[{"href":"https:\/\/agora.xtec.cat\/escolaalexandregalibcn\/wp-json\/wp\/v2\/pages\/26","targetHints":{"allow":["GET"]}}],"collection":[{"href":"https:\/\/agora.xtec.cat\/escolaalexandregalibcn\/wp-json\/wp\/v2\/pages"}],"about":[{"href":"https:\/\/agora.xtec.cat\/escolaalexandregalibcn\/wp-json\/wp\/v2\/types\/page"}],"author":[{"embeddable":true,"href":"https:\/\/agora.xtec.cat\/escolaalexandregalibcn\/wp-json\/wp\/v2\/users\/1"}],"replies":[{"embeddable":true,"href":"https:\/\/agora.xtec.cat\/escolaalexandregalibcn\/wp-json\/wp\/v2\/comments?post=26"}],"version-history":[{"count":3,"href":"https:\/\/agora.xtec.cat\/escolaalexandregalibcn\/wp-json\/wp\/v2\/pages\/26\/revisions"}],"predecessor-version":[{"id":768,"href":"https:\/\/agora.xtec.cat\/escolaalexandregalibcn\/wp-json\/wp\/v2\/pages\/26\/revisions\/768"}],"up":[{"embeddable":true,"href":"https:\/\/agora.xtec.cat\/escolaalexandregalibcn\/wp-json\/wp\/v2\/pages\/22"}],"wp:attachment":[{"href":"https:\/\/agora.xtec.cat\/escolaalexandregalibcn\/wp-json\/wp\/v2\/media?parent=26"}],"curies":[{"name":"wp","href":"https:\/\/api.w.org\/{rel}","templated":true}]}}