{"id":64,"date":"2014-09-18T12:39:08","date_gmt":"2014-09-18T11:39:08","guid":{"rendered":"http:\/\/agora.xtec.cat\/escolaaldric\/?page_id=64"},"modified":"2025-02-10T12:41:20","modified_gmt":"2025-02-10T11:41:20","slug":"projecte-educatiu","status":"publish","type":"page","link":"https:\/\/agora.xtec.cat\/escolaaldric\/projecte-educatiu\/","title":{"rendered":"L\u00ednia metodol\u00f2gica"},"content":{"rendered":"<p>El m\u00f3n que troba l\u2019infant actualment \u00e9s ple d\u2019est\u00edmuls, ple d\u2019informacions, ple de recursos\u2026 on hem de decidir constantment cap on volem anar si no volem deixar que altres persones o el mateix entorn impersonal, actiu, fren\u00e8tic ens porti, sense la nostra intervenci\u00f3 volunt\u00e0ria.<\/p>\n<p>En aquesta classe de m\u00f3n, tots tenim acc\u00e9s f\u00e0cil a informacions completes, diverses, actualitzades\u2026 i ja no \u00e9s v\u00e0lid que l\u2019ensenyament es basi a fer acumular aquestes informacions a les mem\u00f2ries dels nens i les nenes. Aquesta era potser la tasca adequada a altres temps on nom\u00e9s uns pocs sabien o tenien acc\u00e9s al saber i ens havien de transmetre el seu coneixement, b\u00e9 directament fent-nos d\u2019ensenyants, b\u00e9 indirectament donant-nos llibres de text on hi havia tot el que calia aprendre a cada edat i en cada moment.<\/p>\n<p>En aquest m\u00f3n canviant, obert, divers, complex creiem que hem de formar als infants en la reflexi\u00f3, la investigaci\u00f3, l\u2019autoaprenentatge, la pr\u00e0ctica de treball en equip i la interdisciplinarietat com a base de la comprensi\u00f3 d\u2019una realitat complexa. Hem d\u2019ajudar-los a formular-se preguntes, a buscar respostes coherents, a processar-les i saber-les comunicar i transmetre de forma adequada.<\/p>\n<p>Per aix\u00f2, les mestres que integrem el Claustre de l\u2019escola hem arribat a uns acords metodol\u00f2gics per consens, que seran el marc d\u2019actuaci\u00f3 de totes les activitats que es proposaran en el centre: Treball per projectes, ambients d\u2019aprenentatge i plans de treball.<\/p>\n","protected":false},"excerpt":{"rendered":"<p>El m\u00f3n que troba l\u2019infant actualment \u00e9s ple d\u2019est\u00edmuls, ple d\u2019informacions, ple de recursos\u2026 on hem de decidir constantment cap [&hellip;]<\/p>\n","protected":false},"author":1,"featured_media":0,"parent":0,"menu_order":0,"comment_status":"closed","ping_status":"closed","template":"","meta":{"_bbp_topic_count":0,"_bbp_reply_count":0,"_bbp_total_topic_count":0,"_bbp_total_reply_count":0,"_bbp_voice_count":0,"_bbp_anonymous_reply_count":0,"_bbp_topic_count_hidden":0,"_bbp_reply_count_hidden":0,"_bbp_forum_subforum_count":0,"site-sidebar-layout":"default","site-content-layout":"","ast-site-content-layout":"default","site-content-style":"default","site-sidebar-style":"default","ast-global-header-display":"","ast-banner-title-visibility":"","ast-main-header-display":"","ast-hfb-above-header-display":"","ast-hfb-below-header-display":"","ast-hfb-mobile-header-display":"","site-post-title":"","ast-breadcrumbs-content":"","ast-featured-img":"","footer-sml-layout":"","theme-transparent-header-meta":"","adv-header-id-meta":"","stick-header-meta":"","header-above-stick-meta":"","header-main-stick-meta":"","header-below-stick-meta":"","astra-migrate-meta-layouts":"set","ast-page-background-enabled":"default","ast-page-background-meta":{"desktop":{"background-color":"var(--ast-global-color-4)","background-image":"","background-repeat":"repeat","background-position":"center center","background-size":"auto","background-attachment":"scroll","background-type":"","background-media":"","overlay-type":"","overlay-color":"","overlay-opacity":"","overlay-gradient":""},"tablet":{"background-color":"","background-image":"","background-repeat":"repeat","background-position":"center center","background-size":"auto","background-attachment":"scroll","background-type":"","background-media":"","overlay-type":"","overlay-color":"","overlay-opacity":"","overlay-gradient":""},"mobile":{"background-color":"","background-image":"","background-repeat":"repeat","background-position":"center center","background-size":"auto","background-attachment":"scroll","background-type":"","background-media":"","overlay-type":"","overlay-color":"","overlay-opacity":"","overlay-gradient":""}},"ast-content-background-meta":{"desktop":{"background-color":"var(--ast-global-color-5)","background-image":"","background-repeat":"repeat","background-position":"center center","background-size":"auto","background-attachment":"scroll","background-type":"","background-media":"","overlay-type":"","overlay-color":"","overlay-opacity":"","overlay-gradient":""},"tablet":{"background-color":"var(--ast-global-color-5)","background-image":"","background-repeat":"repeat","background-position":"center center","background-size":"auto","background-attachment":"scroll","background-type":"","background-media":"","overlay-type":"","overlay-color":"","overlay-opacity":"","overlay-gradient":""},"mobile":{"background-color":"var(--ast-global-color-5)","background-image":"","background-repeat":"repeat","background-position":"center center","background-size":"auto","background-attachment":"scroll","background-type":"","background-media":"","overlay-type":"","overlay-color":"","overlay-opacity":"","overlay-gradient":""}},"footnotes":""},"class_list":["post-64","page","type-page","status-publish","hentry"],"post_mailing_queue_ids":[],"_links":{"self":[{"href":"https:\/\/agora.xtec.cat\/escolaaldric\/wp-json\/wp\/v2\/pages\/64","targetHints":{"allow":["GET"]}}],"collection":[{"href":"https:\/\/agora.xtec.cat\/escolaaldric\/wp-json\/wp\/v2\/pages"}],"about":[{"href":"https:\/\/agora.xtec.cat\/escolaaldric\/wp-json\/wp\/v2\/types\/page"}],"author":[{"embeddable":true,"href":"https:\/\/agora.xtec.cat\/escolaaldric\/wp-json\/wp\/v2\/users\/1"}],"replies":[{"embeddable":true,"href":"https:\/\/agora.xtec.cat\/escolaaldric\/wp-json\/wp\/v2\/comments?post=64"}],"version-history":[{"count":5,"href":"https:\/\/agora.xtec.cat\/escolaaldric\/wp-json\/wp\/v2\/pages\/64\/revisions"}],"predecessor-version":[{"id":6997,"href":"https:\/\/agora.xtec.cat\/escolaaldric\/wp-json\/wp\/v2\/pages\/64\/revisions\/6997"}],"wp:attachment":[{"href":"https:\/\/agora.xtec.cat\/escolaaldric\/wp-json\/wp\/v2\/media?parent=64"}],"curies":[{"name":"wp","href":"https:\/\/api.w.org\/{rel}","templated":true}]}}