{"id":6314,"date":"2022-07-03T21:32:14","date_gmt":"2022-07-03T19:32:14","guid":{"rendered":"https:\/\/agora.xtec.cat\/escolaaldric\/?page_id=6314"},"modified":"2025-03-06T10:40:19","modified_gmt":"2025-03-06T09:40:19","slug":"estrategia-digital-de-centre","status":"publish","type":"page","link":"https:\/\/agora.xtec.cat\/escolaaldric\/projecte-educatiu-2\/estrategia-digital-de-centre\/","title":{"rendered":"Estrat\u00e8gia Digital de Centre (EDC)"},"content":{"rendered":"<p dir=\"ltr\" style=\"text-align: justify;\">L\u2019Estrat\u00e8gia Digital de Centre (EDC) \u00e9s un <span style=\"color: #800080;\">document<\/span> que recull totes les<span style=\"color: #800080;\"> accions<\/span> que es realitzen en un centre, i les que es realitzaran a mitj\u00e0 termini, <span style=\"color: #800080;\">per aconseguir la m\u00e0xima compet\u00e8ncia digital de l\u2019alumnat, del professorat i del centre educatiu<\/span>. Ha de tenir com a referent el Pla d\u2019educaci\u00f3 digital de Catalunya (PEDC), on s\u2019indica la necessitat d\u2019assolir la fita d\u2019una societat digitalment competent, fent \u00e8mfasi en l\u2019equitat i tenint en compte l\u2019evoluci\u00f3 del context social i tecnol\u00f2gic.<\/p>\n<p dir=\"ltr\" style=\"text-align: justify;\">La <span style=\"color: #ff6600;\">primera part<\/span> \u00e9s estrat\u00e8gica i marca l\u2019horitz\u00f3 <span style=\"color: #ff6600;\">on vol arribar el centre<\/span> a mitj\u00e0 termini en l\u2019\u00e0mbit digital. Inclou una diagnosi, la determinaci\u00f3 d\u2019objectius, la planificaci\u00f3 d\u2019actuacions concretes i fixa l\u2019avaluaci\u00f3 de la mateixa estrat\u00e8gia.<\/p>\n<p style=\"text-align: justify;\">La<span style=\"color: #339966;\"> segona part<\/span> \u00e9s un recull de la cultura digital del centre, el qual permet tenir un <span style=\"color: #339966;\">coneixement global del centre <\/span>en l\u2019\u00e0mbit digital. Inclou procediments, acords i accions que el centre ja est\u00e0 realitzant i que permeten tenir una visi\u00f3 completa de la cultura digital que el centre ja ha assolit.<\/p>\n\n\n<div class=\"wp-block-columns is-layout-flex wp-container-core-columns-is-layout-3 wp-block-columns-is-layout-flex\">\n<div class=\"wp-block-column is-layout-flow wp-block-column-is-layout-flow\">\n<div class=\"wp-block-columns is-layout-flex wp-container-core-columns-is-layout-1 wp-block-columns-is-layout-flex\">\n<div class=\"wp-block-column is-layout-flow wp-block-column-is-layout-flow\">\n<figure class=\"wp-block-image size-full\"><a href=\"https:\/\/drive.google.com\/file\/d\/1Uxtetkdq0SW7vFJ536r_71DqyJDBb6VE\/view?usp=drive_link\" target=\"_blank\" rel=\"https:\/\/drive.google.com\/file\/d\/1Uxtetkdq0SW7vFJ536r_71DqyJDBb6VE\/view noreferrer noopener\"><img loading=\"lazy\" decoding=\"async\" width=\"591\" height=\"591\" src=\"https:\/\/agora.xtec.cat\/escolaaldric\/wp-content\/uploads\/usu1627\/2025\/02\/Imatge-estrategia.png\" alt=\"\" class=\"wp-image-6959\" srcset=\"https:\/\/agora.xtec.cat\/escolaaldric\/wp-content\/uploads\/usu1627\/2025\/02\/Imatge-estrategia.png 591w, https:\/\/agora.xtec.cat\/escolaaldric\/wp-content\/uploads\/usu1627\/2025\/02\/Imatge-estrategia-300x300.png 300w, https:\/\/agora.xtec.cat\/escolaaldric\/wp-content\/uploads\/usu1627\/2025\/02\/Imatge-estrategia-150x150.png 150w\" sizes=\"auto, (max-width: 591px) 100vw, 591px\" \/><\/a><\/figure>\n<\/div>\n\n\n\n<div class=\"wp-block-column is-layout-flow wp-block-column-is-layout-flow\">\n<figure class=\"wp-block-image size-full\"><a href=\"https:\/\/drive.google.com\/open?id=1w68yRH0k8de98D0L4zRM6u4fATUJ4R9M&amp;usp=drive_copy\"><img loading=\"lazy\" decoding=\"async\" width=\"591\" height=\"591\" src=\"https:\/\/agora.xtec.cat\/escolaaldric\/wp-content\/uploads\/usu1627\/2025\/02\/Imatges-pagina-web-2.png\" alt=\"\" class=\"wp-image-6960\" srcset=\"https:\/\/agora.xtec.cat\/escolaaldric\/wp-content\/uploads\/usu1627\/2025\/02\/Imatges-pagina-web-2.png 591w, https:\/\/agora.xtec.cat\/escolaaldric\/wp-content\/uploads\/usu1627\/2025\/02\/Imatges-pagina-web-2-300x300.png 300w, https:\/\/agora.xtec.cat\/escolaaldric\/wp-content\/uploads\/usu1627\/2025\/02\/Imatges-pagina-web-2-150x150.png 150w\" sizes=\"auto, (max-width: 591px) 100vw, 591px\" \/><\/a><\/figure>\n<\/div>\n<\/div>\n<\/div>\n\n\n\n<div class=\"wp-block-column is-layout-flow wp-block-column-is-layout-flow\">\n<div class=\"wp-block-columns is-layout-flex wp-container-core-columns-is-layout-2 wp-block-columns-is-layout-flex\">\n<div class=\"wp-block-column is-layout-flow wp-block-column-is-layout-flow\">\n<figure class=\"wp-block-image size-full\"><a href=\"https:\/\/drive.google.com\/file\/d\/1G23ttlyfyUIQ2xmVW60I6DjskL-LM1sj\/view?usp=drive_link\" target=\"_blank\" rel=\"noreferrer noopener\"><img loading=\"lazy\" decoding=\"async\" width=\"591\" height=\"591\" src=\"https:\/\/agora.xtec.cat\/escolaaldric\/wp-content\/uploads\/usu1627\/2025\/02\/Imatges-pagina-web3.png\" alt=\"\" class=\"wp-image-6961\" srcset=\"https:\/\/agora.xtec.cat\/escolaaldric\/wp-content\/uploads\/usu1627\/2025\/02\/Imatges-pagina-web3.png 591w, https:\/\/agora.xtec.cat\/escolaaldric\/wp-content\/uploads\/usu1627\/2025\/02\/Imatges-pagina-web3-300x300.png 300w, https:\/\/agora.xtec.cat\/escolaaldric\/wp-content\/uploads\/usu1627\/2025\/02\/Imatges-pagina-web3-150x150.png 150w\" sizes=\"auto, (max-width: 591px) 100vw, 591px\" \/><\/a><\/figure>\n<\/div>\n\n\n\n<div class=\"wp-block-column is-layout-flow wp-block-column-is-layout-flow\">\n<figure class=\"wp-block-image size-full\"><a href=\"https:\/\/sites.google.com\/aldric.cat\/escola-aldric\/acollida-digital?authuser=0\" target=\"_blank\" rel=\"noreferrer noopener\"><img loading=\"lazy\" decoding=\"async\" width=\"591\" height=\"591\" src=\"https:\/\/agora.xtec.cat\/escolaaldric\/wp-content\/uploads\/usu1627\/2025\/02\/Imatges-pagina-web-4.png\" alt=\"\" class=\"wp-image-6962\" srcset=\"https:\/\/agora.xtec.cat\/escolaaldric\/wp-content\/uploads\/usu1627\/2025\/02\/Imatges-pagina-web-4.png 591w, https:\/\/agora.xtec.cat\/escolaaldric\/wp-content\/uploads\/usu1627\/2025\/02\/Imatges-pagina-web-4-300x300.png 300w, https:\/\/agora.xtec.cat\/escolaaldric\/wp-content\/uploads\/usu1627\/2025\/02\/Imatges-pagina-web-4-150x150.png 150w\" sizes=\"auto, (max-width: 591px) 100vw, 591px\" \/><\/a><\/figure>\n<\/div>\n<\/div>\n<\/div>\n<\/div>\n\n\n\n<div class=\"wp-block-columns is-layout-flex wp-container-core-columns-is-layout-6 wp-block-columns-is-layout-flex\">\n<div class=\"wp-block-column is-layout-flow wp-block-column-is-layout-flow\">\n<div class=\"wp-block-columns is-layout-flex wp-container-core-columns-is-layout-4 wp-block-columns-is-layout-flex\">\n<div class=\"wp-block-column is-layout-flow wp-block-column-is-layout-flow\">\n<figure class=\"wp-block-image size-full\"><a href=\"https:\/\/agora.xtec.cat\/escolaaldric\/projecte-educatiu-2\/estrategia-digital-de-centre\/us-de-les-pantalles\/\"><img loading=\"lazy\" decoding=\"async\" width=\"591\" height=\"591\" src=\"https:\/\/agora.xtec.cat\/escolaaldric\/wp-content\/uploads\/usu1627\/2025\/03\/us-de-pantalles.png\" alt=\"\" class=\"wp-image-7083\" srcset=\"https:\/\/agora.xtec.cat\/escolaaldric\/wp-content\/uploads\/usu1627\/2025\/03\/us-de-pantalles.png 591w, https:\/\/agora.xtec.cat\/escolaaldric\/wp-content\/uploads\/usu1627\/2025\/03\/us-de-pantalles-300x300.png 300w, https:\/\/agora.xtec.cat\/escolaaldric\/wp-content\/uploads\/usu1627\/2025\/03\/us-de-pantalles-150x150.png 150w\" sizes=\"auto, (max-width: 591px) 100vw, 591px\" \/><\/a><\/figure>\n<\/div>\n\n\n\n<div class=\"wp-block-column is-layout-flow wp-block-column-is-layout-flow\">\n<figure class=\"wp-block-image size-full\"><a href=\"https:\/\/agora.xtec.cat\/escolaaldric\/projecte-educatiu-2\/estrategia-digital-de-centre\/normativa-de-lus-dordinadors-i-correu-corporatiu\/\"><img loading=\"lazy\" decoding=\"async\" width=\"591\" height=\"591\" src=\"https:\/\/agora.xtec.cat\/escolaaldric\/wp-content\/uploads\/usu1627\/2025\/03\/Us-dordinadors.png\" alt=\"\" class=\"wp-image-7102\" srcset=\"https:\/\/agora.xtec.cat\/escolaaldric\/wp-content\/uploads\/usu1627\/2025\/03\/Us-dordinadors.png 591w, https:\/\/agora.xtec.cat\/escolaaldric\/wp-content\/uploads\/usu1627\/2025\/03\/Us-dordinadors-300x300.png 300w, https:\/\/agora.xtec.cat\/escolaaldric\/wp-content\/uploads\/usu1627\/2025\/03\/Us-dordinadors-150x150.png 150w\" sizes=\"auto, (max-width: 591px) 100vw, 591px\" \/><\/a><\/figure>\n<\/div>\n<\/div>\n<\/div>\n\n\n\n<div class=\"wp-block-column is-layout-flow wp-block-column-is-layout-flow\">\n<div class=\"wp-block-columns is-layout-flex wp-container-core-columns-is-layout-5 wp-block-columns-is-layout-flex\">\n<div class=\"wp-block-column is-layout-flow wp-block-column-is-layout-flow\">\n<figure class=\"wp-block-image size-full\"><a href=\"https:\/\/ciberseguretat.gencat.cat\/ca\/ciutadania\/proteccio-menors\/\"><img loading=\"lazy\" decoding=\"async\" width=\"591\" height=\"591\" src=\"https:\/\/agora.xtec.cat\/escolaaldric\/wp-content\/uploads\/usu1627\/2025\/03\/internet-segura.png\" alt=\"\" class=\"wp-image-7084\" srcset=\"https:\/\/agora.xtec.cat\/escolaaldric\/wp-content\/uploads\/usu1627\/2025\/03\/internet-segura.png 591w, https:\/\/agora.xtec.cat\/escolaaldric\/wp-content\/uploads\/usu1627\/2025\/03\/internet-segura-300x300.png 300w, https:\/\/agora.xtec.cat\/escolaaldric\/wp-content\/uploads\/usu1627\/2025\/03\/internet-segura-150x150.png 150w\" sizes=\"auto, (max-width: 591px) 100vw, 591px\" \/><\/a><\/figure>\n<\/div>\n\n\n\n<div class=\"wp-block-column is-layout-flow wp-block-column-is-layout-flow\">\n<figure class=\"wp-block-image size-full\"><a href=\"https:\/\/youtu.be\/f41Y94RHB0Y?feature=shared\"><img loading=\"lazy\" decoding=\"async\" width=\"591\" height=\"591\" src=\"https:\/\/agora.xtec.cat\/escolaaldric\/wp-content\/uploads\/usu1627\/2025\/03\/postura-ordinador.png\" alt=\"\" class=\"wp-image-7082\" srcset=\"https:\/\/agora.xtec.cat\/escolaaldric\/wp-content\/uploads\/usu1627\/2025\/03\/postura-ordinador.png 591w, https:\/\/agora.xtec.cat\/escolaaldric\/wp-content\/uploads\/usu1627\/2025\/03\/postura-ordinador-300x300.png 300w, https:\/\/agora.xtec.cat\/escolaaldric\/wp-content\/uploads\/usu1627\/2025\/03\/postura-ordinador-150x150.png 150w\" sizes=\"auto, (max-width: 591px) 100vw, 591px\" \/><\/a><\/figure>\n<\/div>\n<\/div>\n<\/div>\n<\/div>\n","protected":false},"excerpt":{"rendered":"<p>L\u2019Estrat\u00e8gia Digital de Centre (EDC) \u00e9s un document que recull totes les accions que es realitzen en un centre, i [&hellip;]<\/p>\n","protected":false},"author":1,"featured_media":0,"parent":4162,"menu_order":0,"comment_status":"closed","ping_status":"closed","template":"","meta":{"_bbp_topic_count":0,"_bbp_reply_count":0,"_bbp_total_topic_count":0,"_bbp_total_reply_count":0,"_bbp_voice_count":0,"_bbp_anonymous_reply_count":0,"_bbp_topic_count_hidden":0,"_bbp_reply_count_hidden":0,"_bbp_forum_subforum_count":0,"site-sidebar-layout":"default","site-content-layout":"","ast-site-content-layout":"default","site-content-style":"default","site-sidebar-style":"default","ast-global-header-display":"","ast-banner-title-visibility":"","ast-main-header-display":"","ast-hfb-above-header-display":"","ast-hfb-below-header-display":"","ast-hfb-mobile-header-display":"","site-post-title":"","ast-breadcrumbs-content":"","ast-featured-img":"","footer-sml-layout":"","theme-transparent-header-meta":"default","adv-header-id-meta":"","stick-header-meta":"","header-above-stick-meta":"","header-main-stick-meta":"","header-below-stick-meta":"","astra-migrate-meta-layouts":"set","ast-page-background-enabled":"default","ast-page-background-meta":{"desktop":{"background-color":"var(--ast-global-color-4)","background-image":"","background-repeat":"repeat","background-position":"center center","background-size":"auto","background-attachment":"scroll","background-type":"","background-media":"","overlay-type":"","overlay-color":"","overlay-opacity":"","overlay-gradient":""},"tablet":{"background-color":"","background-image":"","background-repeat":"repeat","background-position":"center center","background-size":"auto","background-attachment":"scroll","background-type":"","background-media":"","overlay-type":"","overlay-color":"","overlay-opacity":"","overlay-gradient":""},"mobile":{"background-color":"","background-image":"","background-repeat":"repeat","background-position":"center center","background-size":"auto","background-attachment":"scroll","background-type":"","background-media":"","overlay-type":"","overlay-color":"","overlay-opacity":"","overlay-gradient":""}},"ast-content-background-meta":{"desktop":{"background-color":"var(--ast-global-color-5)","background-image":"","background-repeat":"repeat","background-position":"center center","background-size":"auto","background-attachment":"scroll","background-type":"","background-media":"","overlay-type":"","overlay-color":"","overlay-opacity":"","overlay-gradient":""},"tablet":{"background-color":"var(--ast-global-color-5)","background-image":"","background-repeat":"repeat","background-position":"center center","background-size":"auto","background-attachment":"scroll","background-type":"","background-media":"","overlay-type":"","overlay-color":"","overlay-opacity":"","overlay-gradient":""},"mobile":{"background-color":"var(--ast-global-color-5)","background-image":"","background-repeat":"repeat","background-position":"center center","background-size":"auto","background-attachment":"scroll","background-type":"","background-media":"","overlay-type":"","overlay-color":"","overlay-opacity":"","overlay-gradient":""}},"footnotes":""},"class_list":["post-6314","page","type-page","status-publish","hentry"],"post_mailing_queue_ids":[],"_links":{"self":[{"href":"https:\/\/agora.xtec.cat\/escolaaldric\/wp-json\/wp\/v2\/pages\/6314","targetHints":{"allow":["GET"]}}],"collection":[{"href":"https:\/\/agora.xtec.cat\/escolaaldric\/wp-json\/wp\/v2\/pages"}],"about":[{"href":"https:\/\/agora.xtec.cat\/escolaaldric\/wp-json\/wp\/v2\/types\/page"}],"author":[{"embeddable":true,"href":"https:\/\/agora.xtec.cat\/escolaaldric\/wp-json\/wp\/v2\/users\/1"}],"replies":[{"embeddable":true,"href":"https:\/\/agora.xtec.cat\/escolaaldric\/wp-json\/wp\/v2\/comments?post=6314"}],"version-history":[{"count":6,"href":"https:\/\/agora.xtec.cat\/escolaaldric\/wp-json\/wp\/v2\/pages\/6314\/revisions"}],"predecessor-version":[{"id":7108,"href":"https:\/\/agora.xtec.cat\/escolaaldric\/wp-json\/wp\/v2\/pages\/6314\/revisions\/7108"}],"up":[{"embeddable":true,"href":"https:\/\/agora.xtec.cat\/escolaaldric\/wp-json\/wp\/v2\/pages\/4162"}],"wp:attachment":[{"href":"https:\/\/agora.xtec.cat\/escolaaldric\/wp-json\/wp\/v2\/media?parent=6314"}],"curies":[{"name":"wp","href":"https:\/\/api.w.org\/{rel}","templated":true}]}}