{"id":6035,"date":"2021-03-02T13:05:52","date_gmt":"2021-03-02T12:05:52","guid":{"rendered":"http:\/\/agora.xtec.cat\/escolaaldric\/?page_id=6035"},"modified":"2024-02-06T16:23:29","modified_gmt":"2024-02-06T15:23:29","slug":"projecte-intercultural-nens-darreu","status":"publish","type":"page","link":"https:\/\/agora.xtec.cat\/escolaaldric\/projecte-educatiu\/projecte-intercultural-nens-darreu\/","title":{"rendered":"Projecte intercultural Nens d&#8217;Arreu"},"content":{"rendered":"<p style=\"text-align: justify;\">Nens d\u2019Arreu \u00e9s un projecte de centre destinat a con\u00e8ixer els diferents pa\u00efsos d\u2019origen de les nenes i els nens de l\u2019escola; \u00e9s un treball que ens ajuda a descobrir les altres cultures del m\u00f3n.<br \/>\nCada curs, la Setmana Cultural de l\u2019escola gira entorn d&#8217;un d\u2019aquests pa\u00efsos d\u2019origen dels nostres infants. El projecte t\u00e9 el suport d\u2019una col\u00b7lecci\u00f3 de contes: \u00abUn tomb per\u2026\u00bb Que ens endinsen en les realitats, particularitats i caracter\u00edstiques d\u2019aquests diferents pa\u00efsos del m\u00f3n d\u2019una manera l\u00fadica i educativa. Les fam\u00edlies i els infants protagonistes de la Setmana Cultural tenen un paper central en l\u2019organitzaci\u00f3 i la posada en pr\u00e0ctica de les activitats que s\u2019organitzen aquells dies.<\/p>\n<!--[if lt IE 9]><script>document.createElement('video');<\/script><![endif]-->\n\t<div class=\"wp-playlist wp-video-playlist wp-playlist-light\">\n\t\t<video controls=\"controls\" preload=\"none\" width=\"640\"\n\t\t height=\"360\"\t><\/video>\n\t<div class=\"wp-playlist-next\"><\/div>\n\t<div class=\"wp-playlist-prev\"><\/div>\n\t<noscript>\n\t<ol>\n\t\t<li><a href='https:\/\/agora.xtec.cat\/escolaaldric\/wp-content\/uploads\/usu1627\/2024\/02\/Historic-Projecte-intercultural-Nens-dArreu.mp4'>Hist\u00f2ric Projecte intercultural Nens d'Arreu<\/a><\/li>\t<\/ol>\n\t<\/noscript>\n\t<script type=\"application\/json\" class=\"wp-playlist-script\">{\"type\":\"video\",\"tracklist\":true,\"tracknumbers\":true,\"images\":true,\"artists\":true,\"tracks\":[{\"src\":\"https:\\\/\\\/agora.xtec.cat\\\/escolaaldric\\\/wp-content\\\/uploads\\\/usu1627\\\/2024\\\/02\\\/Historic-Projecte-intercultural-Nens-dArreu.mp4\",\"type\":\"video\\\/mp4\",\"title\":\"Hist\\u00f2ric Projecte intercultural Nens d'Arreu\",\"caption\":\"\",\"description\":\"\",\"meta\":{\"length_formatted\":\"1:10\"},\"dimensions\":{\"original\":{\"width\":1920,\"height\":1080},\"resized\":{\"width\":640,\"height\":360}},\"image\":{\"src\":\"https:\\\/\\\/agora.xtec.cat\\\/escolaaldric\\\/wp-includes\\\/images\\\/media\\\/video.svg\",\"width\":48,\"height\":64},\"thumb\":{\"src\":\"https:\\\/\\\/agora.xtec.cat\\\/escolaaldric\\\/wp-includes\\\/images\\\/media\\\/video.svg\",\"width\":48,\"height\":64}}]}<\/script>\n<\/div>\n\t\n<p style=\"text-align: center;\"><a class=\"button normal\" style=\"padding: 1em; font-weight: 400; margin: 0.1em; color: white !important; background-color: #768703;\" href=\"https:\/\/drive.google.com\/file\/d\/1pWRGXfxzaCc3XW8xSQn9yY0pIInWgNC1\/view?usp=sharing\" target=\"_blank\" rel=\"noopener noreferrer\">Un tomb pel&#8230; Marroc<\/a><\/p>\n<p style=\"text-align: center;\"><a class=\"button normal\" style=\"padding: 1em; font-weight: 400; margin: 0.1em; color: white !important; background-color: #768703;\" href=\"https:\/\/drive.google.com\/file\/d\/1V1Zcs2EcwDjVpOxcN_Vw6r11wnH0HJtb\/view?usp=sharing\" target=\"_blank\" rel=\"noopener noreferrer\">Un tomb per&#8230; la \u00cdndia<\/a><\/p>\n<p style=\"text-align: center;\"><a class=\"button normal\" style=\"padding: 1em; font-weight: 400; margin: 0.1em; color: white !important; background-color: #768703;\" href=\"https:\/\/drive.google.com\/file\/d\/1s70DAp71LrPdgHsljmvi3IAR4kRO93H5\/view?usp=sharing\" target=\"_blank\" rel=\"noopener noreferrer\">Un tomb per&#8230; la Xina<\/a><\/p>\n<p style=\"text-align: center;\"><a class=\"button normal\" style=\"padding: 1em; font-weight: 400; margin: 0.1em; color: white !important; background-color: #768703;\" href=\"https:\/\/drive.google.com\/file\/d\/1XPN5QE0NsdkQaKntnp9OvX4aMATi1Maw\/view?usp=sharing\" target=\"_blank\" rel=\"noopener noreferrer\">Un tomb per&#8230; Catalunya<\/a><\/p>\n<p style=\"text-align: center;\"><a class=\"button normal\" style=\"padding: 1em; font-weight: 400; margin: 0.1em; color: white !important; background-color: #768703;\" href=\"https:\/\/drive.google.com\/file\/d\/1XodVVOqqeALzKjvKOXWC6IPmLY0TtsvN\/view?usp=sharing\" target=\"_blank\" rel=\"noopener noreferrer\">Un tomb per&#8230; Bol\u00edvia<\/a><\/p>\n","protected":false},"excerpt":{"rendered":"<p>Nens d\u2019Arreu \u00e9s un projecte de centre destinat a con\u00e8ixer els diferents pa\u00efsos d\u2019origen de les nenes i els nens [&hellip;]<\/p>\n","protected":false},"author":1,"featured_media":0,"parent":64,"menu_order":0,"comment_status":"closed","ping_status":"closed","template":"","meta":{"_bbp_topic_count":0,"_bbp_reply_count":0,"_bbp_total_topic_count":0,"_bbp_total_reply_count":0,"_bbp_voice_count":0,"_bbp_anonymous_reply_count":0,"_bbp_topic_count_hidden":0,"_bbp_reply_count_hidden":0,"_bbp_forum_subforum_count":0,"site-sidebar-layout":"default","site-content-layout":"","ast-site-content-layout":"","site-content-style":"default","site-sidebar-style":"default","ast-global-header-display":"","ast-banner-title-visibility":"","ast-main-header-display":"","ast-hfb-above-header-display":"","ast-hfb-below-header-display":"","ast-hfb-mobile-header-display":"","site-post-title":"","ast-breadcrumbs-content":"","ast-featured-img":"","footer-sml-layout":"","theme-transparent-header-meta":"","adv-header-id-meta":"","stick-header-meta":"","header-above-stick-meta":"","header-main-stick-meta":"","header-below-stick-meta":"","astra-migrate-meta-layouts":"default","ast-page-background-enabled":"default","ast-page-background-meta":{"desktop":{"background-color":"var(--ast-global-color-4)","background-image":"","background-repeat":"repeat","background-position":"center center","background-size":"auto","background-attachment":"scroll","background-type":"","background-media":"","overlay-type":"","overlay-color":"","overlay-opacity":"","overlay-gradient":""},"tablet":{"background-color":"","background-image":"","background-repeat":"repeat","background-position":"center center","background-size":"auto","background-attachment":"scroll","background-type":"","background-media":"","overlay-type":"","overlay-color":"","overlay-opacity":"","overlay-gradient":""},"mobile":{"background-color":"","background-image":"","background-repeat":"repeat","background-position":"center center","background-size":"auto","background-attachment":"scroll","background-type":"","background-media":"","overlay-type":"","overlay-color":"","overlay-opacity":"","overlay-gradient":""}},"ast-content-background-meta":{"desktop":{"background-color":"var(--ast-global-color-5)","background-image":"","background-repeat":"repeat","background-position":"center center","background-size":"auto","background-attachment":"scroll","background-type":"","background-media":"","overlay-type":"","overlay-color":"","overlay-opacity":"","overlay-gradient":""},"tablet":{"background-color":"var(--ast-global-color-5)","background-image":"","background-repeat":"repeat","background-position":"center center","background-size":"auto","background-attachment":"scroll","background-type":"","background-media":"","overlay-type":"","overlay-color":"","overlay-opacity":"","overlay-gradient":""},"mobile":{"background-color":"var(--ast-global-color-5)","background-image":"","background-repeat":"repeat","background-position":"center center","background-size":"auto","background-attachment":"scroll","background-type":"","background-media":"","overlay-type":"","overlay-color":"","overlay-opacity":"","overlay-gradient":""}},"footnotes":""},"class_list":["post-6035","page","type-page","status-publish","hentry"],"post_mailing_queue_ids":[],"_links":{"self":[{"href":"https:\/\/agora.xtec.cat\/escolaaldric\/wp-json\/wp\/v2\/pages\/6035","targetHints":{"allow":["GET"]}}],"collection":[{"href":"https:\/\/agora.xtec.cat\/escolaaldric\/wp-json\/wp\/v2\/pages"}],"about":[{"href":"https:\/\/agora.xtec.cat\/escolaaldric\/wp-json\/wp\/v2\/types\/page"}],"author":[{"embeddable":true,"href":"https:\/\/agora.xtec.cat\/escolaaldric\/wp-json\/wp\/v2\/users\/1"}],"replies":[{"embeddable":true,"href":"https:\/\/agora.xtec.cat\/escolaaldric\/wp-json\/wp\/v2\/comments?post=6035"}],"version-history":[{"count":6,"href":"https:\/\/agora.xtec.cat\/escolaaldric\/wp-json\/wp\/v2\/pages\/6035\/revisions"}],"predecessor-version":[{"id":6798,"href":"https:\/\/agora.xtec.cat\/escolaaldric\/wp-json\/wp\/v2\/pages\/6035\/revisions\/6798"}],"up":[{"embeddable":true,"href":"https:\/\/agora.xtec.cat\/escolaaldric\/wp-json\/wp\/v2\/pages\/64"}],"wp:attachment":[{"href":"https:\/\/agora.xtec.cat\/escolaaldric\/wp-json\/wp\/v2\/media?parent=6035"}],"curies":[{"name":"wp","href":"https:\/\/api.w.org\/{rel}","templated":true}]}}