{"id":3578,"date":"2018-02-28T16:26:45","date_gmt":"2018-02-28T15:26:45","guid":{"rendered":"http:\/\/agora.xtec.cat\/escolaaldric\/?page_id=3578"},"modified":"2026-03-24T13:39:29","modified_gmt":"2026-03-24T12:39:29","slug":"menjador","status":"publish","type":"page","link":"https:\/\/agora.xtec.cat\/escolaaldric\/menjador\/","title":{"rendered":"Menjador"},"content":{"rendered":"\n<p><span style=\"color: #000000;\"><strong>Tota la informaci\u00f3 relacionada amb el menjador escolar la trobareu clicant aqu\u00ed:<\/strong><\/span><\/p>\n\n\n\n<figure class=\"wp-block-image aligncenter\"><a href=\"https:\/\/www.boisa.cat\/ca\/\"><img loading=\"lazy\" decoding=\"async\" width=\"310\" height=\"163\" src=\"https:\/\/agora.xtec.cat\/escolaaldric\/wp-content\/uploads\/usu1627\/2024\/09\/baixa.jpg\" alt=\"\" class=\"wp-image-6873\" srcset=\"https:\/\/agora.xtec.cat\/escolaaldric\/wp-content\/uploads\/usu1627\/2024\/09\/baixa.jpg 310w, https:\/\/agora.xtec.cat\/escolaaldric\/wp-content\/uploads\/usu1627\/2024\/09\/baixa-300x158.jpg 300w\" sizes=\"auto, (max-width: 310px) 100vw, 310px\" \/><\/a><\/figure>\n\n\n\n<p><\/p>\n\n\n\n<p>L&#8217;horari del menjador de l&#8217;escola \u00e9s de <strong>12:30h<\/strong> a <strong>15h<\/strong>.<\/p>\n\n\n\n<p>&nbsp;<\/p>\n\n\n\n<p>El servei est\u00e0 gestionat per l&#8217;AFA Aldric, i l&#8217;empresa contractada que porta el monitoratge i el prepara \u00e9s C\u00e0tering BOISA, que utilitza la cuina de l&#8217;escola per cuinar els dinars di\u00e0riament.<\/p>\n\n\n\n<p><strong>CONSULTES I COMUNICACIONS DE MENJADOR: 613386358<\/strong><\/p>\n","protected":false},"excerpt":{"rendered":"<p>Tota la informaci\u00f3 relacionada amb el menjador escolar la trobareu clicant aqu\u00ed: L&#8217;horari del menjador de l&#8217;escola \u00e9s de 12:30h [&hellip;]<\/p>\n","protected":false},"author":1,"featured_media":0,"parent":0,"menu_order":30,"comment_status":"closed","ping_status":"closed","template":"","meta":{"_bbp_topic_count":0,"_bbp_reply_count":0,"_bbp_total_topic_count":0,"_bbp_total_reply_count":0,"_bbp_voice_count":0,"_bbp_anonymous_reply_count":0,"_bbp_topic_count_hidden":0,"_bbp_reply_count_hidden":0,"_bbp_forum_subforum_count":0,"site-sidebar-layout":"default","site-content-layout":"","ast-site-content-layout":"default","site-content-style":"default","site-sidebar-style":"default","ast-global-header-display":"","ast-banner-title-visibility":"","ast-main-header-display":"","ast-hfb-above-header-display":"","ast-hfb-below-header-display":"","ast-hfb-mobile-header-display":"","site-post-title":"","ast-breadcrumbs-content":"","ast-featured-img":"","footer-sml-layout":"","theme-transparent-header-meta":"default","adv-header-id-meta":"","stick-header-meta":"","header-above-stick-meta":"","header-main-stick-meta":"","header-below-stick-meta":"","astra-migrate-meta-layouts":"set","ast-page-background-enabled":"default","ast-page-background-meta":{"desktop":{"background-color":"var(--ast-global-color-4)","background-image":"","background-repeat":"repeat","background-position":"center center","background-size":"auto","background-attachment":"scroll","background-type":"","background-media":"","overlay-type":"","overlay-color":"","overlay-opacity":"","overlay-gradient":""},"tablet":{"background-color":"","background-image":"","background-repeat":"repeat","background-position":"center center","background-size":"auto","background-attachment":"scroll","background-type":"","background-media":"","overlay-type":"","overlay-color":"","overlay-opacity":"","overlay-gradient":""},"mobile":{"background-color":"","background-image":"","background-repeat":"repeat","background-position":"center center","background-size":"auto","background-attachment":"scroll","background-type":"","background-media":"","overlay-type":"","overlay-color":"","overlay-opacity":"","overlay-gradient":""}},"ast-content-background-meta":{"desktop":{"background-color":"var(--ast-global-color-5)","background-image":"","background-repeat":"repeat","background-position":"center center","background-size":"auto","background-attachment":"scroll","background-type":"","background-media":"","overlay-type":"","overlay-color":"","overlay-opacity":"","overlay-gradient":""},"tablet":{"background-color":"var(--ast-global-color-5)","background-image":"","background-repeat":"repeat","background-position":"center center","background-size":"auto","background-attachment":"scroll","background-type":"","background-media":"","overlay-type":"","overlay-color":"","overlay-opacity":"","overlay-gradient":""},"mobile":{"background-color":"var(--ast-global-color-5)","background-image":"","background-repeat":"repeat","background-position":"center center","background-size":"auto","background-attachment":"scroll","background-type":"","background-media":"","overlay-type":"","overlay-color":"","overlay-opacity":"","overlay-gradient":""}},"footnotes":""},"class_list":["post-3578","page","type-page","status-publish","hentry"],"post_mailing_queue_ids":[],"_links":{"self":[{"href":"https:\/\/agora.xtec.cat\/escolaaldric\/wp-json\/wp\/v2\/pages\/3578","targetHints":{"allow":["GET"]}}],"collection":[{"href":"https:\/\/agora.xtec.cat\/escolaaldric\/wp-json\/wp\/v2\/pages"}],"about":[{"href":"https:\/\/agora.xtec.cat\/escolaaldric\/wp-json\/wp\/v2\/types\/page"}],"author":[{"embeddable":true,"href":"https:\/\/agora.xtec.cat\/escolaaldric\/wp-json\/wp\/v2\/users\/1"}],"replies":[{"embeddable":true,"href":"https:\/\/agora.xtec.cat\/escolaaldric\/wp-json\/wp\/v2\/comments?post=3578"}],"version-history":[{"count":6,"href":"https:\/\/agora.xtec.cat\/escolaaldric\/wp-json\/wp\/v2\/pages\/3578\/revisions"}],"predecessor-version":[{"id":7271,"href":"https:\/\/agora.xtec.cat\/escolaaldric\/wp-json\/wp\/v2\/pages\/3578\/revisions\/7271"}],"wp:attachment":[{"href":"https:\/\/agora.xtec.cat\/escolaaldric\/wp-json\/wp\/v2\/media?parent=3578"}],"curies":[{"name":"wp","href":"https:\/\/api.w.org\/{rel}","templated":true}]}}