{"id":64,"date":"2014-09-18T12:39:08","date_gmt":"2014-09-18T11:39:08","guid":{"rendered":"http:\/\/agora.xtec.cat\/escolaalbatarrega\/?page_id=64"},"modified":"2022-02-16T13:00:30","modified_gmt":"2022-02-16T12:00:30","slug":"projecte-educatiu","status":"publish","type":"page","link":"https:\/\/agora.xtec.cat\/escolaalbatarrega\/projecte-educatiu\/","title":{"rendered":"Projectes educatius"},"content":{"rendered":"<p><span style=\"font-weight: 400;\">La Llei 12\/2009, del 10 de juliol, d&#8217;educaci\u00f3, estableix en l&#8217;article 91 que tots els centres vinculats al Servei d&#8217;Educaci\u00f3 de Catalunya han de disposar d&#8217;un projecte educatiu. <\/span><\/p>\n<p><span style=\"font-weight: 400;\">Els centres del sistema educatiu catal\u00e0 han de recollir els principis rectors del sistema educatiu que s&#8217;estableixen en l&#8217;article 2 de la Llei d&#8217;educaci\u00f3.<\/span><\/p>\n<p><span style=\"font-weight: 400;\">El projecte educatiu, que \u00e9s la m\u00e0xima expressi\u00f3 de l&#8217;autonomia dels centres, recull la identitat del centre, n&#8217;explicita els objectius, n&#8217;orienta l&#8217;activitat i hi dona sentit amb la finalitat que l&#8217;alumnat assoleixi les compet\u00e8ncies b\u00e0siques i el m\u00e0xim aprofitament educatiu, d&#8217;acord amb el marc proporcionat pel Decret 102\/2010, de 3 d&#8217;agost, d&#8217;autonomia dels centres educatius, que situa la presa de decisions en l&#8217;\u00e0mbit del centre per enfortir la instituci\u00f3 escolar i el lideratge educatiu.<\/span><\/p>\n<p>En el cas de la nostra escola, a m\u00e9s de disposar del PEC, tamb\u00e9 tenim les NOFC, la PGA, el Projecte ling\u00fc\u00edstic, el Pla de Conviv\u00e8ncia, Pla d&#8217;Acollida, Porjecte Pati, Projecte Snoezelen, el Projecte d&#8217;Escoles Verdes, Projecte d&#8217;Art&#8230;<\/p>\n","protected":false},"excerpt":{"rendered":"<p>La Llei 12\/2009, del 10 de juliol, d&#8217;educaci\u00f3, estableix en l&#8217;article 91 que tots els centres vinculats al Servei d&#8217;Educaci\u00f3 de Catalunya han de disposar d&#8217;un projecte educatiu.<br \/>\nEls centres del sistema educatiu catal\u00e0 han de recollir els principis rectors del sistema educatiu que s&#8217;estableixen&hellip;  <a href=\"https:\/\/agora.xtec.cat\/escolaalbatarrega\/projecte-educatiu\/\" title=\"Read Projectes educatius\">Llegeix m\u00e9s\u00bb<\/a><\/p>\n","protected":false},"author":1,"featured_media":0,"parent":0,"menu_order":0,"comment_status":"closed","ping_status":"closed","template":"page-templates\/side-menu.php","meta":{"_bbp_topic_count":0,"_bbp_reply_count":0,"_bbp_total_topic_count":0,"_bbp_total_reply_count":0,"_bbp_voice_count":0,"_bbp_anonymous_reply_count":0,"_bbp_topic_count_hidden":0,"_bbp_reply_count_hidden":0,"_bbp_forum_subforum_count":0,"footnotes":""},"class_list":["post-64","page","type-page","status-publish","hentry"],"post_mailing_queue_ids":[],"_links":{"self":[{"href":"https:\/\/agora.xtec.cat\/escolaalbatarrega\/wp-json\/wp\/v2\/pages\/64","targetHints":{"allow":["GET"]}}],"collection":[{"href":"https:\/\/agora.xtec.cat\/escolaalbatarrega\/wp-json\/wp\/v2\/pages"}],"about":[{"href":"https:\/\/agora.xtec.cat\/escolaalbatarrega\/wp-json\/wp\/v2\/types\/page"}],"author":[{"embeddable":true,"href":"https:\/\/agora.xtec.cat\/escolaalbatarrega\/wp-json\/wp\/v2\/users\/1"}],"replies":[{"embeddable":true,"href":"https:\/\/agora.xtec.cat\/escolaalbatarrega\/wp-json\/wp\/v2\/comments?post=64"}],"version-history":[{"count":3,"href":"https:\/\/agora.xtec.cat\/escolaalbatarrega\/wp-json\/wp\/v2\/pages\/64\/revisions"}],"predecessor-version":[{"id":1021,"href":"https:\/\/agora.xtec.cat\/escolaalbatarrega\/wp-json\/wp\/v2\/pages\/64\/revisions\/1021"}],"wp:attachment":[{"href":"https:\/\/agora.xtec.cat\/escolaalbatarrega\/wp-json\/wp\/v2\/media?parent=64"}],"curies":[{"name":"wp","href":"https:\/\/api.w.org\/{rel}","templated":true}]}}