{"id":552,"date":"2021-02-25T17:09:08","date_gmt":"2021-02-25T16:09:08","guid":{"rendered":"https:\/\/agora.xtec.cat\/escolaalbatarrega\/?page_id=552"},"modified":"2021-12-09T16:32:39","modified_gmt":"2021-12-09T15:32:39","slug":"associacio-de-families-afa","status":"publish","type":"page","link":"https:\/\/agora.xtec.cat\/escolaalbatarrega\/serveis\/associacio-de-families-afa\/","title":{"rendered":"ASSOCIACI\u00d3 DE MARES I PARES D&#8217;ALUMNES (AMPA)"},"content":{"rendered":"<p>Els objectius de l&#8217;AMPA s\u00f3n:<\/p>\n<ul>\n<li style=\"font-weight: 400;\" aria-level=\"1\"><span style=\"font-weight: 400;\">Impulsar activitats tant pels alumnes de l\u2019Escola com per les seves fam\u00edlies.<\/span><\/li>\n<li style=\"font-weight: 400;\" aria-level=\"1\"><span style=\"font-weight: 400;\">Millorar la qualitat de vida dels infants de l\u2019Escola a trav\u00e9s de petites inversions.<\/span><\/li>\n<li style=\"font-weight: 400;\" aria-level=\"1\"><span style=\"font-weight: 400;\">Recolzar la feina de la direcci\u00f3 i els mestres del centre i col\u00b7laborar en la tasca educativa.<\/span><\/li>\n<li style=\"font-weight: 400;\" aria-level=\"1\"><span style=\"font-weight: 400;\">Incentivar la implicaci\u00f3 dels pares i mares en el dia a dia de l\u2019Escola.<\/span><\/li>\n<\/ul>\n<p>Les activitats subvencionades per l&#8217;AMPA s\u00f3n:<\/p>\n<ul>\n<li style=\"font-weight: 400;\" aria-level=\"1\"><span style=\"font-weight: 400;\">Dinars i trobades familiars que es realitzen durant l\u2019any.<\/span><\/li>\n<li style=\"font-weight: 400;\" aria-level=\"1\"><span style=\"font-weight: 400;\">Inversions en material de l\u2019escola .<\/span><\/li>\n<li style=\"font-weight: 400;\" aria-level=\"1\"><span style=\"font-weight: 400;\">Ajudar a finan\u00e7ar els casals que es realitzen durant el per\u00edode vacacional: setmana santa, estiu, nadal&#8230; Aix\u00ed com tamb\u00e9 activitats de lleure de cap de setmana i col\u00f2nies.<\/span><\/li>\n<\/ul>\n","protected":false},"excerpt":{"rendered":"<p>Els objectius de l&#8217;AMPA s\u00f3n:<\/p>\n<ul>\n<li style=\"font-weight: 400;\" aria-level=\"1\">Impulsar activitats tant pels alumnes de l\u2019Escola com per les seves fam\u00edlies.<\/li>\n<li style=\"font-weight: 400;\" aria-level=\"1\">Millorar la qualitat de vida dels infants de l\u2019Escola a trav\u00e9s de petites inversions.<\/li>\n<li style=\"font-weight: 400;\" aria-level=\"1\">Recolzar la feina de la direcci\u00f3 i els&hellip;  <a href=\"https:\/\/agora.xtec.cat\/escolaalbatarrega\/serveis\/associacio-de-families-afa\/\" title=\"Read ASSOCIACI\u00d3 DE MARES I PARES D&#8217;ALUMNES (AMPA)\">Llegeix m\u00e9s\u00bb<\/a><br \/>\n","protected":false},"author":1,"featured_media":0,"parent":66,"menu_order":0,"comment_status":"closed","ping_status":"closed","template":"page-templates\/side-menu.php","meta":{"_bbp_topic_count":0,"_bbp_reply_count":0,"_bbp_total_topic_count":0,"_bbp_total_reply_count":0,"_bbp_voice_count":0,"_bbp_anonymous_reply_count":0,"_bbp_topic_count_hidden":0,"_bbp_reply_count_hidden":0,"_bbp_forum_subforum_count":0,"footnotes":""},"class_list":["post-552","page","type-page","status-publish","hentry"],"post_mailing_queue_ids":[],"_links":{"self":[{"href":"https:\/\/agora.xtec.cat\/escolaalbatarrega\/wp-json\/wp\/v2\/pages\/552","targetHints":{"allow":["GET"]}}],"collection":[{"href":"https:\/\/agora.xtec.cat\/escolaalbatarrega\/wp-json\/wp\/v2\/pages"}],"about":[{"href":"https:\/\/agora.xtec.cat\/escolaalbatarrega\/wp-json\/wp\/v2\/types\/page"}],"author":[{"embeddable":true,"href":"https:\/\/agora.xtec.cat\/escolaalbatarrega\/wp-json\/wp\/v2\/users\/1"}],"replies":[{"embeddable":true,"href":"https:\/\/agora.xtec.cat\/escolaalbatarrega\/wp-json\/wp\/v2\/comments?post=552"}],"version-history":[{"count":2,"href":"https:\/\/agora.xtec.cat\/escolaalbatarrega\/wp-json\/wp\/v2\/pages\/552\/revisions"}],"predecessor-version":[{"id":883,"href":"https:\/\/agora.xtec.cat\/escolaalbatarrega\/wp-json\/wp\/v2\/pages\/552\/revisions\/883"}],"up":[{"embeddable":true,"href":"https:\/\/agora.xtec.cat\/escolaalbatarrega\/wp-json\/wp\/v2\/pages\/66"}],"wp:attachment":[{"href":"https:\/\/agora.xtec.cat\/escolaalbatarrega\/wp-json\/wp\/v2\/media?parent=552"}],"curies":[{"name":"wp","href":"https:\/\/api.w.org\/{rel}","templated":true}]}}