{"id":34,"date":"2014-09-18T12:32:18","date_gmt":"2014-09-18T11:32:18","guid":{"rendered":"http:\/\/agora.xtec.cat\/escolaalbatarrega\/?page_id=34"},"modified":"2024-01-23T13:04:26","modified_gmt":"2024-01-23T12:04:26","slug":"oferta-educativa","status":"publish","type":"page","link":"https:\/\/agora.xtec.cat\/escolaalbatarrega\/lescola\/oferta-educativa\/","title":{"rendered":"OFERTA EDUCATIVA"},"content":{"rendered":"<p><span style=\"font-weight: 400;\">L\u2019escola, \u00e9s un centre d\u2019educaci\u00f3 especial privat concertat pel Departament d\u2019Ensenyament de la Generalitat de Catalunya. Va ser creat l\u2019any 1975. La titularitat del centre \u00e9s el Grup Alba, una entitat d\u2019iniciativa social.\u00a0<\/span><\/p>\n<p><span style=\"font-weight: 400;\">Aquest curs 2023-24 l\u2019escola at\u00e9n a 47 alumnes de\u00a0 dues comarques, l\u2019Urgell i La Segarra, i aix\u00f2 fa que no tingui una especificitat determinada en la tipologia dels alumnes que hi assisteixen.<\/span><\/p>\n<p><span style=\"font-weight: 400;\">Les seves edats estan compreses entre els 3 i 21 anys amb una diversitat funcional important, des d\u2019alumnes amb una necessitat de suport extensa (pluridiscapacitats) fins a alumnes amb una capacitat l\u00edmit, passant per aquells que presenten TEA (Trastorn de l\u2019Aspectre Autista), alumnes amb Trastorns Greus de la Conducta, alumnes amb Discapacitat motriu dependent i\/o amb Discapacitat motriu semi-aut\u00f2nom i alumnes amb Discapacitat intel\u00b7lectual (severa, moderada o\u00a0 lleugera).\u00a0<\/span><\/p>\n<p>Segons les capacitats i necessitats de suport de l\u2019alumnat, els agrupem en els seg\u00fcents nivells: educaci\u00f3 infantil, educaci\u00f3 prim\u00e0ria, educaci\u00f3 secund\u00e0ria\u00a0 i Post-Obligat\u00f2ria.<\/p>\n<p>&nbsp;<\/p>\n","protected":false},"excerpt":{"rendered":"<p>L\u2019escola, \u00e9s un centre d\u2019educaci\u00f3 especial privat concertat pel Departament d\u2019Ensenyament de la Generalitat de Catalunya. Va ser creat l\u2019any 1975. La titularitat del centre \u00e9s el Grup Alba, una entitat d\u2019iniciativa social.\u00a0<br \/>\nAquest curs 2023-24 l\u2019escola at\u00e9n a 47 alumnes de\u00a0 dues comarques, l\u2019Urgell i&hellip;  <a href=\"https:\/\/agora.xtec.cat\/escolaalbatarrega\/lescola\/oferta-educativa\/\" title=\"Read OFERTA EDUCATIVA\">Llegeix m\u00e9s\u00bb<\/a><\/p>\n","protected":false},"author":1,"featured_media":0,"parent":22,"menu_order":60,"comment_status":"closed","ping_status":"closed","template":"page-templates\/side-menu.php","meta":{"_bbp_topic_count":0,"_bbp_reply_count":0,"_bbp_total_topic_count":0,"_bbp_total_reply_count":0,"_bbp_voice_count":0,"_bbp_anonymous_reply_count":0,"_bbp_topic_count_hidden":0,"_bbp_reply_count_hidden":0,"_bbp_forum_subforum_count":0,"footnotes":""},"class_list":["post-34","page","type-page","status-publish","hentry"],"post_mailing_queue_ids":[],"_links":{"self":[{"href":"https:\/\/agora.xtec.cat\/escolaalbatarrega\/wp-json\/wp\/v2\/pages\/34","targetHints":{"allow":["GET"]}}],"collection":[{"href":"https:\/\/agora.xtec.cat\/escolaalbatarrega\/wp-json\/wp\/v2\/pages"}],"about":[{"href":"https:\/\/agora.xtec.cat\/escolaalbatarrega\/wp-json\/wp\/v2\/types\/page"}],"author":[{"embeddable":true,"href":"https:\/\/agora.xtec.cat\/escolaalbatarrega\/wp-json\/wp\/v2\/users\/1"}],"replies":[{"embeddable":true,"href":"https:\/\/agora.xtec.cat\/escolaalbatarrega\/wp-json\/wp\/v2\/comments?post=34"}],"version-history":[{"count":6,"href":"https:\/\/agora.xtec.cat\/escolaalbatarrega\/wp-json\/wp\/v2\/pages\/34\/revisions"}],"predecessor-version":[{"id":1438,"href":"https:\/\/agora.xtec.cat\/escolaalbatarrega\/wp-json\/wp\/v2\/pages\/34\/revisions\/1438"}],"up":[{"embeddable":true,"href":"https:\/\/agora.xtec.cat\/escolaalbatarrega\/wp-json\/wp\/v2\/pages\/22"}],"wp:attachment":[{"href":"https:\/\/agora.xtec.cat\/escolaalbatarrega\/wp-json\/wp\/v2\/media?parent=34"}],"curies":[{"name":"wp","href":"https:\/\/api.w.org\/{rel}","templated":true}]}}