{"id":3770,"date":"2025-10-06T15:24:34","date_gmt":"2025-10-06T13:24:34","guid":{"rendered":"https:\/\/agora.xtec.cat\/escolaadultspremia\/?page_id=3770"},"modified":"2025-10-06T15:41:28","modified_gmt":"2025-10-06T13:41:28","slug":"alfabetitzacio-digital-i-linguistica","status":"publish","type":"page","link":"https:\/\/agora.xtec.cat\/escolaadultspremia\/alfabetitzacio-digital-i-linguistica\/","title":{"rendered":"Alfabetitzaci\u00f3 digital i ling\u00fc\u00edstica"},"content":{"rendered":"\n<div class=\"wp-block-columns is-layout-flex wp-container-core-columns-is-layout-1 wp-block-columns-is-layout-flex\">\n<div class=\"wp-block-column has-border-color has-black-border-color is-layout-flow wp-block-column-is-layout-flow\">\n<h5 class=\"wp-block-heading has-text-align-center has-luminous-vivid-amber-background-color has-background\">Alfabetitzaci\u00f3 ling\u00fc\u00edstica<\/h5>\n\n\n\n<p class=\"has-text-align-center\"><a href=\"https:\/\/clic.xtec.cat\/projects\/pconsonants\/jclic.js\/index.html\">Associar paraules, sons i frases<\/a><\/p>\n\n\n\n<p class=\"has-text-align-center\"><a href=\"https:\/\/clic.xtec.cat\/projects\/ali_log_ca\/jclic.js\/index.html\">Els aliments<\/a><\/p>\n\n\n\n<p class=\"has-text-align-center\"><a href=\"https:\/\/clic.xtec.cat\/projects\/setmes2\/jclic.js\/index.html\">Els dies de la setmana i els mesos de l&#8217;any<\/a><\/p>\n\n\n\n<p class=\"has-text-align-center\"><a href=\"https:\/\/clic.xtec.cat\/projects\/llegim\/llegim1\/jclic.js\/index.html\">Llegir i relacionar<\/a><\/p>\n\n\n\n<p class=\"has-text-align-center\"><a href=\"https:\/\/clic.xtec.cat\/projects\/paraule4\/jclic.js\/index.html\">Fem paraules<\/a><\/p>\n\n\n\n<p><\/p>\n<\/div>\n\n\n\n<div class=\"wp-block-column has-border-color has-black-border-color is-layout-flow wp-block-column-is-layout-flow\">\n<h5 class=\"wp-block-heading has-text-align-center has-ast-global-color-0-background-color has-background\">Alfabetitzaci\u00f3 digital<\/h5>\n\n\n\n<p class=\"has-text-align-center\"><a href=\"https:\/\/clic.xtec.cat\/projects\/colcalc\/jclic.js\/index.html\">Associaci\u00f3 de pictogrames<\/a><\/p>\n\n\n\n<p class=\"has-text-align-center\"><a href=\"https:\/\/clic.xtec.cat\/projects\/seriesg\/jclic.js\/index.html\">S\u00e8ries geom\u00e8triques<\/a><\/p>\n<\/div>\n<\/div>\n\n\n\n<p><\/p>\n","protected":false},"excerpt":{"rendered":"<p>Alfabetitzaci\u00f3 ling\u00fc\u00edstica Associar paraules, sons i frases Els aliments Els dies de la setmana i els mesos de l&#8217;any Llegir [&hellip;]<\/p>\n","protected":false},"author":13,"featured_media":0,"parent":0,"menu_order":0,"comment_status":"closed","ping_status":"close","template":"","meta":{"_bbp_topic_count":0,"_bbp_reply_count":0,"_bbp_total_topic_count":0,"_bbp_total_reply_count":0,"_bbp_voice_count":0,"_bbp_anonymous_reply_count":0,"_bbp_topic_count_hidden":0,"_bbp_reply_count_hidden":0,"_bbp_forum_subforum_count":0,"site-sidebar-layout":"default","site-content-layout":"","ast-site-content-layout":"default","site-content-style":"default","site-sidebar-style":"default","ast-global-header-display":"","ast-banner-title-visibility":"","ast-main-header-display":"","ast-hfb-above-header-display":"","ast-hfb-below-header-display":"","ast-hfb-mobile-header-display":"","site-post-title":"","ast-breadcrumbs-content":"","ast-featured-img":"","footer-sml-layout":"","theme-transparent-header-meta":"","adv-header-id-meta":"","stick-header-meta":"","header-above-stick-meta":"","header-main-stick-meta":"","header-below-stick-meta":"","astra-migrate-meta-layouts":"set","ast-page-background-enabled":"default","ast-page-background-meta":{"desktop":{"background-color":"var(--ast-global-color-4)","background-image":"","background-repeat":"repeat","background-position":"center center","background-size":"auto","background-attachment":"scroll","background-type":"","background-media":"","overlay-type":"","overlay-color":"","overlay-opacity":"","overlay-gradient":""},"tablet":{"background-color":"","background-image":"","background-repeat":"repeat","background-position":"center center","background-size":"auto","background-attachment":"scroll","background-type":"","background-media":"","overlay-type":"","overlay-color":"","overlay-opacity":"","overlay-gradient":""},"mobile":{"background-color":"","background-image":"","background-repeat":"repeat","background-position":"center center","background-size":"auto","background-attachment":"scroll","background-type":"","background-media":"","overlay-type":"","overlay-color":"","overlay-opacity":"","overlay-gradient":""}},"ast-content-background-meta":{"desktop":{"background-color":"var(--ast-global-color-5)","background-image":"","background-repeat":"repeat","background-position":"center center","background-size":"auto","background-attachment":"scroll","background-type":"","background-media":"","overlay-type":"","overlay-color":"","overlay-opacity":"","overlay-gradient":""},"tablet":{"background-color":"var(--ast-global-color-5)","background-image":"","background-repeat":"repeat","background-position":"center center","background-size":"auto","background-attachment":"scroll","background-type":"","background-media":"","overlay-type":"","overlay-color":"","overlay-opacity":"","overlay-gradient":""},"mobile":{"background-color":"var(--ast-global-color-5)","background-image":"","background-repeat":"repeat","background-position":"center center","background-size":"auto","background-attachment":"scroll","background-type":"","background-media":"","overlay-type":"","overlay-color":"","overlay-opacity":"","overlay-gradient":""}},"footnotes":""},"class_list":["post-3770","page","type-page","status-publish","hentry"],"post_mailing_queue_ids":[],"_links":{"self":[{"href":"https:\/\/agora.xtec.cat\/escolaadultspremia\/wp-json\/wp\/v2\/pages\/3770","targetHints":{"allow":["GET"]}}],"collection":[{"href":"https:\/\/agora.xtec.cat\/escolaadultspremia\/wp-json\/wp\/v2\/pages"}],"about":[{"href":"https:\/\/agora.xtec.cat\/escolaadultspremia\/wp-json\/wp\/v2\/types\/page"}],"author":[{"embeddable":true,"href":"https:\/\/agora.xtec.cat\/escolaadultspremia\/wp-json\/wp\/v2\/users\/13"}],"replies":[{"embeddable":true,"href":"https:\/\/agora.xtec.cat\/escolaadultspremia\/wp-json\/wp\/v2\/comments?post=3770"}],"version-history":[{"count":3,"href":"https:\/\/agora.xtec.cat\/escolaadultspremia\/wp-json\/wp\/v2\/pages\/3770\/revisions"}],"predecessor-version":[{"id":3778,"href":"https:\/\/agora.xtec.cat\/escolaadultspremia\/wp-json\/wp\/v2\/pages\/3770\/revisions\/3778"}],"wp:attachment":[{"href":"https:\/\/agora.xtec.cat\/escolaadultspremia\/wp-json\/wp\/v2\/media?parent=3770"}],"curies":[{"name":"wp","href":"https:\/\/api.w.org\/{rel}","templated":true}]}}