{"id":3493,"date":"2025-05-05T10:44:04","date_gmt":"2025-05-05T08:44:04","guid":{"rendered":"https:\/\/agora.xtec.cat\/escolaadultspremia\/?page_id=3493"},"modified":"2025-05-05T10:58:49","modified_gmt":"2025-05-05T08:58:49","slug":"diccionaris-i-eines-de-consulta-linguistica","status":"publish","type":"page","link":"https:\/\/agora.xtec.cat\/escolaadultspremia\/el-centre\/biblioteca-digital\/diccionaris-i-eines-de-consulta-linguistica\/","title":{"rendered":"Diccionaris i eines de consulta ling\u00fc\u00edstica"},"content":{"rendered":"\n<div class=\"wp-block-columns is-layout-flex wp-container-core-columns-is-layout-1 wp-block-columns-is-layout-flex\">\n<div class=\"wp-block-column has-border-color has-ast-global-color-6-border-color has-white-background-color has-background is-layout-flow wp-block-column-is-layout-flow\" style=\"flex-basis:33.34%\">\n<h3 class=\"wp-block-heading has-text-align-center has-luminous-vivid-amber-background-color has-background\"><strong>Llengua Catalana<\/strong><\/h3>\n\n\n\n<p class=\"has-text-align-center\"><a href=\"https:\/\/dlc.iec.cat\"><\/a><a href=\"https:\/\/dlc.iec.cat\/\">Diccionari de l&#8217;Institut d&#8217;Estudis Catalans (DIEC)<\/a><\/p>\n\n\n\n<p class=\"has-text-align-center\"><a href=\"https:\/\/aplicacions.llengua.gencat.cat\/llc\/AppJava\/index.html\">Optimot<\/a><\/p>\n\n\n\n<p class=\"has-text-align-center\"><a href=\"https:\/\/www.diccionari.cat\/diccionari-castella-catala#\">Diccionari biling\u00fce Castell\u00e0 -&gt; Catal\u00e0<\/a><\/p>\n\n\n\n<p class=\"has-text-align-center\"><a href=\"https:\/\/www.softcatala.org\/diccionari-de-sinonims\/\">Diccionari de sin\u00f2nims de Softcatal\u00e0<\/a><\/p>\n\n\n\n<p class=\"has-text-align-center\"><a href=\"https:\/\/www.softcatala.org\/corrector\/\">Corrector ortogr\u00e0fic de Softcatal\u00e0<\/a><\/p>\n\n\n\n<p><\/p>\n<\/div>\n\n\n\n<div class=\"wp-block-column has-border-color has-black-border-color is-layout-flow wp-block-column-is-layout-flow\" style=\"flex-basis:33.34%\">\n<h3 class=\"wp-block-heading has-text-align-center has-vivid-red-background-color has-background\"><strong>Llengua Castellana<\/strong><\/h3>\n\n\n\n<p class=\"has-text-align-center\"><a href=\"https:\/\/dle.rae.es\/\">Diccionario RAE<\/a><\/p>\n\n\n\n<p class=\"has-text-align-center\"><a href=\"https:\/\/www.rae.es\/dpd\/\">Diccionario de panhisp\u00e1nico de dudas<\/a><\/p>\n<\/div>\n\n\n\n<div class=\"wp-block-column has-border-color has-black-border-color is-layout-flow wp-block-column-is-layout-flow\" style=\"flex-basis:33.33%\">\n<h3 class=\"wp-block-heading has-text-align-center has-ast-global-color-0-background-color has-background\"><strong>Llengua Anglesa<\/strong><\/h3>\n\n\n\n<p class=\"has-text-align-center\"><a href=\"https:\/\/www.wordreference.com\/\">Wordreference English &#8211; Spanish<\/a><\/p>\n\n\n\n<p class=\"has-text-align-center\"><a href=\"https:\/\/dictionary.cambridge.org\/dictionary\/english-spanish\/\">Cambridge English &#8211; Spanish<\/a><\/p>\n\n\n\n<p class=\"has-text-align-center\"><a href=\"https:\/\/dictionary.cambridge.org\/dictionary\/english\/\">Cambridge Monolingual<\/a><\/p>\n\n\n\n<p class=\"has-text-align-center\"><a href=\"https:\/\/dictionary.cambridge.org\/grammar\/british-grammar\/\">Cambridge English Grammar<\/a><\/p>\n<\/div>\n<\/div>\n\n\n\n<p><\/p>\n","protected":false},"excerpt":{"rendered":"<p>Llengua Catalana Diccionari de l&#8217;Institut d&#8217;Estudis Catalans (DIEC) Optimot Diccionari biling\u00fce Castell\u00e0 -&gt; Catal\u00e0 Diccionari de sin\u00f2nims de Softcatal\u00e0 Corrector [&hellip;]<\/p>\n","protected":false},"author":13,"featured_media":0,"parent":3481,"menu_order":0,"comment_status":"closed","ping_status":"closed","template":"","meta":{"_bbp_topic_count":0,"_bbp_reply_count":0,"_bbp_total_topic_count":0,"_bbp_total_reply_count":0,"_bbp_voice_count":0,"_bbp_anonymous_reply_count":0,"_bbp_topic_count_hidden":0,"_bbp_reply_count_hidden":0,"_bbp_forum_subforum_count":0,"site-sidebar-layout":"default","site-content-layout":"","ast-site-content-layout":"default","site-content-style":"default","site-sidebar-style":"default","ast-global-header-display":"","ast-banner-title-visibility":"","ast-main-header-display":"","ast-hfb-above-header-display":"","ast-hfb-below-header-display":"","ast-hfb-mobile-header-display":"","site-post-title":"","ast-breadcrumbs-content":"","ast-featured-img":"","footer-sml-layout":"","theme-transparent-header-meta":"","adv-header-id-meta":"","stick-header-meta":"","header-above-stick-meta":"","header-main-stick-meta":"","header-below-stick-meta":"","astra-migrate-meta-layouts":"set","ast-page-background-enabled":"default","ast-page-background-meta":{"desktop":{"background-color":"var(--ast-global-color-4)","background-image":"","background-repeat":"repeat","background-position":"center center","background-size":"auto","background-attachment":"scroll","background-type":"","background-media":"","overlay-type":"","overlay-color":"","overlay-opacity":"","overlay-gradient":""},"tablet":{"background-color":"","background-image":"","background-repeat":"repeat","background-position":"center center","background-size":"auto","background-attachment":"scroll","background-type":"","background-media":"","overlay-type":"","overlay-color":"","overlay-opacity":"","overlay-gradient":""},"mobile":{"background-color":"","background-image":"","background-repeat":"repeat","background-position":"center center","background-size":"auto","background-attachment":"scroll","background-type":"","background-media":"","overlay-type":"","overlay-color":"","overlay-opacity":"","overlay-gradient":""}},"ast-content-background-meta":{"desktop":{"background-color":"var(--ast-global-color-5)","background-image":"","background-repeat":"repeat","background-position":"center center","background-size":"auto","background-attachment":"scroll","background-type":"","background-media":"","overlay-type":"","overlay-color":"","overlay-opacity":"","overlay-gradient":""},"tablet":{"background-color":"var(--ast-global-color-5)","background-image":"","background-repeat":"repeat","background-position":"center center","background-size":"auto","background-attachment":"scroll","background-type":"","background-media":"","overlay-type":"","overlay-color":"","overlay-opacity":"","overlay-gradient":""},"mobile":{"background-color":"var(--ast-global-color-5)","background-image":"","background-repeat":"repeat","background-position":"center center","background-size":"auto","background-attachment":"scroll","background-type":"","background-media":"","overlay-type":"","overlay-color":"","overlay-opacity":"","overlay-gradient":""}},"footnotes":""},"class_list":["post-3493","page","type-page","status-publish","hentry"],"post_mailing_queue_ids":[],"_links":{"self":[{"href":"https:\/\/agora.xtec.cat\/escolaadultspremia\/wp-json\/wp\/v2\/pages\/3493","targetHints":{"allow":["GET"]}}],"collection":[{"href":"https:\/\/agora.xtec.cat\/escolaadultspremia\/wp-json\/wp\/v2\/pages"}],"about":[{"href":"https:\/\/agora.xtec.cat\/escolaadultspremia\/wp-json\/wp\/v2\/types\/page"}],"author":[{"embeddable":true,"href":"https:\/\/agora.xtec.cat\/escolaadultspremia\/wp-json\/wp\/v2\/users\/13"}],"replies":[{"embeddable":true,"href":"https:\/\/agora.xtec.cat\/escolaadultspremia\/wp-json\/wp\/v2\/comments?post=3493"}],"version-history":[{"count":4,"href":"https:\/\/agora.xtec.cat\/escolaadultspremia\/wp-json\/wp\/v2\/pages\/3493\/revisions"}],"predecessor-version":[{"id":3501,"href":"https:\/\/agora.xtec.cat\/escolaadultspremia\/wp-json\/wp\/v2\/pages\/3493\/revisions\/3501"}],"up":[{"embeddable":true,"href":"https:\/\/agora.xtec.cat\/escolaadultspremia\/wp-json\/wp\/v2\/pages\/3481"}],"wp:attachment":[{"href":"https:\/\/agora.xtec.cat\/escolaadultspremia\/wp-json\/wp\/v2\/media?parent=3493"}],"curies":[{"name":"wp","href":"https:\/\/api.w.org\/{rel}","templated":true}]}}