{"id":261,"date":"2015-01-27T17:25:01","date_gmt":"2015-01-27T16:25:01","guid":{"rendered":"http:\/\/agora.xtec.cat\/escolaadultspremia\/?page_id=261"},"modified":"2026-04-15T10:34:02","modified_gmt":"2026-04-15T08:34:02","slug":"el-centre","status":"publish","type":"page","link":"https:\/\/agora.xtec.cat\/escolaadultspremia\/","title":{"rendered":"Portada"},"content":{"rendered":"\n<p class=\"has-text-align-center has-border-color has-pale-cyan-blue-border-color has-luminous-vivid-amber-background-color has-background has-large-font-size\" style=\"border-radius:35px\"><strong>TAULER D&#8217;INFORMACI\u00d3 DEL CENTRE:<\/strong><\/p>\n\n\n\n<ul style=\"border-radius:35px\" class=\"wp-block-list has-border-color has-luminous-vivid-amber-border-color has-pale-cyan-blue-background-color has-background has-large-font-size\">\n<li class=\"has-medium-font-size\" style=\"margin-right:var(--wp--preset--spacing--50);margin-left:var(--wp--preset--spacing--50)\"><span style=\"text-decoration: underline;\"><strong>DIVENDRES 17 ABRIL<\/strong>:<\/span>\n<ul class=\"wp-block-list\">\n<li style=\"margin-right:0;margin-left:0\">Totes les classes quedaran anul\u00b7lades per l&#8217;assist\u00e8ncia dels docents del centre a una jornada de formaci\u00f3 educativa.<\/li>\n<\/ul>\n<\/li>\n<\/ul>\n\n\n\n<ul style=\"border-radius:35px\" class=\"wp-block-list has-border-color has-luminous-vivid-amber-border-color has-pale-cyan-blue-background-color has-background has-large-font-size\">\n<li class=\"has-medium-font-size\" style=\"margin-right:var(--wp--preset--spacing--50);margin-left:var(--wp--preset--spacing--50)\"><span style=\"text-decoration: underline;\"><strong>PREINSCRIPCI\u00d3 CURS 2026-2027<\/strong>:<\/span>\n<ul class=\"wp-block-list\">\n<li style=\"margin-right:0;margin-left:0\">El per\u00edode de preinscripci\u00f3 per al curs 2026-2027 ser\u00e0 del 19 al 29 de juny de 2026.<\/li>\n<\/ul>\n<\/li>\n<\/ul>\n\n\n\n<p><\/p>\n","protected":false},"excerpt":{"rendered":"<p>TAULER D&#8217;INFORMACI\u00d3 DEL CENTRE:<\/p>\n","protected":false},"author":1,"featured_media":0,"parent":0,"menu_order":0,"comment_status":"closed","ping_status":"closed","template":"","meta":{"_bbp_topic_count":0,"_bbp_reply_count":0,"_bbp_total_topic_count":0,"_bbp_total_reply_count":0,"_bbp_voice_count":0,"_bbp_anonymous_reply_count":0,"_bbp_topic_count_hidden":0,"_bbp_reply_count_hidden":0,"_bbp_forum_subforum_count":0,"site-sidebar-layout":"default","site-content-layout":"","ast-site-content-layout":"default","site-content-style":"default","site-sidebar-style":"default","ast-global-header-display":"","ast-banner-title-visibility":"","ast-main-header-display":"","ast-hfb-above-header-display":"","ast-hfb-below-header-display":"","ast-hfb-mobile-header-display":"","site-post-title":"disabled","ast-breadcrumbs-content":"","ast-featured-img":"","footer-sml-layout":"","theme-transparent-header-meta":"","adv-header-id-meta":"","stick-header-meta":"","header-above-stick-meta":"","header-main-stick-meta":"","header-below-stick-meta":"","astra-migrate-meta-layouts":"set","ast-page-background-enabled":"default","ast-page-background-meta":{"desktop":{"background-color":"var(--ast-global-color-4)","background-image":"","background-repeat":"repeat","background-position":"center center","background-size":"auto","background-attachment":"scroll","background-type":"","background-media":"","overlay-type":"","overlay-color":"","overlay-opacity":"","overlay-gradient":""},"tablet":{"background-color":"","background-image":"","background-repeat":"repeat","background-position":"center center","background-size":"auto","background-attachment":"scroll","background-type":"","background-media":"","overlay-type":"","overlay-color":"","overlay-opacity":"","overlay-gradient":""},"mobile":{"background-color":"","background-image":"","background-repeat":"repeat","background-position":"center center","background-size":"auto","background-attachment":"scroll","background-type":"","background-media":"","overlay-type":"","overlay-color":"","overlay-opacity":"","overlay-gradient":""}},"ast-content-background-meta":{"desktop":{"background-color":"var(--ast-global-color-5)","background-image":"","background-repeat":"repeat","background-position":"center center","background-size":"auto","background-attachment":"scroll","background-type":"","background-media":"","overlay-type":"","overlay-color":"","overlay-opacity":"","overlay-gradient":""},"tablet":{"background-color":"var(--ast-global-color-5)","background-image":"","background-repeat":"repeat","background-position":"center center","background-size":"auto","background-attachment":"scroll","background-type":"","background-media":"","overlay-type":"","overlay-color":"","overlay-opacity":"","overlay-gradient":""},"mobile":{"background-color":"var(--ast-global-color-5)","background-image":"","background-repeat":"repeat","background-position":"center center","background-size":"auto","background-attachment":"scroll","background-type":"","background-media":"","overlay-type":"","overlay-color":"","overlay-opacity":"","overlay-gradient":""}},"footnotes":""},"class_list":["post-261","page","type-page","status-publish","hentry"],"post_mailing_queue_ids":[],"_links":{"self":[{"href":"https:\/\/agora.xtec.cat\/escolaadultspremia\/wp-json\/wp\/v2\/pages\/261","targetHints":{"allow":["GET"]}}],"collection":[{"href":"https:\/\/agora.xtec.cat\/escolaadultspremia\/wp-json\/wp\/v2\/pages"}],"about":[{"href":"https:\/\/agora.xtec.cat\/escolaadultspremia\/wp-json\/wp\/v2\/types\/page"}],"author":[{"embeddable":true,"href":"https:\/\/agora.xtec.cat\/escolaadultspremia\/wp-json\/wp\/v2\/users\/1"}],"replies":[{"embeddable":true,"href":"https:\/\/agora.xtec.cat\/escolaadultspremia\/wp-json\/wp\/v2\/comments?post=261"}],"version-history":[{"count":6,"href":"https:\/\/agora.xtec.cat\/escolaadultspremia\/wp-json\/wp\/v2\/pages\/261\/revisions"}],"predecessor-version":[{"id":3863,"href":"https:\/\/agora.xtec.cat\/escolaadultspremia\/wp-json\/wp\/v2\/pages\/261\/revisions\/3863"}],"wp:attachment":[{"href":"https:\/\/agora.xtec.cat\/escolaadultspremia\/wp-json\/wp\/v2\/media?parent=261"}],"curies":[{"name":"wp","href":"https:\/\/api.w.org\/{rel}","templated":true}]}}