{"id":2098,"date":"2021-02-18T17:06:43","date_gmt":"2021-02-18T16:06:43","guid":{"rendered":"http:\/\/agora.xtec.cat\/escolaadultspremia\/?page_id=2098"},"modified":"2025-06-04T15:42:44","modified_gmt":"2025-06-04T13:42:44","slug":"angles-5","status":"publish","type":"page","link":"https:\/\/agora.xtec.cat\/escolaadultspremia\/el-centre\/ensenyaments\/transprofessionals\/angles-5\/","title":{"rendered":"Angl\u00e8s"},"content":{"rendered":"\n<p>Aquests estudis tenen com a objectiu que les persones adultes assoleixin un grau de compet\u00e8ncia b\u00e0sic per a comunicar-se en llengua anglesa o francesa.&nbsp;S\u2019imparteixen en tres nivells, que corresponen als nivells A1, A2.1 i A2.2 del MECRL (Marc Europeu Com\u00fa de Refer\u00e8ncia per a les Lleng\u00fces).<\/p>\n\n\n\n<p>L&#8217;escola ofereix els tres cursos de llengua anglesa, que aquest curs 2025-2026 s&#8217;impartiran en els torns horaris seg\u00fcents:<\/p>\n\n\n\n<figure class=\"wp-block-table is-style-stripes has-medium-font-size\"><table class=\"has-pale-cyan-blue-background-color has-background has-border-color has-ast-global-color-1-border-color has-fixed-layout\" style=\"border-width:5px\"><tbody><tr><td class=\"has-text-align-center\" data-align=\"center\"><strong>Angl\u00e8s 1 (A1)<\/strong><\/td><td class=\"has-text-align-center\" data-align=\"center\"><strong>Angl\u00e8s 2 (A2.1)<\/strong><\/td><td class=\"has-text-align-center\" data-align=\"center\"><strong>Angl\u00e8s 3 (A2.2)<\/strong><\/td><\/tr><tr><td class=\"has-text-align-center\" data-align=\"center\"><br>&nbsp;<br><em>MAT\u00cd<\/em>&nbsp;<br><br><\/td><td class=\"has-text-align-center\" data-align=\"center\"><br><br><em>TARDA<\/em><br><br><\/td><td class=\"has-text-align-center\" data-align=\"center\"><br><br><em>TARDA<\/em><br><br><\/td><\/tr><\/tbody><\/table><\/figure>\n\n\n\n<h3 class=\"wp-block-heading\">Avaluaci\u00f3 del tercer curs (Angl\u00e8s 3)<\/h3>\n\n\n\n<p>L&#8217;<strong>avaluaci\u00f3 del tercer curs<\/strong> (Angl\u00e8s 3) t\u00e9 un valor num\u00e8ric de 0 a 10. Un 60% de la nota final correspon al resultat global obtingut durant el curs i el 40% restant s&#8217;obt\u00e9 de la nota de l&#8217;examen final. <\/p>\n\n\n\n<figure class=\"wp-block-image size-full is-resized\"><a href=\"https:\/\/agora.xtec.cat\/escolaadultspremia\/wp-content\/uploads\/usu1270\/2025\/05\/image.png\"><img loading=\"lazy\" decoding=\"async\" width=\"592\" height=\"170\" src=\"https:\/\/agora.xtec.cat\/escolaadultspremia\/wp-content\/uploads\/usu1270\/2025\/05\/image.png\" alt=\"\" class=\"wp-image-3550\" style=\"width:631px;height:auto\" srcset=\"https:\/\/agora.xtec.cat\/escolaadultspremia\/wp-content\/uploads\/usu1270\/2025\/05\/image.png 592w, https:\/\/agora.xtec.cat\/escolaadultspremia\/wp-content\/uploads\/usu1270\/2025\/05\/image-300x86.png 300w\" sizes=\"auto, (max-width: 592px) 100vw, 592px\" \/><\/a><\/figure>\n\n\n\n<p><strong>Cal complir aquestes tres condicions per superar el curs:<\/strong><\/p>\n\n\n\n<ol class=\"wp-block-list\">\n<li>Cal superar la <strong>prova final del curs<\/strong> amb una <strong>nota m\u00ednima de 6<\/strong>. <\/li>\n\n\n\n<li>Cal superar l&#8217;<strong>avaluaci\u00f3 continuada del curs<\/strong> amb una <strong>nota m\u00ednima de 5<\/strong>.<\/li>\n\n\n\n<li>Per obtenir la qualificaci\u00f3 d&#8217;apte\/a cal que la <strong>nota global<\/strong> (60% del curs + 40% examen final) sigui <strong>igual o superior a 6,5<\/strong>. <\/li>\n<\/ol>\n\n\n\n<p><\/p>\n\n\n\n<h3 class=\"wp-block-heading\">Qualificaci\u00f3 final i efectes de superaci\u00f3 del tercer curs (Angl\u00e8s 3)<\/h3>\n\n\n\n<p>La qualificaci\u00f3 final \u00e9s d&#8217;<strong>apte\/a<\/strong> o <strong>no apte\/a<\/strong>. La superaci\u00f3 del tercer curs atorga el <strong>certificat del nivell A2 en llengua anglesa<\/strong>, el qual dona <strong>acc\u00e9s a 3r curs d&#8217;angl\u00e8s (B1) de l&#8217;escola oficial d&#8217;idiomes (EOI)<\/strong> sense haver de realitzar cap prova de nivell.<\/p>\n\n\n\n<p><\/p>\n","protected":false},"excerpt":{"rendered":"<p>Aquests estudis tenen com a objectiu que les persones adultes assoleixin un grau de compet\u00e8ncia b\u00e0sic per a comunicar-se en [&hellip;]<\/p>\n","protected":false},"author":1,"featured_media":0,"parent":2096,"menu_order":0,"comment_status":"closed","ping_status":"closed","template":"","meta":{"_bbp_topic_count":0,"_bbp_reply_count":0,"_bbp_total_topic_count":0,"_bbp_total_reply_count":0,"_bbp_voice_count":0,"_bbp_anonymous_reply_count":0,"_bbp_topic_count_hidden":0,"_bbp_reply_count_hidden":0,"_bbp_forum_subforum_count":0,"site-sidebar-layout":"default","site-content-layout":"","ast-site-content-layout":"default","site-content-style":"default","site-sidebar-style":"default","ast-global-header-display":"","ast-banner-title-visibility":"","ast-main-header-display":"","ast-hfb-above-header-display":"","ast-hfb-below-header-display":"","ast-hfb-mobile-header-display":"","site-post-title":"","ast-breadcrumbs-content":"","ast-featured-img":"","footer-sml-layout":"","theme-transparent-header-meta":"","adv-header-id-meta":"","stick-header-meta":"","header-above-stick-meta":"","header-main-stick-meta":"","header-below-stick-meta":"","astra-migrate-meta-layouts":"set","ast-page-background-enabled":"default","ast-page-background-meta":{"desktop":{"background-color":"var(--ast-global-color-4)","background-image":"","background-repeat":"repeat","background-position":"center center","background-size":"auto","background-attachment":"scroll","background-type":"","background-media":"","overlay-type":"","overlay-color":"","overlay-opacity":"","overlay-gradient":""},"tablet":{"background-color":"","background-image":"","background-repeat":"repeat","background-position":"center center","background-size":"auto","background-attachment":"scroll","background-type":"","background-media":"","overlay-type":"","overlay-color":"","overlay-opacity":"","overlay-gradient":""},"mobile":{"background-color":"","background-image":"","background-repeat":"repeat","background-position":"center center","background-size":"auto","background-attachment":"scroll","background-type":"","background-media":"","overlay-type":"","overlay-color":"","overlay-opacity":"","overlay-gradient":""}},"ast-content-background-meta":{"desktop":{"background-color":"var(--ast-global-color-5)","background-image":"","background-repeat":"repeat","background-position":"center center","background-size":"auto","background-attachment":"scroll","background-type":"","background-media":"","overlay-type":"","overlay-color":"","overlay-opacity":"","overlay-gradient":""},"tablet":{"background-color":"var(--ast-global-color-5)","background-image":"","background-repeat":"repeat","background-position":"center center","background-size":"auto","background-attachment":"scroll","background-type":"","background-media":"","overlay-type":"","overlay-color":"","overlay-opacity":"","overlay-gradient":""},"mobile":{"background-color":"var(--ast-global-color-5)","background-image":"","background-repeat":"repeat","background-position":"center center","background-size":"auto","background-attachment":"scroll","background-type":"","background-media":"","overlay-type":"","overlay-color":"","overlay-opacity":"","overlay-gradient":""}},"footnotes":""},"class_list":["post-2098","page","type-page","status-publish","hentry"],"post_mailing_queue_ids":[],"_links":{"self":[{"href":"https:\/\/agora.xtec.cat\/escolaadultspremia\/wp-json\/wp\/v2\/pages\/2098","targetHints":{"allow":["GET"]}}],"collection":[{"href":"https:\/\/agora.xtec.cat\/escolaadultspremia\/wp-json\/wp\/v2\/pages"}],"about":[{"href":"https:\/\/agora.xtec.cat\/escolaadultspremia\/wp-json\/wp\/v2\/types\/page"}],"author":[{"embeddable":true,"href":"https:\/\/agora.xtec.cat\/escolaadultspremia\/wp-json\/wp\/v2\/users\/1"}],"replies":[{"embeddable":true,"href":"https:\/\/agora.xtec.cat\/escolaadultspremia\/wp-json\/wp\/v2\/comments?post=2098"}],"version-history":[{"count":6,"href":"https:\/\/agora.xtec.cat\/escolaadultspremia\/wp-json\/wp\/v2\/pages\/2098\/revisions"}],"predecessor-version":[{"id":3565,"href":"https:\/\/agora.xtec.cat\/escolaadultspremia\/wp-json\/wp\/v2\/pages\/2098\/revisions\/3565"}],"up":[{"embeddable":true,"href":"https:\/\/agora.xtec.cat\/escolaadultspremia\/wp-json\/wp\/v2\/pages\/2096"}],"wp:attachment":[{"href":"https:\/\/agora.xtec.cat\/escolaadultspremia\/wp-json\/wp\/v2\/media?parent=2098"}],"curies":[{"name":"wp","href":"https:\/\/api.w.org\/{rel}","templated":true}]}}