{"id":2094,"date":"2021-02-18T17:06:17","date_gmt":"2021-02-18T16:06:17","guid":{"rendered":"http:\/\/agora.xtec.cat\/escolaadultspremia\/?page_id=2094"},"modified":"2025-06-04T18:43:59","modified_gmt":"2025-06-04T16:43:59","slug":"acces-a-universitat-25-45","status":"publish","type":"page","link":"https:\/\/agora.xtec.cat\/escolaadultspremia\/el-centre\/ensenyaments\/preparacio-de-proves-dacces\/acces-a-universitat-25-45\/","title":{"rendered":"Acc\u00e9s a Universitat +25\/+45"},"content":{"rendered":"\n<p>Es tracta d&#8217;un ensenyament adre\u00e7at a persones majors de 25 anys que volen cursar estudis universitaris i que <strong>compleixen els requisits seg\u00fcents<\/strong>:<\/p>\n\n\n\n<ol class=\"wp-block-list\">\n<li>no han superat el Batxillerat<\/li>\n\n\n\n<li>no han superat la prova de Selectivitat (PAU)<\/li>\n\n\n\n<li>no estan en possessi\u00f3 d&#8217;un t\u00edtol de t\u00e8cnic superior de formaci\u00f3 professional.<\/li>\n\n\n\n<li>tenen els 25 o 45 anys complerts l&#8217;any natural en qu\u00e8 es realitza la prova d&#8217;acc\u00e9s.<\/li>\n<\/ol>\n\n\n\n<h3 class=\"wp-block-heading has-text-align-center has-luminous-vivid-amber-background-color has-background\" style=\"border-style:none;border-width:0px\">Acc\u00e9s a la universitat per a majors de 25 anys <\/h3>\n\n\n\n<h5 class=\"wp-block-heading\">Descripci\u00f3 del curs<\/h5>\n\n\n\n<p>L&#8217;escola ofereix la <strong>preparaci\u00f3 de les assignatures comunes<\/strong> i proporcionar\u00e0 material en pr\u00e9stec perqu\u00e8 l&#8217;alumnat pugui preparar-se les <strong>assignatures espec\u00edfiques<\/strong> pel seu compte. Les classes preparat\u00f2ries s&#8217;imparteixen en <strong>horari de mat\u00ed<\/strong>.<\/p>\n\n\n\n<h5 class=\"wp-block-heading\"><strong>Assignatures<\/strong><\/h5>\n\n\n\n<p>Les assignatures de la <strong>part comuna<\/strong> de la prova s\u00f3n:<\/p>\n\n\n\n<ul class=\"wp-block-list\">\n<li>catal\u00e0 (25%)<\/li>\n\n\n\n<li>castell\u00e0 (25%)<\/li>\n\n\n\n<li>comentari de text (25%)<\/li>\n\n\n\n<li>llengua estrangera: angl\u00e8s, franc\u00e8s, alemany, itali\u00e0 o portugu\u00e8s (25%)<\/li>\n<\/ul>\n\n\n\n<p>Les assignatures de la <strong>part espec\u00edfica<\/strong> dependran de la branca de coneixement a qu\u00e8 pertany el grau universitari al qual vol accedir l&#8217;alumne. Podeu consultar les opcions a la seg\u00fcent taula:<\/p>\n\n\n\n<figure class=\"wp-block-table\"><table class=\"has-border-color has-black-border-color has-fixed-layout\" style=\"border-width:3px\"><tbody><tr><td class=\"has-text-align-left\" data-align=\"left\"><h4><b> OPCIONS D\u2019ACC\u00c9S\u00a0 \u00a0<\/b><\/h4><\/td><td class=\"has-text-align-left\" data-align=\"left\"><h4><b> MAT\u00c8RIES<\/b><\/h4><\/td><\/tr><tr><td class=\"has-text-align-left\" data-align=\"left\">A) ARTS I HUMANITATS<\/td><td class=\"has-text-align-left\" data-align=\"left\">Filosofia<br>Geografia<br>Hist\u00f2ria contempor\u00e0nia<br>Hist\u00f2ria de l\u2019art<br>Literatura<\/td><\/tr><tr><td class=\"has-text-align-left\" data-align=\"left\">B) CI\u00c8NCIES<\/td><td class=\"has-text-align-left\" data-align=\"left\">Biologia<br>Estad\u00edstica<br>F\u00edsica<br>Matem\u00e0tiques<br>Qu\u00edmica<\/td><\/tr><tr><td class=\"has-text-align-left\" data-align=\"left\">C) CI\u00c8NCIES DE LA SALUT<\/td><td class=\"has-text-align-left\" data-align=\"left\">Biologia<br>Estad\u00edstica<br>F\u00edsica<br>Matem\u00e0tiques<br>Qu\u00edmica<\/td><\/tr><tr><td class=\"has-text-align-left\" data-align=\"left\">D) CI\u00c8NCIES SOCIALS I JUR\u00cdDIQUES<\/td><td class=\"has-text-align-left\" data-align=\"left\">Economia de l&#8217;Empresa<br>Estad\u00edstica<br>Geografia<br>Hist\u00f2ria Contempor\u00e0nia<br>Matem\u00e0tiques<\/td><\/tr><tr><td class=\"has-text-align-left\" data-align=\"left\">E) ENGINYERIA I ARQUITECTURA<\/td><td class=\"has-text-align-left\" data-align=\"left\">Dibuix T\u00e8cnic<br>Economia de l&#8217;Empresa<br>F\u00edsica<br>Matem\u00e0tiques<br>Qu\u00edmica<\/td><\/tr><\/tbody><\/table><\/figure>\n\n\n\n<h5 class=\"wp-block-heading\">Avaluaci\u00f3 de la prova<\/h5>\n\n\n\n<ul class=\"wp-block-list\">\n<li>Cadascun dels ex\u00e0mens es qualifica amb una puntuaci\u00f3 de 0 a 10 punts.<\/li>\n\n\n\n<li>\u00c9s obligatori lliurar tots els ex\u00e0mens de la mateixa fase per tal d&#8217;obtenir la qualificaci\u00f3 corresponent.<\/li>\n\n\n\n<li>La qualificaci\u00f3 de la fase general s&#8217;obt\u00e9 de la\u00a0<em>mitjana aritm\u00e8tica<\/em>\u00a0dels quatre ex\u00e0mens.<\/li>\n\n\n\n<li>La qualificaci\u00f3 de la fase espec\u00edfica s&#8217;obt\u00e9 de la\u00a0<em>mitjana aritm\u00e8tica<\/em>\u00a0dels dos ex\u00e0mens.<\/li>\n\n\n\n<li>La qualificaci\u00f3 final de la prova s&#8217;obt\u00e9 de la\u00a0<em>mitjana aritm\u00e8tica<\/em>\u00a0de la qualificaci\u00f3 obtinguda en cadascuna de les fases. Nom\u00e9s es podr\u00e0 fer la mitjana quan la qualificaci\u00f3 de cadascuna de les dues fases sigui igual o superior a\u00a0<em>quatre punts<\/em>.<\/li>\n\n\n\n<li>Per superar la prova d&#8217;acc\u00e9s cal obtenir un m\u00ednim de\u00a0<em>cinc punts<\/em>\u00a0en la qualificaci\u00f3 final de la prova (mitjana aritm\u00e8tica de la qualificaci\u00f3 obtinguda a les dues proves).<\/li>\n\n\n\n<li>Un cop superada la prova per a m\u00e9s grans de 25 anys, la qualificaci\u00f3 obtinguda t\u00e9 validesa indefinida.<\/li>\n\n\n\n<li>\u00c9s possible presentar-se de nou en convocat\u00f2ries posteriors per millorar la qualificaci\u00f3 obtinguda a la prova.<\/li>\n<\/ul>\n\n\n\n<p>Un <strong>3% de les places<\/strong> a tots els graus universitaris estan <strong>reservades<\/strong> a les persones que accedeixen a la universitat a trav\u00e9s de la prova d&#8217;acc\u00e9s per a majors de 25 anys.<\/p>\n\n\n\n<h5 class=\"wp-block-heading\">Efectes de superaci\u00f3 de la prova d&#8217;acc\u00e9s a la universitat per a majors de 25 anys<\/h5>\n\n\n\n<p>La superaci\u00f3 de la prova d&#8217;acc\u00e9s per a majors de 25 anys proporciona acc\u00e9s tant a la universitat com als cicles formatius de Grau Superior. <\/p>\n\n\n\n<p>La superaci\u00f3 de la prova d&#8217;acc\u00e9s a la universitat per a majors de 25 anys t\u00e9 l&#8217;equival\u00e8ncia al t\u00edtol de Batxillerat a efectes laborals sempre i quan s&#8217;acompanyi del t\u00edtol de l&#8217;ESO.<\/p>\n\n\n\n<div class=\"wp-block-buttons is-layout-flex wp-block-buttons-is-layout-flex\">\n<div class=\"wp-block-button has-custom-width wp-block-button__width-25 has-custom-font-size has-medium-font-size\"><a class=\"wp-block-button__link wp-element-button\" href=\"https:\/\/universitats.gencat.cat\/ca\/proves-majors\/25-anys\/index.html\">M\u00c9S INFORMACI\u00d3<\/a><\/div>\n<\/div>\n\n\n\n<h3 class=\"wp-block-heading has-text-align-center has-luminous-vivid-amber-background-color has-background\">Acc\u00e9s a la universitat per a majors de 45 anys<\/h3>\n\n\n\n<h5 class=\"wp-block-heading\">Descripci\u00f3 del curs i de la prova<\/h5>\n\n\n\n<p>Les persones <strong>majors de 45 anys<\/strong> estan exemptes de fer la part espec\u00edfica de la prova i nom\u00e9s hauran de superar l&#8217;examen de les <strong>assignatures comunes<\/strong> de la prova d&#8217;acc\u00e9s, a <strong>excepci\u00f3 de l&#8217;angl\u00e8s<\/strong>. Per tant, l&#8217;examen consta de tres mat\u00e8ries que a l&#8217;escola es preparen en <strong>horari de mat\u00ed<\/strong>:<\/p>\n\n\n\n<ul class=\"wp-block-list\">\n<li>Llengua Catalana (33%)<\/li>\n\n\n\n<li>Llengua Castellana (33%)<\/li>\n\n\n\n<li>Comentari de Text (33%)<\/li>\n<\/ul>\n\n\n\n<p>Les persones que superin la prova seran convocades a la universitat per a la realitzaci\u00f3 d&#8217;una entrevista personal, el resultat de la qual \u00e9s d&#8217;<strong>apte\/a<\/strong> o <strong>no apte\/a<\/strong>. Cal realitzar l&#8217;entrevista personal per tal d&#8217;accedir a la universitat.<\/p>\n\n\n\n<h5 class=\"wp-block-heading\">Efectes de superaci\u00f3 de la prova d&#8217;acc\u00e9s per a majors de 45 anys<\/h5>\n\n\n\n<p>Les persones que superin la prova d&#8217;acc\u00e9s per a major de 45 anys podran accedir a <strong>qualsevol grau universitari<\/strong>, aix\u00ed com a un <strong>cicle formatiu de grau superior<\/strong>.<\/p>\n\n\n\n<p>La superaci\u00f3 de la prova d&#8217;acc\u00e9s per a majors de 45 anys <strong>no t\u00e9 equival\u00e8ncia<\/strong> al t\u00edtol de Batxillerat.<\/p>\n","protected":false},"excerpt":{"rendered":"<p>Es tracta d&#8217;un ensenyament adre\u00e7at a persones majors de 25 anys que volen cursar estudis universitaris i que compleixen els [&hellip;]<\/p>\n","protected":false},"author":1,"featured_media":0,"parent":2090,"menu_order":0,"comment_status":"closed","ping_status":"closed","template":"","meta":{"_bbp_topic_count":0,"_bbp_reply_count":0,"_bbp_total_topic_count":0,"_bbp_total_reply_count":0,"_bbp_voice_count":0,"_bbp_anonymous_reply_count":0,"_bbp_topic_count_hidden":0,"_bbp_reply_count_hidden":0,"_bbp_forum_subforum_count":0,"site-sidebar-layout":"default","site-content-layout":"","ast-site-content-layout":"default","site-content-style":"default","site-sidebar-style":"default","ast-global-header-display":"","ast-banner-title-visibility":"","ast-main-header-display":"","ast-hfb-above-header-display":"","ast-hfb-below-header-display":"","ast-hfb-mobile-header-display":"","site-post-title":"","ast-breadcrumbs-content":"","ast-featured-img":"","footer-sml-layout":"","theme-transparent-header-meta":"","adv-header-id-meta":"","stick-header-meta":"","header-above-stick-meta":"","header-main-stick-meta":"","header-below-stick-meta":"","astra-migrate-meta-layouts":"set","ast-page-background-enabled":"default","ast-page-background-meta":{"desktop":{"background-color":"var(--ast-global-color-4)","background-image":"","background-repeat":"repeat","background-position":"center center","background-size":"auto","background-attachment":"scroll","background-type":"","background-media":"","overlay-type":"","overlay-color":"","overlay-opacity":"","overlay-gradient":""},"tablet":{"background-color":"","background-image":"","background-repeat":"repeat","background-position":"center center","background-size":"auto","background-attachment":"scroll","background-type":"","background-media":"","overlay-type":"","overlay-color":"","overlay-opacity":"","overlay-gradient":""},"mobile":{"background-color":"","background-image":"","background-repeat":"repeat","background-position":"center center","background-size":"auto","background-attachment":"scroll","background-type":"","background-media":"","overlay-type":"","overlay-color":"","overlay-opacity":"","overlay-gradient":""}},"ast-content-background-meta":{"desktop":{"background-color":"var(--ast-global-color-5)","background-image":"","background-repeat":"repeat","background-position":"center center","background-size":"auto","background-attachment":"scroll","background-type":"","background-media":"","overlay-type":"","overlay-color":"","overlay-opacity":"","overlay-gradient":""},"tablet":{"background-color":"var(--ast-global-color-5)","background-image":"","background-repeat":"repeat","background-position":"center center","background-size":"auto","background-attachment":"scroll","background-type":"","background-media":"","overlay-type":"","overlay-color":"","overlay-opacity":"","overlay-gradient":""},"mobile":{"background-color":"var(--ast-global-color-5)","background-image":"","background-repeat":"repeat","background-position":"center center","background-size":"auto","background-attachment":"scroll","background-type":"","background-media":"","overlay-type":"","overlay-color":"","overlay-opacity":"","overlay-gradient":""}},"footnotes":""},"class_list":["post-2094","page","type-page","status-publish","hentry"],"post_mailing_queue_ids":[],"_links":{"self":[{"href":"https:\/\/agora.xtec.cat\/escolaadultspremia\/wp-json\/wp\/v2\/pages\/2094","targetHints":{"allow":["GET"]}}],"collection":[{"href":"https:\/\/agora.xtec.cat\/escolaadultspremia\/wp-json\/wp\/v2\/pages"}],"about":[{"href":"https:\/\/agora.xtec.cat\/escolaadultspremia\/wp-json\/wp\/v2\/types\/page"}],"author":[{"embeddable":true,"href":"https:\/\/agora.xtec.cat\/escolaadultspremia\/wp-json\/wp\/v2\/users\/1"}],"replies":[{"embeddable":true,"href":"https:\/\/agora.xtec.cat\/escolaadultspremia\/wp-json\/wp\/v2\/comments?post=2094"}],"version-history":[{"count":6,"href":"https:\/\/agora.xtec.cat\/escolaadultspremia\/wp-json\/wp\/v2\/pages\/2094\/revisions"}],"predecessor-version":[{"id":3619,"href":"https:\/\/agora.xtec.cat\/escolaadultspremia\/wp-json\/wp\/v2\/pages\/2094\/revisions\/3619"}],"up":[{"embeddable":true,"href":"https:\/\/agora.xtec.cat\/escolaadultspremia\/wp-json\/wp\/v2\/pages\/2090"}],"wp:attachment":[{"href":"https:\/\/agora.xtec.cat\/escolaadultspremia\/wp-json\/wp\/v2\/media?parent=2094"}],"curies":[{"name":"wp","href":"https:\/\/api.w.org\/{rel}","templated":true}]}}