{"id":2082,"date":"2021-02-18T17:04:37","date_gmt":"2021-02-18T16:04:37","guid":{"rendered":"http:\/\/agora.xtec.cat\/escolaadultspremia\/?page_id=2082"},"modified":"2025-06-12T13:32:17","modified_gmt":"2025-06-12T11:32:17","slug":"formacio-instrumental","status":"publish","type":"page","link":"https:\/\/agora.xtec.cat\/escolaadultspremia\/el-centre\/ensenyaments\/inicials-i-basics\/formacio-instrumental\/","title":{"rendered":"Formaci\u00f3 Instrumental"},"content":{"rendered":"\n<h3 class=\"wp-block-heading has-text-align-center has-luminous-vivid-amber-background-color has-background\">Descripci\u00f3<\/h3>\n\n\n\n<p>L&#8217;objectiu d&#8217;aquests estudis \u00e9s que les persones adultes aprenguin a <strong>llegir, escriure i fer c\u00e0lculs elementals<\/strong>. \u00c9s un ensenyament equivalent a l&#8217;etapa de l&#8217;<strong>educaci\u00f3 prim\u00e0ria<\/strong> i la seva superaci\u00f3 condueix a l&#8217;obtenci\u00f3 del t\u00edtol del certificat de formaci\u00f3 instrumental.<\/p>\n\n\n\n<p>Les <strong>assignatures<\/strong> impartides en aquesta etapa s\u00f3n <strong>llengua catalana<\/strong>, <strong>llengua castellana<\/strong>,<strong> matem\u00e0tiques, ci\u00e8ncies socials<\/strong> i, en l&#8217;\u00faltim curs, tamb\u00e9 <strong>angl\u00e8s<\/strong>. La llengua vehicular de l&#8217;educaci\u00f3 a Catalunya \u00e9s el catal\u00e0 i, per tant, totes les assignatures a excepci\u00f3 de llengua castellana s&#8217;impartiran en aquest idioma.<\/p>\n\n\n\n<h3 class=\"wp-block-heading has-text-align-center has-luminous-vivid-amber-background-color has-background\">Nivells<\/h3>\n\n\n\n<p>La formaci\u00f3 instrumental est\u00e0 dividida en quatre nivells diferents, i els nivells estan agrupats en dos cicles de la manera seg\u00fcent:<\/p>\n\n\n\n<ul class=\"wp-block-list\">\n<li>1r cicle de CFI: Instrumental 1 i 2<\/li>\n\n\n\n<li>2n cicle de CFI: Instrumental 3 i 4<\/li>\n<\/ul>\n\n\n\n<p>Aquest curs 2025-2026, l&#8217;escola <strong>ofereix tres dels quatre nivells de Formaci\u00f3 Instrumental<\/strong> dividits en dos torns horaris diferents: mat\u00ed i vespre:<\/p>\n\n\n\n<ul class=\"wp-block-list\">\n<li>Instrumental 1: Mat\u00ed i Vespre<\/li>\n\n\n\n<li>Instrumental 2: Vespre<\/li>\n\n\n\n<li>Instrumental 3: Vespre<\/li>\n<\/ul>\n\n\n\n<h3 class=\"wp-block-heading has-text-align-center has-luminous-vivid-amber-background-color has-background\">Certificaci\u00f3<\/h3>\n\n\n\n<p>La superaci\u00f3 de cadascun dels dos cicles de la formaci\u00f3 instrumental va associada a l&#8217;<strong>obtenci\u00f3 dels seg\u00fcents certificats<\/strong>:<\/p>\n\n\n\n<ul class=\"wp-block-list\">\n<li><strong>1r cicle de CFI (Instrumental 2):<\/strong>\n<ul class=\"wp-block-list\">\n<li>Certificat de nivell A1 de llengua catalana<\/li>\n\n\n\n<li>Certificat de nivell A1 de llengua castellana<\/li>\n<\/ul>\n<\/li>\n\n\n\n<li><strong>2n cicle de CFI (Instrumental 4):<\/strong>\n<ul class=\"wp-block-list\">\n<li>Certificat de nivell A2 de llengua catalana<\/li>\n\n\n\n<li>Certificat de nivell A2 de llengua castellana<\/li>\n\n\n\n<li>Certificat de COMPETIC inicial<\/li>\n<\/ul>\n<\/li>\n<\/ul>\n\n\n\n<h3 class=\"wp-block-heading has-text-align-center has-luminous-vivid-amber-background-color has-background\">Continu\u00eftat en l&#8217;ensenyament reglat<\/h3>\n\n\n\n<p>La continu\u00eftat natural d&#8217;aquests estudis dins del sistema educatiu catal\u00e0 \u00e9s en el GES (Graduat en Educaci\u00f3 Secund\u00e0ria Obligat\u00f2ria).<\/p>\n","protected":false},"excerpt":{"rendered":"<p>Descripci\u00f3 L&#8217;objectiu d&#8217;aquests estudis \u00e9s que les persones adultes aprenguin a llegir, escriure i fer c\u00e0lculs elementals. \u00c9s un ensenyament [&hellip;]<\/p>\n","protected":false},"author":1,"featured_media":0,"parent":2080,"menu_order":0,"comment_status":"closed","ping_status":"closed","template":"","meta":{"_bbp_topic_count":0,"_bbp_reply_count":0,"_bbp_total_topic_count":0,"_bbp_total_reply_count":0,"_bbp_voice_count":0,"_bbp_anonymous_reply_count":0,"_bbp_topic_count_hidden":0,"_bbp_reply_count_hidden":0,"_bbp_forum_subforum_count":0,"site-sidebar-layout":"default","site-content-layout":"","ast-site-content-layout":"default","site-content-style":"default","site-sidebar-style":"default","ast-global-header-display":"","ast-banner-title-visibility":"","ast-main-header-display":"","ast-hfb-above-header-display":"","ast-hfb-below-header-display":"","ast-hfb-mobile-header-display":"","site-post-title":"","ast-breadcrumbs-content":"","ast-featured-img":"","footer-sml-layout":"","theme-transparent-header-meta":"","adv-header-id-meta":"","stick-header-meta":"","header-above-stick-meta":"","header-main-stick-meta":"","header-below-stick-meta":"","astra-migrate-meta-layouts":"set","ast-page-background-enabled":"default","ast-page-background-meta":{"desktop":{"background-color":"var(--ast-global-color-4)","background-image":"","background-repeat":"repeat","background-position":"center center","background-size":"auto","background-attachment":"scroll","background-type":"","background-media":"","overlay-type":"","overlay-color":"","overlay-opacity":"","overlay-gradient":""},"tablet":{"background-color":"","background-image":"","background-repeat":"repeat","background-position":"center center","background-size":"auto","background-attachment":"scroll","background-type":"","background-media":"","overlay-type":"","overlay-color":"","overlay-opacity":"","overlay-gradient":""},"mobile":{"background-color":"","background-image":"","background-repeat":"repeat","background-position":"center center","background-size":"auto","background-attachment":"scroll","background-type":"","background-media":"","overlay-type":"","overlay-color":"","overlay-opacity":"","overlay-gradient":""}},"ast-content-background-meta":{"desktop":{"background-color":"var(--ast-global-color-5)","background-image":"","background-repeat":"repeat","background-position":"center center","background-size":"auto","background-attachment":"scroll","background-type":"","background-media":"","overlay-type":"","overlay-color":"","overlay-opacity":"","overlay-gradient":""},"tablet":{"background-color":"var(--ast-global-color-5)","background-image":"","background-repeat":"repeat","background-position":"center center","background-size":"auto","background-attachment":"scroll","background-type":"","background-media":"","overlay-type":"","overlay-color":"","overlay-opacity":"","overlay-gradient":""},"mobile":{"background-color":"var(--ast-global-color-5)","background-image":"","background-repeat":"repeat","background-position":"center center","background-size":"auto","background-attachment":"scroll","background-type":"","background-media":"","overlay-type":"","overlay-color":"","overlay-opacity":"","overlay-gradient":""}},"footnotes":""},"class_list":["post-2082","page","type-page","status-publish","hentry"],"post_mailing_queue_ids":[],"_links":{"self":[{"href":"https:\/\/agora.xtec.cat\/escolaadultspremia\/wp-json\/wp\/v2\/pages\/2082","targetHints":{"allow":["GET"]}}],"collection":[{"href":"https:\/\/agora.xtec.cat\/escolaadultspremia\/wp-json\/wp\/v2\/pages"}],"about":[{"href":"https:\/\/agora.xtec.cat\/escolaadultspremia\/wp-json\/wp\/v2\/types\/page"}],"author":[{"embeddable":true,"href":"https:\/\/agora.xtec.cat\/escolaadultspremia\/wp-json\/wp\/v2\/users\/1"}],"replies":[{"embeddable":true,"href":"https:\/\/agora.xtec.cat\/escolaadultspremia\/wp-json\/wp\/v2\/comments?post=2082"}],"version-history":[{"count":6,"href":"https:\/\/agora.xtec.cat\/escolaadultspremia\/wp-json\/wp\/v2\/pages\/2082\/revisions"}],"predecessor-version":[{"id":3683,"href":"https:\/\/agora.xtec.cat\/escolaadultspremia\/wp-json\/wp\/v2\/pages\/2082\/revisions\/3683"}],"up":[{"embeddable":true,"href":"https:\/\/agora.xtec.cat\/escolaadultspremia\/wp-json\/wp\/v2\/pages\/2080"}],"wp:attachment":[{"href":"https:\/\/agora.xtec.cat\/escolaadultspremia\/wp-json\/wp\/v2\/media?parent=2082"}],"curies":[{"name":"wp","href":"https:\/\/api.w.org\/{rel}","templated":true}]}}