{"id":26,"date":"2014-09-18T12:24:32","date_gmt":"2014-09-18T11:24:32","guid":{"rendered":"http:\/\/agora.xtec.cat\/escola9d4t\/?page_id=26"},"modified":"2025-07-04T12:46:45","modified_gmt":"2025-07-04T10:46:45","slug":"historia","status":"publish","type":"page","link":"https:\/\/agora.xtec.cat\/escola9d4t\/lescola\/historia\/","title":{"rendered":"Qui som"},"content":{"rendered":"<p><em><strong>Escola lenta: Tenim i donem temps.<\/strong><\/em><br \/>\nL\u2019Escola Nou de Quart (9d4t) \u00e9s un centre educatiu d\u2019infantil i prim\u00e0ria de titularitat p\u00fablica que va n\u00e9ixer el curs 2008\/09 amb tan sols dos nivells educatius, P3 i P4 i la seva trentena d\u2019alumnes.<br \/>\nEl Nou de Quart \u00e9s una escola jove i, per tant, plena de projectes que la motiven i encoratgen.<br \/>\nEl seu Projecte Educatiu deixa clar quin \u00e9s l\u2019 ideal educatiu, i quina la seva l\u00ednia d\u2019escola. Des de plantejaments flexibles i oberts i aportant unitat, continu\u00eftat i estabilitat treballem amb comprom\u00eds per garantir el nostre projecte. El que m\u00e9s ens caracteritza, \u00e9s el de treballar respectant el ritme de cada infant. En quest sentit, escollim metodologies que volen aconseguir i desenvolupar de forma global les compet\u00e8ncies per la vida.<br \/>\nLa nostra escola compta amb un Equip de Mestres format, que sap que el moment de la descoberta \u00e9s el moment de l\u2019aprenentatge, i en aquest sentit treballa.<br \/>\nLa nostra, no \u00e9s una escola on els mestres ensenyen, \u00e9s un espai on els nens i nenes aprenen. Fomenta l\u2019autonomia i la llibertat d\u2019 escollir, descobrir i redescobrir. Vol que els seus alumnes adquireixin les eines necess\u00e0ries per entendre el m\u00f3n on creixen i esdevinguin persones lliures, actives, cr\u00edtiques i felices.<br \/>\nL\u2019Escola Nou de Quart (9d4t), es defineix com \u201cEscola Lenta\u201d, amb una mirada atenta i respectuosa que acompanya i treballa amb la idea de donar el temps que necessita cada infant per anar avan\u00e7ant, cadasc\u00fa al seu ritme, en el proc\u00e9s educatiu.<\/p>\n","protected":false},"excerpt":{"rendered":"<p>Escola lenta: Tenim i donem temps. L\u2019Escola Nou de Quart (9d4t) \u00e9s un centre educatiu d\u2019infantil i prim\u00e0ria de titularitat p\u00fablica que va n\u00e9ixer el curs 2008\/09 amb tan sols dos nivells educatius, P3 i P4 i la seva trentena d\u2019alumnes. El Nou de Quart \u00e9s una escola jove i, per tant, plena de projectes [&hellip;]<\/p>\n","protected":false},"author":1,"featured_media":0,"parent":22,"menu_order":20,"comment_status":"closed","ping_status":"closed","template":"","meta":{"_bbp_topic_count":0,"_bbp_reply_count":0,"_bbp_total_topic_count":0,"_bbp_total_reply_count":0,"_bbp_voice_count":0,"_bbp_anonymous_reply_count":0,"_bbp_topic_count_hidden":0,"_bbp_reply_count_hidden":0,"_bbp_forum_subforum_count":0,"site-sidebar-layout":"default","site-content-layout":"","ast-site-content-layout":"default","site-content-style":"default","site-sidebar-style":"default","ast-global-header-display":"","ast-banner-title-visibility":"","ast-main-header-display":"","ast-hfb-above-header-display":"","ast-hfb-below-header-display":"","ast-hfb-mobile-header-display":"","site-post-title":"","ast-breadcrumbs-content":"","ast-featured-img":"","footer-sml-layout":"","theme-transparent-header-meta":"","adv-header-id-meta":"","stick-header-meta":"","header-above-stick-meta":"","header-main-stick-meta":"","header-below-stick-meta":"","astra-migrate-meta-layouts":"set","ast-page-background-enabled":"default","ast-page-background-meta":{"desktop":{"background-color":"var(--ast-global-color-4)","background-image":"","background-repeat":"repeat","background-position":"center center","background-size":"auto","background-attachment":"scroll","background-type":"","background-media":"","overlay-type":"","overlay-color":"","overlay-opacity":"","overlay-gradient":""},"tablet":{"background-color":"","background-image":"","background-repeat":"repeat","background-position":"center center","background-size":"auto","background-attachment":"scroll","background-type":"","background-media":"","overlay-type":"","overlay-color":"","overlay-opacity":"","overlay-gradient":""},"mobile":{"background-color":"","background-image":"","background-repeat":"repeat","background-position":"center center","background-size":"auto","background-attachment":"scroll","background-type":"","background-media":"","overlay-type":"","overlay-color":"","overlay-opacity":"","overlay-gradient":""}},"ast-content-background-meta":{"desktop":{"background-color":"var(--ast-global-color-5)","background-image":"","background-repeat":"repeat","background-position":"center center","background-size":"auto","background-attachment":"scroll","background-type":"","background-media":"","overlay-type":"","overlay-color":"","overlay-opacity":"","overlay-gradient":""},"tablet":{"background-color":"var(--ast-global-color-5)","background-image":"","background-repeat":"repeat","background-position":"center center","background-size":"auto","background-attachment":"scroll","background-type":"","background-media":"","overlay-type":"","overlay-color":"","overlay-opacity":"","overlay-gradient":""},"mobile":{"background-color":"var(--ast-global-color-5)","background-image":"","background-repeat":"repeat","background-position":"center center","background-size":"auto","background-attachment":"scroll","background-type":"","background-media":"","overlay-type":"","overlay-color":"","overlay-opacity":"","overlay-gradient":""}},"footnotes":""},"class_list":["post-26","page","type-page","status-publish","hentry"],"post_mailing_queue_ids":[],"_links":{"self":[{"href":"https:\/\/agora.xtec.cat\/escola9d4t\/wp-json\/wp\/v2\/pages\/26","targetHints":{"allow":["GET"]}}],"collection":[{"href":"https:\/\/agora.xtec.cat\/escola9d4t\/wp-json\/wp\/v2\/pages"}],"about":[{"href":"https:\/\/agora.xtec.cat\/escola9d4t\/wp-json\/wp\/v2\/types\/page"}],"author":[{"embeddable":true,"href":"https:\/\/agora.xtec.cat\/escola9d4t\/wp-json\/wp\/v2\/users\/1"}],"replies":[{"embeddable":true,"href":"https:\/\/agora.xtec.cat\/escola9d4t\/wp-json\/wp\/v2\/comments?post=26"}],"version-history":[{"count":4,"href":"https:\/\/agora.xtec.cat\/escola9d4t\/wp-json\/wp\/v2\/pages\/26\/revisions"}],"predecessor-version":[{"id":2765,"href":"https:\/\/agora.xtec.cat\/escola9d4t\/wp-json\/wp\/v2\/pages\/26\/revisions\/2765"}],"up":[{"embeddable":true,"href":"https:\/\/agora.xtec.cat\/escola9d4t\/wp-json\/wp\/v2\/pages\/22"}],"wp:attachment":[{"href":"https:\/\/agora.xtec.cat\/escola9d4t\/wp-json\/wp\/v2\/media?parent=26"}],"curies":[{"name":"wp","href":"https:\/\/api.w.org\/{rel}","templated":true}]}}