{"id":1610,"date":"2018-10-09T13:45:56","date_gmt":"2018-10-09T11:45:56","guid":{"rendered":"http:\/\/agora.xtec.cat\/escola9d4t\/?page_id=1610"},"modified":"2023-09-18T12:15:52","modified_gmt":"2023-09-18T10:15:52","slug":"voluntariat-18-19","status":"publish","type":"page","link":"https:\/\/agora.xtec.cat\/escola9d4t\/voluntariat-18-19\/","title":{"rendered":"Projecte Voluntariat"},"content":{"rendered":"<p><a href=\"https:\/\/agora.xtec.cat\/escola9d4t\/wp-content\/uploads\/usu1555\/2018\/10\/voluntariat-1.jpg\"><img loading=\"lazy\" decoding=\"async\" class=\" wp-image-1608 aligncenter\" src=\"https:\/\/agora.xtec.cat\/escola9d4t\/wp-content\/uploads\/usu1555\/2018\/10\/voluntariat-1.jpg\" alt=\"\" width=\"629\" height=\"288\" srcset=\"https:\/\/agora.xtec.cat\/escola9d4t\/wp-content\/uploads\/usu1555\/2018\/10\/voluntariat-1.jpg 800w, https:\/\/agora.xtec.cat\/escola9d4t\/wp-content\/uploads\/usu1555\/2018\/10\/voluntariat-1-300x137.jpg 300w, https:\/\/agora.xtec.cat\/escola9d4t\/wp-content\/uploads\/usu1555\/2018\/10\/voluntariat-1-768x350.jpg 768w\" sizes=\"auto, (max-width: 629px) 100vw, 629px\" \/><\/a><\/p>\n<p>Continua el Projecte Voluntariat 9d4t!<\/p>\n<p>El treball amb la comunitat educativa \u00e9s un dels nostres pilars i \u00e9s per aquest motiu, que aquest durant el curs continuem donant vida al Projecte de Voluntariat- Escola 9d4t.<\/p>\n<p>L&#8217;objectiu del projecte \u00e9s vetllar per una participaci\u00f3 activa dels membres de la comunitat aix\u00ed com a regular els diferents \u00e0mbits que comporta la participaci\u00f3 de membres dins la instituci\u00f3 escolar.<\/p>\n<p>Si en vols saber m\u00e9s fes un cop d&#8217;ull als seg\u00fcents enlla\u00e7os<\/p>\n<p><a href=\"https:\/\/docs.google.com\/document\/d\/e\/2PACX-1vR3ZDdAffv29pXrL6Ad9bVM5dOPJ_ZtuwZJAWrb50PEpmtA_qJub1kYKmZRw7j2zJsly_RzU04NGEXu\/pub\"><strong>PROJECTE DE VOLUTARIAT<\/strong><\/a><\/p>\n<p><strong>OFERTA DE VOLUNTARIAT\u00a0<\/strong><\/p>\n<p><a href=\"https:\/\/sede.mjusticia.gob.es\/cs\/Satellite\/Sede\/va\/tramites\/certificado-registro-central\">ENLLA\u00c7 CERTIFICAT DE NATURALESA DE DELICTES SEXUALS\u00a0<\/a><\/p>\n<p>&nbsp;<\/p>\n<p>&nbsp;<\/p>\n","protected":false},"excerpt":{"rendered":"<p>Continua el Projecte Voluntariat 9d4t! El treball amb la comunitat educativa \u00e9s un dels nostres pilars i \u00e9s per aquest motiu, que aquest durant el curs continuem donant vida al Projecte de Voluntariat- Escola 9d4t. L&#8217;objectiu del projecte \u00e9s vetllar per una participaci\u00f3 activa dels membres de la comunitat aix\u00ed com a regular els diferents [&hellip;]<\/p>\n","protected":false},"author":1,"featured_media":0,"parent":0,"menu_order":0,"comment_status":"closed","ping_status":"closed","template":"","meta":{"_bbp_topic_count":0,"_bbp_reply_count":0,"_bbp_total_topic_count":0,"_bbp_total_reply_count":0,"_bbp_voice_count":0,"_bbp_anonymous_reply_count":0,"_bbp_topic_count_hidden":0,"_bbp_reply_count_hidden":0,"_bbp_forum_subforum_count":0,"site-sidebar-layout":"default","site-content-layout":"","ast-site-content-layout":"","site-content-style":"default","site-sidebar-style":"default","ast-global-header-display":"","ast-banner-title-visibility":"","ast-main-header-display":"","ast-hfb-above-header-display":"","ast-hfb-below-header-display":"","ast-hfb-mobile-header-display":"","site-post-title":"","ast-breadcrumbs-content":"","ast-featured-img":"","footer-sml-layout":"","theme-transparent-header-meta":"","adv-header-id-meta":"","stick-header-meta":"","header-above-stick-meta":"","header-main-stick-meta":"","header-below-stick-meta":"","astra-migrate-meta-layouts":"default","ast-page-background-enabled":"default","ast-page-background-meta":{"desktop":{"background-color":"var(--ast-global-color-4)","background-image":"","background-repeat":"repeat","background-position":"center center","background-size":"auto","background-attachment":"scroll","background-type":"","background-media":"","overlay-type":"","overlay-color":"","overlay-opacity":"","overlay-gradient":""},"tablet":{"background-color":"","background-image":"","background-repeat":"repeat","background-position":"center center","background-size":"auto","background-attachment":"scroll","background-type":"","background-media":"","overlay-type":"","overlay-color":"","overlay-opacity":"","overlay-gradient":""},"mobile":{"background-color":"","background-image":"","background-repeat":"repeat","background-position":"center center","background-size":"auto","background-attachment":"scroll","background-type":"","background-media":"","overlay-type":"","overlay-color":"","overlay-opacity":"","overlay-gradient":""}},"ast-content-background-meta":{"desktop":{"background-color":"var(--ast-global-color-5)","background-image":"","background-repeat":"repeat","background-position":"center center","background-size":"auto","background-attachment":"scroll","background-type":"","background-media":"","overlay-type":"","overlay-color":"","overlay-opacity":"","overlay-gradient":""},"tablet":{"background-color":"var(--ast-global-color-5)","background-image":"","background-repeat":"repeat","background-position":"center center","background-size":"auto","background-attachment":"scroll","background-type":"","background-media":"","overlay-type":"","overlay-color":"","overlay-opacity":"","overlay-gradient":""},"mobile":{"background-color":"var(--ast-global-color-5)","background-image":"","background-repeat":"repeat","background-position":"center center","background-size":"auto","background-attachment":"scroll","background-type":"","background-media":"","overlay-type":"","overlay-color":"","overlay-opacity":"","overlay-gradient":""}},"footnotes":""},"class_list":["post-1610","page","type-page","status-publish","hentry"],"post_mailing_queue_ids":[],"_links":{"self":[{"href":"https:\/\/agora.xtec.cat\/escola9d4t\/wp-json\/wp\/v2\/pages\/1610","targetHints":{"allow":["GET"]}}],"collection":[{"href":"https:\/\/agora.xtec.cat\/escola9d4t\/wp-json\/wp\/v2\/pages"}],"about":[{"href":"https:\/\/agora.xtec.cat\/escola9d4t\/wp-json\/wp\/v2\/types\/page"}],"author":[{"embeddable":true,"href":"https:\/\/agora.xtec.cat\/escola9d4t\/wp-json\/wp\/v2\/users\/1"}],"replies":[{"embeddable":true,"href":"https:\/\/agora.xtec.cat\/escola9d4t\/wp-json\/wp\/v2\/comments?post=1610"}],"version-history":[{"count":4,"href":"https:\/\/agora.xtec.cat\/escola9d4t\/wp-json\/wp\/v2\/pages\/1610\/revisions"}],"predecessor-version":[{"id":1784,"href":"https:\/\/agora.xtec.cat\/escola9d4t\/wp-json\/wp\/v2\/pages\/1610\/revisions\/1784"}],"wp:attachment":[{"href":"https:\/\/agora.xtec.cat\/escola9d4t\/wp-json\/wp\/v2\/media?parent=1610"}],"curies":[{"name":"wp","href":"https:\/\/api.w.org\/{rel}","templated":true}]}}