{"id":5703,"date":"2023-03-29T13:18:31","date_gmt":"2023-03-29T11:18:31","guid":{"rendered":"https:\/\/agora.xtec.cat\/escola-verdaguer-cornella\/?page_id=5703"},"modified":"2025-02-10T09:48:22","modified_gmt":"2025-02-10T08:48:22","slug":"documentacio","status":"publish","type":"page","link":"https:\/\/agora.xtec.cat\/escola-verdaguer-cornella\/lescola\/documentacio\/","title":{"rendered":"Documentaci\u00f3"},"content":{"rendered":"<h4>DOCUMENTACI\u00d3 DE CENTRE:<\/h4>\n<ul>\n<li><a href=\"https:\/\/agora.xtec.cat\/escola-verdaguer-cornella\/wp-content\/uploads\/usu1952\/2020\/05\/PROJECTE-EDUCATIU-17-MAIG-2018.pdf\" target=\"_blank\" rel=\"noopener\">Projecte educatiu de Centre<\/a><\/li>\n<li><a href=\"https:\/\/agora.xtec.cat\/escola-verdaguer-cornella\/wp-content\/uploads\/usu1952\/2024\/02\/NOFC-aprovades-28-febrer-2024.pdf\" target=\"_blank\" rel=\"noopener\">NOFC<\/a><\/li>\n<li><a href=\"https:\/\/agora.xtec.cat\/escola-verdaguer-cornella\/wp-content\/uploads\/usu1952\/2020\/01\/PdC-aprovat-22gener20-web.pdf\" target=\"_blank\" rel=\"noopener\">Projecte de conviv\u00e8ncia<\/a><\/li>\n<li><a href=\"https:\/\/agora.xtec.cat\/escola-verdaguer-cornella\/wp-content\/uploads\/usu1952\/2019\/11\/PROJECTE-LING\u00dc\u00cdSTIC-2019-amb-data-aprovacio.pdf\" target=\"_blank\" rel=\"noopener\">Projecte ling\u00fc\u00edstic<\/a><\/li>\n<\/ul>\n<h4>ALTRES DOCUMENTS:<\/h4>\n<ul>\n<li><a href=\"https:\/\/agora.xtec.cat\/escola-verdaguer-cornella\/wp-content\/uploads\/usu1952\/2025\/02\/Liquidacio-del-pressupost-1.pdf\" target=\"_blank\" rel=\"noopener\">Liquidaci\u00f3 Pressupost 2024<\/a><\/li>\n<li><a href=\"https:\/\/agora.xtec.cat\/escola-verdaguer-cornella\/wp-content\/uploads\/usu1952\/2025\/02\/Dades-del-pressupost-1.pdf\" target=\"_blank\" rel=\"noopener\">Pressupost 2025<\/a><\/li>\n<li><a href=\"https:\/\/agora.xtec.cat\/escola-verdaguer-cornella\/wp-content\/uploads\/usu1952\/2024\/02\/Liquidacio-del-pressupost-1.pdf\" target=\"_blank\" rel=\"noopener\">Liquidaci\u00f3 Pressupost 2023<\/a><\/li>\n<li><a href=\"https:\/\/agora.xtec.cat\/escola-verdaguer-cornella\/wp-content\/uploads\/usu1952\/2024\/02\/Dades-del-pressupost-1-1.pdf\" target=\"_blank\" rel=\"noopener\">Pressupost 2024<\/a><\/li>\n<\/ul>\n","protected":false},"excerpt":{"rendered":"<p>DOCUMENTACI\u00d3 DE CENTRE: Projecte educatiu de Centre NOFC Projecte de conviv\u00e8ncia Projecte ling\u00fc\u00edstic ALTRES DOCUMENTS: Liquidaci\u00f3 Pressupost 2024 Pressupost 2025 Liquidaci\u00f3 Pressupost 2023 Pressupost 2024<\/p>\n","protected":false},"author":1,"featured_media":0,"parent":22,"menu_order":0,"comment_status":"closed","ping_status":"closed","template":"","meta":{"_bbp_topic_count":0,"_bbp_reply_count":0,"_bbp_total_topic_count":0,"_bbp_total_reply_count":0,"_bbp_voice_count":0,"_bbp_anonymous_reply_count":0,"_bbp_topic_count_hidden":0,"_bbp_reply_count_hidden":0,"_bbp_forum_subforum_count":0,"site-sidebar-layout":"default","site-content-layout":"","ast-site-content-layout":"","site-content-style":"default","site-sidebar-style":"default","ast-global-header-display":"","ast-banner-title-visibility":"","ast-main-header-display":"","ast-hfb-above-header-display":"","ast-hfb-below-header-display":"","ast-hfb-mobile-header-display":"","site-post-title":"","ast-breadcrumbs-content":"","ast-featured-img":"","footer-sml-layout":"","theme-transparent-header-meta":"","adv-header-id-meta":"","stick-header-meta":"","header-above-stick-meta":"","header-main-stick-meta":"","header-below-stick-meta":"","astra-migrate-meta-layouts":"default","ast-page-background-enabled":"default","ast-page-background-meta":{"desktop":{"background-color":"var(--ast-global-color-4)","background-image":"","background-repeat":"repeat","background-position":"center center","background-size":"auto","background-attachment":"scroll","background-type":"","background-media":"","overlay-type":"","overlay-color":"","overlay-opacity":"","overlay-gradient":""},"tablet":{"background-color":"","background-image":"","background-repeat":"repeat","background-position":"center center","background-size":"auto","background-attachment":"scroll","background-type":"","background-media":"","overlay-type":"","overlay-color":"","overlay-opacity":"","overlay-gradient":""},"mobile":{"background-color":"","background-image":"","background-repeat":"repeat","background-position":"center center","background-size":"auto","background-attachment":"scroll","background-type":"","background-media":"","overlay-type":"","overlay-color":"","overlay-opacity":"","overlay-gradient":""}},"ast-content-background-meta":{"desktop":{"background-color":"var(--ast-global-color-5)","background-image":"","background-repeat":"repeat","background-position":"center center","background-size":"auto","background-attachment":"scroll","background-type":"","background-media":"","overlay-type":"","overlay-color":"","overlay-opacity":"","overlay-gradient":""},"tablet":{"background-color":"var(--ast-global-color-5)","background-image":"","background-repeat":"repeat","background-position":"center center","background-size":"auto","background-attachment":"scroll","background-type":"","background-media":"","overlay-type":"","overlay-color":"","overlay-opacity":"","overlay-gradient":""},"mobile":{"background-color":"var(--ast-global-color-5)","background-image":"","background-repeat":"repeat","background-position":"center center","background-size":"auto","background-attachment":"scroll","background-type":"","background-media":"","overlay-type":"","overlay-color":"","overlay-opacity":"","overlay-gradient":""}},"footnotes":""},"class_list":["post-5703","page","type-page","status-publish","hentry"],"post_mailing_queue_ids":[],"_links":{"self":[{"href":"https:\/\/agora.xtec.cat\/escola-verdaguer-cornella\/wp-json\/wp\/v2\/pages\/5703","targetHints":{"allow":["GET"]}}],"collection":[{"href":"https:\/\/agora.xtec.cat\/escola-verdaguer-cornella\/wp-json\/wp\/v2\/pages"}],"about":[{"href":"https:\/\/agora.xtec.cat\/escola-verdaguer-cornella\/wp-json\/wp\/v2\/types\/page"}],"author":[{"embeddable":true,"href":"https:\/\/agora.xtec.cat\/escola-verdaguer-cornella\/wp-json\/wp\/v2\/users\/1"}],"replies":[{"embeddable":true,"href":"https:\/\/agora.xtec.cat\/escola-verdaguer-cornella\/wp-json\/wp\/v2\/comments?post=5703"}],"version-history":[{"count":6,"href":"https:\/\/agora.xtec.cat\/escola-verdaguer-cornella\/wp-json\/wp\/v2\/pages\/5703\/revisions"}],"predecessor-version":[{"id":6448,"href":"https:\/\/agora.xtec.cat\/escola-verdaguer-cornella\/wp-json\/wp\/v2\/pages\/5703\/revisions\/6448"}],"up":[{"embeddable":true,"href":"https:\/\/agora.xtec.cat\/escola-verdaguer-cornella\/wp-json\/wp\/v2\/pages\/22"}],"wp:attachment":[{"href":"https:\/\/agora.xtec.cat\/escola-verdaguer-cornella\/wp-json\/wp\/v2\/media?parent=5703"}],"curies":[{"name":"wp","href":"https:\/\/api.w.org\/{rel}","templated":true}]}}