{"id":5602,"date":"2022-12-12T21:07:20","date_gmt":"2022-12-12T20:07:20","guid":{"rendered":"https:\/\/agora.xtec.cat\/escola-verdaguer-cornella\/?page_id=5602"},"modified":"2024-05-02T09:04:15","modified_gmt":"2024-05-02T07:04:15","slug":"preinscripcio-i-matricula","status":"publish","type":"page","link":"https:\/\/agora.xtec.cat\/escola-verdaguer-cornella\/preinscripcio-i-matricula\/","title":{"rendered":"Preinscripci\u00f3 i matr\u00edcula"},"content":{"rendered":"<h5><a href=\"https:\/\/agora.xtec.cat\/escola-verdaguer-cornella\/wp-content\/uploads\/usu1952\/2024\/05\/INFORME_BAREM_DEFINITIU_BAREM.pdf\" target=\"_blank\" rel=\"noopener\"><img loading=\"lazy\" decoding=\"async\" class=\"size-medium wp-image-6065 alignleft\" src=\"https:\/\/agora.xtec.cat\/escola-verdaguer-cornella\/wp-content\/uploads\/usu1952\/2024\/05\/ordenada-300x78.png\" alt=\"\" width=\"300\" height=\"78\" srcset=\"https:\/\/agora.xtec.cat\/escola-verdaguer-cornella\/wp-content\/uploads\/usu1952\/2024\/05\/ordenada-300x78.png 300w, https:\/\/agora.xtec.cat\/escola-verdaguer-cornella\/wp-content\/uploads\/usu1952\/2024\/05\/ordenada.png 597w\" sizes=\"auto, (max-width: 300px) 100vw, 300px\" \/><\/a><\/h5>\n<h5><\/h5>\n<hr \/>\n<h5><a href=\"https:\/\/agora.xtec.cat\/escola-verdaguer-cornella\/wp-content\/uploads\/usu1952\/2024\/04\/desemptat.jpg\"><img loading=\"lazy\" decoding=\"async\" class=\"size-medium wp-image-6061 alignleft\" src=\"https:\/\/agora.xtec.cat\/escola-verdaguer-cornella\/wp-content\/uploads\/usu1952\/2024\/04\/desemptat-300x300.jpg\" alt=\"\" width=\"300\" height=\"300\" srcset=\"https:\/\/agora.xtec.cat\/escola-verdaguer-cornella\/wp-content\/uploads\/usu1952\/2024\/04\/desemptat-300x300.jpg 300w, https:\/\/agora.xtec.cat\/escola-verdaguer-cornella\/wp-content\/uploads\/usu1952\/2024\/04\/desemptat-1024x1024.jpg 1024w, https:\/\/agora.xtec.cat\/escola-verdaguer-cornella\/wp-content\/uploads\/usu1952\/2024\/04\/desemptat-150x150.jpg 150w, https:\/\/agora.xtec.cat\/escola-verdaguer-cornella\/wp-content\/uploads\/usu1952\/2024\/04\/desemptat-768x768.jpg 768w, https:\/\/agora.xtec.cat\/escola-verdaguer-cornella\/wp-content\/uploads\/usu1952\/2024\/04\/desemptat.jpg 1080w\" sizes=\"auto, (max-width: 300px) 100vw, 300px\" \/><\/a><\/h5>\n<p>&nbsp;<\/p>\n<p>&nbsp;<\/p>\n<hr \/>\n<h5><a href=\"https:\/\/agora.xtec.cat\/escola-verdaguer-cornella\/wp-content\/uploads\/usu1952\/2024\/04\/INFORME_BAREM_RESOLTES_BAREM.pdf\" target=\"_blank\" rel=\"noopener\"><img loading=\"lazy\" decoding=\"async\" class=\"wp-image-6041 size-medium alignleft\" src=\"https:\/\/agora.xtec.cat\/escola-verdaguer-cornella\/wp-content\/uploads\/usu1952\/2024\/04\/resoltes-300x70.png\" alt=\"\" width=\"300\" height=\"70\" srcset=\"https:\/\/agora.xtec.cat\/escola-verdaguer-cornella\/wp-content\/uploads\/usu1952\/2024\/04\/resoltes-300x70.png 300w, https:\/\/agora.xtec.cat\/escola-verdaguer-cornella\/wp-content\/uploads\/usu1952\/2024\/04\/resoltes.png 733w\" sizes=\"auto, (max-width: 300px) 100vw, 300px\" \/><\/a><\/h5>\n<p>&nbsp;<\/p>\n<hr \/>\n<h5><\/h5>\n<h5><a href=\"https:\/\/agora.xtec.cat\/escola-verdaguer-cornella\/wp-content\/uploads\/usu1952\/2024\/04\/preinscripcions.pdf\"><img loading=\"lazy\" decoding=\"async\" class=\"size-medium wp-image-6028 alignleft\" src=\"https:\/\/agora.xtec.cat\/escola-verdaguer-cornella\/wp-content\/uploads\/usu1952\/2024\/04\/llistat-provisional-300x78.png\" alt=\"\" width=\"300\" height=\"78\" \/><\/a><\/h5>\n<h5><\/h5>\n<hr \/>\n<h5><a href=\"https:\/\/educacio.gencat.cat\/ca\/tramits\/tramits-temes\/20483-obligatoris?moda=2\" target=\"_blank\" rel=\"noopener\"><img loading=\"lazy\" decoding=\"async\" class=\" wp-image-6006 alignleft\" src=\"https:\/\/agora.xtec.cat\/escola-verdaguer-cornella\/wp-content\/uploads\/usu1952\/2024\/03\/solicitud-300x59.png\" alt=\"\" width=\"300\" height=\"59\" srcset=\"https:\/\/agora.xtec.cat\/escola-verdaguer-cornella\/wp-content\/uploads\/usu1952\/2024\/03\/solicitud-300x59.png 300w, https:\/\/agora.xtec.cat\/escola-verdaguer-cornella\/wp-content\/uploads\/usu1952\/2024\/03\/solicitud-768x151.png 768w, https:\/\/agora.xtec.cat\/escola-verdaguer-cornella\/wp-content\/uploads\/usu1952\/2024\/03\/solicitud.png 902w\" sizes=\"auto, (max-width: 300px) 100vw, 300px\" \/><\/a><\/h5>\n<hr \/>\n<h6><\/h6>\n<p style=\"text-align: left;\"><a href=\"https:\/\/agora.xtec.cat\/escola-verdaguer-cornella\/wp-content\/uploads\/usu1952\/2024\/03\/codi-centre.png\"><img loading=\"lazy\" decoding=\"async\" class=\"size-medium wp-image-6012 alignleft\" src=\"https:\/\/agora.xtec.cat\/escola-verdaguer-cornella\/wp-content\/uploads\/usu1952\/2024\/03\/codi-centre-300x71.png\" alt=\"\" width=\"300\" height=\"71\" srcset=\"https:\/\/agora.xtec.cat\/escola-verdaguer-cornella\/wp-content\/uploads\/usu1952\/2024\/03\/codi-centre-300x71.png 300w, https:\/\/agora.xtec.cat\/escola-verdaguer-cornella\/wp-content\/uploads\/usu1952\/2024\/03\/codi-centre.png 685w\" sizes=\"auto, (max-width: 300px) 100vw, 300px\" \/><\/a><\/p>\n<h6><\/h6>\n<hr \/>\n<h6><a style=\"color: #2795b6;\" href=\"https:\/\/agora.xtec.cat\/escola-verdaguer-cornella\/wp-content\/uploads\/usu1952\/2024\/03\/INFORME_OFERTA_OME_INFORME_OFERTA.pdf\" target=\"_blank\" rel=\"noopener\"><span style=\"color: #2795b6;\"><img loading=\"lazy\" decoding=\"async\" class=\"size-medium wp-image-5998 alignleft\" src=\"https:\/\/agora.xtec.cat\/escola-verdaguer-cornella\/wp-content\/uploads\/usu1952\/2024\/03\/oferta-inicial-300x71.png\" alt=\"\" width=\"300\" height=\"71\" srcset=\"https:\/\/agora.xtec.cat\/escola-verdaguer-cornella\/wp-content\/uploads\/usu1952\/2024\/03\/oferta-inicial-300x71.png 300w, https:\/\/agora.xtec.cat\/escola-verdaguer-cornella\/wp-content\/uploads\/usu1952\/2024\/03\/oferta-inicial.png 747w\" sizes=\"auto, (max-width: 300px) 100vw, 300px\" \/><\/span><\/a><\/h6>\n<p>&nbsp;<\/p>\n<p>&nbsp;<\/p>\n<hr \/>\n<h6 class=\"entry-title\"><a href=\"https:\/\/agora.xtec.cat\/escola-verdaguer-cornella\/organitzacio\/preinscripcio-i-matricula\/\" target=\"_blank\" rel=\"noopener\">Calendari preinscripci\u00f3 i\u00a0matr\u00edcula curs 2024-2025<\/a><\/h6>\n<h6 class=\"entry-title\"><a href=\"https:\/\/agora.xtec.cat\/escola-verdaguer-cornella\/organitzacio\/proces-de-preinscripcio-curs-2020-2021\/\" target=\"_blank\" rel=\"noopener\">Proc\u00e9s de preinscripci\u00f3 curs 2024-2025<\/a><\/h6>\n<p>M\u00c9S INFORMACI\u00d3 A: <a href=\"https:\/\/preinscripcio.gencat.cat\/ca\/inici\/\" target=\"_blank\" rel=\"noopener\">https:\/\/preinscripcio.gencat.cat\/ca\/inici\/<\/a><\/p>\n","protected":false},"excerpt":{"rendered":"<p>&nbsp; &nbsp; &nbsp; &nbsp; &nbsp; Calendari preinscripci\u00f3 i\u00a0matr\u00edcula curs 2024-2025 Proc\u00e9s de preinscripci\u00f3 curs 2024-2025 M\u00c9S INFORMACI\u00d3 A: https:\/\/preinscripcio.gencat.cat\/ca\/inici\/<\/p>\n","protected":false},"author":1,"featured_media":0,"parent":0,"menu_order":0,"comment_status":"closed","ping_status":"closed","template":"","meta":{"_bbp_topic_count":0,"_bbp_reply_count":0,"_bbp_total_topic_count":0,"_bbp_total_reply_count":0,"_bbp_voice_count":0,"_bbp_anonymous_reply_count":0,"_bbp_topic_count_hidden":0,"_bbp_reply_count_hidden":0,"_bbp_forum_subforum_count":0,"site-sidebar-layout":"default","site-content-layout":"","ast-site-content-layout":"","site-content-style":"default","site-sidebar-style":"default","ast-global-header-display":"","ast-banner-title-visibility":"","ast-main-header-display":"","ast-hfb-above-header-display":"","ast-hfb-below-header-display":"","ast-hfb-mobile-header-display":"","site-post-title":"","ast-breadcrumbs-content":"","ast-featured-img":"","footer-sml-layout":"","theme-transparent-header-meta":"","adv-header-id-meta":"","stick-header-meta":"","header-above-stick-meta":"","header-main-stick-meta":"","header-below-stick-meta":"","astra-migrate-meta-layouts":"default","ast-page-background-enabled":"default","ast-page-background-meta":{"desktop":{"background-color":"var(--ast-global-color-4)","background-image":"","background-repeat":"repeat","background-position":"center center","background-size":"auto","background-attachment":"scroll","background-type":"","background-media":"","overlay-type":"","overlay-color":"","overlay-opacity":"","overlay-gradient":""},"tablet":{"background-color":"","background-image":"","background-repeat":"repeat","background-position":"center center","background-size":"auto","background-attachment":"scroll","background-type":"","background-media":"","overlay-type":"","overlay-color":"","overlay-opacity":"","overlay-gradient":""},"mobile":{"background-color":"","background-image":"","background-repeat":"repeat","background-position":"center center","background-size":"auto","background-attachment":"scroll","background-type":"","background-media":"","overlay-type":"","overlay-color":"","overlay-opacity":"","overlay-gradient":""}},"ast-content-background-meta":{"desktop":{"background-color":"var(--ast-global-color-5)","background-image":"","background-repeat":"repeat","background-position":"center center","background-size":"auto","background-attachment":"scroll","background-type":"","background-media":"","overlay-type":"","overlay-color":"","overlay-opacity":"","overlay-gradient":""},"tablet":{"background-color":"var(--ast-global-color-5)","background-image":"","background-repeat":"repeat","background-position":"center center","background-size":"auto","background-attachment":"scroll","background-type":"","background-media":"","overlay-type":"","overlay-color":"","overlay-opacity":"","overlay-gradient":""},"mobile":{"background-color":"var(--ast-global-color-5)","background-image":"","background-repeat":"repeat","background-position":"center center","background-size":"auto","background-attachment":"scroll","background-type":"","background-media":"","overlay-type":"","overlay-color":"","overlay-opacity":"","overlay-gradient":""}},"footnotes":""},"class_list":["post-5602","page","type-page","status-publish","hentry"],"post_mailing_queue_ids":[],"_links":{"self":[{"href":"https:\/\/agora.xtec.cat\/escola-verdaguer-cornella\/wp-json\/wp\/v2\/pages\/5602","targetHints":{"allow":["GET"]}}],"collection":[{"href":"https:\/\/agora.xtec.cat\/escola-verdaguer-cornella\/wp-json\/wp\/v2\/pages"}],"about":[{"href":"https:\/\/agora.xtec.cat\/escola-verdaguer-cornella\/wp-json\/wp\/v2\/types\/page"}],"author":[{"embeddable":true,"href":"https:\/\/agora.xtec.cat\/escola-verdaguer-cornella\/wp-json\/wp\/v2\/users\/1"}],"replies":[{"embeddable":true,"href":"https:\/\/agora.xtec.cat\/escola-verdaguer-cornella\/wp-json\/wp\/v2\/comments?post=5602"}],"version-history":[{"count":6,"href":"https:\/\/agora.xtec.cat\/escola-verdaguer-cornella\/wp-json\/wp\/v2\/pages\/5602\/revisions"}],"predecessor-version":[{"id":6067,"href":"https:\/\/agora.xtec.cat\/escola-verdaguer-cornella\/wp-json\/wp\/v2\/pages\/5602\/revisions\/6067"}],"wp:attachment":[{"href":"https:\/\/agora.xtec.cat\/escola-verdaguer-cornella\/wp-json\/wp\/v2\/media?parent=5602"}],"curies":[{"name":"wp","href":"https:\/\/api.w.org\/{rel}","templated":true}]}}