{"id":520,"date":"2018-11-16T15:05:12","date_gmt":"2018-11-16T14:05:12","guid":{"rendered":"https:\/\/agora.xtec.cat\/escola-verdaguer-cornella\/?page_id=520"},"modified":"2025-07-02T13:57:32","modified_gmt":"2025-07-02T11:57:32","slug":"materials","status":"publish","type":"page","link":"https:\/\/agora.xtec.cat\/escola-verdaguer-cornella\/organitzacio\/materials\/","title":{"rendered":"Material escolar i activitats complement\u00e0ries"},"content":{"rendered":"<p>El material necessari per treballar a l\u2019escola\u00a0es donar\u00e0 a classe.\u00a0\u00a0Cada alumne ha de ser\u00a0responsable del seu material i\u00a0tenir cura d\u2019ell. No caldr\u00e0 portar res de casa, nom\u00e9s en cas\u00a0de que un nen\/a faci un mal \u00fas d\u2019aquest material\u00a0l\u2019haur\u00e0 de\u00a0restituir.<\/p>\n<p><strong>L\u2019import corresponent\u00a0al material escolar \u00e9s obligatori per a tots els alumnes de l\u2019escola<\/strong> i caldr\u00e0 fer un ingr\u00e9s, no m\u00e9s tard del 10 de setembre, al compte corrent del centre.<\/p>\n<p>Aquesta quota inclou els materials escolars, sortides curtes i una part del monitoratge de les diferents activitats i sortides programades al llarg del curs.<\/p>\n<p><strong>MATERIAL ESCOLAR I SORTIDES DE MIG DIA <\/strong><\/p>\n<p><strong>CURS 2025-26<\/strong><\/p>\n<table style=\"border-collapse: collapse; width: 16.3887%;\">\n<tbody>\n<tr>\n<td style=\"width: 8.95576%;\">Educaci\u00f3 infantil<\/td>\n<td style=\"width: 7.43289%; text-align: center;\">110\u20ac<\/td>\n<\/tr>\n<tr>\n<td style=\"width: 8.95576%;\">1r, 2n i 3r<\/td>\n<td style=\"width: 7.43289%; text-align: center;\">100\u20ac<\/td>\n<\/tr>\n<tr>\n<td style=\"width: 8.95576%;\">4t, 5\u00e8 i 6\u00e8<\/td>\n<td style=\"width: 7.43289%; text-align: center;\">90\u20ac<\/td>\n<\/tr>\n<\/tbody>\n<\/table>\n<p>Pagament entre l&#8217;1 de juliol i el 31 d&#8217;agost.<\/p>\n<p>&nbsp;<\/p>\n<p><strong>SORTIDES DE TOT EL DIA<\/strong><\/p>\n<p>CURS 2025-26<\/p>\n<p>Pagament \u00fanic de la quota de sortides entre l&#8217;1 de juliol i el 30 de setembre.<\/p>\n<table style=\"border-collapse: collapse; width: 21.9406%; height: 367px;\">\n<tbody>\n<tr style=\"height: 79px;\">\n<td style=\"width: 7.55488%; text-align: center; height: 79px;\">CURS<\/td>\n<td style=\"width: 6.90316%; text-align: center; height: 79px;\">QUOTA SORTIDES<\/td>\n<td style=\"width: 7.48242%; text-align: center; height: 79px;\"><strong>QUOTA SORTIDES AMB AJUT PROA<\/strong><\/td>\n<\/tr>\n<tr style=\"height: 32px;\">\n<td style=\"width: 7.55488%; text-align: center; height: 32px;\">Inf-3<\/td>\n<td style=\"width: 6.90316%; height: 32px; text-align: center;\">30 \u20ac<\/td>\n<td style=\"width: 7.48242%; height: 32px; text-align: center;\"><strong>15 \u20ac<\/strong><\/td>\n<\/tr>\n<tr style=\"height: 32px;\">\n<td style=\"width: 7.55488%; text-align: center; height: 32px;\">Inf-4<\/td>\n<td style=\"width: 6.90316%; height: 32px; text-align: center;\">80 \u20ac<\/td>\n<td style=\"width: 7.48242%; height: 32px; text-align: center;\"><strong>40 \u20ac<\/strong><\/td>\n<\/tr>\n<tr style=\"height: 32px;\">\n<td style=\"width: 7.55488%; text-align: center; height: 32px;\">Inf-5<\/td>\n<td style=\"width: 6.90316%; height: 32px; text-align: center;\">80 \u20ac<\/td>\n<td style=\"width: 7.48242%; height: 32px; text-align: center;\"><strong>40 \u20ac<\/strong><\/td>\n<\/tr>\n<tr style=\"height: 32px;\">\n<td style=\"width: 7.55488%; text-align: center; height: 32px;\">1r<\/td>\n<td style=\"width: 6.90316%; height: 32px; text-align: center;\">75 \u20ac<\/td>\n<td style=\"width: 7.48242%; height: 32px; text-align: center;\"><strong>37,50 \u20ac<\/strong><\/td>\n<\/tr>\n<tr style=\"height: 32px;\">\n<td style=\"width: 7.55488%; text-align: center; height: 32px;\">2n<\/td>\n<td style=\"width: 6.90316%; height: 32px; text-align: center;\">75 \u20ac<\/td>\n<td style=\"width: 7.48242%; height: 32px; text-align: center;\"><strong>37,50 \u20ac<\/strong><\/td>\n<\/tr>\n<tr style=\"height: 32px;\">\n<td style=\"width: 7.55488%; text-align: center; height: 32px;\">3r<\/td>\n<td style=\"width: 6.90316%; height: 32px; text-align: center;\">55 \u20ac<\/td>\n<td style=\"width: 7.48242%; height: 32px; text-align: center;\"><strong>\u00a027,50 \u20ac<\/strong><\/td>\n<\/tr>\n<tr style=\"height: 32px;\">\n<td style=\"width: 7.55488%; text-align: center; height: 32px;\">4t<\/td>\n<td style=\"width: 6.90316%; height: 32px; text-align: center;\">85 \u20ac<\/td>\n<td style=\"width: 7.48242%; height: 32px; text-align: center;\"><strong>42,50 \u20ac<\/strong><\/td>\n<\/tr>\n<tr style=\"height: 32px;\">\n<td style=\"width: 7.55488%; text-align: center; height: 32px;\">5\u00e8<\/td>\n<td style=\"width: 6.90316%; height: 32px; text-align: center;\">20 \u20ac<\/td>\n<td style=\"width: 7.48242%; height: 32px; text-align: center;\"><strong>10 \u20ac<\/strong><\/td>\n<\/tr>\n<tr style=\"height: 32px;\">\n<td style=\"width: 7.55488%; text-align: center; height: 32px;\">6\u00e8<\/td>\n<td style=\"width: 6.90316%; height: 32px; text-align: center;\">20 \u20ac<\/td>\n<td style=\"width: 7.48242%; height: 32px; text-align: center;\"><strong>10 \u20ac<\/strong><\/td>\n<\/tr>\n<\/tbody>\n<\/table>\n<p><a href=\"https:\/\/agora.xtec.cat\/escola-verdaguer-cornella\/wp-content\/uploads\/usu1952\/2025\/07\/Logos-PROA-fons-blanc-1024x68-1.png\"><img loading=\"lazy\" decoding=\"async\" class=\"aligncenter wp-image-6602 size-full\" src=\"https:\/\/agora.xtec.cat\/escola-verdaguer-cornella\/wp-content\/uploads\/usu1952\/2025\/07\/Logos-PROA-fons-blanc-1024x68-1.png\" alt=\"\" width=\"1024\" height=\"68\" srcset=\"https:\/\/agora.xtec.cat\/escola-verdaguer-cornella\/wp-content\/uploads\/usu1952\/2025\/07\/Logos-PROA-fons-blanc-1024x68-1.png 1024w, https:\/\/agora.xtec.cat\/escola-verdaguer-cornella\/wp-content\/uploads\/usu1952\/2025\/07\/Logos-PROA-fons-blanc-1024x68-1-300x20.png 300w, https:\/\/agora.xtec.cat\/escola-verdaguer-cornella\/wp-content\/uploads\/usu1952\/2025\/07\/Logos-PROA-fons-blanc-1024x68-1-768x51.png 768w\" sizes=\"auto, (max-width: 1024px) 100vw, 1024px\" \/><\/a><\/p>\n<hr \/>\n<p><strong>TOTS ELS PAGAMENTS ES PODEN FER PER TRANSFER\u00c8NCIA AL COMPTE CORRENT: ES47 0081 1962 2900 0100 1208<\/strong><\/p>\n","protected":false},"excerpt":{"rendered":"<p>El material necessari per treballar a l\u2019escola\u00a0es donar\u00e0 a classe.\u00a0\u00a0Cada alumne ha de ser\u00a0responsable del seu material i\u00a0tenir cura d\u2019ell. No caldr\u00e0 portar res de casa, nom\u00e9s en cas\u00a0de que un nen\/a faci un mal \u00fas d\u2019aquest material\u00a0l\u2019haur\u00e0 de\u00a0restituir. L\u2019import corresponent\u00a0al material escolar \u00e9s obligatori per a tots els alumnes de l\u2019escola i caldr\u00e0 fer [&hellip;]<\/p>\n","protected":false},"author":1,"featured_media":0,"parent":516,"menu_order":2,"comment_status":"closed","ping_status":"closed","template":"page-templates\/side-menu.php","meta":{"_bbp_topic_count":0,"_bbp_reply_count":0,"_bbp_total_topic_count":0,"_bbp_total_reply_count":0,"_bbp_voice_count":0,"_bbp_anonymous_reply_count":0,"_bbp_topic_count_hidden":0,"_bbp_reply_count_hidden":0,"_bbp_forum_subforum_count":0,"site-sidebar-layout":"default","site-content-layout":"","ast-site-content-layout":"","site-content-style":"default","site-sidebar-style":"default","ast-global-header-display":"","ast-banner-title-visibility":"","ast-main-header-display":"","ast-hfb-above-header-display":"","ast-hfb-below-header-display":"","ast-hfb-mobile-header-display":"","site-post-title":"","ast-breadcrumbs-content":"","ast-featured-img":"","footer-sml-layout":"","theme-transparent-header-meta":"","adv-header-id-meta":"","stick-header-meta":"","header-above-stick-meta":"","header-main-stick-meta":"","header-below-stick-meta":"","astra-migrate-meta-layouts":"default","ast-page-background-enabled":"default","ast-page-background-meta":{"desktop":{"background-color":"var(--ast-global-color-4)","background-image":"","background-repeat":"repeat","background-position":"center center","background-size":"auto","background-attachment":"scroll","background-type":"","background-media":"","overlay-type":"","overlay-color":"","overlay-opacity":"","overlay-gradient":""},"tablet":{"background-color":"","background-image":"","background-repeat":"repeat","background-position":"center center","background-size":"auto","background-attachment":"scroll","background-type":"","background-media":"","overlay-type":"","overlay-color":"","overlay-opacity":"","overlay-gradient":""},"mobile":{"background-color":"","background-image":"","background-repeat":"repeat","background-position":"center center","background-size":"auto","background-attachment":"scroll","background-type":"","background-media":"","overlay-type":"","overlay-color":"","overlay-opacity":"","overlay-gradient":""}},"ast-content-background-meta":{"desktop":{"background-color":"var(--ast-global-color-5)","background-image":"","background-repeat":"repeat","background-position":"center center","background-size":"auto","background-attachment":"scroll","background-type":"","background-media":"","overlay-type":"","overlay-color":"","overlay-opacity":"","overlay-gradient":""},"tablet":{"background-color":"var(--ast-global-color-5)","background-image":"","background-repeat":"repeat","background-position":"center center","background-size":"auto","background-attachment":"scroll","background-type":"","background-media":"","overlay-type":"","overlay-color":"","overlay-opacity":"","overlay-gradient":""},"mobile":{"background-color":"var(--ast-global-color-5)","background-image":"","background-repeat":"repeat","background-position":"center center","background-size":"auto","background-attachment":"scroll","background-type":"","background-media":"","overlay-type":"","overlay-color":"","overlay-opacity":"","overlay-gradient":""}},"footnotes":""},"class_list":["post-520","page","type-page","status-publish","hentry"],"post_mailing_queue_ids":[],"_links":{"self":[{"href":"https:\/\/agora.xtec.cat\/escola-verdaguer-cornella\/wp-json\/wp\/v2\/pages\/520","targetHints":{"allow":["GET"]}}],"collection":[{"href":"https:\/\/agora.xtec.cat\/escola-verdaguer-cornella\/wp-json\/wp\/v2\/pages"}],"about":[{"href":"https:\/\/agora.xtec.cat\/escola-verdaguer-cornella\/wp-json\/wp\/v2\/types\/page"}],"author":[{"embeddable":true,"href":"https:\/\/agora.xtec.cat\/escola-verdaguer-cornella\/wp-json\/wp\/v2\/users\/1"}],"replies":[{"embeddable":true,"href":"https:\/\/agora.xtec.cat\/escola-verdaguer-cornella\/wp-json\/wp\/v2\/comments?post=520"}],"version-history":[{"count":6,"href":"https:\/\/agora.xtec.cat\/escola-verdaguer-cornella\/wp-json\/wp\/v2\/pages\/520\/revisions"}],"predecessor-version":[{"id":6603,"href":"https:\/\/agora.xtec.cat\/escola-verdaguer-cornella\/wp-json\/wp\/v2\/pages\/520\/revisions\/6603"}],"up":[{"embeddable":true,"href":"https:\/\/agora.xtec.cat\/escola-verdaguer-cornella\/wp-json\/wp\/v2\/pages\/516"}],"wp:attachment":[{"href":"https:\/\/agora.xtec.cat\/escola-verdaguer-cornella\/wp-json\/wp\/v2\/media?parent=520"}],"curies":[{"name":"wp","href":"https:\/\/api.w.org\/{rel}","templated":true}]}}