{"id":26,"date":"2014-09-18T12:24:32","date_gmt":"2014-09-18T10:24:32","guid":{"rendered":"http:\/\/agora.xtec.cat\/escola-verdaguer-cornella\/?page_id=26"},"modified":"2025-09-08T12:55:17","modified_gmt":"2025-09-08T10:55:17","slug":"professorat","status":"publish","type":"page","link":"https:\/\/agora.xtec.cat\/escola-verdaguer-cornella\/lescola\/professorat\/","title":{"rendered":"Professorat 25-26"},"content":{"rendered":"<p><strong>EQUIP DIRECTIU<\/strong><\/p>\n<table style=\"border-collapse: collapse; width: 58.7046%;\">\n<tbody>\n<tr style=\"height: 52px;\">\n<td style=\"width: 14.291%; height: 52px;\">Directora<\/td>\n<td style=\"width: 75.8298%; height: 52px;\">Isabel Robles Mart\u00ednez<\/td>\n<\/tr>\n<tr style=\"height: 52px;\">\n<td style=\"width: 14.291%; height: 52px;\">Cap d&#8217;estudis<\/td>\n<td style=\"width: 75.8298%; height: 52px;\">Vanesa Huesa Lacasa<\/td>\n<\/tr>\n<tr style=\"height: 52px;\">\n<td style=\"width: 14.291%; height: 52px;\">Secret\u00e0ria<\/td>\n<td style=\"width: 75.8298%; height: 52px;\">Mireia P\u00e9rez Cubero<\/td>\n<\/tr>\n<\/tbody>\n<\/table>\n<p><strong>EQUIP DOCENT<\/strong><\/p>\n<p><strong>Infantil<\/strong><\/p>\n<table style=\"border-collapse: collapse; width: 58.487%;\">\n<tbody>\n<tr style=\"height: 30px;\">\n<td style=\"width: 18.3417%; height: 30px;\">Inf-3<\/td>\n<td style=\"width: 132.702%; height: 30px;\">Laura Hern\u00e1ndez Mart\u00ednez<\/td>\n<\/tr>\n<tr style=\"height: 30px;\">\n<td style=\"width: 18.3417%; height: 30px;\">Inf-4<\/td>\n<td style=\"width: 132.702%; height: 30px;\"><span style=\"font-size: 16px; font-style: normal; font-weight: 400;\">Raquel Blanco Garc\u00eda<\/span><\/td>\n<\/tr>\n<tr style=\"height: 30px;\">\n<td style=\"width: 18.3417%; height: 30px;\">Inf-5<\/td>\n<td style=\"width: 132.702%; height: 30px;\">Olga Gonz\u00e1lez de la Vega<\/td>\n<\/tr>\n<tr style=\"height: 32px;\">\n<td style=\"width: 18.3417%; height: 32px;\">Refor\u00e7 infantil<\/td>\n<td style=\"width: 132.702%; height: 32px;\">Laura Portabella Puig<\/td>\n<\/tr>\n<\/tbody>\n<\/table>\n<p><strong>Prim\u00e0ria<\/strong><\/p>\n<table style=\"border-collapse: collapse; width: 58.2661%;\">\n<tbody>\n<tr style=\"height: 24px;\">\n<td style=\"width: 19.1047%; height: 24px;\">1r<\/td>\n<td style=\"width: 131.655%; height: 24px;\"><span style=\"font-size: 16px; font-style: normal; font-weight: 400;\">Saray Mu\u00f1oz Carod<\/span><\/td>\n<\/tr>\n<tr style=\"height: 30px;\">\n<td style=\"width: 19.1047%; height: 30px;\">2n<\/td>\n<td style=\"width: 131.655%; height: 30px;\">Maria Jos\u00e9 Vargas Garc\u00eda<\/td>\n<\/tr>\n<tr style=\"height: 30px;\">\n<td style=\"width: 19.1047%; height: 30px;\">3r<\/td>\n<td style=\"width: 131.655%; height: 30px;\">Ver\u00f3nica Rusca Llarena<\/td>\n<\/tr>\n<tr style=\"height: 30px;\">\n<td style=\"width: 19.1047%; height: 30px;\">4t<\/td>\n<td style=\"width: 131.655%; height: 30px;\"><span style=\"background-color: #ffffff;\">Laura Guerrero Roura<\/span><\/td>\n<\/tr>\n<tr style=\"height: 30px;\">\n<td style=\"width: 19.1047%; height: 30px;\">5\u00e8<\/td>\n<td style=\"width: 131.655%; height: 30px;\">Salom\u00e9 Arenas Flores<\/td>\n<\/tr>\n<tr style=\"height: 30px;\">\n<td style=\"width: 19.1047%; height: 30px;\">6\u00e8<\/td>\n<td style=\"width: 131.655%; height: 30px;\"><span style=\"font-size: 16px; font-style: normal; font-weight: 400;\">Laura Sola Velasco<\/span><\/td>\n<\/tr>\n<tr>\n<td style=\"width: 19.1047%;\">Refor\u00e7 prim\u00e0ria<\/td>\n<td style=\"width: 131.655%;\">Mireia P\u00e9rez Cubero<\/p>\n<p>Isabel Robles Mart\u00ednez<\/p>\n<p>Laura Portabella Puig<\/td>\n<\/tr>\n<\/tbody>\n<\/table>\n<p><strong>Especialitats<\/strong><\/p>\n<table style=\"border-collapse: collapse; width: 57.7517%;\">\n<tbody>\n<tr style=\"height: 52px;\">\n<td style=\"width: 19.7385%; height: 34px;\">Angl\u00e8s<\/td>\n<td style=\"width: 128.639%; height: 34px;\">Jordi Alc\u00fadia P\u00e9rez<\/p>\n<p>Ver\u00f3nica Rusca Llarena<\/p>\n<p>Salom\u00e9 Arenas Flores<\/td>\n<\/tr>\n<tr style=\"height: 64px;\">\n<td style=\"width: 19.7385%; height: 64px;\">Educaci\u00f3 f\u00edsica<\/td>\n<td style=\"width: 128.639%; height: 64px;\">Vanesa Huesa Lacasa<\/p>\n<p>Maria Jos\u00e9 Vargas Garc\u00eda<\/td>\n<\/tr>\n<tr style=\"height: 48px;\">\n<td style=\"width: 19.7385%; height: 48px;\">Educaci\u00f3 especial<\/td>\n<td style=\"width: 128.639%; height: 48px;\">Maria Jes\u00fas Gonz\u00e1lez Rodr\u00edguez<\/p>\n<p>Nerea D\u00edez D\u00edez<\/td>\n<\/tr>\n<tr style=\"height: 48px;\">\n<td style=\"width: 19.7385%; height: 48px;\">M\u00fasica<\/td>\n<td style=\"width: 128.639%; height: 48px;\">Sarai Mart\u00ednez Rabad\u00e1n<\/td>\n<\/tr>\n<tr style=\"height: 32px;\">\n<td style=\"width: 19.7385%; height: 32px;\">Biblioteca<\/td>\n<td style=\"width: 128.639%; height: 32px;\">Isabel Robles Mart\u00ednez<\/td>\n<\/tr>\n<\/tbody>\n<\/table>\n<p><strong>ALTRES<\/strong><\/p>\n<table style=\"border-collapse: collapse; width: 41.1462%;\">\n<tbody>\n<tr>\n<td style=\"width: 19.7281%;\">TEI<\/td>\n<td style=\"width: 23.6523%;\">Vanessa Palacios<\/td>\n<\/tr>\n<tr>\n<td style=\"width: 19.7281%;\">TIS<\/td>\n<td style=\"width: 23.6523%;\"><\/td>\n<\/tr>\n<tr>\n<td style=\"width: 19.7281%;\">T\u00e8cniques d&#8217;Educaci\u00f3 Especial<\/td>\n<td style=\"width: 23.6523%;\">Laura Gonz\u00e1lez<\/p>\n<p>Maria Garc\u00eda<\/td>\n<\/tr>\n<tr style=\"height: 52px;\">\n<td style=\"width: 19.7281%; height: 52px;\">Administrativa<\/td>\n<td style=\"width: 23.6523%; height: 52px;\"><span class=\"il\">Gemma<\/span>-Remedios Salazar Lopez<\/td>\n<\/tr>\n<tr style=\"height: 52px;\">\n<td style=\"width: 19.7281%; height: 52px;\">Conserge<\/td>\n<td style=\"width: 23.6523%; height: 52px;\">Maria Duran Lago<\/td>\n<\/tr>\n<\/tbody>\n<\/table>\n<table style=\"border-collapse: collapse; width: 50.1124%; height: 104px;\" border=\"1\">\n<tbody>\n<tr style=\"height: 52px;\">\n<td style=\"width: 50%; height: 52px;\"><\/td>\n<td style=\"width: 50%; height: 52px;\"><\/td>\n<\/tr>\n<tr style=\"height: 52px;\">\n<td style=\"width: 50%; height: 52px;\"><\/td>\n<td style=\"width: 50%; height: 52px;\"><\/td>\n<\/tr>\n<\/tbody>\n<\/table>\n<p>&nbsp;<\/p>\n","protected":false},"excerpt":{"rendered":"<p>EQUIP DIRECTIU Directora Isabel Robles Mart\u00ednez Cap d&#8217;estudis Vanesa Huesa Lacasa Secret\u00e0ria Mireia P\u00e9rez Cubero EQUIP DOCENT Infantil Inf-3 Laura Hern\u00e1ndez Mart\u00ednez Inf-4 Raquel Blanco Garc\u00eda Inf-5 Olga Gonz\u00e1lez de la Vega Refor\u00e7 infantil Laura Portabella Puig Prim\u00e0ria 1r Saray Mu\u00f1oz Carod 2n Maria Jos\u00e9 Vargas Garc\u00eda 3r Ver\u00f3nica Rusca Llarena 4t Laura Guerrero Roura [&hellip;]<\/p>\n","protected":false},"author":1,"featured_media":0,"parent":22,"menu_order":20,"comment_status":"closed","ping_status":"closed","template":"","meta":{"_bbp_topic_count":0,"_bbp_reply_count":0,"_bbp_total_topic_count":0,"_bbp_total_reply_count":0,"_bbp_voice_count":0,"_bbp_anonymous_reply_count":0,"_bbp_topic_count_hidden":0,"_bbp_reply_count_hidden":0,"_bbp_forum_subforum_count":0,"site-sidebar-layout":"default","site-content-layout":"","ast-site-content-layout":"default","site-content-style":"default","site-sidebar-style":"default","ast-global-header-display":"","ast-banner-title-visibility":"","ast-main-header-display":"","ast-hfb-above-header-display":"","ast-hfb-below-header-display":"","ast-hfb-mobile-header-display":"","site-post-title":"","ast-breadcrumbs-content":"","ast-featured-img":"","footer-sml-layout":"","theme-transparent-header-meta":"default","adv-header-id-meta":"","stick-header-meta":"","header-above-stick-meta":"","header-main-stick-meta":"","header-below-stick-meta":"","astra-migrate-meta-layouts":"set","ast-page-background-enabled":"default","ast-page-background-meta":{"desktop":{"background-color":"var(--ast-global-color-4)","background-image":"","background-repeat":"repeat","background-position":"center center","background-size":"auto","background-attachment":"scroll","background-type":"","background-media":"","overlay-type":"","overlay-color":"","overlay-opacity":"","overlay-gradient":""},"tablet":{"background-color":"","background-image":"","background-repeat":"repeat","background-position":"center center","background-size":"auto","background-attachment":"scroll","background-type":"","background-media":"","overlay-type":"","overlay-color":"","overlay-opacity":"","overlay-gradient":""},"mobile":{"background-color":"","background-image":"","background-repeat":"repeat","background-position":"center center","background-size":"auto","background-attachment":"scroll","background-type":"","background-media":"","overlay-type":"","overlay-color":"","overlay-opacity":"","overlay-gradient":""}},"ast-content-background-meta":{"desktop":{"background-color":"var(--ast-global-color-5)","background-image":"","background-repeat":"repeat","background-position":"center center","background-size":"auto","background-attachment":"scroll","background-type":"","background-media":"","overlay-type":"","overlay-color":"","overlay-opacity":"","overlay-gradient":""},"tablet":{"background-color":"var(--ast-global-color-5)","background-image":"","background-repeat":"repeat","background-position":"center center","background-size":"auto","background-attachment":"scroll","background-type":"","background-media":"","overlay-type":"","overlay-color":"","overlay-opacity":"","overlay-gradient":""},"mobile":{"background-color":"var(--ast-global-color-5)","background-image":"","background-repeat":"repeat","background-position":"center center","background-size":"auto","background-attachment":"scroll","background-type":"","background-media":"","overlay-type":"","overlay-color":"","overlay-opacity":"","overlay-gradient":""}},"footnotes":""},"class_list":["post-26","page","type-page","status-publish","hentry"],"post_mailing_queue_ids":[],"_links":{"self":[{"href":"https:\/\/agora.xtec.cat\/escola-verdaguer-cornella\/wp-json\/wp\/v2\/pages\/26","targetHints":{"allow":["GET"]}}],"collection":[{"href":"https:\/\/agora.xtec.cat\/escola-verdaguer-cornella\/wp-json\/wp\/v2\/pages"}],"about":[{"href":"https:\/\/agora.xtec.cat\/escola-verdaguer-cornella\/wp-json\/wp\/v2\/types\/page"}],"author":[{"embeddable":true,"href":"https:\/\/agora.xtec.cat\/escola-verdaguer-cornella\/wp-json\/wp\/v2\/users\/1"}],"replies":[{"embeddable":true,"href":"https:\/\/agora.xtec.cat\/escola-verdaguer-cornella\/wp-json\/wp\/v2\/comments?post=26"}],"version-history":[{"count":6,"href":"https:\/\/agora.xtec.cat\/escola-verdaguer-cornella\/wp-json\/wp\/v2\/pages\/26\/revisions"}],"predecessor-version":[{"id":6688,"href":"https:\/\/agora.xtec.cat\/escola-verdaguer-cornella\/wp-json\/wp\/v2\/pages\/26\/revisions\/6688"}],"up":[{"embeddable":true,"href":"https:\/\/agora.xtec.cat\/escola-verdaguer-cornella\/wp-json\/wp\/v2\/pages\/22"}],"wp:attachment":[{"href":"https:\/\/agora.xtec.cat\/escola-verdaguer-cornella\/wp-json\/wp\/v2\/media?parent=26"}],"curies":[{"name":"wp","href":"https:\/\/api.w.org\/{rel}","templated":true}]}}