{"id":24,"date":"2014-09-18T12:23:15","date_gmt":"2014-09-18T10:23:15","guid":{"rendered":"http:\/\/agora.xtec.cat\/escola-verdaguer-cornella\/?page_id=24"},"modified":"2024-02-29T13:25:59","modified_gmt":"2024-02-29T12:25:59","slug":"on-som","status":"publish","type":"page","link":"https:\/\/agora.xtec.cat\/escola-verdaguer-cornella\/lescola\/on-som\/","title":{"rendered":"Trets d&#8217;identitat"},"content":{"rendered":"<p>Som una escola\u00a0p\u00fablica\u00a0d\u2019una\u00a0l\u00ednia.\u00a0\u00a0Impartim classe\u00a0d\u2019Educaci\u00f3 Infantil i Prim\u00e0ria\u00a0a l\u2019alumnat de tres a dotze anys.<\/p>\n<p>La nostra escola est\u00e0 adscrita a l&#8217;Institut Esteve Terrades i a l&#8217;Institut Neus Catal\u00e0, als quals els hi realitzem un \u00a0trasp\u00e0s acurat dels nostres alumnes que inicien l\u2019etapa de l\u2019E.S.O.<\/p>\n<p><strong>EL PROJECTE<\/strong><\/p>\n<p>El nostre\u00a0gran objectiu \u00e9s educar\u00a0PERSONES\u00a0responsables, aut\u00f2nomes i solid\u00e0ries, tot\u00a0desenvolupant les\u00a0compet\u00e8ncies b\u00e0siques\u00a0i la capacitat d\u2019aprendre a aprendre\u00a0mitjan\u00e7ant\u00a0metodologies actives.<\/p>\n<p>Dins el projecte pedag\u00f2gic creiem que la diversitat actua com element enriquidor\u00a0\u00a0fomentant aspectes com la conviv\u00e8ncia, el respecte als altres, el respecte al medi ambient, el pluralisme ideol\u00f2gic, la solidaritat, la toler\u00e0ncia i la participaci\u00f3&#8230;<\/p>\n<p>D\u2019acord amb el que\u00a0estableix l\u2019Ordenaci\u00f3 General de l\u2019Ensenyament,\u00a0la llengua base d\u2019aprenentatge \u00e9s el catal\u00e0.\u00a0El nostre\u00a0objectiu \u00e9s que en acabar l\u2019escolaritat tots els alumnes siguin capa\u00e7os de comunicar-se oralment i per escrit, tant en\u00a0catal\u00e0\u00a0com en\u00a0castell\u00e0, i que hagin assolit un nivell b\u00e0sic en\u00a0llengua anglesa.<\/p>\n<p>Vetllem per educar els nostres nens com a\u00a0PERSONES\u00a0, i per tant la\u00a0interrelaci\u00f3 fam\u00edlia-escola\u00a0es fa imprescindible.<\/p>\n<p>Per tal de completar la\u00a0formaci\u00f3 integral\u00a0del nostre alumnat fem incid\u00e8ncia en el contingut curricular, en els treballs de tutoria on es desenvolupen aspectes personals, en la realitzaci\u00f3 de sortides pedag\u00f2giques, en les celebracions de festivitats i tradicions, en els tallers i visites culturals, teatre, audicions, col\u00f2nies&#8230;<\/p>\n<p>Aquests trets d&#8217;identitat estan reflectits en el\u00a0Projecte Educatiu de Centre\u00a0revisat per darrera vegada i aprovat al Consell Escolar del 25 de mar\u00e7 de 2015.<\/p>\n<div class=\"sites-layout-tile sites-tile-name-content-1\">\n<div dir=\"ltr\">\n<div dir=\"ltr\">\n<div>\n<p><a href=\"https:\/\/agora.xtec.cat\/escola-verdaguer-cornella\/wp-content\/uploads\/usu1952\/2020\/05\/PROJECTE-EDUCATIU-17-MAIG-2018.pdf\">PROJECTE EDUCATIU<\/a><\/p>\n<p><a href=\"https:\/\/agora.xtec.cat\/escola-verdaguer-cornella\/wp-content\/uploads\/usu1952\/2024\/02\/NOFC-aprovades-28-febrer-2024.pdf\" target=\"_blank\" rel=\"noopener\">NOFC<\/a><\/p>\n<p><a href=\"https:\/\/agora.xtec.cat\/escola-verdaguer-cornella\/wp-content\/uploads\/usu1952\/2020\/01\/PdC-aprovat-22gener20-web.pdf\">PROJECTE DE CONVIV\u00c8NCIA<\/a><\/p>\n<p><a href=\"https:\/\/agora.xtec.cat\/escola-verdaguer-cornella\/wp-content\/uploads\/usu1952\/2019\/01\/Pla-TAC-Verdaguer-Cornell\u00e0.pdf\">PLA TAC<\/a><\/p>\n<p><a href=\"https:\/\/agora.xtec.cat\/escola-verdaguer-cornella\/wp-content\/uploads\/usu1952\/2019\/11\/PROJECTE-LING\u00dc\u00cdSTIC-2019-amb-data-aprovacio.pdf\">PROJECTE LING\u00dc\u00cdSTIC<\/a><\/p>\n<p><iframe loading=\"lazy\" src=\"https:\/\/www.youtube.com\/embed\/ij26Bpd2W_I\" width=\"560\" height=\"315\" frameborder=\"0\"><\/iframe><\/p>\n<\/div>\n<\/div>\n<\/div>\n<\/div>\n","protected":false},"excerpt":{"rendered":"<p>Som una escola\u00a0p\u00fablica\u00a0d\u2019una\u00a0l\u00ednia.\u00a0\u00a0Impartim classe\u00a0d\u2019Educaci\u00f3 Infantil i Prim\u00e0ria\u00a0a l\u2019alumnat de tres a dotze anys. La nostra escola est\u00e0 adscrita a l&#8217;Institut Esteve Terrades i a l&#8217;Institut Neus Catal\u00e0, als quals els hi realitzem un \u00a0trasp\u00e0s acurat dels nostres alumnes que inicien l\u2019etapa de l\u2019E.S.O. EL PROJECTE El nostre\u00a0gran objectiu \u00e9s educar\u00a0PERSONES\u00a0responsables, aut\u00f2nomes i solid\u00e0ries, tot\u00a0desenvolupant les\u00a0compet\u00e8ncies [&hellip;]<\/p>\n","protected":false},"author":1,"featured_media":0,"parent":22,"menu_order":10,"comment_status":"closed","ping_status":"closed","template":"page-templates\/side-menu.php","meta":{"_bbp_topic_count":0,"_bbp_reply_count":0,"_bbp_total_topic_count":0,"_bbp_total_reply_count":0,"_bbp_voice_count":0,"_bbp_anonymous_reply_count":0,"_bbp_topic_count_hidden":0,"_bbp_reply_count_hidden":0,"_bbp_forum_subforum_count":0,"site-sidebar-layout":"default","site-content-layout":"","ast-site-content-layout":"","site-content-style":"default","site-sidebar-style":"default","ast-global-header-display":"","ast-banner-title-visibility":"","ast-main-header-display":"","ast-hfb-above-header-display":"","ast-hfb-below-header-display":"","ast-hfb-mobile-header-display":"","site-post-title":"","ast-breadcrumbs-content":"","ast-featured-img":"","footer-sml-layout":"","theme-transparent-header-meta":"","adv-header-id-meta":"","stick-header-meta":"","header-above-stick-meta":"","header-main-stick-meta":"","header-below-stick-meta":"","astra-migrate-meta-layouts":"default","ast-page-background-enabled":"default","ast-page-background-meta":{"desktop":{"background-color":"var(--ast-global-color-4)","background-image":"","background-repeat":"repeat","background-position":"center center","background-size":"auto","background-attachment":"scroll","background-type":"","background-media":"","overlay-type":"","overlay-color":"","overlay-opacity":"","overlay-gradient":""},"tablet":{"background-color":"","background-image":"","background-repeat":"repeat","background-position":"center center","background-size":"auto","background-attachment":"scroll","background-type":"","background-media":"","overlay-type":"","overlay-color":"","overlay-opacity":"","overlay-gradient":""},"mobile":{"background-color":"","background-image":"","background-repeat":"repeat","background-position":"center center","background-size":"auto","background-attachment":"scroll","background-type":"","background-media":"","overlay-type":"","overlay-color":"","overlay-opacity":"","overlay-gradient":""}},"ast-content-background-meta":{"desktop":{"background-color":"var(--ast-global-color-5)","background-image":"","background-repeat":"repeat","background-position":"center center","background-size":"auto","background-attachment":"scroll","background-type":"","background-media":"","overlay-type":"","overlay-color":"","overlay-opacity":"","overlay-gradient":""},"tablet":{"background-color":"var(--ast-global-color-5)","background-image":"","background-repeat":"repeat","background-position":"center center","background-size":"auto","background-attachment":"scroll","background-type":"","background-media":"","overlay-type":"","overlay-color":"","overlay-opacity":"","overlay-gradient":""},"mobile":{"background-color":"var(--ast-global-color-5)","background-image":"","background-repeat":"repeat","background-position":"center center","background-size":"auto","background-attachment":"scroll","background-type":"","background-media":"","overlay-type":"","overlay-color":"","overlay-opacity":"","overlay-gradient":""}},"footnotes":""},"class_list":["post-24","page","type-page","status-publish","hentry"],"post_mailing_queue_ids":[],"_links":{"self":[{"href":"https:\/\/agora.xtec.cat\/escola-verdaguer-cornella\/wp-json\/wp\/v2\/pages\/24","targetHints":{"allow":["GET"]}}],"collection":[{"href":"https:\/\/agora.xtec.cat\/escola-verdaguer-cornella\/wp-json\/wp\/v2\/pages"}],"about":[{"href":"https:\/\/agora.xtec.cat\/escola-verdaguer-cornella\/wp-json\/wp\/v2\/types\/page"}],"author":[{"embeddable":true,"href":"https:\/\/agora.xtec.cat\/escola-verdaguer-cornella\/wp-json\/wp\/v2\/users\/1"}],"replies":[{"embeddable":true,"href":"https:\/\/agora.xtec.cat\/escola-verdaguer-cornella\/wp-json\/wp\/v2\/comments?post=24"}],"version-history":[{"count":5,"href":"https:\/\/agora.xtec.cat\/escola-verdaguer-cornella\/wp-json\/wp\/v2\/pages\/24\/revisions"}],"predecessor-version":[{"id":5994,"href":"https:\/\/agora.xtec.cat\/escola-verdaguer-cornella\/wp-json\/wp\/v2\/pages\/24\/revisions\/5994"}],"up":[{"embeddable":true,"href":"https:\/\/agora.xtec.cat\/escola-verdaguer-cornella\/wp-json\/wp\/v2\/pages\/22"}],"wp:attachment":[{"href":"https:\/\/agora.xtec.cat\/escola-verdaguer-cornella\/wp-json\/wp\/v2\/media?parent=24"}],"curies":[{"name":"wp","href":"https:\/\/api.w.org\/{rel}","templated":true}]}}