{"id":22,"date":"2014-09-18T12:19:57","date_gmt":"2014-09-18T10:19:57","guid":{"rendered":"http:\/\/agora.xtec.cat\/escola-verdaguer-cornella\/?page_id=22"},"modified":"2018-11-23T12:57:39","modified_gmt":"2018-11-23T11:57:39","slug":"lescola","status":"publish","type":"page","link":"https:\/\/agora.xtec.cat\/escola-verdaguer-cornella\/lescola\/","title":{"rendered":"L&#8217;escola"},"content":{"rendered":"<p>Som una escola p\u00fablica d\u2019una l\u00ednia, <strong>familiar i de tracte proper<\/strong>.<\/p>\n<p>Impartim classe\u00a0<strong>d\u2019Educaci\u00f3 Infantil i Prim\u00e0ria<\/strong>a l\u2019alumnat de tres a dotze anys.<\/p>\n<p>L\u2019alumnat s\u00f3n nens i nenes del barri. Els <strong>grups s\u00f3n estables<\/strong>, hi ha poc moviment d\u2019incorporaci\u00f3 al llarg del curs, ja que els grups s\u2019omplen des de P3.<\/p>\n<p>Som una escola que vetlla per la <strong>integraci\u00f3<\/strong> i la <strong>conviv\u00e8ncia pac\u00edfica<\/strong>.<\/p>\n<p>El nostre gran objectiu \u00e9s educar <strong>PERSONES <\/strong>responsables, aut\u00f2nomes i solid\u00e0ries, tot desenvolupant les <strong>compet\u00e8ncies b\u00e0siques i la capacitat d\u2019aprendre a aprendre<\/strong> mitjan\u00e7ant <strong>metodologies actives.<\/strong><\/p>\n<p>Desenvolupar valors de <strong>respecte, solidaritat, toler\u00e0ncia i participaci\u00f3<\/strong>.<\/p>\n<p>Crear <strong>h\u00e0bits d\u2019estudi<\/strong> en els nostres alumnes.<\/p>\n<p>Considerem fonamental el seguiment educatiu i la <strong>implicaci\u00f3 per part de les fam\u00edlies<\/strong>. Cal realitzar un <strong>treball conjunt fam\u00edlia \u2013 escola<\/strong>.<\/p>\n","protected":false},"excerpt":{"rendered":"<p>Som una escola p\u00fablica d\u2019una l\u00ednia, familiar i de tracte proper. Impartim classe\u00a0d\u2019Educaci\u00f3 Infantil i Prim\u00e0riaa l\u2019alumnat de tres a dotze anys. L\u2019alumnat s\u00f3n nens i nenes del barri. Els grups s\u00f3n estables, hi ha poc moviment d\u2019incorporaci\u00f3 al llarg del curs, ja que els grups s\u2019omplen des de P3. Som una escola que vetlla [&hellip;]<\/p>\n","protected":false},"author":1,"featured_media":0,"parent":0,"menu_order":2,"comment_status":"closed","ping_status":"closed","template":"page-templates\/side-menu.php","meta":{"_bbp_topic_count":0,"_bbp_reply_count":0,"_bbp_total_topic_count":0,"_bbp_total_reply_count":0,"_bbp_voice_count":0,"_bbp_anonymous_reply_count":0,"_bbp_topic_count_hidden":0,"_bbp_reply_count_hidden":0,"_bbp_forum_subforum_count":0,"site-sidebar-layout":"default","site-content-layout":"","ast-site-content-layout":"","site-content-style":"default","site-sidebar-style":"default","ast-global-header-display":"","ast-banner-title-visibility":"","ast-main-header-display":"","ast-hfb-above-header-display":"","ast-hfb-below-header-display":"","ast-hfb-mobile-header-display":"","site-post-title":"","ast-breadcrumbs-content":"","ast-featured-img":"","footer-sml-layout":"","theme-transparent-header-meta":"","adv-header-id-meta":"","stick-header-meta":"","header-above-stick-meta":"","header-main-stick-meta":"","header-below-stick-meta":"","astra-migrate-meta-layouts":"default","ast-page-background-enabled":"default","ast-page-background-meta":{"desktop":{"background-color":"var(--ast-global-color-4)","background-image":"","background-repeat":"repeat","background-position":"center center","background-size":"auto","background-attachment":"scroll","background-type":"","background-media":"","overlay-type":"","overlay-color":"","overlay-opacity":"","overlay-gradient":""},"tablet":{"background-color":"","background-image":"","background-repeat":"repeat","background-position":"center center","background-size":"auto","background-attachment":"scroll","background-type":"","background-media":"","overlay-type":"","overlay-color":"","overlay-opacity":"","overlay-gradient":""},"mobile":{"background-color":"","background-image":"","background-repeat":"repeat","background-position":"center center","background-size":"auto","background-attachment":"scroll","background-type":"","background-media":"","overlay-type":"","overlay-color":"","overlay-opacity":"","overlay-gradient":""}},"ast-content-background-meta":{"desktop":{"background-color":"var(--ast-global-color-5)","background-image":"","background-repeat":"repeat","background-position":"center center","background-size":"auto","background-attachment":"scroll","background-type":"","background-media":"","overlay-type":"","overlay-color":"","overlay-opacity":"","overlay-gradient":""},"tablet":{"background-color":"var(--ast-global-color-5)","background-image":"","background-repeat":"repeat","background-position":"center center","background-size":"auto","background-attachment":"scroll","background-type":"","background-media":"","overlay-type":"","overlay-color":"","overlay-opacity":"","overlay-gradient":""},"mobile":{"background-color":"var(--ast-global-color-5)","background-image":"","background-repeat":"repeat","background-position":"center center","background-size":"auto","background-attachment":"scroll","background-type":"","background-media":"","overlay-type":"","overlay-color":"","overlay-opacity":"","overlay-gradient":""}},"footnotes":""},"class_list":["post-22","page","type-page","status-publish","hentry"],"post_mailing_queue_ids":[],"_links":{"self":[{"href":"https:\/\/agora.xtec.cat\/escola-verdaguer-cornella\/wp-json\/wp\/v2\/pages\/22","targetHints":{"allow":["GET"]}}],"collection":[{"href":"https:\/\/agora.xtec.cat\/escola-verdaguer-cornella\/wp-json\/wp\/v2\/pages"}],"about":[{"href":"https:\/\/agora.xtec.cat\/escola-verdaguer-cornella\/wp-json\/wp\/v2\/types\/page"}],"author":[{"embeddable":true,"href":"https:\/\/agora.xtec.cat\/escola-verdaguer-cornella\/wp-json\/wp\/v2\/users\/1"}],"replies":[{"embeddable":true,"href":"https:\/\/agora.xtec.cat\/escola-verdaguer-cornella\/wp-json\/wp\/v2\/comments?post=22"}],"version-history":[{"count":3,"href":"https:\/\/agora.xtec.cat\/escola-verdaguer-cornella\/wp-json\/wp\/v2\/pages\/22\/revisions"}],"predecessor-version":[{"id":620,"href":"https:\/\/agora.xtec.cat\/escola-verdaguer-cornella\/wp-json\/wp\/v2\/pages\/22\/revisions\/620"}],"wp:attachment":[{"href":"https:\/\/agora.xtec.cat\/escola-verdaguer-cornella\/wp-json\/wp\/v2\/media?parent=22"}],"curies":[{"name":"wp","href":"https:\/\/api.w.org\/{rel}","templated":true}]}}