{"id":1533,"date":"2020-05-11T13:11:01","date_gmt":"2020-05-11T11:11:01","guid":{"rendered":"https:\/\/agora.xtec.cat\/escola-verdaguer-cornella\/?page_id=1533"},"modified":"2025-07-04T13:31:49","modified_gmt":"2025-07-04T11:31:49","slug":"informacionsadministratives","status":"publish","type":"page","link":"https:\/\/agora.xtec.cat\/escola-verdaguer-cornella\/organitzacio\/informacionsadministratives\/","title":{"rendered":"Informacions administratives"},"content":{"rendered":"<h3><\/h3>\n<h3><\/h3>\n<h3><\/h3>\n<h3><a href=\"https:\/\/dogc.gencat.cat\/ca\/document-del-dogc\/?documentId=1005759\" target=\"_blank\" rel=\"noopener\">Resoluci\u00f3 EDF\/319\/2025, de 4 de febrer, per la qual s&#8217;aproven les normes de preinscripci\u00f3 i matr\u00edcula d&#8217;alumnes als centres del Servei d&#8217;Educaci\u00f3 de Catalunya i altres centres educatius, en els diversos ensenyaments sostinguts amb fons p\u00fablics, per al curs 2025-2026<\/a><\/h3>\n<p><a href=\"https:\/\/agora.xtec.cat\/escola-verdaguer-cornella\/wp-content\/uploads\/usu1952\/2025\/01\/preinscripcio-dates-1.png\"><img loading=\"lazy\" decoding=\"async\" class=\"aligncenter wp-image-6412 size-full\" src=\"https:\/\/agora.xtec.cat\/escola-verdaguer-cornella\/wp-content\/uploads\/usu1952\/2025\/01\/preinscripcio-dates-1.png\" alt=\"\" width=\"839\" height=\"463\" srcset=\"https:\/\/agora.xtec.cat\/escola-verdaguer-cornella\/wp-content\/uploads\/usu1952\/2025\/01\/preinscripcio-dates-1.png 839w, https:\/\/agora.xtec.cat\/escola-verdaguer-cornella\/wp-content\/uploads\/usu1952\/2025\/01\/preinscripcio-dates-1-300x166.png 300w, https:\/\/agora.xtec.cat\/escola-verdaguer-cornella\/wp-content\/uploads\/usu1952\/2025\/01\/preinscripcio-dates-1-768x424.png 768w\" sizes=\"auto, (max-width: 839px) 100vw, 839px\" \/><\/a><\/p>\n<hr \/>\n<h6><strong>Informaci\u00f3 preinscripci\u00f3 2025-26:<\/strong><\/h6>\n<h6><span style=\"font-family: inherit; font-size: 1em; font-weight: normal;\">Informaci\u00f3 extreta de la <\/span>RESOLUCI\u00d3 EDF\/319\/2025, de 4 de febrer<\/h6>\n<h6><span style=\"font-family: inherit; font-size: 1em; font-weight: normal;\">\u00a0<\/span><\/h6>\n<p><img loading=\"lazy\" decoding=\"async\" class=\"size-full wp-image-1667 aligncenter\" src=\"https:\/\/agora.xtec.cat\/escola-verdaguer-cornella\/wp-content\/uploads\/usu1952\/2020\/05\/CODI-DE-CENTRE-1.png\" alt=\"\" width=\"507\" height=\"71\" srcset=\"https:\/\/agora.xtec.cat\/escola-verdaguer-cornella\/wp-content\/uploads\/usu1952\/2020\/05\/CODI-DE-CENTRE-1.png 507w, https:\/\/agora.xtec.cat\/escola-verdaguer-cornella\/wp-content\/uploads\/usu1952\/2020\/05\/CODI-DE-CENTRE-1-300x42.png 300w\" sizes=\"auto, (max-width: 507px) 100vw, 507px\" \/><\/p>\n<ul>\n<li>\n<h4>Presentaci\u00f3 de sol\u00b7licituds del<strong> 12 al 26 de mar\u00e7<\/strong><\/h4>\n<\/li>\n<li>\n<h4>Tipus de sol\u00b7licituds:<\/h4>\n<ul>\n<li><b>ELECTR\u00d2NICA: <\/b>cal identificaci\u00f3 digital<\/li>\n<li><b>SUPORT INFORM\u00c0TIC: <\/b>sense identificaci\u00f3 digital<br \/>\n<hr \/>\n<\/li>\n<\/ul>\n<table style=\"height: 488px; border-color: #0d26de; width: 59.6035%;\">\n<tbody>\n<tr style=\"height: 58px;\">\n<td style=\"height: 58px; width: 82.4562%;\" colspan=\"3\">\n<h4 style=\"text-align: left;\"><strong><u>Criteris prioritaris<\/u><\/strong><u>:<\/u><\/h4>\n<\/td>\n<\/tr>\n<tr style=\"height: 55px;\">\n<td style=\"height: 55px; width: 65.2632%;\" colspan=\"2\"><strong>1.Germans<\/strong> <strong>o germanes a l\u2019escola<\/strong><\/td>\n<td style=\"height: 55px; width: 17.193%; text-align: center;\">50 punts<\/td>\n<\/tr>\n<tr style=\"height: 55px;\">\n<td style=\"height: 55px; width: 65.2632%;\" colspan=\"2\"><strong>2.Proximitat geogr\u00e0fica:<\/strong><\/td>\n<td style=\"height: 55px; width: 17.193%; text-align: center;\"><\/td>\n<\/tr>\n<tr style=\"height: 55px;\">\n<td style=\"height: 55px; width: 9.12281%;\"><strong><u>\u00a0<\/u><\/strong><\/td>\n<td style=\"height: 55px; width: 56.1404%;\">\u00a0Domicili habitual a la zona educativa del centre (Zona 1 Cornell\u00e0 de Llobregat)<\/td>\n<td style=\"height: 55px; width: 17.193%; text-align: center;\">30 punts<\/td>\n<\/tr>\n<tr style=\"height: 77px;\">\n<td style=\"height: 77px; width: 9.12281%;\"><strong><u>\u00a0<\/u><\/strong><\/td>\n<td style=\"height: 77px; width: 56.1404%;\">Lloc de feina del pare, la mare, el tutor\/a a Cornell\u00e0 de Llobregat<\/td>\n<td style=\"height: 77px; width: 17.193%; text-align: center;\">20 punts<\/td>\n<\/tr>\n<tr>\n<td style=\"width: 9.12281%;\">&#8211;<\/td>\n<td style=\"width: 56.1404%;\">\u00a0Domicili habitual fora de la zona educativa del centre (Zona 2 Cornell\u00e0 de Llobregat)<\/td>\n<td style=\"width: 17.193%; text-align: center;\">10 punts<\/td>\n<\/tr>\n<tr style=\"height: 55px;\">\n<td style=\"height: 55px; width: 65.2632%;\" colspan=\"2\"><strong>3.Renda garantida de ciutadania<\/strong><\/td>\n<td style=\"height: 55px; width: 17.193%; text-align: center;\">15 punts<\/td>\n<\/tr>\n<tr style=\"height: 58px;\">\n<td style=\"height: 58px; width: 82.4562%;\" colspan=\"3\">\n<h4><strong><u>Criteris complementaris:<\/u><\/strong><\/h4>\n<\/td>\n<\/tr>\n<tr style=\"height: 55px;\">\n<td style=\"height: 55px; width: 65.2632%;\" colspan=\"2\">Discapacitat d&#8217;algun membre de la fam\u00edlia (igual o superior al 33%)<\/td>\n<td style=\"height: 55px; width: 17.193%; text-align: center;\">15 punts<\/td>\n<\/tr>\n<tr>\n<td style=\"width: 65.2632%;\" colspan=\"2\">Quan el pare o mare o tutor\/a legal treballa en el centre<\/td>\n<td style=\"width: 17.193%; text-align: center;\">10 punts<\/td>\n<\/tr>\n<tr>\n<td style=\"width: 65.2632%;\" colspan=\"2\">Fam\u00edlia nombrosa<\/td>\n<td style=\"width: 17.193%; text-align: center;\">10 punts<\/td>\n<\/tr>\n<tr>\n<td style=\"width: 65.2632%;\" colspan=\"2\">Fam\u00edlia monoparental<\/td>\n<td style=\"width: 17.193%; text-align: center;\">10 punts<\/td>\n<\/tr>\n<tr>\n<td style=\"width: 65.2632%;\" colspan=\"2\">Nascuts en parts m\u00faltiples<\/td>\n<td style=\"width: 17.193%; text-align: center;\">10 punts<\/td>\n<\/tr>\n<tr>\n<td style=\"width: 65.2632%;\" colspan=\"2\">Situaci\u00f3 d&#8217;acolliment familiar<\/td>\n<td style=\"width: 17.193%; text-align: center;\">10 punts<\/td>\n<\/tr>\n<tr>\n<td style=\"width: 65.2632%;\" colspan=\"2\">Condici\u00f3 de v\u00edctima de viol\u00e8ncia de g\u00e8nere o terrorisme<\/td>\n<td style=\"width: 17.193%; text-align: center;\">10 punts<\/td>\n<\/tr>\n<\/tbody>\n<\/table>\n<p><a href=\"https:\/\/agora.xtec.cat\/escola-verdaguer-cornella\/wp-content\/uploads\/usu1952\/2025\/02\/unnamed.png\"><img loading=\"lazy\" decoding=\"async\" class=\"aligncenter wp-image-6462 size-full\" src=\"https:\/\/agora.xtec.cat\/escola-verdaguer-cornella\/wp-content\/uploads\/usu1952\/2025\/02\/unnamed.png\" alt=\"\" width=\"782\" height=\"597\" srcset=\"https:\/\/agora.xtec.cat\/escola-verdaguer-cornella\/wp-content\/uploads\/usu1952\/2025\/02\/unnamed.png 782w, https:\/\/agora.xtec.cat\/escola-verdaguer-cornella\/wp-content\/uploads\/usu1952\/2025\/02\/unnamed-300x229.png 300w, https:\/\/agora.xtec.cat\/escola-verdaguer-cornella\/wp-content\/uploads\/usu1952\/2025\/02\/unnamed-768x586.png 768w\" sizes=\"auto, (max-width: 782px) 100vw, 782px\" \/><\/a><\/p>\n<p>M\u00e9s informaci\u00f3 a <a href=\"https:\/\/preinscripcio.gencat.cat\/ca\/inici\/\" target=\"_blank\" rel=\"noopener noreferrer\">https:\/\/preinscripcio.gencat.cat\/ca\/inici\/<\/a><\/p>\n<p>&nbsp;<\/li>\n<\/ul>\n","protected":false},"excerpt":{"rendered":"<p>Resoluci\u00f3 EDF\/319\/2025, de 4 de febrer, per la qual s&#8217;aproven les normes de preinscripci\u00f3 i matr\u00edcula d&#8217;alumnes als centres del Servei d&#8217;Educaci\u00f3 de Catalunya i altres centres educatius, en els diversos ensenyaments sostinguts amb fons p\u00fablics, per al curs 2025-2026 Informaci\u00f3 preinscripci\u00f3 2025-26: Informaci\u00f3 extreta de la RESOLUCI\u00d3 EDF\/319\/2025, de 4 de febrer \u00a0 Presentaci\u00f3 [&hellip;]<\/p>\n","protected":false},"author":1,"featured_media":0,"parent":516,"menu_order":6,"comment_status":"closed","ping_status":"closed","template":"","meta":{"_bbp_topic_count":0,"_bbp_reply_count":0,"_bbp_total_topic_count":0,"_bbp_total_reply_count":0,"_bbp_voice_count":0,"_bbp_anonymous_reply_count":0,"_bbp_topic_count_hidden":0,"_bbp_reply_count_hidden":0,"_bbp_forum_subforum_count":0,"site-sidebar-layout":"default","site-content-layout":"","ast-site-content-layout":"default","site-content-style":"default","site-sidebar-style":"default","ast-global-header-display":"","ast-banner-title-visibility":"","ast-main-header-display":"","ast-hfb-above-header-display":"","ast-hfb-below-header-display":"","ast-hfb-mobile-header-display":"","site-post-title":"","ast-breadcrumbs-content":"","ast-featured-img":"","footer-sml-layout":"","theme-transparent-header-meta":"default","adv-header-id-meta":"","stick-header-meta":"","header-above-stick-meta":"","header-main-stick-meta":"","header-below-stick-meta":"","astra-migrate-meta-layouts":"set","ast-page-background-enabled":"default","ast-page-background-meta":{"desktop":{"background-color":"var(--ast-global-color-4)","background-image":"","background-repeat":"repeat","background-position":"center center","background-size":"auto","background-attachment":"scroll","background-type":"","background-media":"","overlay-type":"","overlay-color":"","overlay-opacity":"","overlay-gradient":""},"tablet":{"background-color":"","background-image":"","background-repeat":"repeat","background-position":"center center","background-size":"auto","background-attachment":"scroll","background-type":"","background-media":"","overlay-type":"","overlay-color":"","overlay-opacity":"","overlay-gradient":""},"mobile":{"background-color":"","background-image":"","background-repeat":"repeat","background-position":"center center","background-size":"auto","background-attachment":"scroll","background-type":"","background-media":"","overlay-type":"","overlay-color":"","overlay-opacity":"","overlay-gradient":""}},"ast-content-background-meta":{"desktop":{"background-color":"var(--ast-global-color-5)","background-image":"","background-repeat":"repeat","background-position":"center center","background-size":"auto","background-attachment":"scroll","background-type":"","background-media":"","overlay-type":"","overlay-color":"","overlay-opacity":"","overlay-gradient":""},"tablet":{"background-color":"var(--ast-global-color-5)","background-image":"","background-repeat":"repeat","background-position":"center center","background-size":"auto","background-attachment":"scroll","background-type":"","background-media":"","overlay-type":"","overlay-color":"","overlay-opacity":"","overlay-gradient":""},"mobile":{"background-color":"var(--ast-global-color-5)","background-image":"","background-repeat":"repeat","background-position":"center center","background-size":"auto","background-attachment":"scroll","background-type":"","background-media":"","overlay-type":"","overlay-color":"","overlay-opacity":"","overlay-gradient":""}},"footnotes":""},"class_list":["post-1533","page","type-page","status-publish","hentry"],"post_mailing_queue_ids":[],"_links":{"self":[{"href":"https:\/\/agora.xtec.cat\/escola-verdaguer-cornella\/wp-json\/wp\/v2\/pages\/1533","targetHints":{"allow":["GET"]}}],"collection":[{"href":"https:\/\/agora.xtec.cat\/escola-verdaguer-cornella\/wp-json\/wp\/v2\/pages"}],"about":[{"href":"https:\/\/agora.xtec.cat\/escola-verdaguer-cornella\/wp-json\/wp\/v2\/types\/page"}],"author":[{"embeddable":true,"href":"https:\/\/agora.xtec.cat\/escola-verdaguer-cornella\/wp-json\/wp\/v2\/users\/1"}],"replies":[{"embeddable":true,"href":"https:\/\/agora.xtec.cat\/escola-verdaguer-cornella\/wp-json\/wp\/v2\/comments?post=1533"}],"version-history":[{"count":7,"href":"https:\/\/agora.xtec.cat\/escola-verdaguer-cornella\/wp-json\/wp\/v2\/pages\/1533\/revisions"}],"predecessor-version":[{"id":6660,"href":"https:\/\/agora.xtec.cat\/escola-verdaguer-cornella\/wp-json\/wp\/v2\/pages\/1533\/revisions\/6660"}],"up":[{"embeddable":true,"href":"https:\/\/agora.xtec.cat\/escola-verdaguer-cornella\/wp-json\/wp\/v2\/pages\/516"}],"wp:attachment":[{"href":"https:\/\/agora.xtec.cat\/escola-verdaguer-cornella\/wp-json\/wp\/v2\/media?parent=1533"}],"curies":[{"name":"wp","href":"https:\/\/api.w.org\/{rel}","templated":true}]}}