{"id":22,"date":"2014-09-18T12:19:57","date_gmt":"2014-09-18T11:19:57","guid":{"rendered":"http:\/\/agora.xtec.cat\/escola-torreforta\/?page_id=22"},"modified":"2016-12-01T11:27:46","modified_gmt":"2016-12-01T10:27:46","slug":"lescola","status":"publish","type":"page","link":"https:\/\/agora.xtec.cat\/escola-torreforta\/lescola\/","title":{"rendered":"L&#8217;escola"},"content":{"rendered":"<p>Benvinguts a la nova p\u00e0gina web de l&#8217;Escola Torreforta. A partir d&#8217;aquest curs 2016-2017 farem servir aquesta plataforma per anar actualitzant la informaci\u00f3 del nostre centre, per\u00f2 podreu seguir consultant, de moment, la web anterior clicant damunt de la imatge. Esperem que us agradi i us sigui f\u00e0cil de fer servir&#8230;<\/p>\n<p style=\"text-align: center;\"><a href=\"http:\/\/blocs.xtec.cat\/escolagualvi\/\" target=\"_blank\"><img loading=\"lazy\" decoding=\"async\" class=\"alignnone size-full wp-image-442\" src=\"http:\/\/agora.xtec.cat\/escola-torreforta\/wp-content\/uploads\/usu181\/2016\/06\/20-6-2016-9.6.54-2.jpg\" alt=\"20-6-2016 9.6.54 2\" width=\"198\" height=\"150\" \/><\/a><\/p>\n<p>&nbsp;<\/p>\n","protected":false},"excerpt":{"rendered":"<p>Benvinguts a la nova p\u00e0gina web de l&#8217;Escola Torreforta. A partir d&#8217;aquest curs 2016-2017 farem servir aquesta plataforma per anar actualitzant la informaci\u00f3 del nostre centre, per\u00f2 podreu seguir consultant, de moment, la web anterior clicant damunt de la imatge. Esperem que us agradi i&hellip;  <a href=\"https:\/\/agora.xtec.cat\/escola-torreforta\/lescola\/\" title=\"Read L&#8217;escola\">Llegeix m\u00e9s\u00bb<\/a><\/p>\n","protected":false},"author":1,"featured_media":0,"parent":0,"menu_order":0,"comment_status":"closed","ping_status":"closed","template":"page-templates\/side-menu.php","meta":{"_bbp_topic_count":0,"_bbp_reply_count":0,"_bbp_total_topic_count":0,"_bbp_total_reply_count":0,"_bbp_voice_count":0,"_bbp_anonymous_reply_count":0,"_bbp_topic_count_hidden":0,"_bbp_reply_count_hidden":0,"_bbp_forum_subforum_count":0,"footnotes":""},"class_list":["post-22","page","type-page","status-publish","hentry"],"post_mailing_queue_ids":[],"_links":{"self":[{"href":"https:\/\/agora.xtec.cat\/escola-torreforta\/wp-json\/wp\/v2\/pages\/22","targetHints":{"allow":["GET"]}}],"collection":[{"href":"https:\/\/agora.xtec.cat\/escola-torreforta\/wp-json\/wp\/v2\/pages"}],"about":[{"href":"https:\/\/agora.xtec.cat\/escola-torreforta\/wp-json\/wp\/v2\/types\/page"}],"author":[{"embeddable":true,"href":"https:\/\/agora.xtec.cat\/escola-torreforta\/wp-json\/wp\/v2\/users\/1"}],"replies":[{"embeddable":true,"href":"https:\/\/agora.xtec.cat\/escola-torreforta\/wp-json\/wp\/v2\/comments?post=22"}],"version-history":[{"count":3,"href":"https:\/\/agora.xtec.cat\/escola-torreforta\/wp-json\/wp\/v2\/pages\/22\/revisions"}],"predecessor-version":[{"id":486,"href":"https:\/\/agora.xtec.cat\/escola-torreforta\/wp-json\/wp\/v2\/pages\/22\/revisions\/486"}],"wp:attachment":[{"href":"https:\/\/agora.xtec.cat\/escola-torreforta\/wp-json\/wp\/v2\/media?parent=22"}],"curies":[{"name":"wp","href":"https:\/\/api.w.org\/{rel}","templated":true}]}}