{"id":9,"date":"2014-09-17T15:08:18","date_gmt":"2014-09-17T14:08:18","guid":{"rendered":"http:\/\/agora.xtec.cat\/escola-teresamiquelipamies\/?page_id=9"},"modified":"2023-07-31T17:10:19","modified_gmt":"2023-07-31T15:10:19","slug":"pagina-dinici-buida","status":"publish","type":"page","link":"https:\/\/agora.xtec.cat\/escola-teresamiquelipamies\/","title":{"rendered":"<meta name=\"google-site-verification\" content=\"JhMQfi8sG8C6DQpxgemZ2xfbsreSR8mg4Cid0cyrlVE\""},"content":{"rendered":"<p style=\"text-align: justify; font-size: 1.2em;\"><i>Un centre escolar no \u00e9s nom\u00e9s un conjunt de cursos i de reunions m\u00e9s o menys ben disposades. \u00c9s una instituci\u00f3 on les relacions entre les persones, el conjunt de la gesti\u00f3 di\u00e0ria i tot l&#8217;entorn material conspiren -des del punt de vista etimol\u00f2gic respiren junts- per instituir una forma particular d&#8217;activitat humana basada en valors espec\u00edfics: el reconeixement de l&#8217;alteritat, l&#8217;exig\u00e8ncia de precisi\u00f3, de rigor i de veritat, l&#8217;aprenentatge conjunt de la construcci\u00f3 del b\u00e9 com\u00fa i de la capacitat de pensar per un mateix.<\/i><\/p>\n<p style=\"text-align: justify;\">&#8211; Philippe Meirieu<\/p>\n","protected":false},"excerpt":{"rendered":"<p>Un centre escolar no \u00e9s nom\u00e9s un conjunt de cursos i de reunions m\u00e9s o menys ben disposades. \u00c9s una instituci\u00f3 on les relacions entre les persones, el conjunt de la gesti\u00f3 di\u00e0ria i tot l&#8217;entorn material conspiren -des del punt de vista etimol\u00f2gic respiren&hellip;  <a href=\"https:\/\/agora.xtec.cat\/escola-teresamiquelipamies\/\" title=\"Read <meta name=\"google-site-verification\" content=\"JhMQfi8sG8C6DQpxgemZ2xfbsreSR8mg4Cid0cyrlVE\"\">Llegeix m\u00e9s\u00bb<\/a><\/p>\n","protected":false},"author":1,"featured_media":0,"parent":7,"menu_order":0,"comment_status":"closed","ping_status":"closed","template":"page-templates\/front-page.php","meta":{"_bbp_topic_count":0,"_bbp_reply_count":0,"_bbp_total_topic_count":0,"_bbp_total_reply_count":0,"_bbp_voice_count":0,"_bbp_anonymous_reply_count":0,"_bbp_topic_count_hidden":0,"_bbp_reply_count_hidden":0,"_bbp_forum_subforum_count":0,"footnotes":""},"class_list":["post-9","page","type-page","status-publish","hentry"],"post_mailing_queue_ids":[],"_links":{"self":[{"href":"https:\/\/agora.xtec.cat\/escola-teresamiquelipamies\/wp-json\/wp\/v2\/pages\/9","targetHints":{"allow":["GET"]}}],"collection":[{"href":"https:\/\/agora.xtec.cat\/escola-teresamiquelipamies\/wp-json\/wp\/v2\/pages"}],"about":[{"href":"https:\/\/agora.xtec.cat\/escola-teresamiquelipamies\/wp-json\/wp\/v2\/types\/page"}],"author":[{"embeddable":true,"href":"https:\/\/agora.xtec.cat\/escola-teresamiquelipamies\/wp-json\/wp\/v2\/users\/1"}],"replies":[{"embeddable":true,"href":"https:\/\/agora.xtec.cat\/escola-teresamiquelipamies\/wp-json\/wp\/v2\/comments?post=9"}],"version-history":[{"count":4,"href":"https:\/\/agora.xtec.cat\/escola-teresamiquelipamies\/wp-json\/wp\/v2\/pages\/9\/revisions"}],"predecessor-version":[{"id":3541,"href":"https:\/\/agora.xtec.cat\/escola-teresamiquelipamies\/wp-json\/wp\/v2\/pages\/9\/revisions\/3541"}],"up":[{"embeddable":true,"href":"https:\/\/agora.xtec.cat\/escola-teresamiquelipamies\/wp-json\/wp\/v2\/pages\/7"}],"wp:attachment":[{"href":"https:\/\/agora.xtec.cat\/escola-teresamiquelipamies\/wp-json\/wp\/v2\/media?parent=9"}],"curies":[{"name":"wp","href":"https:\/\/api.w.org\/{rel}","templated":true}]}}