{"id":535,"date":"2020-06-22T18:07:50","date_gmt":"2020-06-22T16:07:50","guid":{"rendered":"https:\/\/agora.xtec.cat\/escola-teresamiquelipamies\/?page_id=535"},"modified":"2024-09-03T13:10:11","modified_gmt":"2024-09-03T11:10:11","slug":"carta-compromis-educatiu","status":"publish","type":"page","link":"https:\/\/agora.xtec.cat\/escola-teresamiquelipamies\/lescola\/relacio-escola-familia\/carta-compromis-educatiu\/","title":{"rendered":"Carta comprom\u00eds educatiu"},"content":{"rendered":"<p>Per descarregar la carta de comprom\u00eds educatiu clicar a l&#8217;enlla\u00e7 seg\u00fcent:<\/p>\n<p><a href=\"https:\/\/agora.xtec.cat\/escola-teresamiquelipamies\/wp-content\/uploads\/usu2106\/2024\/09\/Carta-de-compromis-educatiu.pdf\">Carta de comprom\u00eds educatiu<\/a><\/p>\n","protected":false},"excerpt":{"rendered":"<p>Per descarregar la carta de comprom\u00eds educatiu clicar a l&#8217;enlla\u00e7 seg\u00fcent:<br \/>\n<a href=\"https:\/\/agora.xtec.cat\/escola-teresamiquelipamies\/wp-content\/uploads\/usu2106\/2024\/09\/Carta-de-compromis-educatiu.pdf\">Carta de comprom\u00eds educatiu<\/a><\/p>\n","protected":false},"author":1,"featured_media":0,"parent":533,"menu_order":0,"comment_status":"closed","ping_status":"closed","template":"","meta":{"_bbp_topic_count":0,"_bbp_reply_count":0,"_bbp_total_topic_count":0,"_bbp_total_reply_count":0,"_bbp_voice_count":0,"_bbp_anonymous_reply_count":0,"_bbp_topic_count_hidden":0,"_bbp_reply_count_hidden":0,"_bbp_forum_subforum_count":0,"footnotes":""},"class_list":["post-535","page","type-page","status-publish","hentry"],"post_mailing_queue_ids":[],"_links":{"self":[{"href":"https:\/\/agora.xtec.cat\/escola-teresamiquelipamies\/wp-json\/wp\/v2\/pages\/535","targetHints":{"allow":["GET"]}}],"collection":[{"href":"https:\/\/agora.xtec.cat\/escola-teresamiquelipamies\/wp-json\/wp\/v2\/pages"}],"about":[{"href":"https:\/\/agora.xtec.cat\/escola-teresamiquelipamies\/wp-json\/wp\/v2\/types\/page"}],"author":[{"embeddable":true,"href":"https:\/\/agora.xtec.cat\/escola-teresamiquelipamies\/wp-json\/wp\/v2\/users\/1"}],"replies":[{"embeddable":true,"href":"https:\/\/agora.xtec.cat\/escola-teresamiquelipamies\/wp-json\/wp\/v2\/comments?post=535"}],"version-history":[{"count":5,"href":"https:\/\/agora.xtec.cat\/escola-teresamiquelipamies\/wp-json\/wp\/v2\/pages\/535\/revisions"}],"predecessor-version":[{"id":4015,"href":"https:\/\/agora.xtec.cat\/escola-teresamiquelipamies\/wp-json\/wp\/v2\/pages\/535\/revisions\/4015"}],"up":[{"embeddable":true,"href":"https:\/\/agora.xtec.cat\/escola-teresamiquelipamies\/wp-json\/wp\/v2\/pages\/533"}],"wp:attachment":[{"href":"https:\/\/agora.xtec.cat\/escola-teresamiquelipamies\/wp-json\/wp\/v2\/media?parent=535"}],"curies":[{"name":"wp","href":"https:\/\/api.w.org\/{rel}","templated":true}]}}