{"id":529,"date":"2020-06-22T18:05:37","date_gmt":"2020-06-22T16:05:37","guid":{"rendered":"https:\/\/agora.xtec.cat\/escola-teresamiquelipamies\/?page_id=529"},"modified":"2024-07-16T12:57:06","modified_gmt":"2024-07-16T10:57:06","slug":"descripcio-fisica-de-lescola","status":"publish","type":"page","link":"https:\/\/agora.xtec.cat\/escola-teresamiquelipamies\/lescola\/qui-som\/descripcio-fisica-de-lescola\/","title":{"rendered":"Descripci\u00f3 f\u00edsica de l\u2019escola"},"content":{"rendered":"<p><span style=\"font-weight: 400;\">El centre est\u00e0 format per 2 plantes:\u00a0<\/span><\/p>\n<p><span style=\"font-weight: 400;\">A la primera planta estan ubicades les aules d\u2019educaci\u00f3 infantil, psicomotricitat, polivalent, sala de mestres, despatxos d\u2019administraci\u00f3, direcci\u00f3, cap d\u2019estudis, secret\u00e0ria , AMPA i consergeria, aix\u00ed com el menjador escolar, aula de reunions\/polivalent, lavabos, vestidors i gimn\u00e0s.<\/span><\/p>\n<p><span style=\"font-weight: 400;\">A la segona planta estan ubicades les aules d\u2019educaci\u00f3 prim\u00e0ria, educaci\u00f3 especial, biblioteca, aula de m\u00fasica, 1 aula d\u2019angl\u00e8s, lavabos i diverses tutories utilitzades per a desenvolupar el treball de la logopeda, fisioterapeuta i altres especialistes.<\/span><\/p>\n<p><span style=\"font-weight: 400;\">Hi ha 2 zones diferenciades d\u2019esbarjo per als nostres alumnes, una annexa a les aules d\u2019educaci\u00f3 infantil i l\u2019altra a la pista poliesportiva, on tamb\u00e9 hi ha un hort escolar i lavabos.<\/span><\/p>\n<p style=\"text-align: center;\">Menjador de l\u2019escola<\/p>\n<p><a href=\"https:\/\/agora.xtec.cat\/escola-teresamiquelipamies\/wp-content\/uploads\/usu2106\/2020\/09\/4-menjador.jpg\"><img loading=\"lazy\" decoding=\"async\" class=\"size-full wp-image-777 aligncenter\" src=\"https:\/\/agora.xtec.cat\/escola-teresamiquelipamies\/wp-content\/uploads\/usu2106\/2020\/09\/4-menjador.jpg\" alt=\"\" width=\"570\" height=\"335\" srcset=\"https:\/\/agora.xtec.cat\/escola-teresamiquelipamies\/wp-content\/uploads\/usu2106\/2020\/09\/4-menjador.jpg 570w, https:\/\/agora.xtec.cat\/escola-teresamiquelipamies\/wp-content\/uploads\/usu2106\/2020\/09\/4-menjador-300x176.jpg 300w\" sizes=\"auto, (max-width: 570px) 100vw, 570px\" \/><\/a><\/p>\n<p style=\"text-align: center;\">Biblioteca del centre<\/p>\n<p><a href=\"https:\/\/agora.xtec.cat\/escola-teresamiquelipamies\/wp-content\/uploads\/usu2106\/2020\/09\/5-biblioteca.jpg\"><img loading=\"lazy\" decoding=\"async\" class=\"size-full wp-image-778 aligncenter\" src=\"https:\/\/agora.xtec.cat\/escola-teresamiquelipamies\/wp-content\/uploads\/usu2106\/2020\/09\/5-biblioteca.jpg\" alt=\"\" width=\"570\" height=\"335\" srcset=\"https:\/\/agora.xtec.cat\/escola-teresamiquelipamies\/wp-content\/uploads\/usu2106\/2020\/09\/5-biblioteca.jpg 570w, https:\/\/agora.xtec.cat\/escola-teresamiquelipamies\/wp-content\/uploads\/usu2106\/2020\/09\/5-biblioteca-300x176.jpg 300w\" sizes=\"auto, (max-width: 570px) 100vw, 570px\" \/><\/a><\/p>\n<p>&nbsp;<\/p>\n<p style=\"text-align: center;\">Aula d\u2019Infantil<\/p>\n<p><a href=\"https:\/\/agora.xtec.cat\/escola-teresamiquelipamies\/wp-content\/uploads\/usu2106\/2020\/09\/10-aula-infantil.jpg\"><img loading=\"lazy\" decoding=\"async\" class=\"size-full wp-image-783 aligncenter\" src=\"https:\/\/agora.xtec.cat\/escola-teresamiquelipamies\/wp-content\/uploads\/usu2106\/2020\/09\/10-aula-infantil.jpg\" alt=\"\" width=\"570\" height=\"335\" srcset=\"https:\/\/agora.xtec.cat\/escola-teresamiquelipamies\/wp-content\/uploads\/usu2106\/2020\/09\/10-aula-infantil.jpg 570w, https:\/\/agora.xtec.cat\/escola-teresamiquelipamies\/wp-content\/uploads\/usu2106\/2020\/09\/10-aula-infantil-300x176.jpg 300w\" sizes=\"auto, (max-width: 570px) 100vw, 570px\" \/><\/a><\/p>\n<p style=\"text-align: center;\">Aula de psicomotricitat<\/p>\n<p><a href=\"https:\/\/agora.xtec.cat\/escola-teresamiquelipamies\/wp-content\/uploads\/usu2106\/2020\/09\/11-psico.jpg\"><img loading=\"lazy\" decoding=\"async\" class=\"size-full wp-image-784 aligncenter\" src=\"https:\/\/agora.xtec.cat\/escola-teresamiquelipamies\/wp-content\/uploads\/usu2106\/2020\/09\/11-psico.jpg\" alt=\"\" width=\"570\" height=\"335\" srcset=\"https:\/\/agora.xtec.cat\/escola-teresamiquelipamies\/wp-content\/uploads\/usu2106\/2020\/09\/11-psico.jpg 570w, https:\/\/agora.xtec.cat\/escola-teresamiquelipamies\/wp-content\/uploads\/usu2106\/2020\/09\/11-psico-300x176.jpg 300w\" sizes=\"auto, (max-width: 570px) 100vw, 570px\" \/><\/a><\/p>\n<p style=\"text-align: center;\">Aula de Prim\u00e0ria<\/p>\n<p><a href=\"https:\/\/agora.xtec.cat\/escola-teresamiquelipamies\/wp-content\/uploads\/usu2106\/2020\/09\/12-aula-primaria.jpg\"><img loading=\"lazy\" decoding=\"async\" class=\"size-full wp-image-786 aligncenter\" src=\"https:\/\/agora.xtec.cat\/escola-teresamiquelipamies\/wp-content\/uploads\/usu2106\/2020\/09\/12-aula-primaria.jpg\" alt=\"\" width=\"570\" height=\"335\" srcset=\"https:\/\/agora.xtec.cat\/escola-teresamiquelipamies\/wp-content\/uploads\/usu2106\/2020\/09\/12-aula-primaria.jpg 570w, https:\/\/agora.xtec.cat\/escola-teresamiquelipamies\/wp-content\/uploads\/usu2106\/2020\/09\/12-aula-primaria-300x176.jpg 300w\" sizes=\"auto, (max-width: 570px) 100vw, 570px\" \/><\/a><\/p>\n<p style=\"text-align: center;\">Aula d\u2019Educaci\u00f3 Especial<\/p>\n<p><a href=\"https:\/\/agora.xtec.cat\/escola-teresamiquelipamies\/wp-content\/uploads\/usu2106\/2020\/09\/14-educaci\u00f3-especial.jpg\"><img loading=\"lazy\" decoding=\"async\" class=\"size-full wp-image-788 aligncenter\" src=\"https:\/\/agora.xtec.cat\/escola-teresamiquelipamies\/wp-content\/uploads\/usu2106\/2020\/09\/14-educaci\u00f3-especial.jpg\" alt=\"\" width=\"570\" height=\"335\" srcset=\"https:\/\/agora.xtec.cat\/escola-teresamiquelipamies\/wp-content\/uploads\/usu2106\/2020\/09\/14-educaci\u00f3-especial.jpg 570w, https:\/\/agora.xtec.cat\/escola-teresamiquelipamies\/wp-content\/uploads\/usu2106\/2020\/09\/14-educaci\u00f3-especial-300x176.jpg 300w\" sizes=\"auto, (max-width: 570px) 100vw, 570px\" \/><\/a><\/p>\n<p style=\"text-align: center;\">Aula de Prim\u00e0ria<\/p>\n<p><a href=\"https:\/\/agora.xtec.cat\/escola-teresamiquelipamies\/wp-content\/uploads\/usu2106\/2020\/09\/16-aula-groga.jpg\"><img loading=\"lazy\" decoding=\"async\" class=\"size-full wp-image-790 aligncenter\" src=\"https:\/\/agora.xtec.cat\/escola-teresamiquelipamies\/wp-content\/uploads\/usu2106\/2020\/09\/16-aula-groga.jpg\" alt=\"\" width=\"570\" height=\"335\" srcset=\"https:\/\/agora.xtec.cat\/escola-teresamiquelipamies\/wp-content\/uploads\/usu2106\/2020\/09\/16-aula-groga.jpg 570w, https:\/\/agora.xtec.cat\/escola-teresamiquelipamies\/wp-content\/uploads\/usu2106\/2020\/09\/16-aula-groga-300x176.jpg 300w\" sizes=\"auto, (max-width: 570px) 100vw, 570px\" \/><\/a><\/p>\n<p style=\"text-align: center;\">Pati de Prim\u00e0ria<\/p>\n<p><a href=\"https:\/\/agora.xtec.cat\/escola-teresamiquelipamies\/wp-content\/uploads\/usu2106\/2020\/09\/17-pati-primaria.jpg\"><img loading=\"lazy\" decoding=\"async\" class=\"size-full wp-image-791 aligncenter\" src=\"https:\/\/agora.xtec.cat\/escola-teresamiquelipamies\/wp-content\/uploads\/usu2106\/2020\/09\/17-pati-primaria.jpg\" alt=\"\" width=\"570\" height=\"335\" srcset=\"https:\/\/agora.xtec.cat\/escola-teresamiquelipamies\/wp-content\/uploads\/usu2106\/2020\/09\/17-pati-primaria.jpg 570w, https:\/\/agora.xtec.cat\/escola-teresamiquelipamies\/wp-content\/uploads\/usu2106\/2020\/09\/17-pati-primaria-300x176.jpg 300w\" sizes=\"auto, (max-width: 570px) 100vw, 570px\" \/><\/a><\/p>\n<p style=\"text-align: center;\">Pati d\u2019Infantil<\/p>\n<p><a href=\"https:\/\/agora.xtec.cat\/escola-teresamiquelipamies\/wp-content\/uploads\/usu2106\/2020\/09\/18.jpg\"><img loading=\"lazy\" decoding=\"async\" class=\"size-full wp-image-792 aligncenter\" src=\"https:\/\/agora.xtec.cat\/escola-teresamiquelipamies\/wp-content\/uploads\/usu2106\/2020\/09\/18.jpg\" alt=\"\" width=\"570\" height=\"335\" srcset=\"https:\/\/agora.xtec.cat\/escola-teresamiquelipamies\/wp-content\/uploads\/usu2106\/2020\/09\/18.jpg 570w, https:\/\/agora.xtec.cat\/escola-teresamiquelipamies\/wp-content\/uploads\/usu2106\/2020\/09\/18-300x176.jpg 300w\" sizes=\"auto, (max-width: 570px) 100vw, 570px\" \/><\/a><\/p>\n","protected":false},"excerpt":{"rendered":"<p>El centre est\u00e0 format per 2 plantes:\u00a0<br \/>\nA la primera planta estan ubicades les aules d\u2019educaci\u00f3 infantil, psicomotricitat, polivalent, sala de mestres, despatxos d\u2019administraci\u00f3, direcci\u00f3, cap d\u2019estudis, secret\u00e0ria , AMPA i consergeria, aix\u00ed com el menjador escolar, aula de reunions\/polivalent, lavabos, vestidors i gimn\u00e0s.<br \/>\nA la segona&hellip;  <a href=\"https:\/\/agora.xtec.cat\/escola-teresamiquelipamies\/lescola\/qui-som\/descripcio-fisica-de-lescola\/\" title=\"Read Descripci\u00f3 f\u00edsica de l\u2019escola\">Llegeix m\u00e9s\u00bb<\/a><\/p>\n","protected":false},"author":1,"featured_media":0,"parent":482,"menu_order":0,"comment_status":"closed","ping_status":"closed","template":"","meta":{"_bbp_topic_count":0,"_bbp_reply_count":0,"_bbp_total_topic_count":0,"_bbp_total_reply_count":0,"_bbp_voice_count":0,"_bbp_anonymous_reply_count":0,"_bbp_topic_count_hidden":0,"_bbp_reply_count_hidden":0,"_bbp_forum_subforum_count":0,"footnotes":""},"class_list":["post-529","page","type-page","status-publish","hentry"],"post_mailing_queue_ids":[],"_links":{"self":[{"href":"https:\/\/agora.xtec.cat\/escola-teresamiquelipamies\/wp-json\/wp\/v2\/pages\/529","targetHints":{"allow":["GET"]}}],"collection":[{"href":"https:\/\/agora.xtec.cat\/escola-teresamiquelipamies\/wp-json\/wp\/v2\/pages"}],"about":[{"href":"https:\/\/agora.xtec.cat\/escola-teresamiquelipamies\/wp-json\/wp\/v2\/types\/page"}],"author":[{"embeddable":true,"href":"https:\/\/agora.xtec.cat\/escola-teresamiquelipamies\/wp-json\/wp\/v2\/users\/1"}],"replies":[{"embeddable":true,"href":"https:\/\/agora.xtec.cat\/escola-teresamiquelipamies\/wp-json\/wp\/v2\/comments?post=529"}],"version-history":[{"count":4,"href":"https:\/\/agora.xtec.cat\/escola-teresamiquelipamies\/wp-json\/wp\/v2\/pages\/529\/revisions"}],"predecessor-version":[{"id":3997,"href":"https:\/\/agora.xtec.cat\/escola-teresamiquelipamies\/wp-json\/wp\/v2\/pages\/529\/revisions\/3997"}],"up":[{"embeddable":true,"href":"https:\/\/agora.xtec.cat\/escola-teresamiquelipamies\/wp-json\/wp\/v2\/pages\/482"}],"wp:attachment":[{"href":"https:\/\/agora.xtec.cat\/escola-teresamiquelipamies\/wp-json\/wp\/v2\/media?parent=529"}],"curies":[{"name":"wp","href":"https:\/\/api.w.org\/{rel}","templated":true}]}}