{"id":6954,"date":"2026-04-21T12:15:48","date_gmt":"2026-04-21T10:15:48","guid":{"rendered":"https:\/\/agora.xtec.cat\/escola-sol-ixent\/?page_id=6954"},"modified":"2026-04-21T12:21:20","modified_gmt":"2026-04-21T10:21:20","slug":"gestionats-per-lafa","status":"publish","type":"page","link":"https:\/\/agora.xtec.cat\/escola-sol-ixent\/serveis-2\/gestionats-per-lafa\/","title":{"rendered":"Gestionats per l&#8217;AFA"},"content":{"rendered":"<p>L\u2019Associaci\u00f3 de Fam\u00edlies d\u2019Alumnes (AFA) \u00e9s una organitzaci\u00f3 formada per mares, pares i tutors d\u2019estudiants d\u2019un centre educatiu a Catalunya. T\u00e9 com a objectiu principal participar activament en la vida escolar i contribuir a la millora de l\u2019educaci\u00f3. Les AFA col\u00b7laboren amb l\u2019escola en activitats, projectes i iniciatives que beneficien l\u2019alumnat. Tamb\u00e9 actuen com a pont de comunicaci\u00f3 entre les fam\u00edlies i l\u2019equip docent. A m\u00e9s, promouen valors com la participaci\u00f3, la inclusi\u00f3 i el comprom\u00eds comunitari.<\/p>\n","protected":false},"excerpt":{"rendered":"<p>L\u2019Associaci\u00f3 de Fam\u00edlies d\u2019Alumnes (AFA) \u00e9s una organitzaci\u00f3 formada per mares, pares i tutors d\u2019estudiants d\u2019un centre educatiu a Catalunya. T\u00e9 com a objectiu principal participar activament en la vida escolar i contribuir a la millora de l\u2019educaci\u00f3. Les AFA col\u00b7laboren amb l\u2019escola en activitats, projectes i iniciatives que beneficien l\u2019alumnat. Tamb\u00e9 actuen com a [&hellip;]<\/p>\n","protected":false},"author":23,"featured_media":0,"parent":479,"menu_order":0,"comment_status":"closed","ping_status":"closed","template":"","meta":{"_bbp_topic_count":0,"_bbp_reply_count":0,"_bbp_total_topic_count":0,"_bbp_total_reply_count":0,"_bbp_voice_count":0,"_bbp_anonymous_reply_count":0,"_bbp_topic_count_hidden":0,"_bbp_reply_count_hidden":0,"_bbp_forum_subforum_count":0,"site-sidebar-layout":"default","site-content-layout":"","ast-site-content-layout":"default","site-content-style":"default","site-sidebar-style":"default","ast-global-header-display":"","ast-banner-title-visibility":"","ast-main-header-display":"","ast-hfb-above-header-display":"","ast-hfb-below-header-display":"","ast-hfb-mobile-header-display":"","site-post-title":"","ast-breadcrumbs-content":"","ast-featured-img":"","footer-sml-layout":"","theme-transparent-header-meta":"default","adv-header-id-meta":"","stick-header-meta":"","header-above-stick-meta":"","header-main-stick-meta":"","header-below-stick-meta":"","astra-migrate-meta-layouts":"set","ast-page-background-enabled":"default","ast-page-background-meta":{"desktop":{"background-color":"var(--ast-global-color-4)","background-image":"","background-repeat":"repeat","background-position":"center center","background-size":"auto","background-attachment":"scroll","background-type":"","background-media":"","overlay-type":"","overlay-color":"","overlay-opacity":"","overlay-gradient":""},"tablet":{"background-color":"","background-image":"","background-repeat":"repeat","background-position":"center center","background-size":"auto","background-attachment":"scroll","background-type":"","background-media":"","overlay-type":"","overlay-color":"","overlay-opacity":"","overlay-gradient":""},"mobile":{"background-color":"","background-image":"","background-repeat":"repeat","background-position":"center center","background-size":"auto","background-attachment":"scroll","background-type":"","background-media":"","overlay-type":"","overlay-color":"","overlay-opacity":"","overlay-gradient":""}},"ast-content-background-meta":{"desktop":{"background-color":"var(--ast-global-color-5)","background-image":"","background-repeat":"repeat","background-position":"center center","background-size":"auto","background-attachment":"scroll","background-type":"","background-media":"","overlay-type":"","overlay-color":"","overlay-opacity":"","overlay-gradient":""},"tablet":{"background-color":"var(--ast-global-color-5)","background-image":"","background-repeat":"repeat","background-position":"center center","background-size":"auto","background-attachment":"scroll","background-type":"","background-media":"","overlay-type":"","overlay-color":"","overlay-opacity":"","overlay-gradient":""},"mobile":{"background-color":"var(--ast-global-color-5)","background-image":"","background-repeat":"repeat","background-position":"center center","background-size":"auto","background-attachment":"scroll","background-type":"","background-media":"","overlay-type":"","overlay-color":"","overlay-opacity":"","overlay-gradient":""}},"footnotes":""},"class_list":["post-6954","page","type-page","status-publish","hentry"],"post_mailing_queue_ids":[],"_links":{"self":[{"href":"https:\/\/agora.xtec.cat\/escola-sol-ixent\/wp-json\/wp\/v2\/pages\/6954","targetHints":{"allow":["GET"]}}],"collection":[{"href":"https:\/\/agora.xtec.cat\/escola-sol-ixent\/wp-json\/wp\/v2\/pages"}],"about":[{"href":"https:\/\/agora.xtec.cat\/escola-sol-ixent\/wp-json\/wp\/v2\/types\/page"}],"author":[{"embeddable":true,"href":"https:\/\/agora.xtec.cat\/escola-sol-ixent\/wp-json\/wp\/v2\/users\/23"}],"replies":[{"embeddable":true,"href":"https:\/\/agora.xtec.cat\/escola-sol-ixent\/wp-json\/wp\/v2\/comments?post=6954"}],"version-history":[{"count":2,"href":"https:\/\/agora.xtec.cat\/escola-sol-ixent\/wp-json\/wp\/v2\/pages\/6954\/revisions"}],"predecessor-version":[{"id":6956,"href":"https:\/\/agora.xtec.cat\/escola-sol-ixent\/wp-json\/wp\/v2\/pages\/6954\/revisions\/6956"}],"up":[{"embeddable":true,"href":"https:\/\/agora.xtec.cat\/escola-sol-ixent\/wp-json\/wp\/v2\/pages\/479"}],"wp:attachment":[{"href":"https:\/\/agora.xtec.cat\/escola-sol-ixent\/wp-json\/wp\/v2\/media?parent=6954"}],"curies":[{"name":"wp","href":"https:\/\/api.w.org\/{rel}","templated":true}]}}