{"id":6952,"date":"2026-04-21T12:15:12","date_gmt":"2026-04-21T10:15:12","guid":{"rendered":"https:\/\/agora.xtec.cat\/escola-sol-ixent\/?page_id=6952"},"modified":"2026-04-21T12:25:19","modified_gmt":"2026-04-21T10:25:19","slug":"departament-deducacio-i-formacio-professional","status":"publish","type":"page","link":"https:\/\/agora.xtec.cat\/escola-sol-ixent\/serveis-2\/departament-deducacio-i-formacio-professional\/","title":{"rendered":"Departament d&#8217;Educaci\u00f3 i Formaci\u00f3 Professional"},"content":{"rendered":"<p>El Departament d\u2019Educaci\u00f3 de la Generalitat de Catalunya \u00e9s l\u2019organisme responsable de gestionar el sistema educatiu al territori. Defineix les pol\u00edtiques educatives i estableix el curr\u00edculum escolar. Tamb\u00e9 s\u2019encarrega de la planificaci\u00f3 dels centres educatius i del personal docent. Vetlla per la qualitat de l\u2019ensenyament i la igualtat d\u2019oportunitats per a tot l\u2019alumnat. A m\u00e9s, impulsa programes d\u2019innovaci\u00f3 i millora cont\u00ednua dins del sistema educatiu catal\u00e0.<\/p>\n<p>Disposeu de m\u00e9s informaci\u00f3 al seg\u00fcent enlla\u00e7:<\/p>\n<p><a href=\"https:\/\/educacio.gencat.cat\/ca\/inici\"><img loading=\"lazy\" decoding=\"async\" class=\"alignnone wp-image-6957\" src=\"https:\/\/agora.xtec.cat\/escola-sol-ixent\/wp-content\/uploads\/usu191\/2026\/04\/Generalitat_de_Catalunya_-_Departament_de_Educacion-1024x178.png\" alt=\"\" width=\"329\" height=\"57\" srcset=\"https:\/\/agora.xtec.cat\/escola-sol-ixent\/wp-content\/uploads\/usu191\/2026\/04\/Generalitat_de_Catalunya_-_Departament_de_Educacion-1024x178.png 1024w, https:\/\/agora.xtec.cat\/escola-sol-ixent\/wp-content\/uploads\/usu191\/2026\/04\/Generalitat_de_Catalunya_-_Departament_de_Educacion-300x52.png 300w, https:\/\/agora.xtec.cat\/escola-sol-ixent\/wp-content\/uploads\/usu191\/2026\/04\/Generalitat_de_Catalunya_-_Departament_de_Educacion-768x134.png 768w, https:\/\/agora.xtec.cat\/escola-sol-ixent\/wp-content\/uploads\/usu191\/2026\/04\/Generalitat_de_Catalunya_-_Departament_de_Educacion-1536x267.png 1536w, https:\/\/agora.xtec.cat\/escola-sol-ixent\/wp-content\/uploads\/usu191\/2026\/04\/Generalitat_de_Catalunya_-_Departament_de_Educacion-2048x356.png 2048w\" sizes=\"auto, (max-width: 329px) 100vw, 329px\" \/><\/a><\/p>\n","protected":false},"excerpt":{"rendered":"<p>El Departament d\u2019Educaci\u00f3 de la Generalitat de Catalunya \u00e9s l\u2019organisme responsable de gestionar el sistema educatiu al territori. Defineix les pol\u00edtiques educatives i estableix el curr\u00edculum escolar. Tamb\u00e9 s\u2019encarrega de la planificaci\u00f3 dels centres educatius i del personal docent. Vetlla per la qualitat de l\u2019ensenyament i la igualtat d\u2019oportunitats per a tot l\u2019alumnat. A m\u00e9s, [&hellip;]<\/p>\n","protected":false},"author":23,"featured_media":0,"parent":479,"menu_order":0,"comment_status":"closed","ping_status":"closed","template":"","meta":{"_bbp_topic_count":0,"_bbp_reply_count":0,"_bbp_total_topic_count":0,"_bbp_total_reply_count":0,"_bbp_voice_count":0,"_bbp_anonymous_reply_count":0,"_bbp_topic_count_hidden":0,"_bbp_reply_count_hidden":0,"_bbp_forum_subforum_count":0,"site-sidebar-layout":"default","site-content-layout":"","ast-site-content-layout":"default","site-content-style":"default","site-sidebar-style":"default","ast-global-header-display":"","ast-banner-title-visibility":"","ast-main-header-display":"","ast-hfb-above-header-display":"","ast-hfb-below-header-display":"","ast-hfb-mobile-header-display":"","site-post-title":"","ast-breadcrumbs-content":"","ast-featured-img":"","footer-sml-layout":"","theme-transparent-header-meta":"default","adv-header-id-meta":"","stick-header-meta":"","header-above-stick-meta":"","header-main-stick-meta":"","header-below-stick-meta":"","astra-migrate-meta-layouts":"set","ast-page-background-enabled":"default","ast-page-background-meta":{"desktop":{"background-color":"var(--ast-global-color-4)","background-image":"","background-repeat":"repeat","background-position":"center center","background-size":"auto","background-attachment":"scroll","background-type":"","background-media":"","overlay-type":"","overlay-color":"","overlay-opacity":"","overlay-gradient":""},"tablet":{"background-color":"","background-image":"","background-repeat":"repeat","background-position":"center center","background-size":"auto","background-attachment":"scroll","background-type":"","background-media":"","overlay-type":"","overlay-color":"","overlay-opacity":"","overlay-gradient":""},"mobile":{"background-color":"","background-image":"","background-repeat":"repeat","background-position":"center center","background-size":"auto","background-attachment":"scroll","background-type":"","background-media":"","overlay-type":"","overlay-color":"","overlay-opacity":"","overlay-gradient":""}},"ast-content-background-meta":{"desktop":{"background-color":"var(--ast-global-color-5)","background-image":"","background-repeat":"repeat","background-position":"center center","background-size":"auto","background-attachment":"scroll","background-type":"","background-media":"","overlay-type":"","overlay-color":"","overlay-opacity":"","overlay-gradient":""},"tablet":{"background-color":"var(--ast-global-color-5)","background-image":"","background-repeat":"repeat","background-position":"center center","background-size":"auto","background-attachment":"scroll","background-type":"","background-media":"","overlay-type":"","overlay-color":"","overlay-opacity":"","overlay-gradient":""},"mobile":{"background-color":"var(--ast-global-color-5)","background-image":"","background-repeat":"repeat","background-position":"center center","background-size":"auto","background-attachment":"scroll","background-type":"","background-media":"","overlay-type":"","overlay-color":"","overlay-opacity":"","overlay-gradient":""}},"footnotes":""},"class_list":["post-6952","page","type-page","status-publish","hentry"],"post_mailing_queue_ids":[],"_links":{"self":[{"href":"https:\/\/agora.xtec.cat\/escola-sol-ixent\/wp-json\/wp\/v2\/pages\/6952","targetHints":{"allow":["GET"]}}],"collection":[{"href":"https:\/\/agora.xtec.cat\/escola-sol-ixent\/wp-json\/wp\/v2\/pages"}],"about":[{"href":"https:\/\/agora.xtec.cat\/escola-sol-ixent\/wp-json\/wp\/v2\/types\/page"}],"author":[{"embeddable":true,"href":"https:\/\/agora.xtec.cat\/escola-sol-ixent\/wp-json\/wp\/v2\/users\/23"}],"replies":[{"embeddable":true,"href":"https:\/\/agora.xtec.cat\/escola-sol-ixent\/wp-json\/wp\/v2\/comments?post=6952"}],"version-history":[{"count":3,"href":"https:\/\/agora.xtec.cat\/escola-sol-ixent\/wp-json\/wp\/v2\/pages\/6952\/revisions"}],"predecessor-version":[{"id":6959,"href":"https:\/\/agora.xtec.cat\/escola-sol-ixent\/wp-json\/wp\/v2\/pages\/6952\/revisions\/6959"}],"up":[{"embeddable":true,"href":"https:\/\/agora.xtec.cat\/escola-sol-ixent\/wp-json\/wp\/v2\/pages\/479"}],"wp:attachment":[{"href":"https:\/\/agora.xtec.cat\/escola-sol-ixent\/wp-json\/wp\/v2\/media?parent=6952"}],"curies":[{"name":"wp","href":"https:\/\/api.w.org\/{rel}","templated":true}]}}