{"id":9758,"date":"2022-09-12T14:36:27","date_gmt":"2022-09-12T12:36:27","guid":{"rendered":"https:\/\/agora.xtec.cat\/escola-santroc\/?page_id=9758"},"modified":"2022-09-15T15:15:56","modified_gmt":"2022-09-15T13:15:56","slug":"caei","status":"publish","type":"page","link":"https:\/\/agora.xtec.cat\/escola-santroc\/lescola\/comissions\/caei\/","title":{"rendered":"CAEI"},"content":{"rendered":"<p>Era Comission d\u2019Atencion Educativa Inclosiva (CAEI), ei ua estructura organizativa dera esc\u00f2la qu\u2019a de <strong>prepausar era organizacion e era gestion des mesures e sup\u00f2rts<\/strong> ent\u00e0 atier a tot er alumnat deth centre, e n\u2019a de h\u00e8r eth seguiment <strong>e era avaloracion ent\u00e0 ajustar-les as s\u00f2ns besonhs<\/strong>. Ei fonamentau coma espaci qu\u2019articule es mesures e es sup\u00f2rts, prom\u00f2 er intercanvi e era reflexion, priorize es demanes e da sentit e regularitat a tot aguest proc\u00e8s.<\/p>\n<p>Aguesta comission ei compausada pera equipa directiva, era m\u00e8stra referenta dera atencion ara diversitat e era psicopedagoga der EAP.<\/p>\n","protected":false},"excerpt":{"rendered":"<p>Era Comission d\u2019Atencion Educativa Inclosiva (CAEI), ei ua estructura organizativa dera esc\u00f2la qu\u2019a de prepausar era organizacion e era gestion des mesures e sup\u00f2rts ent\u00e0 atier a tot er alumnat deth centre, e n\u2019a de h\u00e8r eth seguiment e era avaloracion ent\u00e0 ajustar-les as s\u00f2ns&hellip;  <a href=\"https:\/\/agora.xtec.cat\/escola-santroc\/lescola\/comissions\/caei\/\" title=\"Read CAEI\">Llegeix m\u00e9s\u00bb<\/a><\/p>\n","protected":false},"author":1,"featured_media":0,"parent":9750,"menu_order":50,"comment_status":"closed","ping_status":"closed","template":"page-templates\/side-menu.php","meta":{"_bbp_topic_count":0,"_bbp_reply_count":0,"_bbp_total_topic_count":0,"_bbp_total_reply_count":0,"_bbp_voice_count":0,"_bbp_anonymous_reply_count":0,"_bbp_topic_count_hidden":0,"_bbp_reply_count_hidden":0,"_bbp_forum_subforum_count":0,"footnotes":""},"class_list":["post-9758","page","type-page","status-publish","hentry"],"post_mailing_queue_ids":[],"_links":{"self":[{"href":"https:\/\/agora.xtec.cat\/escola-santroc\/wp-json\/wp\/v2\/pages\/9758","targetHints":{"allow":["GET"]}}],"collection":[{"href":"https:\/\/agora.xtec.cat\/escola-santroc\/wp-json\/wp\/v2\/pages"}],"about":[{"href":"https:\/\/agora.xtec.cat\/escola-santroc\/wp-json\/wp\/v2\/types\/page"}],"author":[{"embeddable":true,"href":"https:\/\/agora.xtec.cat\/escola-santroc\/wp-json\/wp\/v2\/users\/1"}],"replies":[{"embeddable":true,"href":"https:\/\/agora.xtec.cat\/escola-santroc\/wp-json\/wp\/v2\/comments?post=9758"}],"version-history":[{"count":3,"href":"https:\/\/agora.xtec.cat\/escola-santroc\/wp-json\/wp\/v2\/pages\/9758\/revisions"}],"predecessor-version":[{"id":9845,"href":"https:\/\/agora.xtec.cat\/escola-santroc\/wp-json\/wp\/v2\/pages\/9758\/revisions\/9845"}],"up":[{"embeddable":true,"href":"https:\/\/agora.xtec.cat\/escola-santroc\/wp-json\/wp\/v2\/pages\/9750"}],"wp:attachment":[{"href":"https:\/\/agora.xtec.cat\/escola-santroc\/wp-json\/wp\/v2\/media?parent=9758"}],"curies":[{"name":"wp","href":"https:\/\/api.w.org\/{rel}","templated":true}]}}